{"id":5266,"date":"2021-07-18T08:03:35","date_gmt":"2021-07-18T08:03:35","guid":{"rendered":"https:\/\/nuss.uxper.co\/luxury-resort\/?page_id=5266"},"modified":"2026-03-04T03:18:20","modified_gmt":"2026-03-04T03:18:20","slug":"chi-siamo","status":"publish","type":"page","link":"https:\/\/treasuryhotelshanghai.com\/it\/about-us\/","title":{"rendered":"Chi siamo"},"content":{"rendered":"<div data-elementor-type=\"wp-page\" data-elementor-id=\"5266\" class=\"elementor elementor-5266\">\n\t\t\t\t\t\t<section class=\"elementor-section elementor-top-section elementor-element elementor-element-10416953 elementor-section-boxed elementor-section-gap-beside-yes elementor-section-height-default elementor-section-height-default elementor-section-column-vertical-align-stretch\" data-id=\"10416953\" data-element_type=\"section\" data-e-type=\"section\">\n\t\t\t\t\t\t<div class=\"elementor-container elementor-column-gap-extended\">\n\t\t\t\t\t<div class=\"elementor-column elementor-col-100 elementor-top-column elementor-element elementor-element-29c6aa8\" data-id=\"29c6aa8\" data-element_type=\"column\" data-e-type=\"column\">\n\t\t\t<div class=\"elementor-widget-wrap elementor-element-populated\">\n\t\t\t\t\t\t<div class=\"elementor-element elementor-element-7be18fe7 elementor-widget__width-initial elementor-invisible elementor-widget elementor-widget-text-editor\" data-id=\"7be18fe7\" data-element_type=\"widget\" data-e-type=\"widget\" data-settings=\"{&quot;_animation&quot;:&quot;nussFadeInUp&quot;}\" data-widget_type=\"text-editor.default\">\n\t\t\t\t\t\t\t\t\tShanghai People&#039;s Square Nanjing East Road Pedestrian Street Treasury Hotel: Il vostro soggiorno di lusso nel cuore di Shanghai\t\t\t\t\t\t\t\t<\/div>\n\t\t\t\t\t<\/div>\n\t\t<\/div>\n\t\t\t\t\t<\/div>\n\t\t<\/section>\n\t\t\t\t<section class=\"elementor-section elementor-top-section elementor-element elementor-element-7d18327f elementor-section-boxed elementor-section-gap-beside-yes elementor-section-height-default elementor-section-height-default elementor-section-column-vertical-align-stretch\" data-id=\"7d18327f\" data-element_type=\"section\" data-e-type=\"section\">\n\t\t\t\t\t\t<div class=\"elementor-container elementor-column-gap-extended\">\n\t\t\t\t\t<div class=\"elementor-column elementor-col-50 elementor-top-column elementor-element elementor-element-56533670\" data-id=\"56533670\" data-element_type=\"column\" data-e-type=\"column\">\n\t\t\t<div class=\"elementor-widget-wrap elementor-element-populated\">\n\t\t\t\t\t\t<div class=\"elementor-element elementor-element-19c3f543 elementor-invisible elementor-widget elementor-widget-text-editor\" data-id=\"19c3f543\" data-element_type=\"widget\" data-e-type=\"widget\" data-settings=\"{&quot;_animation&quot;:&quot;nussFadeInUp&quot;}\" data-widget_type=\"text-editor.default\">\n\t\t\t\t\t\t\t\t\t<p><span class=\"qwen-markdown-text\" data-spm-anchor-id=\"a2ty_o01.29997173.0.i67.5c075171LDsXt3\">Scopri la perfetta combinazione di eleganza di ispirazione francese e sofisticazione moderna presso <\/span><strong class=\"qwen-markdown-strong\"><span class=\"qwen-markdown-text\" data-spm-anchor-id=\"a2ty_o01.29997173.0.i66.5c075171LDsXt3\">Piazza del Popolo di Shanghai, Nanjing East Road, strada pedonale, Treasury Hotel<\/span><\/strong><span class=\"qwen-markdown-text\">, situato idealmente a <\/span><strong class=\"qwen-markdown-strong\"><span class=\"qwen-markdown-text\">No. 678 Hankou Road, distretto di Huangpu, Shanghai, Cina<\/span><\/strong><span class=\"qwen-markdown-text\">. Questo eccezionale hotel boutique a 4 stelle, inaugurato nel 2024, offre ai viaggiatori un indimenticabile rifugio urbano in una delle citt\u00e0 pi\u00f9 dinamiche dell&#039;Asia. Che siate a Shanghai per affari, per piacere o per esplorare la cultura locale, la nostra posizione privilegiata vi permetter\u00e0 di raggiungere a piedi i monumenti pi\u00f9 iconici della citt\u00e0, negozi di fama mondiale e autentiche esperienze culinarie.<\/span><\/p>\t\t\t\t\t\t\t\t<\/div>\n\t\t\t\t\t<\/div>\n\t\t<\/div>\n\t\t\t\t<div class=\"elementor-column elementor-col-50 elementor-top-column elementor-element elementor-element-30f14127\" data-id=\"30f14127\" data-element_type=\"column\" data-e-type=\"column\">\n\t\t\t<div class=\"elementor-widget-wrap elementor-element-populated\">\n\t\t\t\t\t\t<div class=\"elementor-element elementor-element-be7077d elementor-widget elementor-widget-image\" data-id=\"be7077d\" data-element_type=\"widget\" data-e-type=\"widget\" data-widget_type=\"image.default\">\n\t\t\t\t\t\t\t\t\t\t\t\t\t\t\t<img fetchpriority=\"high\" decoding=\"async\" width=\"1024\" height=\"768\" src=\"https:\/\/treasuryhotelshanghai.com\/wp-content\/uploads\/2026\/03\/Treasury-Hotel-Shanghai0047-1024x768.webp\" class=\"attachment-large size-large wp-image-5640\" alt=\"\" srcset=\"https:\/\/treasuryhotelshanghai.com\/wp-content\/uploads\/2026\/03\/Treasury-Hotel-Shanghai0047-1024x768.webp 1024w, https:\/\/treasuryhotelshanghai.com\/wp-content\/uploads\/2026\/03\/Treasury-Hotel-Shanghai0047-300x225.webp 300w, https:\/\/treasuryhotelshanghai.com\/wp-content\/uploads\/2026\/03\/Treasury-Hotel-Shanghai0047-768x576.webp 768w, https:\/\/treasuryhotelshanghai.com\/wp-content\/uploads\/2026\/03\/Treasury-Hotel-Shanghai0047.webp 1138w\" sizes=\"(max-width: 1024px) 100vw, 1024px\" \/>\t\t\t\t\t\t\t\t\t\t\t\t\t\t\t<\/div>\n\t\t\t\t\t<\/div>\n\t\t<\/div>\n\t\t\t\t\t<\/div>\n\t\t<\/section>\n\t\t\t\t<section class=\"elementor-section elementor-top-section elementor-element elementor-element-29fb8578 elementor-section-height-min-height elementor-section-stretched elementor-section-full_width elementor-section-items-stretch elementor-section-height-default elementor-section-column-vertical-align-stretch\" data-id=\"29fb8578\" data-element_type=\"section\" data-e-type=\"section\" data-settings=\"{&quot;stretch_section&quot;:&quot;section-stretched&quot;}\">\n\t\t\t\t\t\t<div class=\"elementor-container elementor-column-gap-no\">\n\t\t\t\t\t<div class=\"elementor-column elementor-col-50 elementor-top-column elementor-element elementor-element-40ac270b\" data-id=\"40ac270b\" data-element_type=\"column\" data-e-type=\"column\">\n\t\t\t<div class=\"elementor-widget-wrap elementor-element-populated\">\n\t\t\t\t\t\t<div class=\"elementor-element elementor-element-20872773 elementor-widget__width-initial elementor-widget-mobile__width-inherit elementor-invisible nuss-elementor-loading nuss-slide-in-right elementor-widget elementor-widget-image\" data-id=\"20872773\" data-element_type=\"widget\" data-e-type=\"widget\" data-settings=\"{&quot;_animation&quot;:&quot;nussSlideInRight&quot;}\" data-widget_type=\"image.default\">\n\t\t\t\t\t\t\t\t\t\t\t\t\t\t\t<img decoding=\"async\" width=\"1137\" height=\"853\" src=\"https:\/\/treasuryhotelshanghai.com\/wp-content\/uploads\/2026\/03\/Treasury-Hotel-Shanghai0057.webp\" class=\"attachment-full size-full wp-image-5650\" alt=\"\" srcset=\"https:\/\/treasuryhotelshanghai.com\/wp-content\/uploads\/2026\/03\/Treasury-Hotel-Shanghai0057.webp 1137w, https:\/\/treasuryhotelshanghai.com\/wp-content\/uploads\/2026\/03\/Treasury-Hotel-Shanghai0057-300x225.webp 300w, https:\/\/treasuryhotelshanghai.com\/wp-content\/uploads\/2026\/03\/Treasury-Hotel-Shanghai0057-1024x768.webp 1024w, https:\/\/treasuryhotelshanghai.com\/wp-content\/uploads\/2026\/03\/Treasury-Hotel-Shanghai0057-768x576.webp 768w\" sizes=\"(max-width: 1137px) 100vw, 1137px\" \/>\t\t\t\t\t\t\t\t\t\t\t\t\t\t\t<\/div>\n\t\t\t\t\t<\/div>\n\t\t<\/div>\n\t\t\t\t<div class=\"elementor-column elementor-col-50 elementor-top-column elementor-element elementor-element-2dac103\" data-id=\"2dac103\" data-element_type=\"column\" data-e-type=\"column\">\n\t\t\t<div class=\"elementor-widget-wrap elementor-element-populated\">\n\t\t\t\t\t\t<div class=\"elementor-element elementor-element-6f1b8966 elementor-invisible elementor-widget elementor-widget-text-editor\" data-id=\"6f1b8966\" data-element_type=\"widget\" data-e-type=\"widget\" data-settings=\"{&quot;_animation&quot;:&quot;nussFadeInUp&quot;}\" data-widget_type=\"text-editor.default\">\n\t\t\t\t\t\t\t\t\t<h2 class=\"qwen-markdown-heading\"><span class=\"qwen-markdown-text\" data-spm-anchor-id=\"a2ty_o01.29997173.0.i68.5c075171LDsXt3\">Posizione imbattibile nel cuore del centro culturale e commerciale di Shanghai.<\/span><\/h2><div class=\"qwen-markdown-paragraph\"><span class=\"qwen-markdown-text\">Situato in posizione strategica nel vivace quartiere di Huangpu, il Treasury Hotel offre un accesso impareggiabile alle principali attrazioni di Shanghai. <\/span><strong class=\"qwen-markdown-strong\"><span class=\"qwen-markdown-text\">A 230 metri dalla stazione della metropolitana di Piazza del Popolo<\/span><\/strong><span class=\"qwen-markdown-text\"> (Linee 1, 2 e 8), gli ospiti godono di una connettivit\u00e0 senza soluzione di continuit\u00e0 con l&#039;aeroporto internazionale di Pudong, l&#039;hub dei trasporti di Hongqiao e i principali quartieri degli affari. Passeggiata <\/span><strong class=\"qwen-markdown-strong\"><span class=\"qwen-markdown-text\">300 metri dalla via pedonale di Nanjing East Road<\/span><\/strong><span class=\"qwen-markdown-text\">\u2014Il viale dello shopping pi\u00f9 frequentato della Cina\u2014dove marchi di lusso, boutique locali e venditori di cibo di strada creano un&#039;atmosfera elettrizzante. Destinazioni iconiche come **il Bund** (1,4 km), **Yu Garden** (1,8 km), <\/span><strong class=\"qwen-markdown-strong\"><span class=\"qwen-markdown-text\">Museo di Shanghai<\/span><\/strong><span class=\"qwen-markdown-text\">, E <\/span><strong class=\"qwen-markdown-strong\"><span class=\"qwen-markdown-text\">Teatro Grande<\/span><\/strong><span class=\"qwen-markdown-text\"> Sono tutte facilmente raggiungibili a piedi o con un breve tragitto in metropolitana, il che rende il nostro hotel la base ideale sia per chi visita la citt\u00e0 per la prima volta sia per i viaggiatori pi\u00f9 esperti.<\/span><\/div>\t\t\t\t\t\t\t\t<\/div>\n\t\t\t\t\t<\/div>\n\t\t<\/div>\n\t\t\t\t\t<\/div>\n\t\t<\/section>\n\t\t\t\t<section class=\"elementor-section elementor-top-section elementor-element elementor-element-79ff60a elementor-section-height-min-height elementor-section-stretched elementor-section-full_width elementor-section-items-stretch elementor-section-height-default elementor-section-column-vertical-align-stretch\" data-id=\"79ff60a\" data-element_type=\"section\" data-e-type=\"section\" data-settings=\"{&quot;stretch_section&quot;:&quot;section-stretched&quot;}\">\n\t\t\t\t\t\t<div class=\"elementor-container elementor-column-gap-no\">\n\t\t\t\t\t<div class=\"elementor-column elementor-col-50 elementor-top-column elementor-element elementor-element-12aab04\" data-id=\"12aab04\" data-element_type=\"column\" data-e-type=\"column\">\n\t\t\t<div class=\"elementor-widget-wrap elementor-element-populated\">\n\t\t\t\t\t\t<div class=\"elementor-element elementor-element-cd7cee3 elementor-invisible elementor-widget elementor-widget-text-editor\" data-id=\"cd7cee3\" data-element_type=\"widget\" data-e-type=\"widget\" data-settings=\"{&quot;_animation&quot;:&quot;nussFadeInUp&quot;}\" data-widget_type=\"text-editor.default\">\n\t\t\t\t\t\t\t\t\t<h2 class=\"qwen-markdown-heading\"><span class=\"qwen-markdown-text\">Design di ispirazione francese e comfort all&#039;avanguardia si incontrano.<\/span><\/h2><div class=\"qwen-markdown-paragraph\"><span class=\"qwen-markdown-text\">Entrate in un mondo dove la romantica estetica parigina si armonizza con la contemporanea ospitalit\u00e0 cinese. Il Treasury Hotel offre <\/span><strong class=\"qwen-markdown-strong\"><span class=\"qwen-markdown-text\">133 camere e suite progettate con cura meticolosa.<\/span><\/strong><span class=\"qwen-markdown-text\"> (dai 20 ai 50 m\u00b2), ognuna caratterizzata da interni luminosi e lussuosi in stile francese, materassi in memory foam Plante &amp; King Koil di alta qualit\u00e0 e sistemi intelligenti di controllo della camera. Scegli tra le nostre sistemazioni accuratamente selezionate, tra cui le camere Treasure Deluxe King, Cozy Queen, City View Suite e Big Bed, tutte dotate di Wi-Fi ad alta velocit\u00e0 gratuito, climatizzazione, bagno privato e, in alcune opzioni, di frigorifero con vista sulla citt\u00e0. Il servizio di pulizia giornaliero e i robot di servizio contactless garantiscono un&#039;esperienza impeccabile e personalizzata, pensata per soddisfare ogni vostra esigenza.<\/span><\/div>\t\t\t\t\t\t\t\t<\/div>\n\t\t\t\t\t<\/div>\n\t\t<\/div>\n\t\t\t\t<div class=\"elementor-column elementor-col-50 elementor-top-column elementor-element elementor-element-a66997c\" data-id=\"a66997c\" data-element_type=\"column\" data-e-type=\"column\">\n\t\t\t<div class=\"elementor-widget-wrap elementor-element-populated\">\n\t\t\t\t\t\t<div class=\"elementor-element elementor-element-9606f3a elementor-widget__width-initial elementor-widget-mobile__width-inherit elementor-invisible nuss-elementor-loading nuss-slide-in-right elementor-widget elementor-widget-image\" data-id=\"9606f3a\" data-element_type=\"widget\" data-e-type=\"widget\" data-settings=\"{&quot;_animation&quot;:&quot;nussSlideInRight&quot;}\" data-widget_type=\"image.default\">\n\t\t\t\t\t\t\t\t\t\t\t\t\t\t\t<img decoding=\"async\" width=\"1138\" height=\"853\" src=\"https:\/\/treasuryhotelshanghai.com\/wp-content\/uploads\/2026\/03\/Treasury-Hotel-Shanghai0053.webp\" class=\"attachment-full size-full wp-image-5646\" alt=\"\" srcset=\"https:\/\/treasuryhotelshanghai.com\/wp-content\/uploads\/2026\/03\/Treasury-Hotel-Shanghai0053.webp 1138w, https:\/\/treasuryhotelshanghai.com\/wp-content\/uploads\/2026\/03\/Treasury-Hotel-Shanghai0053-300x225.webp 300w, https:\/\/treasuryhotelshanghai.com\/wp-content\/uploads\/2026\/03\/Treasury-Hotel-Shanghai0053-1024x768.webp 1024w, https:\/\/treasuryhotelshanghai.com\/wp-content\/uploads\/2026\/03\/Treasury-Hotel-Shanghai0053-768x576.webp 768w\" sizes=\"(max-width: 1138px) 100vw, 1138px\" \/>\t\t\t\t\t\t\t\t\t\t\t\t\t\t\t<\/div>\n\t\t\t\t\t<\/div>\n\t\t<\/div>\n\t\t\t\t\t<\/div>\n\t\t<\/section>\n\t\t\t\t<section class=\"elementor-section elementor-top-section elementor-element elementor-element-83d02da elementor-section-height-min-height elementor-section-stretched elementor-section-full_width elementor-section-items-stretch elementor-section-height-default elementor-section-column-vertical-align-stretch\" data-id=\"83d02da\" data-element_type=\"section\" data-e-type=\"section\" data-settings=\"{&quot;stretch_section&quot;:&quot;section-stretched&quot;}\">\n\t\t\t\t\t\t<div class=\"elementor-container elementor-column-gap-no\">\n\t\t\t\t\t<div class=\"elementor-column elementor-col-50 elementor-top-column elementor-element elementor-element-a3aa051\" data-id=\"a3aa051\" data-element_type=\"column\" data-e-type=\"column\">\n\t\t\t<div class=\"elementor-widget-wrap elementor-element-populated\">\n\t\t\t\t\t\t<div class=\"elementor-element elementor-element-1100fa4 elementor-invisible elementor-widget elementor-widget-text-editor\" data-id=\"1100fa4\" data-element_type=\"widget\" data-e-type=\"widget\" data-settings=\"{&quot;_animation&quot;:&quot;nussFadeInUp&quot;}\" data-widget_type=\"text-editor.default\">\n\t\t\t\t\t\t\t\t\t<h2 class=\"qwen-markdown-heading\"><span class=\"qwen-markdown-text\">Servizi eccezionali per i viaggiatori moderni<\/span><\/h2><div class=\"qwen-markdown-paragraph\"><span class=\"qwen-markdown-text\">Sappiamo che i viaggiatori di oggi cercano sia comodit\u00e0 che autenticit\u00e0. Per questo il Treasury Hotel offre una gamma completa di servizi pensati per rendere il vostro soggiorno ancora pi\u00f9 piacevole:<\/span><\/div><div class=\"qwen-markdown-space\">\u00a0<\/div><ul class=\"qwen-markdown-list\" dir=\"auto\"><li><strong class=\"qwen-markdown-strong\"><span class=\"qwen-markdown-text\">Ristorazione<\/span><\/strong><span class=\"qwen-markdown-text\">Iniziate la giornata nella nostra sala colazioni Treasure Breakfast Hall (dalle 7:00 alle 9:30), dove troverete un ricco buffet con piatti della cucina occidentale e cinese. I bambini sotto 1,2 m mangiano gratis. Uscite all&#039;aperto per scoprire centinaia di rinomati ristoranti locali, oppure gustate il servizio in camera grazie ai nostri innovativi robot per la consegna dei pasti.<\/span><\/li><li><strong class=\"qwen-markdown-strong\"><span class=\"qwen-markdown-text\">Benessere e business<\/span><\/strong><span class=\"qwen-markdown-text\">Rimanete in forma nel nostro centro fitness gratuito, rinfrescate il vostro guardaroba nella lavanderia self-service o organizzate riunioni produttive nelle nostre sale conferenze completamente attrezzate.<\/span><\/li><li><strong class=\"qwen-markdown-strong\"><span class=\"qwen-markdown-text\">Servizi per gli ospiti<\/span><\/strong><span class=\"qwen-markdown-text\">Il nostro team multilingue (inglese\/cinese) della reception, disponibile 24 ore su 24, 7 giorni su 7, offre check-in\/check-out express, assistenza concierge, prenotazione taxi, servizio sveglia e supporto per le traduzioni. I viaggiatori d&#039;affari possono usufruire di servizi di fax\/fotocopie e connessione internet ad alta velocit\u00e0 in tutta la struttura.<\/span><\/li><li><strong class=\"qwen-markdown-strong\"><span class=\"qwen-markdown-text\">Sicurezza e accessibilit\u00e0<\/span><\/strong><span class=\"qwen-markdown-text\">L&#039;hotel \u00e8 dotato di videosorveglianza a circuito chiuso, sistemi antincendio, servizio di sicurezza 24 ore su 24, accesso tramite badge, ascensori e rigorose norme antifumo per la vostra tranquillit\u00e0.<\/span><\/li><\/ul>\t\t\t\t\t\t\t\t<\/div>\n\t\t\t\t\t<\/div>\n\t\t<\/div>\n\t\t\t\t<div class=\"elementor-column elementor-col-50 elementor-top-column elementor-element elementor-element-ea10d4e\" data-id=\"ea10d4e\" data-element_type=\"column\" data-e-type=\"column\">\n\t\t\t<div class=\"elementor-widget-wrap elementor-element-populated\">\n\t\t\t\t\t\t<div class=\"elementor-element elementor-element-fcb8d3f elementor-widget__width-initial elementor-widget-mobile__width-inherit elementor-invisible nuss-elementor-loading nuss-slide-in-right elementor-widget elementor-widget-image\" data-id=\"fcb8d3f\" data-element_type=\"widget\" data-e-type=\"widget\" data-settings=\"{&quot;_animation&quot;:&quot;nussSlideInRight&quot;}\" data-widget_type=\"image.default\">\n\t\t\t\t\t\t\t\t\t\t\t\t\t\t\t<img loading=\"lazy\" decoding=\"async\" width=\"1280\" height=\"853\" src=\"https:\/\/treasuryhotelshanghai.com\/wp-content\/uploads\/2026\/03\/Treasury-Hotel-Shanghai0021.webp\" class=\"attachment-full size-full wp-image-5614\" alt=\"\" srcset=\"https:\/\/treasuryhotelshanghai.com\/wp-content\/uploads\/2026\/03\/Treasury-Hotel-Shanghai0021.webp 1280w, https:\/\/treasuryhotelshanghai.com\/wp-content\/uploads\/2026\/03\/Treasury-Hotel-Shanghai0021-300x200.webp 300w, https:\/\/treasuryhotelshanghai.com\/wp-content\/uploads\/2026\/03\/Treasury-Hotel-Shanghai0021-1024x682.webp 1024w, https:\/\/treasuryhotelshanghai.com\/wp-content\/uploads\/2026\/03\/Treasury-Hotel-Shanghai0021-768x512.webp 768w\" sizes=\"(max-width: 1280px) 100vw, 1280px\" \/>\t\t\t\t\t\t\t\t\t\t\t\t\t\t\t<\/div>\n\t\t\t\t\t<\/div>\n\t\t<\/div>\n\t\t\t\t\t<\/div>\n\t\t<\/section>\n\t\t<div class=\"elementor-element elementor-element-f6b6806 e-flex e-con-boxed e-con e-parent\" data-id=\"f6b6806\" data-element_type=\"container\" data-e-type=\"container\">\n\t\t\t\t\t<div class=\"e-con-inner\">\n\t\t\t\t<div class=\"elementor-element elementor-element-9fe8942 elementor-widget elementor-widget-text-editor\" data-id=\"9fe8942\" data-element_type=\"widget\" data-e-type=\"widget\" data-widget_type=\"text-editor.default\">\n\t\t\t\t\t\t\t\t\t<h2 class=\"qwen-markdown-heading\"><span class=\"qwen-markdown-text\">Perch\u00e9 scegliere il Treasury Hotel per il vostro soggiorno a Shanghai?<\/span><\/h2><div class=\"qwen-markdown-paragraph\"><span class=\"qwen-markdown-text\">Con un eccezionale <\/span><strong class=\"qwen-markdown-strong\"><span class=\"qwen-markdown-text\">Valutazione degli ospiti 9,5\/10<\/span><\/strong><span class=\"qwen-markdown-text\"> Grazie a oltre 6.200 recensioni sulle principali piattaforme di viaggio, lo Shanghai People&#039;s Square Nanjing East Road Pedestrian Street Treasury Hotel si \u00e8 rapidamente affermato come una delle migliori scelte per i viaggiatori pi\u00f9 esigenti. Il nostro impegno per un servizio personalizzato, la cura dei dettagli e la posizione strategica offrono un valore eccezionale, sia che partecipiate a una conferenza presso lo Shanghai Exhibition Center, che esploriate i vicoli storici della Concessione Francese o che vi immergiate nella vibrante vita notturna di Shanghai.<\/span><\/div><div class=\"qwen-markdown-space\">\u00a0<\/div><div class=\"qwen-markdown-paragraph\"><strong class=\"qwen-markdown-strong\"><span class=\"qwen-markdown-text\">Prenota oggi il tuo soggiorno<\/span><\/strong><span class=\"qwen-markdown-text\"> Scoprite perch\u00e9 il Treasury Hotel sta ridefinendo l&#039;ospitalit\u00e0 nel quartiere pi\u00f9 ambito di Shanghai. Comfort, cultura e praticit\u00e0 si fondono in un&#039;unica elegante struttura al numero 678 di Hankou Road, nel distretto di Huangpu. Il vostro indimenticabile viaggio a Shanghai inizia qui.<\/span><\/div>\t\t\t\t\t\t\t\t<\/div>\n\t\t\t\t\t<\/div>\n\t\t\t\t<\/div>\n\t\t\t\t<\/div>","protected":false},"excerpt":{"rendered":"<p>Shanghai People&#8217;s Square Nanjing East Road Pedestrian Street Treasury Hotel: Your Premier Luxury Stay in the Heart of Shanghai Discover the perfect blend of French-inspired elegance and modern sophistication at the Shanghai People&#8217;s Square Nanjing East Road Pedestrian Street Treasury Hotel, ideally situated at No. 678 Hankou Road, Huangpu District, Shanghai, China. This exceptional 4-star [&hellip;]<\/p>\n","protected":false},"author":1,"featured_media":0,"parent":0,"menu_order":0,"comment_status":"closed","ping_status":"closed","template":"","meta":{"footnotes":""},"class_list":["post-5266","page","type-page","status-publish","hentry","post-no-thumbnail"],"_links":{"self":[{"href":"https:\/\/treasuryhotelshanghai.com\/it\/wp-json\/wp\/v2\/pages\/5266","targetHints":{"allow":["GET"]}}],"collection":[{"href":"https:\/\/treasuryhotelshanghai.com\/it\/wp-json\/wp\/v2\/pages"}],"about":[{"href":"https:\/\/treasuryhotelshanghai.com\/it\/wp-json\/wp\/v2\/types\/page"}],"author":[{"embeddable":true,"href":"https:\/\/treasuryhotelshanghai.com\/it\/wp-json\/wp\/v2\/users\/1"}],"replies":[{"embeddable":true,"href":"https:\/\/treasuryhotelshanghai.com\/it\/wp-json\/wp\/v2\/comments?post=5266"}],"version-history":[{"count":0,"href":"https:\/\/treasuryhotelshanghai.com\/it\/wp-json\/wp\/v2\/pages\/5266\/revisions"}],"wp:attachment":[{"href":"https:\/\/treasuryhotelshanghai.com\/it\/wp-json\/wp\/v2\/media?parent=5266"}],"curies":[{"name":"wp","href":"https:\/\/api.w.org\/{rel}","templated":true}]}}