{"id":2109,"date":"2021-03-26T08:35:58","date_gmt":"2021-03-26T08:35:58","guid":{"rendered":"http:\/\/localhost\/nuss\/?page_id=536"},"modified":"2026-03-02T15:07:25","modified_gmt":"2026-03-02T15:07:25","slug":"strutture-aziendali","status":"publish","type":"page","link":"https:\/\/treasuryhotelshanghai.com\/it\/business-facilities\/","title":{"rendered":"Strutture aziendali"},"content":{"rendered":"<div data-elementor-type=\"wp-page\" data-elementor-id=\"2109\" class=\"elementor elementor-2109\">\n\t\t\t\t\t\t<section class=\"elementor-section elementor-top-section elementor-element elementor-element-bb2901b elementor-section-boxed elementor-section-gap-beside-yes elementor-section-height-default elementor-section-height-default elementor-section-column-vertical-align-stretch\" data-id=\"bb2901b\" data-element_type=\"section\" data-e-type=\"section\">\n\t\t\t\t\t\t<div class=\"elementor-container elementor-column-gap-extended\">\n\t\t\t\t\t<div class=\"elementor-column elementor-col-100 elementor-top-column elementor-element elementor-element-1919db9\" data-id=\"1919db9\" data-element_type=\"column\" data-e-type=\"column\">\n\t\t\t<div class=\"elementor-widget-wrap elementor-element-populated\">\n\t\t\t\t\t\t<div class=\"elementor-element elementor-element-41a7b9c elementor-widget__width-initial elementor-invisible elementor-widget elementor-widget-text-editor\" data-id=\"41a7b9c\" data-element_type=\"widget\" data-e-type=\"widget\" data-settings=\"{&quot;_animation&quot;:&quot;nussFadeInUp&quot;}\" data-widget_type=\"text-editor.default\">\n\t\t\t\t\t\t\t\t\t<p>La sala riunioni del nostro hotel offre uno spazio riservato ed elegante nel cuore di New York per riunioni di gruppo da 8 a 10 persone. Per il vostro comfort e la vostra comodit\u00e0, sono disponibili pacchetti per pause caff\u00e8.<\/p>\t\t\t\t\t\t\t\t<\/div>\n\t\t\t\t\t<\/div>\n\t\t<\/div>\n\t\t\t\t\t<\/div>\n\t\t<\/section>\n\t\t<div class=\"elementor-element elementor-element-246f538 e-flex e-con-boxed e-con e-parent\" data-id=\"246f538\" data-element_type=\"container\" data-e-type=\"container\">\n\t\t\t\t\t<div class=\"e-con-inner\">\n\t\t\t\t<div class=\"elementor-element elementor-element-b014332 elementor-widget elementor-widget-image\" data-id=\"b014332\" data-element_type=\"widget\" data-e-type=\"widget\" data-widget_type=\"image.default\">\n\t\t\t\t\t\t\t\t\t\t\t\t\t\t\t<img fetchpriority=\"high\" decoding=\"async\" width=\"1024\" height=\"768\" src=\"https:\/\/treasuryhotelshanghai.com\/wp-content\/uploads\/2026\/03\/Treasury-Hotel-Shanghai0059-1024x768.webp\" class=\"attachment-large size-large wp-image-5652\" alt=\"\" srcset=\"https:\/\/treasuryhotelshanghai.com\/wp-content\/uploads\/2026\/03\/Treasury-Hotel-Shanghai0059-1024x768.webp 1024w, https:\/\/treasuryhotelshanghai.com\/wp-content\/uploads\/2026\/03\/Treasury-Hotel-Shanghai0059-300x225.webp 300w, https:\/\/treasuryhotelshanghai.com\/wp-content\/uploads\/2026\/03\/Treasury-Hotel-Shanghai0059-768x576.webp 768w, https:\/\/treasuryhotelshanghai.com\/wp-content\/uploads\/2026\/03\/Treasury-Hotel-Shanghai0059.webp 1137w\" sizes=\"(max-width: 1024px) 100vw, 1024px\" \/>\t\t\t\t\t\t\t\t\t\t\t\t\t\t\t<\/div>\n\t\t\t\t\t<\/div>\n\t\t\t\t<\/div>\n\t\t<div class=\"elementor-element elementor-element-e086733 e-flex e-con-boxed e-con e-parent\" data-id=\"e086733\" data-element_type=\"container\" data-e-type=\"container\">\n\t\t\t\t\t<div class=\"e-con-inner\">\n\t\t\t\t<div class=\"elementor-element elementor-element-262e151 elementor-widget elementor-widget-text-editor\" data-id=\"262e151\" data-element_type=\"widget\" data-e-type=\"widget\" data-widget_type=\"text-editor.default\">\n\t\t\t\t\t\t\t\t\t<h2 class=\"qwen-markdown-heading\"><span class=\"qwen-markdown-text\">Strutture aziendali di prim&#039;ordine nel cuore del distretto di Huangpu<\/span><\/h2><div class=\"qwen-markdown-paragraph\"><span class=\"qwen-markdown-text\">Migliora la tua esperienza di viaggio aziendale presso <\/span><strong class=\"qwen-markdown-strong\"><span class=\"qwen-markdown-text\">Piazza del Popolo di Shanghai, Nanjing East Road, strada pedonale, Treasury Hotel<\/span><\/strong><span class=\"qwen-markdown-text\">, situato a <\/span><strong class=\"qwen-markdown-strong\"><span class=\"qwen-markdown-text\">No. 678 Hankou Road, distretto di Huangpu, Shanghai, Cina<\/span><\/strong><span class=\"qwen-markdown-text\">. Progettato per il professionista moderno, il nostro boutique hotel a 4 stelle fonde armoniosamente l&#039;eleganza di ispirazione francese con un&#039;infrastruttura aziendale ad alta efficienza. Che si tratti di ospitare una riunione del consiglio di amministrazione, di svolgere lavoro da remoto o di organizzare un seminario aziendale, le nostre strutture business dedicate garantiscono produttivit\u00e0 senza compromettere il comfort. Riconosciuto con un&#039;eccellente valutazione <\/span><strong class=\"qwen-markdown-strong\"><span class=\"qwen-markdown-text\">Valutazione degli ospiti 9,5\/10<\/span><\/strong><span class=\"qwen-markdown-text\">, siamo la scelta preferita dai viaggiatori d&#039;affari pi\u00f9 esigenti che cercano una base strategica nell&#039;epicentro commerciale di Shanghai.<\/span><\/div><div class=\"qwen-markdown-space\">\u00a0<\/div><h2 class=\"qwen-markdown-heading\"><span class=\"qwen-markdown-text\">Spazi per conferenze e riunioni all&#039;avanguardia<\/span><\/h2><div class=\"qwen-markdown-paragraph\"><span class=\"qwen-markdown-text\">Il successo sta nei dettagli e nel nostro <\/span><strong class=\"qwen-markdown-strong\"><span class=\"qwen-markdown-text\">sale conferenze<\/span><\/strong><span class=\"qwen-markdown-text\"> Sono progettate per facilitare discussioni produttive e presentazioni fluide. Ideali per riunioni aziendali di piccole e medie dimensioni, sessioni di brainstorming di gruppo o riunioni con i clienti, le nostre sale riunioni offrono un ambiente tranquillo e professionale, lontano dal trambusto della citt\u00e0.<\/span><\/div><div class=\"qwen-markdown-space\">\u00a0<\/div><ul class=\"qwen-markdown-list\" dir=\"auto\"><li><strong class=\"qwen-markdown-strong\"><span class=\"qwen-markdown-text\">Ambiente professionale:<\/span><\/strong><span class=\"qwen-markdown-text\"> Le aree meeting riflettono i luminosi e lussuosi interni in stile francese, caratteristici dell&#039;hotel, creando un&#039;atmosfera sofisticata che stupir\u00e0 clienti e partner.<\/span><\/li><li><strong class=\"qwen-markdown-strong\"><span class=\"qwen-markdown-text\">Pronto per l&#039;audiovisivo:<\/span><\/strong><span class=\"qwen-markdown-text\"> Attrezzato per supportare le moderne esigenze di presentazione, garantendo il perfetto funzionamento di diapositive, video e conference call.<\/span><\/li><li><strong class=\"qwen-markdown-strong\"><span class=\"qwen-markdown-text\">Layout flessibili:<\/span><\/strong><span class=\"qwen-markdown-text\"> I nostri spazi possono essere configurati per soddisfare diverse esigenze aziendali, da riunioni dirigenziali riservate a workshop collaborativi.<\/span><\/li><li><strong class=\"qwen-markdown-strong\"><span class=\"qwen-markdown-text\">Supporto alla ristorazione:<\/span><\/strong><span class=\"qwen-markdown-text\"> Coordinarsi con il nostro <\/span><strong class=\"qwen-markdown-strong\"><span class=\"qwen-markdown-text\">Sala colazione del tesoro<\/span><\/strong><span class=\"qwen-markdown-text\"> e il team addetto alla ristorazione per organizzare pause caff\u00e8 o pranzi di lavoro, mantenendo il team energico per tutta la giornata.<\/span><\/li><\/ul><div class=\"qwen-markdown-space\">\u00a0<\/div><h2 class=\"qwen-markdown-heading\"><span class=\"qwen-markdown-text\">Connettivit\u00e0 ad alta velocit\u00e0 e tecnologia Smart Room<\/span><\/h2><div class=\"qwen-markdown-paragraph\"><span class=\"qwen-markdown-text\">Nell&#039;economia digitale odierna, una connettivit\u00e0 affidabile \u00e8 imprescindibile. Il Treasury Hotel offre una solida infrastruttura tecnologica progettata per garantirti la massima efficienza e la massima connettivit\u00e0.<\/span><\/div><div class=\"qwen-markdown-space\">\u00a0<\/div><ul class=\"qwen-markdown-list\" dir=\"auto\"><li><strong class=\"qwen-markdown-strong\"><span class=\"qwen-markdown-text\">Wi-Fi ad alta velocit\u00e0 gratuito:<\/span><\/strong><span class=\"qwen-markdown-text\"> Disponibile in tutte le aree pubbliche e nelle camere degli ospiti, ti consente di partecipare a videoconferenze, caricare file di grandi dimensioni o gestire le e-mail senza interruzioni.<\/span><\/li><li><strong class=\"qwen-markdown-strong\"><span class=\"qwen-markdown-text\">Sistemi di controllo intelligenti per gli ospiti:<\/span><\/strong><span class=\"qwen-markdown-text\"> Le nostre 133 camere, progettate con cura, sono dotate di controlli intelligenti che consentono di personalizzare illuminazione, temperatura e intrattenimento senza sforzo. Questa tecnologia intelligente si estende alla comodit\u00e0 aziendale, consentendo di creare l&#039;ambiente di lavoro perfetto nella privacy della propria camera.<\/span><\/li><li><strong class=\"qwen-markdown-strong\"><span class=\"qwen-markdown-text\">Spazi di lavoro in camera:<\/span><\/strong><span class=\"qwen-markdown-text\"> Seleziona le camere, tra cui la nostra <\/span><strong class=\"qwen-markdown-strong\"><span class=\"qwen-markdown-text\">Suite con vista sulla citt\u00e0<\/span><\/strong><span class=\"qwen-markdown-text\"> E <\/span><strong class=\"qwen-markdown-strong\"><span class=\"qwen-markdown-text\">Camera King Deluxe Treasure<\/span><\/strong><span class=\"qwen-markdown-text\"> Le camere offrono ampio spazio e un&#039;illuminazione adatta per installare un computer portatile e lavorare comodamente anche fuori orario.<\/span><\/li><\/ul><div class=\"qwen-markdown-space\">\u00a0<\/div><h2 class=\"qwen-markdown-heading\"><span class=\"qwen-markdown-text\">Servizi amministrativi e di supporto completi<\/span><\/h2><div class=\"qwen-markdown-paragraph\"><span class=\"qwen-markdown-text\">Sappiamo che i viaggi d&#039;affari richiedono spesso un supporto amministrativo immediato. I nostri team di reception e concierge, disponibili 24 ore su 24, 7 giorni su 7, sono a vostra disposizione per gestire la logistica, cos\u00ec potrete concentrarvi sui vostri obiettivi principali.<\/span><\/div><div class=\"qwen-markdown-space\">\u00a0<\/div><ul class=\"qwen-markdown-list\" dir=\"auto\"><li><strong class=\"qwen-markdown-strong\"><span class=\"qwen-markdown-text\">Servizi del Business Center:<\/span><\/strong><span class=\"qwen-markdown-text\"> Accedi agli strumenti essenziali per l&#039;ufficio, tra cui <\/span><strong class=\"qwen-markdown-strong\"><span class=\"qwen-markdown-text\">servizi di fax e fotocopie<\/span><\/strong><span class=\"qwen-markdown-text\">, perfetto per la preparazione di documenti dell&#039;ultimo minuto o per la firma di contratti.<\/span><\/li><li><strong class=\"qwen-markdown-strong\"><span class=\"qwen-markdown-text\">Personale multilingue:<\/span><\/strong><span class=\"qwen-markdown-text\"> Il nostro team parla entrambe le lingue <\/span><strong class=\"qwen-markdown-strong\"><span class=\"qwen-markdown-text\">Inglese e cinese<\/span><\/strong><span class=\"qwen-markdown-text\">, colmando le lacune comunicative e fornendo assistenza per richieste commerciali locali, esigenze di traduzione o pianificazione.<\/span><\/li><li><strong class=\"qwen-markdown-strong\"><span class=\"qwen-markdown-text\">Check-in\/out rapido:<\/span><\/strong><span class=\"qwen-markdown-text\"> Riduci al minimo i tempi di attesa grazie alle nostre procedure di arrivo e partenza semplificate, pensate per gli ospiti con tempi stretti.<\/span><\/li><li><strong class=\"qwen-markdown-strong\"><span class=\"qwen-markdown-text\">Assistenza di segreteria:<\/span><\/strong><span class=\"qwen-markdown-text\"> Il nostro concierge pu\u00f2 assistervi nella stampa delle carte d&#039;imbarco, nell&#039;organizzazione dei servizi di corriere e nella gestione degli itinerari di viaggio.<\/span><\/li><\/ul><div class=\"qwen-markdown-space\">\u00a0<\/div><h2 class=\"qwen-markdown-heading\"><span class=\"qwen-markdown-text\">Posizione strategica per il networking aziendale<\/span><\/h2><div class=\"qwen-markdown-paragraph\"><span class=\"qwen-markdown-text\">La posizione \u00e8 un vantaggio fondamentale per i viaggiatori d&#039;affari e <\/span><strong class=\"qwen-markdown-strong\"><span class=\"qwen-markdown-text\">No. 678 Hankou Road<\/span><\/strong><span class=\"qwen-markdown-text\"> ti colloca al centro della convergenza delle reti di trasporto e commerciali di Shanghai.<\/span><\/div><div class=\"qwen-markdown-space\">\u00a0<\/div><ul class=\"qwen-markdown-list\" dir=\"auto\"><li><strong class=\"qwen-markdown-strong\"><span class=\"qwen-markdown-text\">Connettivit\u00e0 dei trasporti:<\/span><\/strong><span class=\"qwen-markdown-text\"> Appena <\/span><strong class=\"qwen-markdown-strong\"><span class=\"qwen-markdown-text\">A 230 metri dalla stazione della metropolitana di Piazza del Popolo<\/span><\/strong><span class=\"qwen-markdown-text\"> (Linee 1, 2 e 8) consentono di raggiungere facilmente l&#039;aeroporto internazionale di Pudong, l&#039;hub di Hongqiao e il distretto finanziario di Lujiazui. Questa accessibilit\u00e0 \u00e8 fondamentale per incontrare clienti in diverse zone di Shanghai.<\/span><\/li><li><strong class=\"qwen-markdown-strong\"><span class=\"qwen-markdown-text\">Vicinanza ai centri commerciali:<\/span><\/strong><span class=\"qwen-markdown-text\"> Vicino al centro espositivo di Shanghai e ai principali uffici aziendali nel distretto di Huangpu.<\/span><\/li><li><strong class=\"qwen-markdown-strong\"><span class=\"qwen-markdown-text\">Intrattenimento clienti:<\/span><\/strong><span class=\"qwen-markdown-text\"> Dopo le riunioni, stupisci i tuoi partner ospitandoli nelle vicinanze. L&#039;hotel \u00e8 a pochi passi da <\/span><strong class=\"qwen-markdown-strong\"><span class=\"qwen-markdown-text\">Via pedonale Nanjing East Road (300 m)<\/span><\/strong><span class=\"qwen-markdown-text\"> E <\/span><strong class=\"qwen-markdown-strong\"><span class=\"qwen-markdown-text\">il Bund (1,4 km)<\/span><\/strong><span class=\"qwen-markdown-text\">, che offre ristoranti e luoghi di incontro di fama mondiale a pochi passi di distanza.<\/span><\/li><\/ul><div class=\"qwen-markdown-space\">\u00a0<\/div><h2 class=\"qwen-markdown-heading\"><span class=\"qwen-markdown-text\">Equilibrio tra lavoro e vita privata per il professionista in viaggio<\/span><\/h2><div class=\"qwen-markdown-paragraph\"><span class=\"qwen-markdown-text\">Una produttivit\u00e0 duratura richiede riposo e rigenerazione. Il Treasury Hotel si prende cura del vostro benessere con servizi pensati per aiutarvi a rilassarvi dopo una lunga giornata di trattative.<\/span><\/div><div class=\"qwen-markdown-space\">\u00a0<\/div><ul class=\"qwen-markdown-list\" dir=\"auto\"><li><strong class=\"qwen-markdown-strong\"><span class=\"qwen-markdown-text\">Centro fitness:<\/span><\/strong><span class=\"qwen-markdown-text\"> Mantieni la tua routine di allenamento nella nostra palestra gratuita, assicurandoti di rimanere energico.<\/span><\/li><li><strong class=\"qwen-markdown-strong\"><span class=\"qwen-markdown-text\">Opzioni di ristorazione:<\/span><\/strong><span class=\"qwen-markdown-text\"> Godetevi una ricca colazione a buffet per iniziare bene la giornata, oppure utilizzate il nostro <\/span><strong class=\"qwen-markdown-strong\"><span class=\"qwen-markdown-text\">robot per la consegna del cibo<\/span><\/strong><span class=\"qwen-markdown-text\"> per un comodo servizio in camera durante le sessioni di lavoro notturne.<\/span><\/li><li><strong class=\"qwen-markdown-strong\"><span class=\"qwen-markdown-text\">Servizi di lavanderia:<\/span><\/strong><span class=\"qwen-markdown-text\"> Grazie alla nostra lavanderia self-service e al servizio di lavaggio a secco, potrai sempre presentarti in modo impeccabile alle tue riunioni.<\/span><\/li><\/ul><div class=\"qwen-markdown-space\">\u00a0<\/div><h2 class=\"qwen-markdown-heading\"><span class=\"qwen-markdown-text\">Prenota oggi il tuo soggiorno aziendale<\/span><\/h2><div class=\"qwen-markdown-paragraph\"><span class=\"qwen-markdown-text\">IL <\/span><strong class=\"qwen-markdown-strong\"><span class=\"qwen-markdown-text\">Piazza del Popolo di Shanghai, Nanjing East Road, strada pedonale, Treasury Hotel<\/span><\/strong><span class=\"qwen-markdown-text\"> \u00e8 pi\u00f9 di un semplice posto dove dormire: \u00e8 un centro di produttivit\u00e0 progettato per supportare i vostri obiettivi aziendali a Shanghai. Grazie alla nostra combinazione di tecnologia intelligente, sale riunioni dedicate, supporto amministrativo completo e una posizione imbattibile nel distretto di Huangpu, offriamo l&#039;ambiente perfetto per il successo aziendale.<\/span><\/div><div class=\"qwen-markdown-space\">\u00a0<\/div><div class=\"qwen-markdown-paragraph\" data-spm-anchor-id=\"a2ty_o01.29997173.0.i58.5c075171LDsXt3\"><strong class=\"qwen-markdown-strong\"><span class=\"qwen-markdown-text\">Contattaci oggi stesso per prenotare il tuo spazio per riunioni o prenotare la tua sistemazione aziendale.<\/span><\/strong><span class=\"qwen-markdown-text\"> Scoprite gli standard di eccellenza che ci hanno fatto guadagnare oltre 6.200 recensioni positive. Il vostro viaggio d&#039;affari merita i vantaggi del Treasury Hotel.<\/span><\/div>\t\t\t\t\t\t\t\t<\/div>\n\t\t\t\t\t<\/div>\n\t\t\t\t<\/div>\n\t\t\t\t<\/div>","protected":false},"excerpt":{"rendered":"<p>Our Hotel board room offers a private, elegant meeting space in the heart of New York for groups of 8 to 10 persons. For your comfort and convenience, coffee break packages are available. Premier Business Facilities in the Heart of Huangpu District Elevate your corporate travel experience at the Shanghai People&#8217;s Square Nanjing East Road [&hellip;]<\/p>\n","protected":false},"author":1,"featured_media":0,"parent":0,"menu_order":0,"comment_status":"closed","ping_status":"closed","template":"elementor_header_footer","meta":{"footnotes":""},"class_list":["post-2109","page","type-page","status-publish","hentry","post-no-thumbnail"],"_links":{"self":[{"href":"https:\/\/treasuryhotelshanghai.com\/it\/wp-json\/wp\/v2\/pages\/2109","targetHints":{"allow":["GET"]}}],"collection":[{"href":"https:\/\/treasuryhotelshanghai.com\/it\/wp-json\/wp\/v2\/pages"}],"about":[{"href":"https:\/\/treasuryhotelshanghai.com\/it\/wp-json\/wp\/v2\/types\/page"}],"author":[{"embeddable":true,"href":"https:\/\/treasuryhotelshanghai.com\/it\/wp-json\/wp\/v2\/users\/1"}],"replies":[{"embeddable":true,"href":"https:\/\/treasuryhotelshanghai.com\/it\/wp-json\/wp\/v2\/comments?post=2109"}],"version-history":[{"count":0,"href":"https:\/\/treasuryhotelshanghai.com\/it\/wp-json\/wp\/v2\/pages\/2109\/revisions"}],"wp:attachment":[{"href":"https:\/\/treasuryhotelshanghai.com\/it\/wp-json\/wp\/v2\/media?parent=2109"}],"curies":[{"name":"wp","href":"https:\/\/api.w.org\/{rel}","templated":true}]}}