{"id":2106,"date":"2021-03-25T04:08:26","date_gmt":"2021-03-25T04:08:26","guid":{"rendered":"http:\/\/localhost\/nuss\/?page_id=298"},"modified":"2026-03-02T15:10:32","modified_gmt":"2026-03-02T15:10:32","slug":"esperienze","status":"publish","type":"page","link":"https:\/\/treasuryhotelshanghai.com\/it\/experiences\/","title":{"rendered":"Recensioni dell&#039;hotel Shanghai Treasury"},"content":{"rendered":"<div data-elementor-type=\"wp-page\" data-elementor-id=\"2106\" class=\"elementor elementor-2106\">\n\t\t\t\t\t\t<section class=\"elementor-section elementor-top-section elementor-element elementor-element-1954ffc elementor-section-boxed elementor-section-gap-beside-yes elementor-section-height-default elementor-section-height-default elementor-section-column-vertical-align-stretch\" data-id=\"1954ffc\" data-element_type=\"section\" data-e-type=\"section\">\n\t\t\t\t\t\t<div class=\"elementor-container elementor-column-gap-extended\">\n\t\t\t\t\t<div class=\"elementor-column elementor-col-100 elementor-top-column elementor-element elementor-element-86aebc5\" data-id=\"86aebc5\" data-element_type=\"column\" data-e-type=\"column\">\n\t\t\t<div class=\"elementor-widget-wrap elementor-element-populated\">\n\t\t\t\t\t\t<div class=\"elementor-element elementor-element-11803d1 elementor-widget__width-initial elementor-invisible elementor-widget elementor-widget-text-editor\" data-id=\"11803d1\" data-element_type=\"widget\" data-e-type=\"widget\" data-settings=\"{&quot;_animation&quot;:&quot;nussFadeInUp&quot;}\" data-widget_type=\"text-editor.default\">\n\t\t\t\t\t\t\t\t\tLe voci degli ospiti: esperienze autentiche dei clienti presso la Nanjing East Road Pedestrian Street Treasury Hotel di Shanghai People&#039;s Square\t\t\t\t\t\t\t\t<\/div>\n\t\t\t\t\t<\/div>\n\t\t<\/div>\n\t\t\t\t\t<\/div>\n\t\t<\/section>\n\t\t<div class=\"elementor-element elementor-element-359b1c9 e-flex e-con-boxed e-con e-parent\" data-id=\"359b1c9\" data-element_type=\"container\" data-e-type=\"container\">\n\t\t\t\t\t<div class=\"e-con-inner\">\n\t\t\t\t<div class=\"elementor-element elementor-element-f139d2e elementor-widget elementor-widget-image\" data-id=\"f139d2e\" data-element_type=\"widget\" data-e-type=\"widget\" data-widget_type=\"image.default\">\n\t\t\t\t\t\t\t\t\t\t\t\t\t\t\t\t<a href=\"https:\/\/www.trip.com\/hotels\/shanghai-hotel-detail-122358729\/shanghai-people-s-square-nanjing-east-road-pedestrian-street-treasury-hotel\/?Allianceid=7451095&#038;SID=296088262&#038;trip_sub1=&#038;trip_sub3=D13272100\" target=\"_blank\" rel=\"noopener\">\n\t\t\t\t\t\t\t<img fetchpriority=\"high\" decoding=\"async\" width=\"1581\" height=\"1255\" src=\"https:\/\/treasuryhotelshanghai.com\/wp-content\/uploads\/2026\/03\/Shanghai-Peoples-Square-Nanjing-East-Road-Pedestrian-Street-Treasury-Hotel-Shanghai.jpg\" class=\"attachment-full size-full wp-image-5753\" alt=\"\" srcset=\"https:\/\/treasuryhotelshanghai.com\/wp-content\/uploads\/2026\/03\/Shanghai-Peoples-Square-Nanjing-East-Road-Pedestrian-Street-Treasury-Hotel-Shanghai.jpg 1581w, https:\/\/treasuryhotelshanghai.com\/wp-content\/uploads\/2026\/03\/Shanghai-Peoples-Square-Nanjing-East-Road-Pedestrian-Street-Treasury-Hotel-Shanghai-300x238.jpg 300w, https:\/\/treasuryhotelshanghai.com\/wp-content\/uploads\/2026\/03\/Shanghai-Peoples-Square-Nanjing-East-Road-Pedestrian-Street-Treasury-Hotel-Shanghai-1024x813.jpg 1024w, https:\/\/treasuryhotelshanghai.com\/wp-content\/uploads\/2026\/03\/Shanghai-Peoples-Square-Nanjing-East-Road-Pedestrian-Street-Treasury-Hotel-Shanghai-768x610.jpg 768w, https:\/\/treasuryhotelshanghai.com\/wp-content\/uploads\/2026\/03\/Shanghai-Peoples-Square-Nanjing-East-Road-Pedestrian-Street-Treasury-Hotel-Shanghai-1536x1219.jpg 1536w\" sizes=\"(max-width: 1581px) 100vw, 1581px\" \/>\t\t\t\t\t\t\t\t<\/a>\n\t\t\t\t\t\t\t\t\t\t\t\t\t\t\t<\/div>\n\t\t\t\t\t<\/div>\n\t\t\t\t<\/div>\n\t\t<div class=\"elementor-element elementor-element-754f2be e-flex e-con-boxed e-con e-parent\" data-id=\"754f2be\" data-element_type=\"container\" data-e-type=\"container\">\n\t\t\t\t\t<div class=\"e-con-inner\">\n\t\t\t\t<div class=\"elementor-element elementor-element-7cf0f69 elementor-widget elementor-widget-text-editor\" data-id=\"7cf0f69\" data-element_type=\"widget\" data-e-type=\"widget\" data-widget_type=\"text-editor.default\">\n\t\t\t\t\t\t\t\t\t<h2 class=\"qwen-markdown-heading\"><span class=\"qwen-markdown-text\" data-spm-anchor-id=\"a2ty_o01.29997173.0.i60.5c075171LDsXt3\">Scopri perch\u00e9 oltre 6.200 viaggiatori ci hanno valutato 9,5\/10 Eccezionale<\/span><\/h2><div class=\"qwen-markdown-paragraph\"><span class=\"qwen-markdown-text\">Quando si sceglie un alloggio in una delle citt\u00e0 pi\u00f9 dinamiche del mondo, le esperienze reali degli ospiti sono ci\u00f2 che conta di pi\u00f9. <\/span><strong class=\"qwen-markdown-strong\"><span class=\"qwen-markdown-text\" data-spm-anchor-id=\"a2ty_o01.29997173.0.i62.5c075171LDsXt3\">Piazza del Popolo di Shanghai, Nanjing East Road, strada pedonale, Treasury Hotel<\/span><\/strong><span class=\"qwen-markdown-text\">, situato a <\/span><strong class=\"qwen-markdown-strong\"><span class=\"qwen-markdown-text\">No. 678 Hankou Road, distretto di Huangpu, Shanghai, Cina<\/span><\/strong><span class=\"qwen-markdown-text\">, crediamo che la trasparenza crei fiducia. Ecco perch\u00e9 condividiamo con orgoglio il feedback autentico dei nostri stimati ospiti. Con un&#039;esperienza eccezionale <\/span><strong class=\"qwen-markdown-strong\"><span class=\"qwen-markdown-text\">Valutazione complessiva 9,5 su 10<\/span><\/strong><span class=\"qwen-markdown-text\"> basato su <\/span><strong class=\"qwen-markdown-strong\"><span class=\"qwen-markdown-text\">6.216 recensioni verificate<\/span><\/strong><span class=\"qwen-markdown-text\"> Su Trip.com, il nostro hotel si \u00e8 guadagnato il riconoscimento di scelta di prim&#039;ordine per i viaggiatori in cerca di comfort, praticit\u00e0 e genuina ospitalit\u00e0 nel cuore di Shanghai.<\/span><\/div><div class=\"qwen-markdown-space\">\u00a0<\/div><div class=\"qwen-markdown-paragraph\"><span class=\"qwen-markdown-text\">Cosa rende questo risultato ancora pi\u00f9 straordinario? <\/span><strong class=\"qwen-markdown-strong\"><span class=\"qwen-markdown-text\">52 ospiti consecutivi<\/span><\/strong><span class=\"qwen-markdown-text\"> hanno valutato positivamente il loro soggiorno e la nostra struttura ha ricevuto <\/span><strong class=\"qwen-markdown-strong\"><span class=\"qwen-markdown-text\">nessuna recensione negativa nell&#039;ultimo mese<\/span><\/strong><span class=\"qwen-markdown-text\">. Questi numeri non sono solo statistiche: rappresentano migliaia di viaggiatori soddisfatti che hanno fatto del nostro boutique hotel di ispirazione francese la loro seconda casa.<\/span><\/div><div class=\"qwen-markdown-space\">\u00a0<\/div><h2 class=\"qwen-markdown-heading\"><span class=\"qwen-markdown-text\">Analisi dell&#039;eccellenza: valutazioni degli ospiti categoria per categoria<\/span><\/h2><div class=\"qwen-markdown-paragraph\"><span class=\"qwen-markdown-text\">Il nostro impegno per un&#039;ospitalit\u00e0 olistica traspare in ogni aspetto dell&#039;esperienza degli ospiti. Ecco come ci valutano i viaggiatori in base a diversi aspetti chiave:<\/span><\/div><div class=\"qwen-markdown-space\">\u00a0<\/div><h3 class=\"qwen-markdown-heading\"><span class=\"qwen-markdown-text\">\ud83e\uddfc Pulizia: 9,6\/10<\/span><\/h3><div class=\"qwen-markdown-paragraph\"><em><span class=\"qwen-markdown-text\">\u201cCamere pulitissime e strutture ben tenute\u201d<\/span><\/em><\/div><div class=\"qwen-markdown-space\">\u00a0<\/div><div class=\"qwen-markdown-paragraph\"><span class=\"qwen-markdown-text\">Gli ospiti sottolineano costantemente i nostri rigorosi standard di pulizia come una caratteristica distintiva. Dai bagni impeccabili alla biancheria fresca di bucato con prodotti di prima qualit\u00e0 <\/span><strong class=\"qwen-markdown-strong\"><span class=\"qwen-markdown-text\">Materassi memory Plante &amp; King Koil<\/span><\/strong><span class=\"qwen-markdown-text\">, I visitatori apprezzano l&#039;attenzione ai dettagli che crea un ambiente igienico e rilassante. Come ha osservato di recente un recensore: <\/span><em><span class=\"qwen-markdown-text\">\u201cLa hall era pulita e i servizi erano buoni\u201d<\/span><\/em><span class=\"qwen-markdown-text\">\u2014un sentimento condiviso da oltre 2.000 viaggiatori che hanno elogiato in modo specifico i nostri protocolli di pulizia.<\/span><\/div><div class=\"qwen-markdown-space\">\u00a0<\/div><h3 class=\"qwen-markdown-heading\"><span class=\"qwen-markdown-text\">\ud83d\udccd Posizione: 9,6\/10<\/span><\/h3><div class=\"qwen-markdown-paragraph\"><em><span class=\"qwen-markdown-text\">\u201cPosizione ideale vicino alle principali attrazioni con facile accesso alla metropolitana\u201d<\/span><\/em><\/div><div class=\"qwen-markdown-space\">\u00a0<\/div><div class=\"qwen-markdown-paragraph\"><span class=\"qwen-markdown-text\">Posizionato appena <\/span><strong class=\"qwen-markdown-strong\"><span class=\"qwen-markdown-text\">A 230 metri dalla stazione della metropolitana di Piazza del Popolo<\/span><\/strong><span class=\"qwen-markdown-text\"> E <\/span><strong class=\"qwen-markdown-strong\"><span class=\"qwen-markdown-text\">A 300 metri dalla strada pedonale Nanjing East Road<\/span><\/strong><span class=\"qwen-markdown-text\">, il nostro hotel mette il meglio di Shanghai a pochi passi. Basato su <\/span><strong class=\"qwen-markdown-strong\"><span class=\"qwen-markdown-text\">3.186 recensioni incentrate sulla posizione<\/span><\/strong><span class=\"qwen-markdown-text\">, gli ospiti apprezzano la comodit\u00e0 di raggiungere **il Bund** (1,4 km), <\/span><strong class=\"qwen-markdown-strong\"><span class=\"qwen-markdown-text\">Giardino Yu<\/span><\/strong><span class=\"qwen-markdown-text\">, e innumerevoli opzioni di ristorazione, il tutto senza dover affrontare lunghi spostamenti. I viaggiatori d&#039;affari apprezzano la perfetta connettivit\u00e0 con l&#039;aeroporto di Pudong e l&#039;Hongqiao Hub, mentre i turisti apprezzano la possibilit\u00e0 di esplorare i monumenti culturali di Shanghai senza sforzo.<\/span><\/div><div class=\"qwen-markdown-space\">\u00a0<\/div><h3 class=\"qwen-markdown-heading\"><span class=\"qwen-markdown-text\">\ud83d\udc81 Servizio: 9,5\/10<\/span><\/h3><div class=\"qwen-markdown-paragraph\"><em><span class=\"qwen-markdown-text\">\u201cPersonale cordiale e disponibile che fa di tutto per fare il possibile\u201d<\/span><\/em><\/div><div class=\"qwen-markdown-space\">\u00a0<\/div><div class=\"qwen-markdown-paragraph\"><span class=\"qwen-markdown-text\">Il nostro team multilingue, fluente in entrambe le lingue <\/span><strong class=\"qwen-markdown-strong\"><span class=\"qwen-markdown-text\">Inglese e cinese<\/span><\/strong><span class=\"qwen-markdown-text\">\u2014riceve costantemente consensi per professionalit\u00e0 e calore. Con <\/span><strong class=\"qwen-markdown-strong\"><span class=\"qwen-markdown-text\">2.357 recensioni relative al servizio<\/span><\/strong><span class=\"qwen-markdown-text\">, gli ospiti menzionano spesso:<\/span><\/div><ul class=\"qwen-markdown-list\" dir=\"auto\"><li><span class=\"qwen-markdown-text\">Assistenza attenta alla reception con check-in\/out express<\/span><\/li><li><span class=\"qwen-markdown-text\">Supporto concierge utile per consigli su trasporti e ristoranti<\/span><\/li><li><span class=\"qwen-markdown-text\">Personale paziente che assiste i viaggiatori internazionali nella navigazione locale<\/span><\/li><li><span class=\"qwen-markdown-text\">Tocchi personalizzati che trasformano un soggiorno standard in un&#039;esperienza memorabile<\/span><\/li><\/ul><div class=\"qwen-markdown-space\">\u00a0<\/div><div class=\"qwen-markdown-paragraph\"><span class=\"qwen-markdown-text\">Come ha raccontato un ospite del marzo 2026: <\/span><em><span class=\"qwen-markdown-text\">\u201cIl servizio alla reception \u00e8 stato eccellente... il personale della reception parlava inglese\u201d<\/span><\/em><span class=\"qwen-markdown-text\">\u2014un dettaglio fondamentale per i viaggiatori globali che cercano una comunicazione fluida.<\/span><\/div><div class=\"qwen-markdown-space\">\u00a0<\/div><h3 class=\"qwen-markdown-heading\"><span class=\"qwen-markdown-text\">\ud83c\udfe8 Servizi e strutture: 9,4\/10<\/span><\/h3><div class=\"qwen-markdown-paragraph\"><em><span class=\"qwen-markdown-text\">\u201cFunzionalit\u00e0 intelligenti e comfort studiati nei minimi dettagli arricchiscono ogni soggiorno\u201d<\/span><\/em><\/div><div class=\"qwen-markdown-space\">\u00a0<\/div><div class=\"qwen-markdown-paragraph\"><span class=\"qwen-markdown-text\">I viaggiatori moderni apprezzano l&#039;innovazione e la nostra <\/span><strong class=\"qwen-markdown-strong\"><span class=\"qwen-markdown-text\">1.014 recensioni focalizzate sulle strutture<\/span><\/strong><span class=\"qwen-markdown-text\"> riflettere apprezzamento per:<\/span><\/div><ul class=\"qwen-markdown-list\" dir=\"auto\"><li><strong class=\"qwen-markdown-strong\"><span class=\"qwen-markdown-text\">Tecnologia per stanze intelligenti<\/span><\/strong><span class=\"qwen-markdown-text\">: Altoparlanti intelligenti Xiao Du e controlli intelligenti per illuminazione, temperatura e intrattenimento<\/span><\/li><li><strong class=\"qwen-markdown-strong\"><span class=\"qwen-markdown-text\">Centro fitness gratuito<\/span><\/strong><span class=\"qwen-markdown-text\">: Perfetto per mantenere le routine di benessere durante i viaggi<\/span><\/li><li><strong class=\"qwen-markdown-strong\"><span class=\"qwen-markdown-text\">Lavanderia self-service<\/span><\/strong><span class=\"qwen-markdown-text\">: Una soluzione pratica per soggiorni prolungati<\/span><\/li><li><strong class=\"qwen-markdown-strong\"><span class=\"qwen-markdown-text\">Robot per la consegna del cibo<\/span><\/strong><span class=\"qwen-markdown-text\">: Un tocco futuristico che porta i pasti direttamente a casa tua<\/span><\/li><li><strong class=\"qwen-markdown-strong\"><span class=\"qwen-markdown-text\">Strutture per conferenze<\/span><\/strong><span class=\"qwen-markdown-text\">: Spazi attrezzati per meeting aziendali e piccoli eventi<\/span><\/li><\/ul><div class=\"qwen-markdown-space\">\u00a0<\/div><h3 class=\"qwen-markdown-heading\"><span class=\"qwen-markdown-text\">\ud83d\udecf\ufe0f Comodit\u00e0: 9,5\/10<\/span><\/h3><div class=\"qwen-markdown-paragraph\"><em><span class=\"qwen-markdown-text\">\u201cBiancheria da letto accogliente e interni ben progettati per il massimo relax\u201d<\/span><\/em><\/div><div class=\"qwen-markdown-space\">\u00a0<\/div><div class=\"qwen-markdown-paragraph\"><span class=\"qwen-markdown-text\">Con <\/span><strong class=\"qwen-markdown-strong\"><span class=\"qwen-markdown-text\">2.056 menzioni relative al comfort<\/span><\/strong><span class=\"qwen-markdown-text\">, Gli ospiti descrivono costantemente le nostre camere come sereni rifugi urbani. Le camere luminose e lussuose <\/span><strong class=\"qwen-markdown-strong\"><span class=\"qwen-markdown-text\">Interni in stile francese<\/span><\/strong><span class=\"qwen-markdown-text\">, insieme a tende oscuranti, climatizzazione ed elementi di design fonoassorbenti, creano un ambiente che favorisce un sonno ristoratore. Un viaggiatore ha riassunto: <\/span><em><span class=\"qwen-markdown-text\">\u201cLa biancheria da letto era super comoda, il che ha reso il sonno davvero piacevole.\u201d<\/span><\/em><\/div><div class=\"qwen-markdown-space\">\u00a0<\/div><h2 class=\"qwen-markdown-heading\"><span class=\"qwen-markdown-text\">Storie di ospiti reali: esperienze senza filtri di viaggiatori recenti<\/span><\/h2><h3 class=\"qwen-markdown-heading\"><span class=\"qwen-markdown-text\">\u2728 La prospettiva del viaggiatore d&#039;affari<\/span><\/h3><div class=\"qwen-markdown-paragraph\"><em><span class=\"qwen-markdown-text\">\u201cOttimo soggiorno! Sono riuscito a ottenere un upgrade a met\u00e0 prezzo al momento del check-in. Ci tornerei sicuramente \ud83d\ude0a\u201d<\/span><\/em><br \/><span class=\"qwen-markdown-text\">\u2014 Utente ospite, marzo 2026<\/span><\/div><div class=\"qwen-markdown-space\">\u00a0<\/div><div class=\"qwen-markdown-paragraph\"><span class=\"qwen-markdown-text\">Questa recensione evidenzia il nostro impegno per la qualit\u00e0 e la flessibilit\u00e0. Che tu stia partecipando a riunioni a Lujiazui o esplorando il panorama delle startup di Shanghai, il nostro team lavora per garantire che la tua sistemazione supporti i tuoi obiettivi professionali, senza sforare il budget.<\/span><\/div><div class=\"qwen-markdown-space\">\u00a0<\/div><h3 class=\"qwen-markdown-heading\"><span class=\"qwen-markdown-text\">\ud83c\udf0f L&#039;esperienza dei visitatori internazionali<\/span><\/h3><div class=\"qwen-markdown-paragraph\"><em><span class=\"qwen-markdown-text\">\u201c&quot;La camera era fantastica, molto soddisfacente, e la posizione era comodissima, vicino a tutto. Il servizio alla reception era eccellente, la hall era pulita e i servizi erano buoni. Inoltre, il personale della reception parlava inglese.&quot;\u201d<\/span><\/em><br \/><span class=\"qwen-markdown-text\">\u2014 Utente ospite, febbraio 2026<\/span><\/div><div class=\"qwen-markdown-space\">\u00a0<\/div><div class=\"qwen-markdown-paragraph\"><span class=\"qwen-markdown-text\">Per i viaggiatori che esplorano una nuova cultura, l&#039;accessibilit\u00e0 linguistica e un servizio intuitivo fanno la differenza. Il nostro personale parlante inglese e la posizione centrale riducono lo stress del viaggio, consentendo agli ospiti di concentrarsi su ci\u00f2 che conta di pi\u00f9: vivere Shanghai.<\/span><\/div><div class=\"qwen-markdown-space\">\u00a0<\/div><h3 class=\"qwen-markdown-heading\"><span class=\"qwen-markdown-text\">\ud83d\udd04 La fedelt\u00e0 del cliente abituale<\/span><\/h3><div class=\"qwen-markdown-paragraph\"><em><span class=\"qwen-markdown-text\">\u201c&quot;La posizione \u00e8 eccellente, molto comoda per gli spostamenti. Anche il servizio alla reception \u00e8 stato ottimo e la biancheria da letto era super confortevole, il che ha reso il sonno davvero piacevole. Sicuramente torner\u00f2 qui la prossima volta.&quot;\u201d<\/span><\/em><br \/><span class=\"qwen-markdown-text\">\u2014 Utente ospite, marzo 2026<\/span><\/div><div class=\"qwen-markdown-space\">\u00a0<\/div><div class=\"qwen-markdown-paragraph\"><span class=\"qwen-markdown-text\">Le prenotazioni ripetute sono la massima dimostrazione di soddisfazione. Quando gli ospiti tornano, \u00e8 la prova che abbiamo mantenuto la nostra promessa: un&#039;ospitalit\u00e0 eccezionale che conquista la fiducia e promuove la fidelizzazione.<\/span><\/div><div class=\"qwen-markdown-space\">\u00a0<\/div><h2 class=\"qwen-markdown-heading\"><span class=\"qwen-markdown-text\">Feedback costruttivo: come ascoltiamo e miglioriamo<\/span><\/h2><div class=\"qwen-markdown-paragraph\"><span class=\"qwen-markdown-text\">Trasparenza significa condividere non solo elogi, ma anche opportunit\u00e0 di crescita. Sulla base di <\/span><strong class=\"qwen-markdown-strong\"><span class=\"qwen-markdown-text\">81 suggerimenti ponderati degli ospiti<\/span><\/strong><span class=\"qwen-markdown-text\">, ci stiamo occupando attivamente di:<\/span><\/div><div class=\"qwen-markdown-space\">\u00a0<\/div><ul class=\"qwen-markdown-list\" dir=\"auto\"><li><strong class=\"qwen-markdown-strong\"><span class=\"qwen-markdown-text\">Isolamento acustico migliorato<\/span><\/strong><span class=\"qwen-markdown-text\">: Investire in trattamenti acustici aggiuntivi per le stanze che si affacciano su strade trafficate<\/span><\/li><li><strong class=\"qwen-markdown-strong\"><span class=\"qwen-markdown-text\">Ottimizzazione del controllo climatico<\/span><\/strong><span class=\"qwen-markdown-text\">: Aggiornamento dei sistemi HVAC nelle categorie di stanze senza finestre per un comfort costante<\/span><\/li><li><strong class=\"qwen-markdown-strong\"><span class=\"qwen-markdown-text\">Politiche delle aree comuni<\/span><\/strong><span class=\"qwen-markdown-text\">: Rafforzare i protocolli antifumo negli spazi condivisi per garantire un ambiente fresco a tutti gli ospiti<\/span><\/li><\/ul><div class=\"qwen-markdown-space\">\u00a0<\/div><div class=\"qwen-markdown-paragraph\"><span class=\"qwen-markdown-text\">Consideriamo ogni suggerimento come un dono, un&#039;opportunit\u00e0 per perfezionare la nostra offerta e superare le aspettative. Il nostro team di gestione esamina il feedback settimanalmente, assicurandoci che le opinioni degli ospiti influenzino direttamente l&#039;evoluzione del nostro servizio.<\/span><\/div><div class=\"qwen-markdown-space\">\u00a0<\/div><h2 class=\"qwen-markdown-heading\"><span class=\"qwen-markdown-text\">Perch\u00e9 i viaggiatori scelgono il Treasury Hotel: il quadro generale<\/span><\/h2><div class=\"qwen-markdown-paragraph\"><span class=\"qwen-markdown-text\">Oltre alle singole recensioni, emergono modelli che definiscono la differenza del Treasury Hotel:<\/span><\/div><div class=\"qwen-markdown-space\">\u00a0<\/div><div class=\"qwen-markdown-paragraph\"><span class=\"qwen-markdown-text\">\u2705 <\/span><strong class=\"qwen-markdown-strong\"><span class=\"qwen-markdown-text\">Accessibilit\u00e0 strategica<\/span><\/strong><span class=\"qwen-markdown-text\">: Passeggia verso le icone di Shanghai o sali sulla metropolitana per esplorare l&#039;intera citt\u00e0<\/span><br \/><span class=\"qwen-markdown-text\">\u2705 <\/span><strong class=\"qwen-markdown-strong\"><span class=\"qwen-markdown-text\">Comfort intelligente<\/span><\/strong><span class=\"qwen-markdown-text\">: Tecnologia che semplifica il tuo soggiorno senza complicare l&#039;esperienza<\/span><br \/><span class=\"qwen-markdown-text\">\u2705 <\/span><strong class=\"qwen-markdown-strong\"><span class=\"qwen-markdown-text\">Ospitalit\u00e0 autentica<\/span><\/strong><span class=\"qwen-markdown-text\">: Personale che tratta gli ospiti come individui, non come numeri di stanza<\/span><br \/><span class=\"qwen-markdown-text\">\u2705 <\/span><strong class=\"qwen-markdown-strong\"><span class=\"qwen-markdown-text\">Lusso basato sul valore<\/span><\/strong><span class=\"qwen-markdown-text\">: Servizi premium a prezzi competitivi nel quartiere pi\u00f9 ambito di Shanghai<\/span><br \/><span class=\"qwen-markdown-text\">\u2705 <\/span><strong class=\"qwen-markdown-strong\"><span class=\"qwen-markdown-text\">Miglioramento continuo<\/span><\/strong><span class=\"qwen-markdown-text\">: Una cultura che ascolta, impara e si evolve sulla base del contributo reale degli ospiti<\/span><\/div><div class=\"qwen-markdown-space\">\u00a0<\/div><h2 class=\"qwen-markdown-heading\"><span class=\"qwen-markdown-text\">Unisciti a migliaia di ospiti soddisfatti: prenota il tuo soggiorno oggi stesso<\/span><\/h2><div class=\"qwen-markdown-paragraph\"><span class=\"qwen-markdown-text\">IL <\/span><strong class=\"qwen-markdown-strong\"><span class=\"qwen-markdown-text\">Piazza del Popolo di Shanghai, Nanjing East Road, strada pedonale, Treasury Hotel<\/span><\/strong><span class=\"qwen-markdown-text\"> Non solo abbiamo ottime recensioni, ma siamo anche approvati dai nostri ospiti. Ogni recensione con punteggio 9,5\/10 rappresenta un viaggiatore che ha scoperto comfort, praticit\u00e0 e attenzione nel cuore del distretto di Huangpu.<\/span><\/div><div class=\"qwen-markdown-space\">\u00a0<\/div><div class=\"qwen-markdown-paragraph\"><span class=\"qwen-markdown-text\">Che siate in visita a Shanghai per affari, cultura, shopping o avventure in famiglia, affidatevi alla nostra comprovata esperienza per scegliere con sicurezza il vostro alloggio. Con oltre 6.200 recensioni a conferma della nostra qualit\u00e0, il vostro prossimo soggiorno eccezionale vi aspetta presso <\/span><strong class=\"qwen-markdown-strong\"><span class=\"qwen-markdown-text\">No. 678 Hankou Road<\/span><\/strong><span class=\"qwen-markdown-text\">.<\/span><\/div><div class=\"qwen-markdown-space\">\u00a0<\/div><div class=\"qwen-markdown-paragraph\"><strong class=\"qwen-markdown-strong\"><span class=\"qwen-markdown-text\">Prenota la tua camera oggi<\/span><\/strong><span class=\"qwen-markdown-text\"> ed entra a far parte della nostra crescente comunit\u00e0 di ospiti entusiasti. Scopri in prima persona perch\u00e9 i viaggiatori di tutto il mondo scelgono il Treasury Hotel per il loro viaggio a Shanghai.<\/span><\/div>\t\t\t\t\t\t\t\t<\/div>\n\t\t\t\t\t<\/div>\n\t\t\t\t<\/div>\n\t\t\t\t<\/div>","protected":false},"excerpt":{"rendered":"<p>Guest Voices: Authentic Customer Experiences at Shanghai People&#8217;s Square Nanjing East Road Pedestrian Street Treasury Hotel Discover Why Over 6,200 Travelers Rate Us 9.5\/10 Outstanding When choosing accommodation in one of the world&#8217;s most dynamic cities, real guest experiences matter most. At the Shanghai People&#8217;s Square Nanjing East Road Pedestrian Street Treasury Hotel, located at [&hellip;]<\/p>\n","protected":false},"author":1,"featured_media":0,"parent":0,"menu_order":0,"comment_status":"closed","ping_status":"closed","template":"","meta":{"footnotes":""},"class_list":["post-2106","page","type-page","status-publish","hentry","post-no-thumbnail"],"_links":{"self":[{"href":"https:\/\/treasuryhotelshanghai.com\/it\/wp-json\/wp\/v2\/pages\/2106","targetHints":{"allow":["GET"]}}],"collection":[{"href":"https:\/\/treasuryhotelshanghai.com\/it\/wp-json\/wp\/v2\/pages"}],"about":[{"href":"https:\/\/treasuryhotelshanghai.com\/it\/wp-json\/wp\/v2\/types\/page"}],"author":[{"embeddable":true,"href":"https:\/\/treasuryhotelshanghai.com\/it\/wp-json\/wp\/v2\/users\/1"}],"replies":[{"embeddable":true,"href":"https:\/\/treasuryhotelshanghai.com\/it\/wp-json\/wp\/v2\/comments?post=2106"}],"version-history":[{"count":0,"href":"https:\/\/treasuryhotelshanghai.com\/it\/wp-json\/wp\/v2\/pages\/2106\/revisions"}],"wp:attachment":[{"href":"https:\/\/treasuryhotelshanghai.com\/it\/wp-json\/wp\/v2\/media?parent=2106"}],"curies":[{"name":"wp","href":"https:\/\/api.w.org\/{rel}","templated":true}]}}