{"id":2104,"date":"2021-03-23T09:33:48","date_gmt":"2021-03-23T09:33:48","guid":{"rendered":"http:\/\/localhost\/nuss\/?page_id=167"},"modified":"2026-03-02T14:53:55","modified_gmt":"2026-03-02T14:53:55","slug":"la-nostra-storia","status":"publish","type":"page","link":"https:\/\/treasuryhotelshanghai.com\/it\/our-story\/","title":{"rendered":"La nostra storia"},"content":{"rendered":"<div data-elementor-type=\"wp-page\" data-elementor-id=\"2104\" class=\"elementor elementor-2104\">\n\t\t\t\t\t\t<section class=\"elementor-section elementor-top-section elementor-element elementor-element-8f5bb9d elementor-section-boxed elementor-section-gap-beside-yes elementor-section-height-default elementor-section-height-default elementor-section-column-vertical-align-stretch\" data-id=\"8f5bb9d\" data-element_type=\"section\" data-e-type=\"section\">\n\t\t\t\t\t\t<div class=\"elementor-container elementor-column-gap-extended\">\n\t\t\t\t\t<div class=\"elementor-column elementor-col-100 elementor-top-column elementor-element elementor-element-7ec4215\" data-id=\"7ec4215\" data-element_type=\"column\" data-e-type=\"column\">\n\t\t\t<div class=\"elementor-widget-wrap elementor-element-populated\">\n\t\t\t\t\t\t<div class=\"elementor-element elementor-element-edd9d03 elementor-widget__width-initial elementor-invisible elementor-widget elementor-widget-text-editor\" data-id=\"edd9d03\" data-element_type=\"widget\" data-e-type=\"widget\" data-settings=\"{&quot;_animation&quot;:&quot;nussFadeInUp&quot;}\" data-widget_type=\"text-editor.default\">\n\t\t\t\t\t\t\t\t\tLa nostra storia: la genesi di Piazza del Popolo di Shanghai Nanjing East Road Pedestrian Street Treasury Hotel\t\t\t\t\t\t\t\t<\/div>\n\t\t\t\t\t<\/div>\n\t\t<\/div>\n\t\t\t\t\t<\/div>\n\t\t<\/section>\n\t\t<div class=\"elementor-element elementor-element-de10d36 e-flex e-con-boxed e-con e-parent\" data-id=\"de10d36\" data-element_type=\"container\" data-e-type=\"container\">\n\t\t\t\t\t<div class=\"e-con-inner\">\n\t\t\t\t<div class=\"elementor-element elementor-element-62e68b7 elementor-widget elementor-widget-text-editor\" data-id=\"62e68b7\" data-element_type=\"widget\" data-e-type=\"widget\" data-widget_type=\"text-editor.default\">\n\t\t\t\t\t\t\t\t\t<h2 class=\"qwen-markdown-heading\"><span class=\"qwen-markdown-text\">Dove l&#039;eleganza parigina incontra l&#039;anima di Shanghai<\/span><\/h2><div class=\"qwen-markdown-paragraph\"><span class=\"qwen-markdown-text\">A <\/span><strong class=\"qwen-markdown-strong\"><span class=\"qwen-markdown-text\">No. 678 Hankou Road, distretto di Huangpu, Shanghai, Cina<\/span><\/strong><span class=\"qwen-markdown-text\">, un nuovo capitolo nell&#039;ospitalit\u00e0 \u00e8 iniziato nel 2024. Il <\/span><strong class=\"qwen-markdown-strong\"><span class=\"qwen-markdown-text\">Piazza del Popolo di Shanghai, Nanjing East Road, strada pedonale, Treasury Hotel<\/span><\/strong><span class=\"qwen-markdown-text\"> nasce da una visione semplice ma profonda: creare un santuario in cui il romanticismo senza tempo del design francese si armonizza con la vibrante energia della moderna Shanghai, offrendo ai viaggiatori non solo un posto dove dormire, ma un luogo a cui appartenere.<\/span><\/div><div class=\"qwen-markdown-space\">\u00a0<\/div><div class=\"qwen-markdown-paragraph\"><span class=\"qwen-markdown-text\">La nostra storia non \u00e8 fatta solo di mattoni, malta e marmo: \u00e8 fatta di persone, passione e ricerca di esperienze eccezionali.<\/span><\/div><div class=\"qwen-markdown-space\">\u00a0<\/div><div class=\"qwen-markdown-hr\"><hr \/><\/div><div class=\"qwen-markdown-space\">\u00a0<\/div><h2 class=\"qwen-markdown-heading\"><span class=\"qwen-markdown-text\">L&#039;ispirazione: un nome che racchiude un significato<\/span><\/h2><div class=\"qwen-markdown-paragraph\"><span class=\"qwen-markdown-text\">Perch\u00e9 \u201cTesoro\u201d? <\/span><\/div><div class=\"qwen-markdown-space\">\u00a0<\/div><div class=\"qwen-markdown-paragraph\"><span class=\"qwen-markdown-text\">Per noi, un tesoro \u00e8 pi\u00f9 di un semplice caveau di oggetti di valore: \u00e8 una collezione curata di momenti preziosi, legami autentici e scoperte indimenticabili. Quando i nostri fondatori hanno immaginato questo hotel, si sono chiesti: <\/span><em><span class=\"qwen-markdown-text\">Cosa succederebbe se ogni ospite potesse avere la sensazione di aver scoperto un tesoro nascosto nel cuore di Shanghai?<\/span><\/em><\/div><div class=\"qwen-markdown-space\">\u00a0<\/div><div class=\"qwen-markdown-paragraph\"><span class=\"qwen-markdown-text\">Quella domanda \u00e8 diventata la nostra bussola. <\/span><\/div><div class=\"qwen-markdown-space\">\u00a0<\/div><div class=\"qwen-markdown-paragraph\"><span class=\"qwen-markdown-text\">Ci siamo prefissati di costruire un hotel che tenga in considerazione:<\/span><\/div><ul class=\"qwen-markdown-list\" dir=\"auto\"><li><strong class=\"qwen-markdown-strong\"><span class=\"qwen-markdown-text\">Il tempo dell&#039;ospite<\/span><\/strong><span class=\"qwen-markdown-text\">: Posizionandoti a pochi passi dalla stazione della metropolitana di People&#039;s Square (230 m), dalla via pedonale Nanjing East Road (300 m) e dal Bund (1,4 km), ti restituiamo il bene pi\u00f9 prezioso di tutti: tempo per esplorare, per connetterti, semplicemente per essere.<\/span><\/li><li><strong class=\"qwen-markdown-strong\"><span class=\"qwen-markdown-text\">L&#039;arte del riposo<\/span><\/strong><span class=\"qwen-markdown-text\">: Investendo nei materassi memory foam Plante &amp; King Koil di alta qualit\u00e0, nel design fonoassorbente e nei sistemi di controllo intelligenti della stanza, consideriamo il tuo benessere il fondamento di ogni grande viaggio.<\/span><\/li><li><strong class=\"qwen-markdown-strong\"><span class=\"qwen-markdown-text\">Dialogo culturale<\/span><\/strong><span class=\"qwen-markdown-text\">:Unendo interni luminosi e lussuosi in stile francese alla calda e attenta ospitalit\u00e0 cinese, creiamo uno spazio in cui Oriente e Occidente dialogano con eleganza.<\/span><\/li><\/ul><div class=\"qwen-markdown-space\">\u00a0<\/div><div class=\"qwen-markdown-hr\"><hr \/><\/div><div class=\"qwen-markdown-space\">\u00a0<\/div><h2 class=\"qwen-markdown-heading\"><span class=\"qwen-markdown-text\">Il posto: radicato nel cuore pulsante di Shanghai<\/span><\/h2><div class=\"qwen-markdown-paragraph\"><span class=\"qwen-markdown-text\">Il distretto di Huangpu \u00e8 l&#039;anima storica di Shanghai e il suo dinamico presente si intrecciano. \u00c8 qui che l&#039;architettura coloniale sussurra storie del passato, mentre i grattacieli illuminati al neon pulsano di possibilit\u00e0 future. Scegliendo <\/span><strong class=\"qwen-markdown-strong\"><span class=\"qwen-markdown-text\">No. 678 Hankou Road<\/span><\/strong><span class=\"qwen-markdown-text\"> Come se fosse la nostra casa, \u00e8 stato voluto. Questa posizione colloca i nostri ospiti al centro di tutto ci\u00f2 che rende Shanghai straordinaria:<\/span><\/div><div class=\"qwen-markdown-space\">\u00a0<\/div><ul class=\"qwen-markdown-list\" dir=\"auto\"><li><strong class=\"qwen-markdown-strong\"><span class=\"qwen-markdown-text\">Cultura<\/span><\/strong><span class=\"qwen-markdown-text\">: Passeggia fino al Museo di Shanghai, al Grand Theatre e al Giardino Yu per immergerti in millenni di arte e tradizione.<\/span><\/li><li><strong class=\"qwen-markdown-strong\"><span class=\"qwen-markdown-text\">Commercio<\/span><\/strong><span class=\"qwen-markdown-text\">: Percorri Nanjing East Road, la via dello shopping pi\u00f9 famosa della Cina, oppure raggiungi le torri finanziarie di Lujiazui tramite le linee 1, 2 e 8 della metropolitana, il tutto in pochi minuti.<\/span><\/li><li><strong class=\"qwen-markdown-strong\"><span class=\"qwen-markdown-text\">Cucina<\/span><\/strong><span class=\"qwen-markdown-text\">:Dai xiaolongbao in strada ai ristoranti raffinati stellati Michelin, l&#039;universo culinario di Shanghai si dispiega fuori dalla nostra porta.<\/span><\/li><li><strong class=\"qwen-markdown-strong\"><span class=\"qwen-markdown-text\">Connessione<\/span><\/strong><span class=\"qwen-markdown-text\">: Che tu sia qui per lavoro, per la famiglia o per un&#039;avventura da solo, la nostra posizione centrale ti garantisce di non essere mai lontano da ci\u00f2 che pi\u00f9 conta per te.<\/span><\/li><\/ul><div class=\"qwen-markdown-space\">\u00a0<\/div><div class=\"qwen-markdown-paragraph\"><span class=\"qwen-markdown-text\">Non abbiamo solo costruito un hotel a Shanghai: ci siamo immersi nel suo ritmo, affinch\u00e9 la tua esperienza sia autenticamente locale e al tempo stesso confortevole.<\/span><\/div><div class=\"qwen-markdown-space\">\u00a0<\/div><div class=\"qwen-markdown-hr\"><hr \/><\/div><div class=\"qwen-markdown-space\">\u00a0<\/div><h2 class=\"qwen-markdown-heading\"><span class=\"qwen-markdown-text\">Il design: romanticismo francese, rivisitato per i viaggiatori moderni<\/span><\/h2><div class=\"qwen-markdown-paragraph\"><span class=\"qwen-markdown-text\">Varcate le nostre porte e vi troverete in un mondo in cui toni neutri e tenui, modanature delicate e opere d&#039;arte accuratamente selezionate evocano gli eleganti appartamenti della Rive Gauche di Parigi. Eppure, questa non \u00e8 una replica, \u00e8 una reinterpretazione.<\/span><\/div><div class=\"qwen-markdown-space\">\u00a0<\/div><div class=\"qwen-markdown-paragraph\"><span class=\"qwen-markdown-text\">La nostra filosofia progettuale si basa su tre pilastri:<\/span><\/div><div class=\"qwen-markdown-space\">\u00a0<\/div><ol class=\"qwen-markdown-list\" dir=\"auto\" start=\"1\"><li><strong class=\"qwen-markdown-strong\"><span class=\"qwen-markdown-text\">Leggerezza<\/span><\/strong><span class=\"qwen-markdown-text\">: L&#039;ampia luce naturale, le ariose palette di colori e gli spazi ordinati creano un&#039;atmosfera serena che controbilancia la vibrante intensit\u00e0 della citt\u00e0.<\/span><\/li><li><strong class=\"qwen-markdown-strong\"><span class=\"qwen-markdown-text\">Intelligenza<\/span><\/strong><span class=\"qwen-markdown-text\">: Ognuna delle nostre 133 camere \u00e8 dotata di sistemi di controllo intelligenti per gli ospiti, che consentono di personalizzare l&#039;illuminazione, la temperatura e l&#039;intrattenimento con una tecnologia intuitiva che serve, non complica.<\/span><\/li><li><strong class=\"qwen-markdown-strong\"><span class=\"qwen-markdown-text\">Comfort<\/span><\/strong><span class=\"qwen-markdown-text\">: Dalla biancheria da letto di alta qualit\u00e0 ai bagni arredati con cura, ogni dettaglio \u00e8 scelto per trasformare la tua camera in un rifugio urbano rigenerante.<\/span><\/li><\/ol><div class=\"qwen-markdown-space\">\u00a0<\/div><div class=\"qwen-markdown-paragraph\"><span class=\"qwen-markdown-text\">Il risultato \u00e8 uno spazio che appare al tempo stesso elevato e accessibile: un lusso che accoglie anzich\u00e9 intimidire.<\/span><\/div><div class=\"qwen-markdown-space\">\u00a0<\/div><div class=\"qwen-markdown-hr\"><hr \/><\/div><div class=\"qwen-markdown-space\">\u00a0<\/div><h2 class=\"qwen-markdown-heading\"><span class=\"qwen-markdown-text\">Le persone: l&#039;ospitalit\u00e0 come pratica sentita<\/span><\/h2><div class=\"qwen-markdown-paragraph\"><span class=\"qwen-markdown-text\">Un hotel \u00e8 straordinario quanto le persone che lo animano. Il nostro team \u00e8 un mix eterogeneo di persone del posto e professionisti dell&#039;ospitalit\u00e0 di Shanghai, uniti da una convinzione comune: un servizio genuino \u00e8 una forma d&#039;arte.<\/span><\/div><div class=\"qwen-markdown-space\">\u00a0<\/div><ul class=\"qwen-markdown-list\" dir=\"auto\"><li><strong class=\"qwen-markdown-strong\"><span class=\"qwen-markdown-text\">Assistenza multilingue<\/span><\/strong><span class=\"qwen-markdown-text\">: I nostri addetti alla reception e al concierge parlano fluentemente inglese e cinese, garantendo una comunicazione impeccabile ai viaggiatori di tutto il mondo.<\/span><\/li><li><strong class=\"qwen-markdown-strong\"><span class=\"qwen-markdown-text\">Servizio anticipatorio<\/span><\/strong><span class=\"qwen-markdown-text\">: Addestriamo il nostro personale a notare le piccole cose (la preferenza di un ospite per dei cuscini in pi\u00f9, la necessit\u00e0 di un viaggiatore d&#039;affari di prendere un caff\u00e8 presto, la richiesta di una famiglia di consigli sulle attivit\u00e0 locali) e ad agire prima che venga chiesto.<\/span><\/li><li><strong class=\"qwen-markdown-strong\"><span class=\"qwen-markdown-text\">Competenza locale<\/span><\/strong><span class=\"qwen-markdown-text\">: Nati e cresciuti a Shanghai, molti membri del nostro team condividono conoscenze privilegiate che trasformano un itinerario standard in un&#039;avventura personalizzata.<\/span><\/li><\/ul><div class=\"qwen-markdown-space\">\u00a0<\/div><div class=\"qwen-markdown-paragraph\"><span class=\"qwen-markdown-text\">Quando gli ospiti descrivono il nostro servizio come &quot;caloroso&quot;, &quot;attento&quot; o &quot;superiore&quot;, riconoscono il cuore umano che sta dietro alle nostre attivit\u00e0. Questo riconoscimento, che si riflette nel nostro <\/span><strong class=\"qwen-markdown-strong\"><span class=\"qwen-markdown-text\">Valutazione 9,5\/10 da oltre 6.200 recensioni di viaggiatori<\/span><\/strong><span class=\"qwen-markdown-text\">\u2014\u00e8 la nostra pi\u00f9 grande ricompensa.<\/span><\/div><div class=\"qwen-markdown-space\">\u00a0<\/div><div class=\"qwen-markdown-hr\"><hr \/><\/div><div class=\"qwen-markdown-space\">\u00a0<\/div><h2 class=\"qwen-markdown-heading\"><span class=\"qwen-markdown-text\">L&#039;innovazione: la tradizione incontra il futuro<\/span><\/h2><div class=\"qwen-markdown-paragraph\"><span class=\"qwen-markdown-text\">Pur onorando i valori senza tempo dell&#039;ospitalit\u00e0, abbracciamo l&#039;innovazione che migliora l&#039;esperienza degli ospiti:<\/span><\/div><div class=\"qwen-markdown-space\">\u00a0<\/div><ul class=\"qwen-markdown-list\" dir=\"auto\"><li><strong class=\"qwen-markdown-strong\"><span class=\"qwen-markdown-text\">Tecnologia per stanze intelligenti<\/span><\/strong><span class=\"qwen-markdown-text\">: Controlla il tuo ambiente senza sforzo tramite pannelli intuitivi o comandi vocali, creando l&#039;atmosfera ideale per lavorare, riposare o rilassarti.<\/span><\/li><li><strong class=\"qwen-markdown-strong\"><span class=\"qwen-markdown-text\">Robot di servizio<\/span><\/strong><span class=\"qwen-markdown-text\">: I nostri robot per la consegna del cibo portano pasti e altri comfort direttamente a casa tua: un tocco di praticit\u00e0 futuristica che riduce al minimo il contatto e massimizza il comfort.<\/span><\/li><li><strong class=\"qwen-markdown-strong\"><span class=\"qwen-markdown-text\">Pratiche sostenibili<\/span><\/strong><span class=\"qwen-markdown-text\">: Dall&#039;illuminazione a risparmio energetico alle iniziative di riduzione dei rifiuti, ci impegniamo a ridurre il nostro impatto ambientale mantenendo standard eccezionali.<\/span><\/li><\/ul><div class=\"qwen-markdown-space\">\u00a0<\/div><div class=\"qwen-markdown-paragraph\"><span class=\"qwen-markdown-text\">Crediamo che la tecnologia debba essere al servizio dell&#039;umanit\u00e0, non sostituirla. Ecco perch\u00e9 ogni innovazione al Treasury Hotel \u00e8 progettata per consentire al nostro team di concentrarsi su ci\u00f2 che le macchine non possono: empatia, intuizione e una vera connessione umana.<\/span><\/div><div class=\"qwen-markdown-space\">\u00a0<\/div><div class=\"qwen-markdown-hr\"><hr \/><\/div><div class=\"qwen-markdown-space\">\u00a0<\/div><h2 class=\"qwen-markdown-heading\"><span class=\"qwen-markdown-text\">La promessa: la tua storia, elevata<\/span><\/h2><div class=\"qwen-markdown-paragraph\"><span class=\"qwen-markdown-text\">Ogni ospite che varca la nostra soglia porta con s\u00e9 una storia: un affare in divenire, una riunione di famiglia attesa da tempo, un viaggio in solitaria alla scoperta di s\u00e9. Il nostro ruolo non \u00e8 quello di sovrascrivere la vostra narrazione, ma di arricchirla.<\/span><\/div><div class=\"qwen-markdown-space\">\u00a0<\/div><div class=\"qwen-markdown-paragraph\"><span class=\"qwen-markdown-text\">Ci impegniamo a fornire:<\/span><\/div><ul class=\"qwen-markdown-list\" dir=\"auto\"><li><strong class=\"qwen-markdown-strong\"><span class=\"qwen-markdown-text\">Un arrivo senza intoppi<\/span><\/strong><span class=\"qwen-markdown-text\">: Check-in veloce, indicazioni chiare e un sorriso accogliente per iniziare il tuo soggiorno con il piede giusto.<\/span><\/li><li><strong class=\"qwen-markdown-strong\"><span class=\"qwen-markdown-text\">Un santuario ristoratore<\/span><\/strong><span class=\"qwen-markdown-text\">: Una stanza progettata per un sonno profondo, un lavoro produttivo e una riflessione tranquilla.<\/span><\/li><li><strong class=\"qwen-markdown-strong\"><span class=\"qwen-markdown-text\">Una rampa di lancio per la scoperta<\/span><\/strong><span class=\"qwen-markdown-text\">: Approfondimenti locali, assistenza per i trasporti e posizione strategica per aiutarti a vivere Shanghai con sicurezza e gioia.<\/span><\/li><li><strong class=\"qwen-markdown-strong\"><span class=\"qwen-markdown-text\">Un addio memorabile<\/span><\/strong><span class=\"qwen-markdown-text\">: Check-out attento, assistenza per il proseguimento del viaggio e la sincera speranza che tornerai.<\/span><\/li><\/ul><div class=\"qwen-markdown-space\">\u00a0<\/div><div class=\"qwen-markdown-hr\"><hr \/><\/div><div class=\"qwen-markdown-space\">\u00a0<\/div><h2 class=\"qwen-markdown-heading\"><span class=\"qwen-markdown-text\">Guardando avanti: crescere con uno scopo<\/span><\/h2><div class=\"qwen-markdown-paragraph\"><span class=\"qwen-markdown-text\">Dall&#039;apertura nel 2024, la risposta dei viaggiatori \u00e8 stata umiliante e stimolante. <\/span><strong class=\"qwen-markdown-strong\"><span class=\"qwen-markdown-text\">Valutazione degli ospiti 9,5\/10<\/span><\/strong><span class=\"qwen-markdown-text\">, <\/span><strong class=\"qwen-markdown-strong\"><span class=\"qwen-markdown-text\">52 recensioni positive consecutive<\/span><\/strong><span class=\"qwen-markdown-text\">, e migliaia di sentite testimonianze alimentano il nostro impegno verso il miglioramento continuo.<\/span><\/div><div class=\"qwen-markdown-space\">\u00a0<\/div><div class=\"qwen-markdown-paragraph\"><span class=\"qwen-markdown-text\">Ascoltiamo. Impariamo. Evolviamo.<\/span><\/div><div class=\"qwen-markdown-space\">\u00a0<\/div><div class=\"qwen-markdown-paragraph\"><span class=\"qwen-markdown-text\">I suggerimenti degli ospiti sull&#039;insonorizzazione, la climatizzazione e le policy delle aree comuni non sono critiche, ma inviti a migliorare. Il nostro team di gestione esamina i feedback settimanalmente, assicurandosi che il Treasury Hotel di domani sia ancora pi\u00f9 in sintonia con le esigenze dei nostri ospiti rispetto a oggi.<\/span><\/div><div class=\"qwen-markdown-space\">\u00a0<\/div><div class=\"qwen-markdown-hr\"><hr \/><\/div><div class=\"qwen-markdown-space\">\u00a0<\/div><h2 class=\"qwen-markdown-heading\"><span class=\"qwen-markdown-text\">Unisciti alla nostra storia<\/span><\/h2><div class=\"qwen-markdown-paragraph\"><span class=\"qwen-markdown-text\">Lo Shanghai People&#039;s Square Nanjing East Road Pedestrian Street Treasury Hotel \u00e8 pi\u00f9 di una semplice destinazione: \u00e8 una storia vivente scritta da ogni ospite che soggiorna, da ogni membro del team che presta servizio e da ogni momento di connessione che si sviluppa tra le nostre mura.<\/span><\/div><div class=\"qwen-markdown-space\">\u00a0<\/div><div class=\"qwen-markdown-paragraph\"><span class=\"qwen-markdown-text\">Vi invitiamo a far parte di questa storia. Che siate in visita a Shanghai per la prima volta o che stiate tornando in una citt\u00e0 che amate, lasciate che vi offriamo il comfort, la praticit\u00e0 e l&#039;attenzione che trasformeranno un semplice soggiorno in un ricordo prezioso.<\/span><\/div><div class=\"qwen-markdown-space\">\u00a0<\/div><div class=\"qwen-markdown-paragraph\" data-spm-anchor-id=\"a2ty_o01.29997173.0.i41.5c075171LDsXt3\"><strong class=\"qwen-markdown-strong\"><span class=\"qwen-markdown-text\">Il tuo capitolo ti aspetta al numero 678 di Hankou Road. Benvenuto a casa<\/span><\/strong><span class=\"qwen-markdown-text\">.<\/span><\/div>\t\t\t\t\t\t\t\t<\/div>\n\t\t\t\t\t<\/div>\n\t\t\t\t<\/div>\n\t\t\t\t<\/div>","protected":false},"excerpt":{"rendered":"<p>Our Story: The Genesis of Shanghai People&#8217;s Square Nanjing East Road Pedestrian Street Treasury Hotel Where Parisian Elegance Meets Shanghai Soul At No. 678 Hankou Road, Huangpu District, Shanghai, China, a new chapter in hospitality began in 2024. The Shanghai People&#8217;s Square Nanjing East Road Pedestrian Street Treasury Hotel was born from a simple yet [&hellip;]<\/p>\n","protected":false},"author":1,"featured_media":0,"parent":0,"menu_order":0,"comment_status":"closed","ping_status":"closed","template":"elementor_header_footer","meta":{"footnotes":""},"class_list":["post-2104","page","type-page","status-publish","hentry","post-no-thumbnail"],"_links":{"self":[{"href":"https:\/\/treasuryhotelshanghai.com\/it\/wp-json\/wp\/v2\/pages\/2104","targetHints":{"allow":["GET"]}}],"collection":[{"href":"https:\/\/treasuryhotelshanghai.com\/it\/wp-json\/wp\/v2\/pages"}],"about":[{"href":"https:\/\/treasuryhotelshanghai.com\/it\/wp-json\/wp\/v2\/types\/page"}],"author":[{"embeddable":true,"href":"https:\/\/treasuryhotelshanghai.com\/it\/wp-json\/wp\/v2\/users\/1"}],"replies":[{"embeddable":true,"href":"https:\/\/treasuryhotelshanghai.com\/it\/wp-json\/wp\/v2\/comments?post=2104"}],"version-history":[{"count":0,"href":"https:\/\/treasuryhotelshanghai.com\/it\/wp-json\/wp\/v2\/pages\/2104\/revisions"}],"wp:attachment":[{"href":"https:\/\/treasuryhotelshanghai.com\/it\/wp-json\/wp\/v2\/media?parent=2104"}],"curies":[{"name":"wp","href":"https:\/\/api.w.org\/{rel}","templated":true}]}}