{"id":612,"date":"2021-03-26T10:04:13","date_gmt":"2021-03-26T10:04:13","guid":{"rendered":"http:\/\/localhost\/nuss\/?page_id=612"},"modified":"2026-03-02T14:53:00","modified_gmt":"2026-03-02T14:53:00","slug":"restaurant","status":"publish","type":"page","link":"https:\/\/treasuryhotelshanghai.com\/fr\/restaurant\/","title":{"rendered":"Restaurant"},"content":{"rendered":"<div data-elementor-type=\"wp-page\" data-elementor-id=\"612\" class=\"elementor elementor-612\">\n\t\t\t\t\t\t<section class=\"elementor-section elementor-top-section elementor-element elementor-element-e2effe8 elementor-section-boxed elementor-section-gap-beside-yes elementor-section-height-default elementor-section-height-default elementor-section-column-vertical-align-stretch\" data-id=\"e2effe8\" data-element_type=\"section\" data-e-type=\"section\">\n\t\t\t\t\t\t<div class=\"elementor-container elementor-column-gap-extended\">\n\t\t\t\t\t<div class=\"elementor-column elementor-col-100 elementor-top-column elementor-element elementor-element-e18f688\" data-id=\"e18f688\" data-element_type=\"column\" data-e-type=\"column\">\n\t\t\t<div class=\"elementor-widget-wrap elementor-element-populated\">\n\t\t\t\t\t\t<div class=\"elementor-element elementor-element-6db146d elementor-widget__width-initial elementor-invisible elementor-widget elementor-widget-text-editor\" data-id=\"6db146d\" data-element_type=\"widget\" data-e-type=\"widget\" data-settings=\"{&quot;_animation&quot;:&quot;nussFadeInUp&quot;}\" data-widget_type=\"text-editor.default\">\n\t\t\t\t\t\t\t\t\tExcellence culinaire et exp\u00e9riences gastronomiques \u00e0 Shanghai People&#039;s Square, rue pi\u00e9tonne Nanjing East Road, Treasury Hotel\t\t\t\t\t\t\t\t<\/div>\n\t\t\t\t\t<\/div>\n\t\t<\/div>\n\t\t\t\t\t<\/div>\n\t\t<\/section>\n\t\t<div class=\"elementor-element elementor-element-0cd6624 e-flex e-con-boxed e-con e-parent\" data-id=\"0cd6624\" data-element_type=\"container\" data-e-type=\"container\">\n\t\t\t\t\t<div class=\"e-con-inner\">\n\t\t\t\t<div class=\"elementor-element elementor-element-bea3ee6 elementor-widget elementor-widget-nuss-image-gallery\" data-id=\"bea3ee6\" data-element_type=\"widget\" data-e-type=\"widget\" data-widget_type=\"nuss-image-gallery.default\">\n\t\t\t\t<div class=\"elementor-widget-container\">\n\t\t\t\t\t\t\t<div class=\"nuss-grid-wrapper\" data-grid=\"{&quot;type&quot;:&quot;grid&quot;,&quot;ratio&quot;:null,&quot;columns&quot;:3,&quot;gutter&quot;:30}\">\r\n\t\t\t<div class=\"nuss-grid lazy-grid\">\r\n\t\t\t\t<div class=\"grid-sizer\"><\/div>\r\n\r\n\t\t\t\t\t\t\t\t\t\t\t\t<div class=\"grid-item\">\r\n\t\t\t\t\t\t<div class=\"nuss-box\">\t\t<div class=\"nuss-image image\">\r\n\t\t\t<img decoding=\"async\"  src=\"https:\/\/treasuryhotelshanghai.com\/wp-content\/uploads\/2026\/03\/Treasury-Hotel-Shanghai0021.webp\" alt=\"H\u00f4tel Treasury Shanghai0021\" \/>\t\t<\/div>\r\n\t\t\t\t<\/div>\t\t\t\t\t<\/div>\r\n\t\t\t\t\t\t<div class=\"grid-item\">\r\n\t\t\t\t\t\t<div class=\"nuss-box\">\t\t<div class=\"nuss-image image\">\r\n\t\t\t<img decoding=\"async\"  src=\"https:\/\/treasuryhotelshanghai.com\/wp-content\/uploads\/2026\/03\/Treasury-Hotel-Shanghai0003.webp\" alt=\"H\u00f4tel Treasury Shanghai0003\" \/>\t\t<\/div>\r\n\t\t\t\t<\/div>\t\t\t\t\t<\/div>\r\n\t\t\t\t\t\t<div class=\"grid-item\">\r\n\t\t\t\t\t\t<div class=\"nuss-box\">\t\t<div class=\"nuss-image image\">\r\n\t\t\t<img decoding=\"async\"  src=\"https:\/\/treasuryhotelshanghai.com\/wp-content\/uploads\/2026\/03\/Treasury-Hotel-Shanghai0005.webp\" alt=\"H\u00f4tel Treasury Shanghai0005\" \/>\t\t<\/div>\r\n\t\t\t\t<\/div>\t\t\t\t\t<\/div>\r\n\t\t\t\t\t\t<div class=\"grid-item\">\r\n\t\t\t\t\t\t<div class=\"nuss-box\">\t\t<div class=\"nuss-image image\">\r\n\t\t\t<img decoding=\"async\"  src=\"https:\/\/treasuryhotelshanghai.com\/wp-content\/uploads\/2026\/03\/Treasury-Hotel-Shanghai0004.webp\" alt=\"H\u00f4tel Treasury Shanghai0004\" \/>\t\t<\/div>\r\n\t\t\t\t<\/div>\t\t\t\t\t<\/div>\r\n\t\t\t\t\t\t<div class=\"grid-item\">\r\n\t\t\t\t\t\t<div class=\"nuss-box\">\t\t<div class=\"nuss-image image\">\r\n\t\t\t<img decoding=\"async\"  src=\"https:\/\/treasuryhotelshanghai.com\/wp-content\/uploads\/2026\/03\/Treasury-Hotel-Shanghai0006.webp\" alt=\"H\u00f4tel Treasury Shanghai0006\" \/>\t\t<\/div>\r\n\t\t\t\t<\/div>\t\t\t\t\t<\/div>\r\n\t\t\t\t\t\t<div class=\"grid-item\">\r\n\t\t\t\t\t\t<div class=\"nuss-box\">\t\t<div class=\"nuss-image image\">\r\n\t\t\t<img decoding=\"async\"  src=\"https:\/\/treasuryhotelshanghai.com\/wp-content\/uploads\/2026\/03\/Treasury-Hotel-Shanghai0019.webp\" alt=\"H\u00f4tel Treasury Shanghai0019\" \/>\t\t<\/div>\r\n\t\t\t\t<\/div>\t\t\t\t\t<\/div>\r\n\t\t\t\t\t\t\t\r\n\t\t\t<\/div>\r\n\t\t<\/div>\r\n\t\t\t\t\t\t<\/div>\n\t\t\t\t<\/div>\n\t\t\t\t\t<\/div>\n\t\t\t\t<\/div>\n\t\t<div class=\"elementor-element elementor-element-9e18c39 e-flex e-con-boxed e-con e-parent\" data-id=\"9e18c39\" data-element_type=\"container\" data-e-type=\"container\">\n\t\t\t\t\t<div class=\"e-con-inner\">\n\t\t\t\t<div class=\"elementor-element elementor-element-2d3b550 elementor-widget elementor-widget-text-editor\" data-id=\"2d3b550\" data-element_type=\"widget\" data-e-type=\"widget\" data-widget_type=\"text-editor.default\">\n\t\t\t\t\t\t\t\t\t<h2 class=\"qwen-markdown-heading\"><span class=\"qwen-markdown-text\" data-spm-anchor-id=\"a2ty_o01.29997173.0.i38.5c075171LDsXt3\">Savourez les d\u00e9lices de Shanghai au c\u0153ur du district de Huangpu<\/span><\/h2><div class=\"qwen-markdown-paragraph\"><span class=\"qwen-markdown-text\">Bienvenue dans une exp\u00e9rience culinaire qui incarne parfaitement l&#039;esprit de Shanghai\u00a0: un m\u00e9lange harmonieux de tradition orientale et de sophistication occidentale. <\/span><strong class=\"qwen-markdown-strong\"><span class=\"qwen-markdown-text\">Place du Peuple de Shanghai, rue pi\u00e9tonne de Nanjing Est, H\u00f4tel du Tr\u00e9sor<\/span><\/strong><span class=\"qwen-markdown-text\">, situ\u00e9 \u00e0 <\/span><strong class=\"qwen-markdown-strong\"><span class=\"qwen-markdown-text\">678, rue Hankou, district de Huangpu, Shanghai, Chine<\/span><\/strong><span class=\"qwen-markdown-text\">, Nous sommes convaincus qu&#039;une hospitalit\u00e9 d&#039;exception commence par une cuisine d&#039;exception. Nos offres culinaires sont con\u00e7ues pour nourrir vos d\u00e9couvertes, \u00e9veiller vos sens et vous faire d\u00e9couvrir la richesse gastronomique de l&#039;une des capitales mondiales de la gastronomie.<\/span><\/div><div class=\"qwen-markdown-space\">\u00a0<\/div><div class=\"qwen-markdown-paragraph\"><span class=\"qwen-markdown-text\">Que vous commenciez votre journ\u00e9e par un buffet tranquille avant une r\u00e9union au Centre des expositions de Shanghai, que vous savouriez une collation tardive livr\u00e9e par nos robots de service innovants ou que vous vous lanciez dans la d\u00e9couverte de la sc\u00e8ne culinaire anim\u00e9e de Nanjing Road, le Treasury Hotel fait en sorte que chaque repas soit un moment m\u00e9morable de votre voyage.<\/span><\/div><div class=\"qwen-markdown-space\">\u00a0<\/div><h2 class=\"qwen-markdown-heading\"><span class=\"qwen-markdown-text\">Le Treasure Breakfast Hall : un rituel matinal d&#039;excellence<\/span><\/h2><div class=\"qwen-markdown-paragraph\"><span class=\"qwen-markdown-text\">L&#039;\u00e9l\u00e9ment central de notre exp\u00e9rience de restauration interne est le <\/span><strong class=\"qwen-markdown-strong\"><span class=\"qwen-markdown-text\">\u73cd\u5b9d\u65e9\u9910\u5385 (Salle du petit-d\u00e9jeuner au tr\u00e9sor)<\/span><\/strong><span class=\"qwen-markdown-text\">. Con\u00e7ue dans le m\u00eame esprit lumineux et luxueux, typiquement fran\u00e7ais, que nos chambres, la salle de petit-d\u00e9jeuner offre une atmosph\u00e8re sereine et accueillante pour bien commencer la journ\u00e9e.<\/span><\/div><div class=\"qwen-markdown-space\">\u00a0<\/div><ul class=\"qwen-markdown-list\" dir=\"auto\"><li><strong class=\"qwen-markdown-strong\"><span class=\"qwen-markdown-text\">Horaires d&#039;ouverture :<\/span><\/strong><span class=\"qwen-markdown-text\"> Quotidiennement <\/span><strong class=\"qwen-markdown-strong\"><span class=\"qwen-markdown-text\">07:00 \u00e0 09:30<\/span><\/strong><span class=\"qwen-markdown-text\">, vous assurant ainsi suffisamment de temps pour savourer un repas copieux avant d&#039;entamer votre programme quotidien.<\/span><\/li><li><strong class=\"qwen-markdown-strong\"><span class=\"qwen-markdown-text\">Vari\u00e9t\u00e9 culinaire :<\/span><\/strong><span class=\"qwen-markdown-text\"> Notre copieux petit-d\u00e9jeuner buffet saura satisfaire tous les palais, avec une s\u00e9lection soign\u00e9e de plats et de mets d\u00e9licieux. <\/span><strong class=\"qwen-markdown-strong\"><span class=\"qwen-markdown-text\">Cuisines occidentale et chinoise<\/span><\/strong><span class=\"qwen-markdown-text\">. Attendez-vous \u00e0 un caf\u00e9 aromatique fra\u00eechement infus\u00e9, \u00e0 des viennoiseries feuillet\u00e9es et \u00e0 des \u0153ufs pr\u00e9par\u00e9s \u00e0 la demande, accompagn\u00e9s de bols fumants de nouilles shanghaiennes authentiques, de dim sum locaux et de congee.<\/span><\/li><li><strong class=\"qwen-markdown-strong\"><span class=\"qwen-markdown-text\">La fra\u00eecheur avant tout :<\/span><\/strong><span class=\"qwen-markdown-text\"> Notre \u00e9quipe culinaire privil\u00e9gie les ingr\u00e9dients frais et de haute qualit\u00e9, pr\u00e9par\u00e9s quotidiennement pour garantir un maximum de saveur et de valeur nutritive.<\/span><\/li><li><strong class=\"qwen-markdown-strong\"><span class=\"qwen-markdown-text\">Politique favorable aux familles\u00a0:<\/span><\/strong><span class=\"qwen-markdown-text\"> Nous pensons que les repas doivent \u00eatre inclusifs. <\/span><strong class=\"qwen-markdown-strong\"><span class=\"qwen-markdown-text\">Les enfants de moins de 1,2 m\u00e8tre mangent gratuitement<\/span><\/strong><span class=\"qwen-markdown-text\"> lorsqu&#039;ils sont accompagn\u00e9s d&#039;un adulte, ce qui fait de nous un choix de premier ordre pour les familles voyageant \u00e0 Shanghai.<\/span><\/li><\/ul><div class=\"qwen-markdown-space\">\u00a0<\/div><h2 class=\"qwen-markdown-heading\"><span class=\"qwen-markdown-text\">Technologie de restauration innovante : le service rencontre la commodit\u00e9<\/span><\/h2><div class=\"qwen-markdown-paragraph\"><span class=\"qwen-markdown-text\">\u00c0 l&#039;h\u00f4tel Treasury, nous utilisons la technologie pour am\u00e9liorer votre confort sans compromettre le contact humain. <\/span><strong class=\"qwen-markdown-strong\"><span class=\"qwen-markdown-text\">robots de livraison de nourriture<\/span><\/strong><span class=\"qwen-markdown-text\"> sont un atout majeur de notre mod\u00e8le de service, offrant une solution de restauration unique et pratique \u00e0 nos clients.<\/span><\/div><div class=\"qwen-markdown-space\">\u00a0<\/div><ul class=\"qwen-markdown-list\" dir=\"auto\"><li><strong class=\"qwen-markdown-strong\"><span class=\"qwen-markdown-text\">Livraison sans contact :<\/span><\/strong><span class=\"qwen-markdown-text\"> Envie d&#039;une petite faim tard le soir ou besoin de produits suppl\u00e9mentaires livr\u00e9s dans votre chambre\u00a0? Nos robots intelligents circulent efficacement dans les couloirs de l&#039;h\u00f4tel et vous apportent vos achats directement \u00e0 votre porte.<\/span><\/li><li><strong class=\"qwen-markdown-strong\"><span class=\"qwen-markdown-text\">Confort moderne :<\/span><\/strong><span class=\"qwen-markdown-text\"> Cette touche futuriste minimise les temps d&#039;attente et garantit l&#039;intimit\u00e9, vous permettant de profiter de vos repas ou de vos provisions dans le confort de votre chambre intelligente.<\/span><\/li><li><strong class=\"qwen-markdown-strong\"><span class=\"qwen-markdown-text\">S\u00fbr et hygi\u00e9nique :<\/span><\/strong><span class=\"qwen-markdown-text\"> Conform\u00e9ment aux normes sanitaires modernes, notre service robotis\u00e9 offre un niveau de s\u00e9curit\u00e9 et d&#039;hygi\u00e8ne suppl\u00e9mentaire pour toutes les interactions avec nos clients.<\/span><\/li><\/ul><div class=\"qwen-markdown-space\">\u00a0<\/div><h2 class=\"qwen-markdown-heading\"><span class=\"qwen-markdown-text\">Une porte d&#039;entr\u00e9e vers l&#039;\u00e9picentre culinaire de Shanghai<\/span><\/h2><div class=\"qwen-markdown-paragraph\"><span class=\"qwen-markdown-text\">Bien que nos options de restauration internes offrent confort et commodit\u00e9, s\u00e9journer \u00e0 <\/span><strong class=\"qwen-markdown-strong\"><span class=\"qwen-markdown-text\">678, rue Hankou<\/span><\/strong><span class=\"qwen-markdown-text\"> Vous serez au c\u0153ur de la sc\u00e8ne gastronomique l\u00e9gendaire de Shanghai. Le district de Huangpu est r\u00e9put\u00e9 pour sa forte concentration de restaurants renomm\u00e9s, de stands de street food et de restaurants historiques, tous accessibles \u00e0 pied depuis l&#039;h\u00f4tel.<\/span><\/div><div class=\"qwen-markdown-space\">\u00a0<\/div><ul class=\"qwen-markdown-list\" dir=\"auto\"><li><strong class=\"qwen-markdown-strong\"><span class=\"qwen-markdown-text\">Rue pi\u00e9tonne de Nanjing Est (300 m) :<\/span><\/strong><span class=\"qwen-markdown-text\"> \u00c0 quelques pas de l\u00e0, cette avenue anim\u00e9e regorge d&#039;innombrables restaurants, allant des petits plats locaux rapides aux cha\u00eenes internationales.<\/span><\/li><li><strong class=\"qwen-markdown-strong\"><span class=\"qwen-markdown-text\">Sp\u00e9cialit\u00e9s locales :<\/span><\/strong><span class=\"qwen-markdown-text\"> Les clients peuvent facilement acc\u00e9der \u00e0 des restaurants embl\u00e9matiques de Shanghai tels que <\/span><strong class=\"qwen-markdown-strong\"><span class=\"qwen-markdown-text\">WangBaoHe<\/span><\/strong><span class=\"qwen-markdown-text\"> et <\/span><strong class=\"qwen-markdown-strong\"><span class=\"qwen-markdown-text\">Lao Zheng Xing<\/span><\/strong><span class=\"qwen-markdown-text\">, c\u00e9l\u00e8bres pour leurs plats brais\u00e9s traditionnels et leurs saveurs locales authentiques.<\/span><\/li><li><strong class=\"qwen-markdown-strong\"><span class=\"qwen-markdown-text\">Le Bund et au-del\u00e0\u00a0:<\/span><\/strong><span class=\"qwen-markdown-text\"> Une courte promenade jusqu&#039;au Bund (1,4 km) r\u00e9v\u00e8le des restaurants gastronomiques haut de gamme avec des vues imprenables sur le fleuve Huangpu, parfaits pour des occasions sp\u00e9ciales ou des d\u00eeners d&#039;affaires.<\/span><\/li><li><strong class=\"qwen-markdown-strong\"><span class=\"qwen-markdown-text\">Recommandations du concierge\u00a0:<\/span><\/strong><span class=\"qwen-markdown-text\"> Notre \u00e9quipe multilingue \u00e0 la r\u00e9ception est impatiente de vous fournir des recommandations de restauration personnalis\u00e9es, de faire des r\u00e9servations ou de vous aider \u00e0 naviguer dans le menu local pour trouver le repas parfait selon vos go\u00fbts et votre budget.<\/span><\/li><\/ul><div class=\"qwen-markdown-space\">\u00a0<\/div><h2 class=\"qwen-markdown-heading\"><span class=\"qwen-markdown-text\">Adaptations alimentaires et demandes sp\u00e9ciales<\/span><\/h2><div class=\"qwen-markdown-paragraph\"><span class=\"qwen-markdown-text\">Nous savons que les voyageurs modernes ont des besoins alimentaires vari\u00e9s. Notre \u00e9quipe s&#039;engage \u00e0 ce que chaque client puisse d\u00eener en toute s\u00e9r\u00e9nit\u00e9.<\/span><\/div><div class=\"qwen-markdown-space\">\u00a0<\/div><ul class=\"qwen-markdown-list\" dir=\"auto\"><li><strong class=\"qwen-markdown-strong\"><span class=\"qwen-markdown-text\">Personnalisation\u00a0:<\/span><\/strong><span class=\"qwen-markdown-text\"> Bien que notre buffet propose un large choix, notre personnel se fera un plaisir de r\u00e9pondre \u00e0 toutes vos questions concernant les r\u00e9gimes alimentaires sp\u00e9cifiques et les ingr\u00e9dients.<\/span><\/li><li><strong class=\"qwen-markdown-strong\"><span class=\"qwen-markdown-text\">Sensibilisation aux allergies :<\/span><\/strong><span class=\"qwen-markdown-text\"> Veuillez informer notre \u00e9quipe de toute allergie ou restriction alimentaire lors de votre arriv\u00e9e ou avant votre repas, et nous ferons de notre mieux pour vous orienter vers des options s\u00fbres et d\u00e9licieuses.<\/span><\/li><li><strong class=\"qwen-markdown-strong\"><span class=\"qwen-markdown-text\">Alternatives aux repas en chambre\u00a0:<\/span><\/strong><span class=\"qwen-markdown-text\"> Pour les clients qui privil\u00e9gient l&#039;intimit\u00e9, la combinaison de nos robots de livraison et des services de livraison de restaurants \u00e0 proximit\u00e9 (accessibles via des applications locales) vous assure de ne jamais avoir \u00e0 quitter votre chambre pour savourer un excellent repas.<\/span><\/li><\/ul><div class=\"qwen-markdown-space\">\u00a0<\/div><h2 class=\"qwen-markdown-heading\"><span class=\"qwen-markdown-text\">Pourquoi d\u00eener \u00e0 l&#039;h\u00f4tel Treasury ?<\/span><\/h2><div class=\"qwen-markdown-paragraph\"><span class=\"qwen-markdown-text\">Choisir le <\/span><strong class=\"qwen-markdown-strong\"><span class=\"qwen-markdown-text\">Place du Peuple de Shanghai, rue pi\u00e9tonne de Nanjing Est, H\u00f4tel du Tr\u00e9sor<\/span><\/strong><span class=\"qwen-markdown-text\"> Choisir un h\u00e9bergement de ce type pour votre s\u00e9jour, c&#039;est opter pour une exp\u00e9rience culinaire compl\u00e8te. Il ne s&#039;agit pas seulement des plats servis, mais aussi de la facilit\u00e9 d&#039;acc\u00e8s, de la qualit\u00e9 du service et de l&#039;immersion dans la culture gastronomique de Shanghai.<\/span><\/div><div class=\"qwen-markdown-space\">\u00a0<\/div><ul class=\"qwen-markdown-list\" dir=\"auto\"><li><strong class=\"qwen-markdown-strong\"><span class=\"qwen-markdown-text\">Commodit\u00e9:<\/span><\/strong><span class=\"qwen-markdown-text\"> Commencez votre journ\u00e9e sans quitter le b\u00e2timent.<\/span><\/li><li><strong class=\"qwen-markdown-strong\"><span class=\"qwen-markdown-text\">Qualit\u00e9:<\/span><\/strong><span class=\"qwen-markdown-text\"> Savourez un buffet de grande qualit\u00e9 dans un cadre propre et \u00e9l\u00e9gant.<\/span><\/li><li><strong class=\"qwen-markdown-strong\"><span class=\"qwen-markdown-text\">Emplacement:<\/span><\/strong><span class=\"qwen-markdown-text\"> Laissez-vous charmer par une cuisine parmi les meilleures d&#039;Asie.<\/span><\/li><li><strong class=\"qwen-markdown-strong\"><span class=\"qwen-markdown-text\">Innovation:<\/span><\/strong><span class=\"qwen-markdown-text\"> D\u00e9couvrez le futur de l&#039;h\u00f4tellerie avec notre service robotis\u00e9.<\/span><\/li><\/ul><div class=\"qwen-markdown-space\">\u00a0<\/div><h2 class=\"qwen-markdown-heading\"><span class=\"qwen-markdown-text\">Rejoignez-nous pour un avant-go\u00fbt de Shanghai<\/span><\/h2><div class=\"qwen-markdown-paragraph\"><span class=\"qwen-markdown-text\">Que vous sirotiez un caf\u00e9 dans notre salle de petit-d\u00e9jeuner Treasure Breakfast Hall tandis que la lumi\u00e8re du matin filtre \u00e0 travers les fen\u00eatres de style fran\u00e7ais, ou que vous exploriez les march\u00e9s nocturnes anim\u00e9s du district de Huangpu apr\u00e8s une journ\u00e9e de visites, l&#039;h\u00f4tel Treasury est votre compagnon culinaire \u00e0 Shanghai.<\/span><\/div><div class=\"qwen-markdown-space\">\u00a0<\/div><div class=\"qwen-markdown-paragraph\"><span class=\"qwen-markdown-text\">Nous vous invitons \u00e0 vous r\u00e9veiller au parfum d&#039;un petit-d\u00e9jeuner frais, \u00e0 d\u00e9couvrir les saveurs de la ville depuis notre emplacement strat\u00e9gique et \u00e0 laisser notre \u00e9quipe vous guider vers votre prochain plat pr\u00e9f\u00e9r\u00e9. Vos papilles gustatives s&#039;appr\u00eatent \u00e0 vivre un voyage aussi inoubliable que la ville elle-m\u00eame.<\/span><\/div><div class=\"qwen-markdown-space\">\u00a0<\/div><div class=\"qwen-markdown-paragraph\"><strong class=\"qwen-markdown-strong\"><span class=\"qwen-markdown-text\">R\u00e9servez votre s\u00e9jour d\u00e8s aujourd&#039;hui<\/span><\/strong><span class=\"qwen-markdown-text\"> et d\u00e9couvrez pourquoi le Treasury Hotel est le choix privil\u00e9gi\u00e9 des gourmets et des voyageurs. <\/span><strong class=\"qwen-markdown-strong\"><span class=\"qwen-markdown-text\">678, rue Hankou, district de Huangpu, Shanghai, Chine<\/span><\/strong><span class=\"qwen-markdown-text\">.<\/span><\/div>\t\t\t\t\t\t\t\t<\/div>\n\t\t\t\t\t<\/div>\n\t\t\t\t<\/div>\n\t\t\t\t<\/div>","protected":false},"excerpt":{"rendered":"<p>Culinary Excellence &#038; Dining Experiences at Shanghai People&#8217;s Square Nanjing East Road Pedestrian Street Treasury Hotel Savor the Flavor of Shanghai in the Heart of Huangpu District Welcome to a dining experience that perfectly encapsulates the spirit of Shanghai: a harmonious blend of Eastern tradition and Western sophistication. At the Shanghai People&#8217;s Square Nanjing East [&hellip;]<\/p>\n","protected":false},"author":1,"featured_media":0,"parent":0,"menu_order":0,"comment_status":"closed","ping_status":"closed","template":"elementor_header_footer","meta":{"footnotes":""},"class_list":["post-612","page","type-page","status-publish","hentry","post-no-thumbnail"],"_links":{"self":[{"href":"https:\/\/treasuryhotelshanghai.com\/fr\/wp-json\/wp\/v2\/pages\/612","targetHints":{"allow":["GET"]}}],"collection":[{"href":"https:\/\/treasuryhotelshanghai.com\/fr\/wp-json\/wp\/v2\/pages"}],"about":[{"href":"https:\/\/treasuryhotelshanghai.com\/fr\/wp-json\/wp\/v2\/types\/page"}],"author":[{"embeddable":true,"href":"https:\/\/treasuryhotelshanghai.com\/fr\/wp-json\/wp\/v2\/users\/1"}],"replies":[{"embeddable":true,"href":"https:\/\/treasuryhotelshanghai.com\/fr\/wp-json\/wp\/v2\/comments?post=612"}],"version-history":[{"count":0,"href":"https:\/\/treasuryhotelshanghai.com\/fr\/wp-json\/wp\/v2\/pages\/612\/revisions"}],"wp:attachment":[{"href":"https:\/\/treasuryhotelshanghai.com\/fr\/wp-json\/wp\/v2\/media?parent=612"}],"curies":[{"name":"wp","href":"https:\/\/api.w.org\/{rel}","templated":true}]}}