{"id":5266,"date":"2021-07-18T08:03:35","date_gmt":"2021-07-18T08:03:35","guid":{"rendered":"https:\/\/nuss.uxper.co\/luxury-resort\/?page_id=5266"},"modified":"2026-03-04T03:18:20","modified_gmt":"2026-03-04T03:18:20","slug":"a-propos-de-nous","status":"publish","type":"page","link":"https:\/\/treasuryhotelshanghai.com\/fr\/about-us\/","title":{"rendered":"\u00c0 propos de nous"},"content":{"rendered":"<div data-elementor-type=\"wp-page\" data-elementor-id=\"5266\" class=\"elementor elementor-5266\">\n\t\t\t\t\t\t<section class=\"elementor-section elementor-top-section elementor-element elementor-element-10416953 elementor-section-boxed elementor-section-gap-beside-yes elementor-section-height-default elementor-section-height-default elementor-section-column-vertical-align-stretch\" data-id=\"10416953\" data-element_type=\"section\" data-e-type=\"section\">\n\t\t\t\t\t\t<div class=\"elementor-container elementor-column-gap-extended\">\n\t\t\t\t\t<div class=\"elementor-column elementor-col-100 elementor-top-column elementor-element elementor-element-29c6aa8\" data-id=\"29c6aa8\" data-element_type=\"column\" data-e-type=\"column\">\n\t\t\t<div class=\"elementor-widget-wrap elementor-element-populated\">\n\t\t\t\t\t\t<div class=\"elementor-element elementor-element-7be18fe7 elementor-widget__width-initial elementor-invisible elementor-widget elementor-widget-text-editor\" data-id=\"7be18fe7\" data-element_type=\"widget\" data-e-type=\"widget\" data-settings=\"{&quot;_animation&quot;:&quot;nussFadeInUp&quot;}\" data-widget_type=\"text-editor.default\">\n\t\t\t\t\t\t\t\t\tShanghai, place du Peuple, rue pi\u00e9tonne Nanjing Est, h\u00f4tel Treasury\u00a0: votre s\u00e9jour de luxe par excellence au c\u0153ur de Shanghai\t\t\t\t\t\t\t\t<\/div>\n\t\t\t\t\t<\/div>\n\t\t<\/div>\n\t\t\t\t\t<\/div>\n\t\t<\/section>\n\t\t\t\t<section class=\"elementor-section elementor-top-section elementor-element elementor-element-7d18327f elementor-section-boxed elementor-section-gap-beside-yes elementor-section-height-default elementor-section-height-default elementor-section-column-vertical-align-stretch\" data-id=\"7d18327f\" data-element_type=\"section\" data-e-type=\"section\">\n\t\t\t\t\t\t<div class=\"elementor-container elementor-column-gap-extended\">\n\t\t\t\t\t<div class=\"elementor-column elementor-col-50 elementor-top-column elementor-element elementor-element-56533670\" data-id=\"56533670\" data-element_type=\"column\" data-e-type=\"column\">\n\t\t\t<div class=\"elementor-widget-wrap elementor-element-populated\">\n\t\t\t\t\t\t<div class=\"elementor-element elementor-element-19c3f543 elementor-invisible elementor-widget elementor-widget-text-editor\" data-id=\"19c3f543\" data-element_type=\"widget\" data-e-type=\"widget\" data-settings=\"{&quot;_animation&quot;:&quot;nussFadeInUp&quot;}\" data-widget_type=\"text-editor.default\">\n\t\t\t\t\t\t\t\t\t<p><span class=\"qwen-markdown-text\" data-spm-anchor-id=\"a2ty_o01.29997173.0.i67.5c075171LDsXt3\">D\u00e9couvrez le parfait m\u00e9lange d&#039;\u00e9l\u00e9gance d&#039;inspiration fran\u00e7aise et de sophistication moderne au <\/span><strong class=\"qwen-markdown-strong\"><span class=\"qwen-markdown-text\" data-spm-anchor-id=\"a2ty_o01.29997173.0.i66.5c075171LDsXt3\">Place du Peuple de Shanghai, rue pi\u00e9tonne de Nanjing Est, H\u00f4tel du Tr\u00e9sor<\/span><\/strong><span class=\"qwen-markdown-text\">, id\u00e9alement situ\u00e9 \u00e0 <\/span><strong class=\"qwen-markdown-strong\"><span class=\"qwen-markdown-text\">678, rue Hankou, district de Huangpu, Shanghai, Chine<\/span><\/strong><span class=\"qwen-markdown-text\">. Cet h\u00f4tel boutique 4 \u00e9toiles d&#039;exception, ouvert depuis 2024, offre aux voyageurs une escapade urbaine inoubliable au c\u0153ur de l&#039;une des villes les plus dynamiques d&#039;Asie. Que vous soyez \u00e0 Shanghai pour affaires, pour le plaisir ou pour d\u00e9couvrir la culture locale, notre emplacement privil\u00e9gi\u00e9 vous place \u00e0 deux pas des sites embl\u00e9matiques de la ville, des boutiques de luxe et des restaurants authentiques.<\/span><\/p>\t\t\t\t\t\t\t\t<\/div>\n\t\t\t\t\t<\/div>\n\t\t<\/div>\n\t\t\t\t<div class=\"elementor-column elementor-col-50 elementor-top-column elementor-element elementor-element-30f14127\" data-id=\"30f14127\" data-element_type=\"column\" data-e-type=\"column\">\n\t\t\t<div class=\"elementor-widget-wrap elementor-element-populated\">\n\t\t\t\t\t\t<div class=\"elementor-element elementor-element-be7077d elementor-widget elementor-widget-image\" data-id=\"be7077d\" data-element_type=\"widget\" data-e-type=\"widget\" data-widget_type=\"image.default\">\n\t\t\t\t\t\t\t\t\t\t\t\t\t\t\t<img fetchpriority=\"high\" decoding=\"async\" width=\"1024\" height=\"768\" src=\"https:\/\/treasuryhotelshanghai.com\/wp-content\/uploads\/2026\/03\/Treasury-Hotel-Shanghai0047-1024x768.webp\" class=\"attachment-large size-large wp-image-5640\" alt=\"\" srcset=\"https:\/\/treasuryhotelshanghai.com\/wp-content\/uploads\/2026\/03\/Treasury-Hotel-Shanghai0047-1024x768.webp 1024w, https:\/\/treasuryhotelshanghai.com\/wp-content\/uploads\/2026\/03\/Treasury-Hotel-Shanghai0047-300x225.webp 300w, https:\/\/treasuryhotelshanghai.com\/wp-content\/uploads\/2026\/03\/Treasury-Hotel-Shanghai0047-768x576.webp 768w, https:\/\/treasuryhotelshanghai.com\/wp-content\/uploads\/2026\/03\/Treasury-Hotel-Shanghai0047.webp 1138w\" sizes=\"(max-width: 1024px) 100vw, 1024px\" \/>\t\t\t\t\t\t\t\t\t\t\t\t\t\t\t<\/div>\n\t\t\t\t\t<\/div>\n\t\t<\/div>\n\t\t\t\t\t<\/div>\n\t\t<\/section>\n\t\t\t\t<section class=\"elementor-section elementor-top-section elementor-element elementor-element-29fb8578 elementor-section-height-min-height elementor-section-stretched elementor-section-full_width elementor-section-items-stretch elementor-section-height-default elementor-section-column-vertical-align-stretch\" data-id=\"29fb8578\" data-element_type=\"section\" data-e-type=\"section\" data-settings=\"{&quot;stretch_section&quot;:&quot;section-stretched&quot;}\">\n\t\t\t\t\t\t<div class=\"elementor-container elementor-column-gap-no\">\n\t\t\t\t\t<div class=\"elementor-column elementor-col-50 elementor-top-column elementor-element elementor-element-40ac270b\" data-id=\"40ac270b\" data-element_type=\"column\" data-e-type=\"column\">\n\t\t\t<div class=\"elementor-widget-wrap elementor-element-populated\">\n\t\t\t\t\t\t<div class=\"elementor-element elementor-element-20872773 elementor-widget__width-initial elementor-widget-mobile__width-inherit elementor-invisible nuss-elementor-loading nuss-slide-in-right elementor-widget elementor-widget-image\" data-id=\"20872773\" data-element_type=\"widget\" data-e-type=\"widget\" data-settings=\"{&quot;_animation&quot;:&quot;nussSlideInRight&quot;}\" data-widget_type=\"image.default\">\n\t\t\t\t\t\t\t\t\t\t\t\t\t\t\t<img decoding=\"async\" width=\"1137\" height=\"853\" src=\"https:\/\/treasuryhotelshanghai.com\/wp-content\/uploads\/2026\/03\/Treasury-Hotel-Shanghai0057.webp\" class=\"attachment-full size-full wp-image-5650\" alt=\"\" srcset=\"https:\/\/treasuryhotelshanghai.com\/wp-content\/uploads\/2026\/03\/Treasury-Hotel-Shanghai0057.webp 1137w, https:\/\/treasuryhotelshanghai.com\/wp-content\/uploads\/2026\/03\/Treasury-Hotel-Shanghai0057-300x225.webp 300w, https:\/\/treasuryhotelshanghai.com\/wp-content\/uploads\/2026\/03\/Treasury-Hotel-Shanghai0057-1024x768.webp 1024w, https:\/\/treasuryhotelshanghai.com\/wp-content\/uploads\/2026\/03\/Treasury-Hotel-Shanghai0057-768x576.webp 768w\" sizes=\"(max-width: 1137px) 100vw, 1137px\" \/>\t\t\t\t\t\t\t\t\t\t\t\t\t\t\t<\/div>\n\t\t\t\t\t<\/div>\n\t\t<\/div>\n\t\t\t\t<div class=\"elementor-column elementor-col-50 elementor-top-column elementor-element elementor-element-2dac103\" data-id=\"2dac103\" data-element_type=\"column\" data-e-type=\"column\">\n\t\t\t<div class=\"elementor-widget-wrap elementor-element-populated\">\n\t\t\t\t\t\t<div class=\"elementor-element elementor-element-6f1b8966 elementor-invisible elementor-widget elementor-widget-text-editor\" data-id=\"6f1b8966\" data-element_type=\"widget\" data-e-type=\"widget\" data-settings=\"{&quot;_animation&quot;:&quot;nussFadeInUp&quot;}\" data-widget_type=\"text-editor.default\">\n\t\t\t\t\t\t\t\t\t<h2 class=\"qwen-markdown-heading\"><span class=\"qwen-markdown-text\" data-spm-anchor-id=\"a2ty_o01.29997173.0.i68.5c075171LDsXt3\">Emplacement exceptionnel au c\u0153ur culturel et commercial de Shanghai<\/span><\/h2><div class=\"qwen-markdown-paragraph\"><span class=\"qwen-markdown-text\">Id\u00e9alement situ\u00e9 dans le quartier anim\u00e9 de Huangpu, l&#039;h\u00f4tel Treasury offre un acc\u00e8s privil\u00e9gi\u00e9 aux principales attractions de Shanghai. <\/span><strong class=\"qwen-markdown-strong\"><span class=\"qwen-markdown-text\">\u00c0 230 m\u00e8tres de la station de m\u00e9tro Place du Peuple<\/span><\/strong><span class=\"qwen-markdown-text\"> (Lignes 1, 2 et 8), les voyageurs b\u00e9n\u00e9ficient d&#039;une excellente desserte de l&#039;a\u00e9roport international de Pudong, du p\u00f4le de transport de Hongqiao et des principaux quartiers d&#039;affaires. <\/span><strong class=\"qwen-markdown-strong\"><span class=\"qwen-markdown-text\">\u00c0 300 m\u00e8tres de la rue pi\u00e9tonne de Nanjing Est<\/span><\/strong><span class=\"qwen-markdown-text\">\u2014 L&#039;avenue commer\u00e7ante la plus fr\u00e9quent\u00e9e de Chine \u2014 o\u00f9 marques de luxe, boutiques locales et vendeurs de street food cr\u00e9ent une ambiance \u00e9lectrisante. Des sites embl\u00e9matiques comme le **Bund** (1,4 km), le **jardin Yu** (1,8 km), <\/span><strong class=\"qwen-markdown-strong\"><span class=\"qwen-markdown-text\">Mus\u00e9e de Shanghai<\/span><\/strong><span class=\"qwen-markdown-text\">, et <\/span><strong class=\"qwen-markdown-strong\"><span class=\"qwen-markdown-text\">Grand Th\u00e9\u00e2tre<\/span><\/strong><span class=\"qwen-markdown-text\"> Tous ces sites sont facilement accessibles \u00e0 pied ou en quelques minutes de m\u00e9tro, faisant de notre h\u00f4tel le point de d\u00e9part id\u00e9al aussi bien pour les visiteurs novices que pour les voyageurs aguerris.<\/span><\/div>\t\t\t\t\t\t\t\t<\/div>\n\t\t\t\t\t<\/div>\n\t\t<\/div>\n\t\t\t\t\t<\/div>\n\t\t<\/section>\n\t\t\t\t<section class=\"elementor-section elementor-top-section elementor-element elementor-element-79ff60a elementor-section-height-min-height elementor-section-stretched elementor-section-full_width elementor-section-items-stretch elementor-section-height-default elementor-section-column-vertical-align-stretch\" data-id=\"79ff60a\" data-element_type=\"section\" data-e-type=\"section\" data-settings=\"{&quot;stretch_section&quot;:&quot;section-stretched&quot;}\">\n\t\t\t\t\t\t<div class=\"elementor-container elementor-column-gap-no\">\n\t\t\t\t\t<div class=\"elementor-column elementor-col-50 elementor-top-column elementor-element elementor-element-12aab04\" data-id=\"12aab04\" data-element_type=\"column\" data-e-type=\"column\">\n\t\t\t<div class=\"elementor-widget-wrap elementor-element-populated\">\n\t\t\t\t\t\t<div class=\"elementor-element elementor-element-cd7cee3 elementor-invisible elementor-widget elementor-widget-text-editor\" data-id=\"cd7cee3\" data-element_type=\"widget\" data-e-type=\"widget\" data-settings=\"{&quot;_animation&quot;:&quot;nussFadeInUp&quot;}\" data-widget_type=\"text-editor.default\">\n\t\t\t\t\t\t\t\t\t<h2 class=\"qwen-markdown-heading\"><span class=\"qwen-markdown-text\">Un design d&#039;inspiration fran\u00e7aise alli\u00e9 \u00e0 un confort de pointe<\/span><\/h2><div class=\"qwen-markdown-paragraph\"><span class=\"qwen-markdown-text\">Entrez dans un univers o\u00f9 l&#039;esth\u00e9tique romantique parisienne s&#039;harmonise avec l&#039;hospitalit\u00e9 chinoise contemporaine. L&#039;h\u00f4tel Treasury propose <\/span><strong class=\"qwen-markdown-strong\"><span class=\"qwen-markdown-text\">133 chambres et suites soigneusement con\u00e7ues<\/span><\/strong><span class=\"qwen-markdown-text\"> D&#039;une superficie de 20 \u00e0 50 m\u00b2, nos chambres offrent un int\u00e9rieur lumineux et luxueux de style fran\u00e7ais, des matelas haut de gamme \u00e0 m\u00e9moire de forme Plante &amp; King Koil et des syst\u00e8mes de contr\u00f4le intelligents. Choisissez parmi nos h\u00e9bergements soigneusement s\u00e9lectionn\u00e9s\u00a0: Treasure Deluxe King, Cozy Queen, City View Suite et Big Bed. Tous nos h\u00e9bergements sont \u00e9quip\u00e9s du Wi-Fi haut d\u00e9bit gratuit, de la climatisation, d&#039;une salle de bain privative et, pour certaines, d&#039;un r\u00e9frig\u00e9rateur avec vue sur la ville. Un service de m\u00e9nage quotidien et des robots de service sans contact vous garantissent une exp\u00e9rience impeccable et personnalis\u00e9e, adapt\u00e9e \u00e0 vos pr\u00e9f\u00e9rences.<\/span><\/div>\t\t\t\t\t\t\t\t<\/div>\n\t\t\t\t\t<\/div>\n\t\t<\/div>\n\t\t\t\t<div class=\"elementor-column elementor-col-50 elementor-top-column elementor-element elementor-element-a66997c\" data-id=\"a66997c\" data-element_type=\"column\" data-e-type=\"column\">\n\t\t\t<div class=\"elementor-widget-wrap elementor-element-populated\">\n\t\t\t\t\t\t<div class=\"elementor-element elementor-element-9606f3a elementor-widget__width-initial elementor-widget-mobile__width-inherit elementor-invisible nuss-elementor-loading nuss-slide-in-right elementor-widget elementor-widget-image\" data-id=\"9606f3a\" data-element_type=\"widget\" data-e-type=\"widget\" data-settings=\"{&quot;_animation&quot;:&quot;nussSlideInRight&quot;}\" data-widget_type=\"image.default\">\n\t\t\t\t\t\t\t\t\t\t\t\t\t\t\t<img decoding=\"async\" width=\"1138\" height=\"853\" src=\"https:\/\/treasuryhotelshanghai.com\/wp-content\/uploads\/2026\/03\/Treasury-Hotel-Shanghai0053.webp\" class=\"attachment-full size-full wp-image-5646\" alt=\"\" srcset=\"https:\/\/treasuryhotelshanghai.com\/wp-content\/uploads\/2026\/03\/Treasury-Hotel-Shanghai0053.webp 1138w, https:\/\/treasuryhotelshanghai.com\/wp-content\/uploads\/2026\/03\/Treasury-Hotel-Shanghai0053-300x225.webp 300w, https:\/\/treasuryhotelshanghai.com\/wp-content\/uploads\/2026\/03\/Treasury-Hotel-Shanghai0053-1024x768.webp 1024w, https:\/\/treasuryhotelshanghai.com\/wp-content\/uploads\/2026\/03\/Treasury-Hotel-Shanghai0053-768x576.webp 768w\" sizes=\"(max-width: 1138px) 100vw, 1138px\" \/>\t\t\t\t\t\t\t\t\t\t\t\t\t\t\t<\/div>\n\t\t\t\t\t<\/div>\n\t\t<\/div>\n\t\t\t\t\t<\/div>\n\t\t<\/section>\n\t\t\t\t<section class=\"elementor-section elementor-top-section elementor-element elementor-element-83d02da elementor-section-height-min-height elementor-section-stretched elementor-section-full_width elementor-section-items-stretch elementor-section-height-default elementor-section-column-vertical-align-stretch\" data-id=\"83d02da\" data-element_type=\"section\" data-e-type=\"section\" data-settings=\"{&quot;stretch_section&quot;:&quot;section-stretched&quot;}\">\n\t\t\t\t\t\t<div class=\"elementor-container elementor-column-gap-no\">\n\t\t\t\t\t<div class=\"elementor-column elementor-col-50 elementor-top-column elementor-element elementor-element-a3aa051\" data-id=\"a3aa051\" data-element_type=\"column\" data-e-type=\"column\">\n\t\t\t<div class=\"elementor-widget-wrap elementor-element-populated\">\n\t\t\t\t\t\t<div class=\"elementor-element elementor-element-1100fa4 elementor-invisible elementor-widget elementor-widget-text-editor\" data-id=\"1100fa4\" data-element_type=\"widget\" data-e-type=\"widget\" data-settings=\"{&quot;_animation&quot;:&quot;nussFadeInUp&quot;}\" data-widget_type=\"text-editor.default\">\n\t\t\t\t\t\t\t\t\t<h2 class=\"qwen-markdown-heading\"><span class=\"qwen-markdown-text\">Des \u00e9quipements exceptionnels pour les voyageurs modernes<\/span><\/h2><div class=\"qwen-markdown-paragraph\"><span class=\"qwen-markdown-text\">Nous savons que les voyageurs d&#039;aujourd&#039;hui recherchent \u00e0 la fois confort et authenticit\u00e9. C&#039;est pourquoi le Treasury Hotel propose une gamme compl\u00e8te de services con\u00e7us pour agr\u00e9menter votre s\u00e9jour\u00a0:<\/span><\/div><div class=\"qwen-markdown-space\">\u00a0<\/div><ul class=\"qwen-markdown-list\" dir=\"auto\"><li><strong class=\"qwen-markdown-strong\"><span class=\"qwen-markdown-text\">\u00c0 manger<\/span><\/strong><span class=\"qwen-markdown-text\">Commencez votre journ\u00e9e au Treasure Breakfast Hall (7h00-9h30), qui propose un buffet vari\u00e9 de sp\u00e9cialit\u00e9s occidentales et chinoises. Les enfants de moins de 1,20 m mangent gratuitement. \u00c0 l&#039;ext\u00e9rieur, d\u00e9couvrez des centaines de restaurants locaux r\u00e9put\u00e9s ou profitez d&#039;un service en chambre gr\u00e2ce \u00e0 nos robots de livraison innovants.<\/span><\/li><li><strong class=\"qwen-markdown-strong\"><span class=\"qwen-markdown-text\">Bien-\u00eatre et affaires<\/span><\/strong><span class=\"qwen-markdown-text\">Restez actif dans notre centre de remise en forme gratuit, rafra\u00eechissez votre garde-robe dans la laverie automatique ou organisez des r\u00e9unions productives dans nos salles de conf\u00e9rence enti\u00e8rement \u00e9quip\u00e9es.<\/span><\/li><li><strong class=\"qwen-markdown-strong\"><span class=\"qwen-markdown-text\">Services aux clients<\/span><\/strong><span class=\"qwen-markdown-text\">Notre \u00e9quipe multilingue (anglais\/chinois) \u00e0 la r\u00e9ception, ouverte 24h\/24 et 7j\/7, propose un enregistrement et un d\u00e9part express, un service de conciergerie, la r\u00e9servation de taxis, le service de r\u00e9veil et des services de traduction. Les voyageurs d&#039;affaires b\u00e9n\u00e9ficient d&#039;un service de fax\/photocopie et d&#039;une connexion internet haut d\u00e9bit dans tout l&#039;\u00e9tablissement.<\/span><\/li><li><strong class=\"qwen-markdown-strong\"><span class=\"qwen-markdown-text\">S\u00e9curit\u00e9 et accessibilit\u00e9<\/span><\/strong><span class=\"qwen-markdown-text\">L&#039;h\u00f4tel est \u00e9quip\u00e9 d&#039;un syst\u00e8me de vid\u00e9osurveillance, de syst\u00e8mes de s\u00e9curit\u00e9 incendie, d&#039;une s\u00e9curit\u00e9 24h\/24, d&#039;un acc\u00e8s par carte magn\u00e9tique, d&#039;ascenseurs et applique une politique stricte d&#039;interdiction de fumer pour votre tranquillit\u00e9 d&#039;esprit.<\/span><\/li><\/ul>\t\t\t\t\t\t\t\t<\/div>\n\t\t\t\t\t<\/div>\n\t\t<\/div>\n\t\t\t\t<div class=\"elementor-column elementor-col-50 elementor-top-column elementor-element elementor-element-ea10d4e\" data-id=\"ea10d4e\" data-element_type=\"column\" data-e-type=\"column\">\n\t\t\t<div class=\"elementor-widget-wrap elementor-element-populated\">\n\t\t\t\t\t\t<div class=\"elementor-element elementor-element-fcb8d3f elementor-widget__width-initial elementor-widget-mobile__width-inherit elementor-invisible nuss-elementor-loading nuss-slide-in-right elementor-widget elementor-widget-image\" data-id=\"fcb8d3f\" data-element_type=\"widget\" data-e-type=\"widget\" data-settings=\"{&quot;_animation&quot;:&quot;nussSlideInRight&quot;}\" data-widget_type=\"image.default\">\n\t\t\t\t\t\t\t\t\t\t\t\t\t\t\t<img loading=\"lazy\" decoding=\"async\" width=\"1280\" height=\"853\" src=\"https:\/\/treasuryhotelshanghai.com\/wp-content\/uploads\/2026\/03\/Treasury-Hotel-Shanghai0021.webp\" class=\"attachment-full size-full wp-image-5614\" alt=\"\" srcset=\"https:\/\/treasuryhotelshanghai.com\/wp-content\/uploads\/2026\/03\/Treasury-Hotel-Shanghai0021.webp 1280w, https:\/\/treasuryhotelshanghai.com\/wp-content\/uploads\/2026\/03\/Treasury-Hotel-Shanghai0021-300x200.webp 300w, https:\/\/treasuryhotelshanghai.com\/wp-content\/uploads\/2026\/03\/Treasury-Hotel-Shanghai0021-1024x682.webp 1024w, https:\/\/treasuryhotelshanghai.com\/wp-content\/uploads\/2026\/03\/Treasury-Hotel-Shanghai0021-768x512.webp 768w\" sizes=\"(max-width: 1280px) 100vw, 1280px\" \/>\t\t\t\t\t\t\t\t\t\t\t\t\t\t\t<\/div>\n\t\t\t\t\t<\/div>\n\t\t<\/div>\n\t\t\t\t\t<\/div>\n\t\t<\/section>\n\t\t<div class=\"elementor-element elementor-element-f6b6806 e-flex e-con-boxed e-con e-parent\" data-id=\"f6b6806\" data-element_type=\"container\" data-e-type=\"container\">\n\t\t\t\t\t<div class=\"e-con-inner\">\n\t\t\t\t<div class=\"elementor-element elementor-element-9fe8942 elementor-widget elementor-widget-text-editor\" data-id=\"9fe8942\" data-element_type=\"widget\" data-e-type=\"widget\" data-widget_type=\"text-editor.default\">\n\t\t\t\t\t\t\t\t\t<h2 class=\"qwen-markdown-heading\"><span class=\"qwen-markdown-text\">Pourquoi choisir l&#039;h\u00f4tel Treasury pour votre s\u00e9jour \u00e0 Shanghai ?<\/span><\/h2><div class=\"qwen-markdown-paragraph\"><span class=\"qwen-markdown-text\">Avec une performance exceptionnelle <\/span><strong class=\"qwen-markdown-strong\"><span class=\"qwen-markdown-text\">Note des clients\u00a0: 9,5\/10<\/span><\/strong><span class=\"qwen-markdown-text\"> Avec plus de 6\u00a0200 avis sur les principales plateformes de voyage, l&#039;h\u00f4tel Shanghai People&#039;s Square Nanjing East Road Pedestrian Street Treasury Hotel s&#039;est rapidement impos\u00e9 comme un choix de pr\u00e9dilection pour les voyageurs exigeants. Notre engagement envers un service personnalis\u00e9, le souci du d\u00e9tail et un emplacement strat\u00e9gique vous garantissent un excellent rapport qualit\u00e9-prix, que vous participiez \u00e0 une conf\u00e9rence au Centre des expositions de Shanghai, exploriez les ruelles historiques de la Concession fran\u00e7aise ou profitiez de la vie nocturne anim\u00e9e de Shanghai.<\/span><\/div><div class=\"qwen-markdown-space\">\u00a0<\/div><div class=\"qwen-markdown-paragraph\"><strong class=\"qwen-markdown-strong\"><span class=\"qwen-markdown-text\">R\u00e9servez votre s\u00e9jour d\u00e8s aujourd&#039;hui<\/span><\/strong><span class=\"qwen-markdown-text\"> D\u00e9couvrez pourquoi le Treasury Hotel red\u00e9finit l&#039;hospitalit\u00e9 dans le quartier le plus pris\u00e9 de Shanghai. Confort, culture et commodit\u00e9s se conjuguent sous un m\u00eame toit \u00e9l\u00e9gant au 678, rue Hankou, district de Huangpu. Votre voyage inoubliable \u00e0 Shanghai commence ici.<\/span><\/div>\t\t\t\t\t\t\t\t<\/div>\n\t\t\t\t\t<\/div>\n\t\t\t\t<\/div>\n\t\t\t\t<\/div>","protected":false},"excerpt":{"rendered":"<p>Shanghai People&#8217;s Square Nanjing East Road Pedestrian Street Treasury Hotel: Your Premier Luxury Stay in the Heart of Shanghai Discover the perfect blend of French-inspired elegance and modern sophistication at the Shanghai People&#8217;s Square Nanjing East Road Pedestrian Street Treasury Hotel, ideally situated at No. 678 Hankou Road, Huangpu District, Shanghai, China. This exceptional 4-star [&hellip;]<\/p>\n","protected":false},"author":1,"featured_media":0,"parent":0,"menu_order":0,"comment_status":"closed","ping_status":"closed","template":"","meta":{"footnotes":""},"class_list":["post-5266","page","type-page","status-publish","hentry","post-no-thumbnail"],"_links":{"self":[{"href":"https:\/\/treasuryhotelshanghai.com\/fr\/wp-json\/wp\/v2\/pages\/5266","targetHints":{"allow":["GET"]}}],"collection":[{"href":"https:\/\/treasuryhotelshanghai.com\/fr\/wp-json\/wp\/v2\/pages"}],"about":[{"href":"https:\/\/treasuryhotelshanghai.com\/fr\/wp-json\/wp\/v2\/types\/page"}],"author":[{"embeddable":true,"href":"https:\/\/treasuryhotelshanghai.com\/fr\/wp-json\/wp\/v2\/users\/1"}],"replies":[{"embeddable":true,"href":"https:\/\/treasuryhotelshanghai.com\/fr\/wp-json\/wp\/v2\/comments?post=5266"}],"version-history":[{"count":0,"href":"https:\/\/treasuryhotelshanghai.com\/fr\/wp-json\/wp\/v2\/pages\/5266\/revisions"}],"wp:attachment":[{"href":"https:\/\/treasuryhotelshanghai.com\/fr\/wp-json\/wp\/v2\/media?parent=5266"}],"curies":[{"name":"wp","href":"https:\/\/api.w.org\/{rel}","templated":true}]}}