{"id":2109,"date":"2021-03-26T08:35:58","date_gmt":"2021-03-26T08:35:58","guid":{"rendered":"http:\/\/localhost\/nuss\/?page_id=536"},"modified":"2026-03-02T15:07:25","modified_gmt":"2026-03-02T15:07:25","slug":"installations-commerciales","status":"publish","type":"page","link":"https:\/\/treasuryhotelshanghai.com\/fr\/business-facilities\/","title":{"rendered":"Installations commerciales"},"content":{"rendered":"<div data-elementor-type=\"wp-page\" data-elementor-id=\"2109\" class=\"elementor elementor-2109\">\n\t\t\t\t\t\t<section class=\"elementor-section elementor-top-section elementor-element elementor-element-bb2901b elementor-section-boxed elementor-section-gap-beside-yes elementor-section-height-default elementor-section-height-default elementor-section-column-vertical-align-stretch\" data-id=\"bb2901b\" data-element_type=\"section\" data-e-type=\"section\">\n\t\t\t\t\t\t<div class=\"elementor-container elementor-column-gap-extended\">\n\t\t\t\t\t<div class=\"elementor-column elementor-col-100 elementor-top-column elementor-element elementor-element-1919db9\" data-id=\"1919db9\" data-element_type=\"column\" data-e-type=\"column\">\n\t\t\t<div class=\"elementor-widget-wrap elementor-element-populated\">\n\t\t\t\t\t\t<div class=\"elementor-element elementor-element-41a7b9c elementor-widget__width-initial elementor-invisible elementor-widget elementor-widget-text-editor\" data-id=\"41a7b9c\" data-element_type=\"widget\" data-e-type=\"widget\" data-settings=\"{&quot;_animation&quot;:&quot;nussFadeInUp&quot;}\" data-widget_type=\"text-editor.default\">\n\t\t\t\t\t\t\t\t\t<p>Notre salle de r\u00e9union, situ\u00e9e en plein c\u0153ur de New York, offre un espace priv\u00e9 et \u00e9l\u00e9gant pour les groupes de 8 \u00e0 10 personnes. Pour votre confort, des forfaits pause-caf\u00e9 sont disponibles.<\/p>\t\t\t\t\t\t\t\t<\/div>\n\t\t\t\t\t<\/div>\n\t\t<\/div>\n\t\t\t\t\t<\/div>\n\t\t<\/section>\n\t\t<div class=\"elementor-element elementor-element-246f538 e-flex e-con-boxed e-con e-parent\" data-id=\"246f538\" data-element_type=\"container\" data-e-type=\"container\">\n\t\t\t\t\t<div class=\"e-con-inner\">\n\t\t\t\t<div class=\"elementor-element elementor-element-b014332 elementor-widget elementor-widget-image\" data-id=\"b014332\" data-element_type=\"widget\" data-e-type=\"widget\" data-widget_type=\"image.default\">\n\t\t\t\t\t\t\t\t\t\t\t\t\t\t\t<img fetchpriority=\"high\" decoding=\"async\" width=\"1024\" height=\"768\" src=\"https:\/\/treasuryhotelshanghai.com\/wp-content\/uploads\/2026\/03\/Treasury-Hotel-Shanghai0059-1024x768.webp\" class=\"attachment-large size-large wp-image-5652\" alt=\"\" srcset=\"https:\/\/treasuryhotelshanghai.com\/wp-content\/uploads\/2026\/03\/Treasury-Hotel-Shanghai0059-1024x768.webp 1024w, https:\/\/treasuryhotelshanghai.com\/wp-content\/uploads\/2026\/03\/Treasury-Hotel-Shanghai0059-300x225.webp 300w, https:\/\/treasuryhotelshanghai.com\/wp-content\/uploads\/2026\/03\/Treasury-Hotel-Shanghai0059-768x576.webp 768w, https:\/\/treasuryhotelshanghai.com\/wp-content\/uploads\/2026\/03\/Treasury-Hotel-Shanghai0059.webp 1137w\" sizes=\"(max-width: 1024px) 100vw, 1024px\" \/>\t\t\t\t\t\t\t\t\t\t\t\t\t\t\t<\/div>\n\t\t\t\t\t<\/div>\n\t\t\t\t<\/div>\n\t\t<div class=\"elementor-element elementor-element-e086733 e-flex e-con-boxed e-con e-parent\" data-id=\"e086733\" data-element_type=\"container\" data-e-type=\"container\">\n\t\t\t\t\t<div class=\"e-con-inner\">\n\t\t\t\t<div class=\"elementor-element elementor-element-262e151 elementor-widget elementor-widget-text-editor\" data-id=\"262e151\" data-element_type=\"widget\" data-e-type=\"widget\" data-widget_type=\"text-editor.default\">\n\t\t\t\t\t\t\t\t\t<h2 class=\"qwen-markdown-heading\"><span class=\"qwen-markdown-text\">Infrastructures commerciales de premier ordre au c\u0153ur du district de Huangpu<\/span><\/h2><div class=\"qwen-markdown-paragraph\"><span class=\"qwen-markdown-text\">Rehaussez votre exp\u00e9rience de voyage d&#039;affaires au <\/span><strong class=\"qwen-markdown-strong\"><span class=\"qwen-markdown-text\">Place du Peuple de Shanghai, rue pi\u00e9tonne de Nanjing Est, H\u00f4tel du Tr\u00e9sor<\/span><\/strong><span class=\"qwen-markdown-text\">, situ\u00e9 \u00e0 <\/span><strong class=\"qwen-markdown-strong\"><span class=\"qwen-markdown-text\">678, rue Hankou, district de Huangpu, Shanghai, Chine<\/span><\/strong><span class=\"qwen-markdown-text\">. Con\u00e7u pour le professionnel moderne, notre h\u00f4tel boutique 4 \u00e9toiles allie harmonieusement l&#039;\u00e9l\u00e9gance d&#039;inspiration fran\u00e7aise \u00e0 une infrastructure d&#039;affaires ultra-performante. Que vous organisiez une r\u00e9union de conseil d&#039;administration, travailliez \u00e0 distance ou organisiez un s\u00e9minaire d&#039;entreprise, nos espaces d\u00e9di\u00e9s aux affaires garantissent une productivit\u00e9 optimale sans compromis sur le confort. Reconnu pour son excellence <\/span><strong class=\"qwen-markdown-strong\"><span class=\"qwen-markdown-text\">Note des clients\u00a0: 9,5\/10<\/span><\/strong><span class=\"qwen-markdown-text\">, Nous sommes le choix privil\u00e9gi\u00e9 des voyageurs d&#039;affaires exigeants qui recherchent un pied-\u00e0-terre strat\u00e9gique au c\u0153ur du quartier commercial de Shanghai.<\/span><\/div><div class=\"qwen-markdown-space\">\u00a0<\/div><h2 class=\"qwen-markdown-heading\"><span class=\"qwen-markdown-text\">Espaces de conf\u00e9rence et de r\u00e9union ultramodernes<\/span><\/h2><div class=\"qwen-markdown-paragraph\"><span class=\"qwen-markdown-text\">Le succ\u00e8s r\u00e9side dans les d\u00e9tails, et notre <\/span><strong class=\"qwen-markdown-strong\"><span class=\"qwen-markdown-text\">salles de conf\u00e9rence<\/span><\/strong><span class=\"qwen-markdown-text\"> Con\u00e7us pour faciliter des \u00e9changes productifs et des pr\u00e9sentations fluides, nos espaces de r\u00e9union sont id\u00e9aux pour les r\u00e9unions d&#039;entreprise de petite et moyenne taille, les s\u00e9ances de brainstorming d&#039;\u00e9quipe ou les rendez-vous clients. Ils offrent un environnement calme et professionnel, \u00e0 l&#039;\u00e9cart de l&#039;agitation urbaine.<\/span><\/div><div class=\"qwen-markdown-space\">\u00a0<\/div><ul class=\"qwen-markdown-list\" dir=\"auto\"><li><strong class=\"qwen-markdown-strong\"><span class=\"qwen-markdown-text\">Ambiance professionnelle :<\/span><\/strong><span class=\"qwen-markdown-text\"> Les espaces de r\u00e9union refl\u00e8tent la signature lumineuse de l&#039;h\u00f4tel, avec des int\u00e9rieurs luxueux de style fran\u00e7ais, cr\u00e9ant une atmosph\u00e8re sophistiqu\u00e9e qui impressionne clients et partenaires.<\/span><\/li><li><strong class=\"qwen-markdown-strong\"><span class=\"qwen-markdown-text\">Pr\u00eat pour l&#039;audiovisuel\u00a0:<\/span><\/strong><span class=\"qwen-markdown-text\"> Con\u00e7u pour r\u00e9pondre aux besoins modernes en mati\u00e8re de pr\u00e9sentation, il garantit le bon d\u00e9roulement de vos diapositives, vid\u00e9os et conf\u00e9rences t\u00e9l\u00e9phoniques.<\/span><\/li><li><strong class=\"qwen-markdown-strong\"><span class=\"qwen-markdown-text\">Agencements flexibles\u00a0:<\/span><\/strong><span class=\"qwen-markdown-text\"> Nos espaces peuvent \u00eatre configur\u00e9s pour r\u00e9pondre \u00e0 divers besoins d&#039;entreprise, des discussions confidentielles entre dirigeants aux ateliers collaboratifs.<\/span><\/li><li><strong class=\"qwen-markdown-strong\"><span class=\"qwen-markdown-text\">Service de restauration :<\/span><\/strong><span class=\"qwen-markdown-text\"> Coordonnez-vous avec notre <\/span><strong class=\"qwen-markdown-strong\"><span class=\"qwen-markdown-text\">Salle de petit-d\u00e9jeuner Treasure<\/span><\/strong><span class=\"qwen-markdown-text\"> et l&#039;\u00e9quipe de restauration pour organiser des pauses caf\u00e9 ou des d\u00e9jeuners de travail, afin de maintenir votre \u00e9quipe dynamique tout au long de la journ\u00e9e.<\/span><\/li><\/ul><div class=\"qwen-markdown-space\">\u00a0<\/div><h2 class=\"qwen-markdown-heading\"><span class=\"qwen-markdown-text\">Connectivit\u00e9 haut d\u00e9bit et technologie des chambres intelligentes<\/span><\/h2><div class=\"qwen-markdown-paragraph\"><span class=\"qwen-markdown-text\">Dans l&#039;\u00e9conomie num\u00e9rique actuelle, une connectivit\u00e9 fiable est essentielle. L&#039;h\u00f4tel Treasury met \u00e0 votre disposition une infrastructure technologique performante con\u00e7ue pour vous garantir une connexion optimale et une productivit\u00e9 maximale.<\/span><\/div><div class=\"qwen-markdown-space\">\u00a0<\/div><ul class=\"qwen-markdown-list\" dir=\"auto\"><li><strong class=\"qwen-markdown-strong\"><span class=\"qwen-markdown-text\">Wi-Fi haut d\u00e9bit gratuit\u00a0:<\/span><\/strong><span class=\"qwen-markdown-text\"> Disponible dans tous les espaces publics et les chambres, vous permettant de participer \u00e0 des vid\u00e9oconf\u00e9rences, de t\u00e9l\u00e9charger des fichiers volumineux ou de g\u00e9rer vos courriels sans interruption.<\/span><\/li><li><strong class=\"qwen-markdown-strong\"><span class=\"qwen-markdown-text\">Syst\u00e8mes de contr\u00f4le intelligents pour les invit\u00e9s\u00a0:<\/span><\/strong><span class=\"qwen-markdown-text\"> Nos 133 chambres, con\u00e7ues avec soin, sont \u00e9quip\u00e9es de commandes intelligentes vous permettant de personnaliser facilement l&#039;\u00e9clairage, la temp\u00e9rature et le divertissement. Cette technologie intelligente facilite \u00e9galement le travail, vous permettant de cr\u00e9er un environnement de travail id\u00e9al en toute intimit\u00e9 dans votre chambre.<\/span><\/li><li><strong class=\"qwen-markdown-strong\"><span class=\"qwen-markdown-text\">Espaces de travail en chambre\u00a0:<\/span><\/strong><span class=\"qwen-markdown-text\"> S\u00e9lectionnez des chambres, y compris nos <\/span><strong class=\"qwen-markdown-strong\"><span class=\"qwen-markdown-text\">Suites avec vue sur la ville<\/span><\/strong><span class=\"qwen-markdown-text\"> et <\/span><strong class=\"qwen-markdown-strong\"><span class=\"qwen-markdown-text\">Roi de luxe au tr\u00e9sor<\/span><\/strong><span class=\"qwen-markdown-text\"> Les chambres offrent un espace suffisant et un \u00e9clairage adapt\u00e9 pour installer un ordinateur portable et travailler confortablement apr\u00e8s les heures de travail.<\/span><\/li><\/ul><div class=\"qwen-markdown-space\">\u00a0<\/div><h2 class=\"qwen-markdown-heading\"><span class=\"qwen-markdown-text\">Services administratifs et de soutien complets<\/span><\/h2><div class=\"qwen-markdown-paragraph\"><span class=\"qwen-markdown-text\">Nous savons que les voyages d&#039;affaires n\u00e9cessitent souvent une assistance administrative imm\u00e9diate. Nos \u00e9quipes de r\u00e9ception et de conciergerie, disponibles 24h\/24 et 7j\/7, prennent en charge la logistique afin que vous puissiez vous concentrer sur vos objectifs principaux.<\/span><\/div><div class=\"qwen-markdown-space\">\u00a0<\/div><ul class=\"qwen-markdown-list\" dir=\"auto\"><li><strong class=\"qwen-markdown-strong\"><span class=\"qwen-markdown-text\">Services du centre d&#039;affaires\u00a0:<\/span><\/strong><span class=\"qwen-markdown-text\"> Acc\u00e9dez aux outils bureautiques essentiels, notamment <\/span><strong class=\"qwen-markdown-strong\"><span class=\"qwen-markdown-text\">services de t\u00e9l\u00e9copie et de photocopie<\/span><\/strong><span class=\"qwen-markdown-text\">, id\u00e9al pour la pr\u00e9paration de documents de derni\u00e8re minute ou la signature de contrats.<\/span><\/li><li><strong class=\"qwen-markdown-strong\"><span class=\"qwen-markdown-text\">Personnel multilingue :<\/span><\/strong><span class=\"qwen-markdown-text\"> Notre \u00e9quipe parle les deux langues. <\/span><strong class=\"qwen-markdown-strong\"><span class=\"qwen-markdown-text\">Anglais et chinois<\/span><\/strong><span class=\"qwen-markdown-text\">, en comblant les lacunes de communication et en apportant son aide pour les demandes de renseignements des entreprises locales, les besoins de traduction ou la planification.<\/span><\/li><li><strong class=\"qwen-markdown-strong\"><span class=\"qwen-markdown-text\">Enregistrement\/D\u00e9part express\u00a0:<\/span><\/strong><span class=\"qwen-markdown-text\"> R\u00e9duisez votre temps d&#039;attente gr\u00e2ce \u00e0 nos proc\u00e9dures d&#039;arriv\u00e9e et de d\u00e9part simplifi\u00e9es, con\u00e7ues pour les clients ayant un emploi du temps charg\u00e9.<\/span><\/li><li><strong class=\"qwen-markdown-strong\"><span class=\"qwen-markdown-text\">Assistance administrative :<\/span><\/strong><span class=\"qwen-markdown-text\"> Notre service de conciergerie peut vous aider \u00e0 imprimer vos cartes d&#039;embarquement, \u00e0 organiser des services de messagerie et \u00e0 g\u00e9rer vos itin\u00e9raires de voyage.<\/span><\/li><\/ul><div class=\"qwen-markdown-space\">\u00a0<\/div><h2 class=\"qwen-markdown-heading\"><span class=\"qwen-markdown-text\">Emplacement strat\u00e9gique pour le r\u00e9seautage d&#039;entreprise<\/span><\/h2><div class=\"qwen-markdown-paragraph\"><span class=\"qwen-markdown-text\">L&#039;emplacement est un atout essentiel pour les voyageurs d&#039;affaires, et <\/span><strong class=\"qwen-markdown-strong\"><span class=\"qwen-markdown-text\">678, rue Hankou<\/span><\/strong><span class=\"qwen-markdown-text\"> vous place au carrefour des r\u00e9seaux de transport et commerciaux de Shanghai.<\/span><\/div><div class=\"qwen-markdown-space\">\u00a0<\/div><ul class=\"qwen-markdown-list\" dir=\"auto\"><li><strong class=\"qwen-markdown-strong\"><span class=\"qwen-markdown-text\">Connectivit\u00e9 des transports :<\/span><\/strong><span class=\"qwen-markdown-text\"> Juste <\/span><strong class=\"qwen-markdown-strong\"><span class=\"qwen-markdown-text\">\u00c0 230 m\u00e8tres de la station de m\u00e9tro Place du Peuple<\/span><\/strong><span class=\"qwen-markdown-text\"> Gr\u00e2ce aux lignes 1, 2 et 8, vous pouvez facilement rejoindre l&#039;a\u00e9roport international de Pudong, le p\u00f4le multimodal de Hongqiao et le quartier financier de Lujiazui. Cette accessibilit\u00e9 est essentielle pour rencontrer des clients dans diff\u00e9rents quartiers de Shanghai.<\/span><\/li><li><strong class=\"qwen-markdown-strong\"><span class=\"qwen-markdown-text\">Proximit\u00e9 des p\u00f4les d&#039;affaires\u00a0:<\/span><\/strong><span class=\"qwen-markdown-text\"> \u00c0 proximit\u00e9 du centre d&#039;exposition de Shanghai et des principaux si\u00e8ges sociaux du district de Huangpu.<\/span><\/li><li><strong class=\"qwen-markdown-strong\"><span class=\"qwen-markdown-text\">Divertissement des clients :<\/span><\/strong><span class=\"qwen-markdown-text\"> Apr\u00e8s vos r\u00e9unions, impressionnez vos partenaires en les accueillant \u00e0 proximit\u00e9. L&#039;h\u00f4tel est \u00e0 deux pas de <\/span><strong class=\"qwen-markdown-strong\"><span class=\"qwen-markdown-text\">Rue pi\u00e9tonne de Nanjing Est (300 m)<\/span><\/strong><span class=\"qwen-markdown-text\"> et <\/span><strong class=\"qwen-markdown-strong\"><span class=\"qwen-markdown-text\">le Bund (1,4 km)<\/span><\/strong><span class=\"qwen-markdown-text\">, offrant des restaurants et des lieux de r\u00e9seautage de classe mondiale \u00e0 distance de marche.<\/span><\/li><\/ul><div class=\"qwen-markdown-space\">\u00a0<\/div><h2 class=\"qwen-markdown-heading\"><span class=\"qwen-markdown-text\">\u00c9quilibre vie professionnelle-vie priv\u00e9e pour les professionnels itin\u00e9rants<\/span><\/h2><div class=\"qwen-markdown-paragraph\"><span class=\"qwen-markdown-text\">Pour maintenir une productivit\u00e9 optimale, il est essentiel de se reposer et de se ressourcer. L&#039;h\u00f4tel Treasury veille \u00e0 votre bien-\u00eatre gr\u00e2ce \u00e0 des prestations con\u00e7ues pour vous aider \u00e0 vous d\u00e9tendre apr\u00e8s une longue journ\u00e9e de n\u00e9gociations.<\/span><\/div><div class=\"qwen-markdown-space\">\u00a0<\/div><ul class=\"qwen-markdown-list\" dir=\"auto\"><li><strong class=\"qwen-markdown-strong\"><span class=\"qwen-markdown-text\">Centre de remise en forme :<\/span><\/strong><span class=\"qwen-markdown-text\"> Maintenez votre routine d&#039;entra\u00eenement dans notre salle de sport gratuite et restez en pleine forme.<\/span><\/li><li><strong class=\"qwen-markdown-strong\"><span class=\"qwen-markdown-text\">Options de restauration :<\/span><\/strong><span class=\"qwen-markdown-text\"> Commencez votre journ\u00e9e du bon pied avec un copieux petit-d\u00e9jeuner buffet, ou profitez de notre <\/span><strong class=\"qwen-markdown-strong\"><span class=\"qwen-markdown-text\">robots de livraison de nourriture<\/span><\/strong><span class=\"qwen-markdown-text\"> pour d\u00eener confortablement en chambre lors de longues s\u00e9ances de travail nocturnes.<\/span><\/li><li><strong class=\"qwen-markdown-strong\"><span class=\"qwen-markdown-text\">Services de blanchisserie\u00a0:<\/span><\/strong><span class=\"qwen-markdown-text\"> Notre laverie automatique et notre service de nettoyage \u00e0 sec vous garantissent une apparence impeccable pour vos r\u00e9unions.<\/span><\/li><\/ul><div class=\"qwen-markdown-space\">\u00a0<\/div><h2 class=\"qwen-markdown-heading\"><span class=\"qwen-markdown-text\">R\u00e9servez votre s\u00e9jour d&#039;entreprise d\u00e8s aujourd&#039;hui<\/span><\/h2><div class=\"qwen-markdown-paragraph\"><span class=\"qwen-markdown-text\">Le <\/span><strong class=\"qwen-markdown-strong\"><span class=\"qwen-markdown-text\">Place du Peuple de Shanghai, rue pi\u00e9tonne de Nanjing Est, H\u00f4tel du Tr\u00e9sor<\/span><\/strong><span class=\"qwen-markdown-text\"> Bien plus qu&#039;un simple lieu d&#039;h\u00e9bergement, notre \u00e9tablissement est un v\u00e9ritable centre de productivit\u00e9 con\u00e7u pour vous accompagner dans la r\u00e9alisation de vos objectifs professionnels \u00e0 Shanghai. Gr\u00e2ce \u00e0 notre combinaison de technologies intelligentes, d&#039;espaces de r\u00e9union d\u00e9di\u00e9s, d&#039;un soutien administratif complet et d&#039;un emplacement exceptionnel dans le district de Huangpu, nous vous offrons un environnement id\u00e9al pour la r\u00e9ussite de votre entreprise.<\/span><\/div><div class=\"qwen-markdown-space\">\u00a0<\/div><div class=\"qwen-markdown-paragraph\" data-spm-anchor-id=\"a2ty_o01.29997173.0.i58.5c075171LDsXt3\"><strong class=\"qwen-markdown-strong\"><span class=\"qwen-markdown-text\">Contactez-nous d\u00e8s aujourd&#039;hui pour r\u00e9server votre espace de r\u00e9union ou votre h\u00e9bergement d&#039;entreprise.<\/span><\/strong><span class=\"qwen-markdown-text\"> D\u00e9couvrez le niveau d&#039;excellence qui nous a valu plus de 6\u00a0200 avis positifs. Votre voyage d&#039;affaires m\u00e9rite le confort et les services du Treasury Hotel.<\/span><\/div>\t\t\t\t\t\t\t\t<\/div>\n\t\t\t\t\t<\/div>\n\t\t\t\t<\/div>\n\t\t\t\t<\/div>","protected":false},"excerpt":{"rendered":"<p>Our Hotel board room offers a private, elegant meeting space in the heart of New York for groups of 8 to 10 persons. For your comfort and convenience, coffee break packages are available. Premier Business Facilities in the Heart of Huangpu District Elevate your corporate travel experience at the Shanghai People&#8217;s Square Nanjing East Road [&hellip;]<\/p>\n","protected":false},"author":1,"featured_media":0,"parent":0,"menu_order":0,"comment_status":"closed","ping_status":"closed","template":"elementor_header_footer","meta":{"footnotes":""},"class_list":["post-2109","page","type-page","status-publish","hentry","post-no-thumbnail"],"_links":{"self":[{"href":"https:\/\/treasuryhotelshanghai.com\/fr\/wp-json\/wp\/v2\/pages\/2109","targetHints":{"allow":["GET"]}}],"collection":[{"href":"https:\/\/treasuryhotelshanghai.com\/fr\/wp-json\/wp\/v2\/pages"}],"about":[{"href":"https:\/\/treasuryhotelshanghai.com\/fr\/wp-json\/wp\/v2\/types\/page"}],"author":[{"embeddable":true,"href":"https:\/\/treasuryhotelshanghai.com\/fr\/wp-json\/wp\/v2\/users\/1"}],"replies":[{"embeddable":true,"href":"https:\/\/treasuryhotelshanghai.com\/fr\/wp-json\/wp\/v2\/comments?post=2109"}],"version-history":[{"count":0,"href":"https:\/\/treasuryhotelshanghai.com\/fr\/wp-json\/wp\/v2\/pages\/2109\/revisions"}],"wp:attachment":[{"href":"https:\/\/treasuryhotelshanghai.com\/fr\/wp-json\/wp\/v2\/media?parent=2109"}],"curies":[{"name":"wp","href":"https:\/\/api.w.org\/{rel}","templated":true}]}}