{"id":612,"date":"2021-03-26T10:04:13","date_gmt":"2021-03-26T10:04:13","guid":{"rendered":"http:\/\/localhost\/nuss\/?page_id=612"},"modified":"2026-03-02T14:53:00","modified_gmt":"2026-03-02T14:53:00","slug":"restaurante","status":"publish","type":"page","link":"https:\/\/treasuryhotelshanghai.com\/es\/restaurant\/","title":{"rendered":"Restaurante"},"content":{"rendered":"<div data-elementor-type=\"wp-page\" data-elementor-id=\"612\" class=\"elementor elementor-612\">\n\t\t\t\t\t\t<section class=\"elementor-section elementor-top-section elementor-element elementor-element-e2effe8 elementor-section-boxed elementor-section-gap-beside-yes elementor-section-height-default elementor-section-height-default elementor-section-column-vertical-align-stretch\" data-id=\"e2effe8\" data-element_type=\"section\" data-e-type=\"section\">\n\t\t\t\t\t\t<div class=\"elementor-container elementor-column-gap-extended\">\n\t\t\t\t\t<div class=\"elementor-column elementor-col-100 elementor-top-column elementor-element elementor-element-e18f688\" data-id=\"e18f688\" data-element_type=\"column\" data-e-type=\"column\">\n\t\t\t<div class=\"elementor-widget-wrap elementor-element-populated\">\n\t\t\t\t\t\t<div class=\"elementor-element elementor-element-6db146d elementor-widget__width-initial elementor-invisible elementor-widget elementor-widget-text-editor\" data-id=\"6db146d\" data-element_type=\"widget\" data-e-type=\"widget\" data-settings=\"{&quot;_animation&quot;:&quot;nussFadeInUp&quot;}\" data-widget_type=\"text-editor.default\">\n\t\t\t\t\t\t\t\t\tExcelencia culinaria y experiencias gastron\u00f3micas en la Plaza del Pueblo de Shangh\u00e1i, calle peatonal Nanjing East Road, Hotel Treasury\t\t\t\t\t\t\t\t<\/div>\n\t\t\t\t\t<\/div>\n\t\t<\/div>\n\t\t\t\t\t<\/div>\n\t\t<\/section>\n\t\t<div class=\"elementor-element elementor-element-0cd6624 e-flex e-con-boxed e-con e-parent\" data-id=\"0cd6624\" data-element_type=\"container\" data-e-type=\"container\">\n\t\t\t\t\t<div class=\"e-con-inner\">\n\t\t\t\t<div class=\"elementor-element elementor-element-bea3ee6 elementor-widget elementor-widget-nuss-image-gallery\" data-id=\"bea3ee6\" data-element_type=\"widget\" data-e-type=\"widget\" data-widget_type=\"nuss-image-gallery.default\">\n\t\t\t\t<div class=\"elementor-widget-container\">\n\t\t\t\t\t\t\t<div class=\"nuss-grid-wrapper\" data-grid=\"{&quot;type&quot;:&quot;grid&quot;,&quot;ratio&quot;:null,&quot;columns&quot;:3,&quot;gutter&quot;:30}\">\r\n\t\t\t<div class=\"nuss-grid lazy-grid\">\r\n\t\t\t\t<div class=\"grid-sizer\"><\/div>\r\n\r\n\t\t\t\t\t\t\t\t\t\t\t\t<div class=\"grid-item\">\r\n\t\t\t\t\t\t<div class=\"nuss-box\">\t\t<div class=\"nuss-image image\">\r\n\t\t\t<img decoding=\"async\"  src=\"https:\/\/treasuryhotelshanghai.com\/wp-content\/uploads\/2026\/03\/Treasury-Hotel-Shanghai0021.webp\" alt=\"Hotel Treasury Shanghai0021\" \/>\t\t<\/div>\r\n\t\t\t\t<\/div>\t\t\t\t\t<\/div>\r\n\t\t\t\t\t\t<div class=\"grid-item\">\r\n\t\t\t\t\t\t<div class=\"nuss-box\">\t\t<div class=\"nuss-image image\">\r\n\t\t\t<img decoding=\"async\"  src=\"https:\/\/treasuryhotelshanghai.com\/wp-content\/uploads\/2026\/03\/Treasury-Hotel-Shanghai0003.webp\" alt=\"Hotel del Tesoro de Shangh\u00e1i 0003\" \/>\t\t<\/div>\r\n\t\t\t\t<\/div>\t\t\t\t\t<\/div>\r\n\t\t\t\t\t\t<div class=\"grid-item\">\r\n\t\t\t\t\t\t<div class=\"nuss-box\">\t\t<div class=\"nuss-image image\">\r\n\t\t\t<img decoding=\"async\"  src=\"https:\/\/treasuryhotelshanghai.com\/wp-content\/uploads\/2026\/03\/Treasury-Hotel-Shanghai0005.webp\" alt=\"Hotel del Tesoro de Shangh\u00e1i 0005\" \/>\t\t<\/div>\r\n\t\t\t\t<\/div>\t\t\t\t\t<\/div>\r\n\t\t\t\t\t\t<div class=\"grid-item\">\r\n\t\t\t\t\t\t<div class=\"nuss-box\">\t\t<div class=\"nuss-image image\">\r\n\t\t\t<img decoding=\"async\"  src=\"https:\/\/treasuryhotelshanghai.com\/wp-content\/uploads\/2026\/03\/Treasury-Hotel-Shanghai0004.webp\" alt=\"Hotel del Tesoro de Shangh\u00e1i 0004\" \/>\t\t<\/div>\r\n\t\t\t\t<\/div>\t\t\t\t\t<\/div>\r\n\t\t\t\t\t\t<div class=\"grid-item\">\r\n\t\t\t\t\t\t<div class=\"nuss-box\">\t\t<div class=\"nuss-image image\">\r\n\t\t\t<img decoding=\"async\"  src=\"https:\/\/treasuryhotelshanghai.com\/wp-content\/uploads\/2026\/03\/Treasury-Hotel-Shanghai0006.webp\" alt=\"Hotel del Tesoro de Shangh\u00e1i 0006\" \/>\t\t<\/div>\r\n\t\t\t\t<\/div>\t\t\t\t\t<\/div>\r\n\t\t\t\t\t\t<div class=\"grid-item\">\r\n\t\t\t\t\t\t<div class=\"nuss-box\">\t\t<div class=\"nuss-image image\">\r\n\t\t\t<img decoding=\"async\"  src=\"https:\/\/treasuryhotelshanghai.com\/wp-content\/uploads\/2026\/03\/Treasury-Hotel-Shanghai0019.webp\" alt=\"Hotel del Tesoro de Shangh\u00e1i 0019\" \/>\t\t<\/div>\r\n\t\t\t\t<\/div>\t\t\t\t\t<\/div>\r\n\t\t\t\t\t\t\t\r\n\t\t\t<\/div>\r\n\t\t<\/div>\r\n\t\t\t\t\t\t<\/div>\n\t\t\t\t<\/div>\n\t\t\t\t\t<\/div>\n\t\t\t\t<\/div>\n\t\t<div class=\"elementor-element elementor-element-9e18c39 e-flex e-con-boxed e-con e-parent\" data-id=\"9e18c39\" data-element_type=\"container\" data-e-type=\"container\">\n\t\t\t\t\t<div class=\"e-con-inner\">\n\t\t\t\t<div class=\"elementor-element elementor-element-2d3b550 elementor-widget elementor-widget-text-editor\" data-id=\"2d3b550\" data-element_type=\"widget\" data-e-type=\"widget\" data-widget_type=\"text-editor.default\">\n\t\t\t\t\t\t\t\t\t<h2 class=\"qwen-markdown-heading\"><span class=\"qwen-markdown-text\" data-spm-anchor-id=\"a2ty_o01.29997173.0.i38.5c075171LDsXt3\">Disfrute del sabor de Shangh\u00e1i en el coraz\u00f3n del distrito de Huangpu<\/span><\/h2><div class=\"qwen-markdown-paragraph\"><span class=\"qwen-markdown-text\">Bienvenido a una experiencia gastron\u00f3mica que encapsula a la perfecci\u00f3n el esp\u00edritu de Shangh\u00e1i: una armoniosa combinaci\u00f3n de tradici\u00f3n oriental y sofisticaci\u00f3n occidental. <\/span><strong class=\"qwen-markdown-strong\"><span class=\"qwen-markdown-text\">Plaza del Pueblo de Shangh\u00e1i, Calle peatonal Nanjing East Road, Hotel del Tesoro<\/span><\/strong><span class=\"qwen-markdown-text\">, ubicado en <\/span><strong class=\"qwen-markdown-strong\"><span class=\"qwen-markdown-text\">No. 678 Hankou Road, distrito de Huangpu, Shangh\u00e1i, China<\/span><\/strong><span class=\"qwen-markdown-text\">, Creemos que una hospitalidad excepcional comienza con una gastronom\u00eda excepcional. Nuestra oferta culinaria est\u00e1 dise\u00f1ada para impulsar sus exploraciones, deleitar sus sentidos y presentarle la rica gastronom\u00eda de una de las capitales culinarias del mundo.<\/span><\/div><div class=\"qwen-markdown-space\">\u00a0<\/div><div class=\"qwen-markdown-paragraph\"><span class=\"qwen-markdown-text\">Ya sea que comience el d\u00eda con un tranquilo buf\u00e9 antes de una reuni\u00f3n en el Centro de Exposiciones de Shanghai, disfrute de un refrigerio nocturno entregado por nuestros innovadores robots de servicio o salga a la vibrante escena culinaria de Nanjing Road, el Treasury Hotel garantiza que cada comida sea una parte memorable de su viaje.<\/span><\/div><div class=\"qwen-markdown-space\">\u00a0<\/div><h2 class=\"qwen-markdown-heading\"><span class=\"qwen-markdown-text\">El Sal\u00f3n del Desayuno del Tesoro: Un Ritual Matutino de Excelencia<\/span><\/h2><div class=\"qwen-markdown-paragraph\"><span class=\"qwen-markdown-text\">La pieza central de nuestra experiencia gastron\u00f3mica interna es el <\/span><strong class=\"qwen-markdown-strong\"><span class=\"qwen-markdown-text\">\u73cd\u5b9d\u65e9\u9910\u5385 (Sal\u00f3n de desayuno del tesoro)<\/span><\/strong><span class=\"qwen-markdown-text\">. Dise\u00f1ado con la misma est\u00e9tica ligera y lujosa de estilo franc\u00e9s que define nuestras habitaciones, el sal\u00f3n de desayuno ofrece un ambiente sereno y acogedor para comenzar el d\u00eda.<\/span><\/div><div class=\"qwen-markdown-space\">\u00a0<\/div><ul class=\"qwen-markdown-list\" dir=\"auto\"><li><strong class=\"qwen-markdown-strong\"><span class=\"qwen-markdown-text\">Horario de atenci\u00f3n:<\/span><\/strong><span class=\"qwen-markdown-text\"> Diariamente desde <\/span><strong class=\"qwen-markdown-strong\"><span class=\"qwen-markdown-text\">07:00 a 09:30<\/span><\/strong><span class=\"qwen-markdown-text\">, lo que le garantizar\u00e1 tiempo suficiente para disfrutar de una abundante comida antes de embarcarse en su itinerario diario.<\/span><\/li><li><strong class=\"qwen-markdown-strong\"><span class=\"qwen-markdown-text\">Variedad culinaria:<\/span><\/strong><span class=\"qwen-markdown-text\"> Nuestro rico desayuno buffet satisface paladares diversos, con una cuidada selecci\u00f3n de ambos <\/span><strong class=\"qwen-markdown-strong\"><span class=\"qwen-markdown-text\">Cocinas occidental y china<\/span><\/strong><span class=\"qwen-markdown-text\">. Espere caf\u00e9 arom\u00e1tico reci\u00e9n hecho, pasteles hojaldrados y huevos hechos a pedido junto con tazones humeantes de aut\u00e9nticos fideos de Shangh\u00e1i, dim sum local y congee.<\/span><\/li><li><strong class=\"qwen-markdown-strong\"><span class=\"qwen-markdown-text\">Frescura primero:<\/span><\/strong><span class=\"qwen-markdown-text\"> Nuestro equipo culinario prioriza ingredientes frescos y de alta calidad, preparados diariamente para garantizar el m\u00e1ximo sabor y nutrici\u00f3n.<\/span><\/li><li><strong class=\"qwen-markdown-strong\"><span class=\"qwen-markdown-text\">Pol\u00edtica favorable a la familia:<\/span><\/strong><span class=\"qwen-markdown-text\"> Creemos que la comida debe ser inclusiva. <\/span><strong class=\"qwen-markdown-strong\"><span class=\"qwen-markdown-text\">Los ni\u00f1os menores de 1,2 metros cenan gratis<\/span><\/strong><span class=\"qwen-markdown-text\"> cuando va acompa\u00f1ado de un adulto, lo que nos convierte en la mejor opci\u00f3n para familias que viajan a Shangh\u00e1i.<\/span><\/li><\/ul><div class=\"qwen-markdown-space\">\u00a0<\/div><h2 class=\"qwen-markdown-heading\"><span class=\"qwen-markdown-text\">Tecnolog\u00eda innovadora para restaurantes: el servicio se une a la comodidad<\/span><\/h2><div class=\"qwen-markdown-paragraph\"><span class=\"qwen-markdown-text\">En el Hotel Treasury, adoptamos la tecnolog\u00eda para mejorar su comodidad sin comprometer el toque humano. Nuestro <\/span><strong class=\"qwen-markdown-strong\"><span class=\"qwen-markdown-text\">robots de reparto de comida<\/span><\/strong><span class=\"qwen-markdown-text\"> Son una caracter\u00edstica destacada de nuestro modelo de servicio, ofreciendo una soluci\u00f3n gastron\u00f3mica \u00fanica y conveniente para nuestros hu\u00e9spedes.<\/span><\/div><div class=\"qwen-markdown-space\">\u00a0<\/div><ul class=\"qwen-markdown-list\" dir=\"auto\"><li><strong class=\"qwen-markdown-strong\"><span class=\"qwen-markdown-text\">Entrega sin contacto:<\/span><\/strong><span class=\"qwen-markdown-text\"> \u00bfSe le antoja un refrigerio tarde por la noche o necesita art\u00edculos adicionales que le traigan a su habitaci\u00f3n? Nuestros robots inteligentes navegan eficientemente por los pasillos del hotel, llev\u00e1ndole los art\u00edculos directamente a su puerta.<\/span><\/li><li><strong class=\"qwen-markdown-strong\"><span class=\"qwen-markdown-text\">Conveniencia moderna:<\/span><\/strong><span class=\"qwen-markdown-text\"> Este toque futurista minimiza los tiempos de espera y garantiza la privacidad, permiti\u00e9ndole disfrutar de sus comidas o suministros en la comodidad de su habitaci\u00f3n equipada inteligentemente.<\/span><\/li><li><strong class=\"qwen-markdown-strong\"><span class=\"qwen-markdown-text\">Seguro e higi\u00e9nico:<\/span><\/strong><span class=\"qwen-markdown-text\"> De acuerdo con los est\u00e1ndares de salud modernos, nuestro servicio rob\u00f3tico proporciona una capa adicional de seguridad e higiene para todas las interacciones con los hu\u00e9spedes.<\/span><\/li><\/ul><div class=\"qwen-markdown-space\">\u00a0<\/div><h2 class=\"qwen-markdown-heading\"><span class=\"qwen-markdown-text\">Una puerta de entrada al epicentro culinario de Shangh\u00e1i<\/span><\/h2><div class=\"qwen-markdown-paragraph\"><span class=\"qwen-markdown-text\">Si bien nuestras opciones de comedor interno brindan comodidad y conveniencia, hospedarse en <\/span><strong class=\"qwen-markdown-strong\"><span class=\"qwen-markdown-text\">No. 678 Hankou Road<\/span><\/strong><span class=\"qwen-markdown-text\"> Te sit\u00faa en el epicentro de la legendaria escena gastron\u00f3mica de Shangh\u00e1i. El distrito de Huangpu es famoso por su gran cantidad de restaurantes de renombre, puestos de comida callejera y restaurantes hist\u00f3ricos, todos a poca distancia a pie del hotel.<\/span><\/div><div class=\"qwen-markdown-space\">\u00a0<\/div><ul class=\"qwen-markdown-list\" dir=\"auto\"><li><strong class=\"qwen-markdown-strong\"><span class=\"qwen-markdown-text\">Calle peatonal Nanjing East Road (300 m):<\/span><\/strong><span class=\"qwen-markdown-text\"> A solo unos pasos, esta bulliciosa avenida est\u00e1 repleta de innumerables opciones gastron\u00f3micas que van desde bocados locales r\u00e1pidos hasta cadenas internacionales.<\/span><\/li><li><strong class=\"qwen-markdown-strong\"><span class=\"qwen-markdown-text\">Favoritos locales:<\/span><\/strong><span class=\"qwen-markdown-text\"> Los hu\u00e9spedes pueden acceder f\u00e1cilmente a restaurantes emblem\u00e1ticos de Shangh\u00e1i como <\/span><strong class=\"qwen-markdown-strong\"><span class=\"qwen-markdown-text\">WangBaoHe<\/span><\/strong><span class=\"qwen-markdown-text\"> y <\/span><strong class=\"qwen-markdown-strong\"><span class=\"qwen-markdown-text\">Lao Zheng Xing<\/span><\/strong><span class=\"qwen-markdown-text\">, famoso por sus tradicionales platos estofados y aut\u00e9nticos sabores locales.<\/span><\/li><li><strong class=\"qwen-markdown-strong\"><span class=\"qwen-markdown-text\">El Bund y m\u00e1s all\u00e1:<\/span><\/strong><span class=\"qwen-markdown-text\"> Un corto paseo hasta el Bund (1,4 km) revela restaurantes de alta gama con impresionantes vistas del r\u00edo Huangpu, perfectos para ocasiones especiales o cenas de negocios.<\/span><\/li><li><strong class=\"qwen-markdown-strong\"><span class=\"qwen-markdown-text\">Recomendaciones del conserje:<\/span><\/strong><span class=\"qwen-markdown-text\"> Nuestro equipo de recepci\u00f3n multiling\u00fce est\u00e1 ansioso por brindarle recomendaciones gastron\u00f3micas personalizadas, hacer reservas o ayudarlo a navegar por el men\u00fa local para encontrar la comida perfecta para su gusto y presupuesto.<\/span><\/li><\/ul><div class=\"qwen-markdown-space\">\u00a0<\/div><h2 class=\"qwen-markdown-heading\"><span class=\"qwen-markdown-text\">Adaptaciones diet\u00e9ticas y solicitudes especiales<\/span><\/h2><div class=\"qwen-markdown-paragraph\"><span class=\"qwen-markdown-text\">Entendemos que los viajeros modernos tienen necesidades diet\u00e9ticas diversas. Nuestro equipo se compromete a garantizar que cada hu\u00e9sped pueda disfrutar de sus comidas con tranquilidad.<\/span><\/div><div class=\"qwen-markdown-space\">\u00a0<\/div><ul class=\"qwen-markdown-list\" dir=\"auto\"><li><strong class=\"qwen-markdown-strong\"><span class=\"qwen-markdown-text\">Personalizaci\u00f3n:<\/span><\/strong><span class=\"qwen-markdown-text\"> Si bien nuestro buffet ofrece una amplia variedad, nuestro personal estar\u00e1 encantado de ayudarle con consultas diet\u00e9ticas espec\u00edficas sobre los ingredientes.<\/span><\/li><li><strong class=\"qwen-markdown-strong\"><span class=\"qwen-markdown-text\">Conciencia sobre las alergias:<\/span><\/strong><span class=\"qwen-markdown-text\"> Informe a nuestro equipo sobre cualquier alergia o restricci\u00f3n al momento del check-in o antes de cenar y haremos todo lo posible para guiarlo hacia opciones seguras y deliciosas.<\/span><\/li><li><strong class=\"qwen-markdown-strong\"><span class=\"qwen-markdown-text\">Alternativas de servicio de comidas en la habitaci\u00f3n:<\/span><\/strong><span class=\"qwen-markdown-text\"> Para los hu\u00e9spedes que prefieren la privacidad, la combinaci\u00f3n de nuestros robots de entrega y los servicios de entrega de restaurantes cercanos (accesibles a trav\u00e9s de aplicaciones locales) garantiza que nunca tenga que salir de su habitaci\u00f3n para disfrutar de una excelente comida.<\/span><\/li><\/ul><div class=\"qwen-markdown-space\">\u00a0<\/div><h2 class=\"qwen-markdown-heading\"><span class=\"qwen-markdown-text\">\u00bfPor qu\u00e9 cenar en el Treasury Hotel?<\/span><\/h2><div class=\"qwen-markdown-paragraph\"><span class=\"qwen-markdown-text\">Eligiendo el <\/span><strong class=\"qwen-markdown-strong\"><span class=\"qwen-markdown-text\">Plaza del Pueblo de Shangh\u00e1i, Calle peatonal Nanjing East Road, Hotel del Tesoro<\/span><\/strong><span class=\"qwen-markdown-text\"> Elegir una experiencia culinaria hol\u00edstica para su estancia no se limita solo a la comida en el plato, sino tambi\u00e9n a la facilidad de acceso, la calidad del servicio y la inmersi\u00f3n en la cultura gastron\u00f3mica de Shangh\u00e1i.<\/span><\/div><div class=\"qwen-markdown-space\">\u00a0<\/div><ul class=\"qwen-markdown-list\" dir=\"auto\"><li><strong class=\"qwen-markdown-strong\"><span class=\"qwen-markdown-text\">Conveniencia:<\/span><\/strong><span class=\"qwen-markdown-text\"> Empieza tu d\u00eda sin salir del edificio.<\/span><\/li><li><strong class=\"qwen-markdown-strong\"><span class=\"qwen-markdown-text\">Calidad:<\/span><\/strong><span class=\"qwen-markdown-text\"> Disfrute de selecciones de buffet de alto nivel en un ambiente limpio y elegante.<\/span><\/li><li><strong class=\"qwen-markdown-strong\"><span class=\"qwen-markdown-text\">Ubicaci\u00f3n:<\/span><\/strong><span class=\"qwen-markdown-text\"> Est\u00e9 rodeado de una de las mejores comidas de Asia.<\/span><\/li><li><strong class=\"qwen-markdown-strong\"><span class=\"qwen-markdown-text\">Innovaci\u00f3n:<\/span><\/strong><span class=\"qwen-markdown-text\"> Experimente el futuro de la hospitalidad con nuestro servicio rob\u00f3tico.<\/span><\/li><\/ul><div class=\"qwen-markdown-space\">\u00a0<\/div><h2 class=\"qwen-markdown-heading\"><span class=\"qwen-markdown-text\">\u00danase a nosotros para disfrutar de Shangh\u00e1i<\/span><\/h2><div class=\"qwen-markdown-paragraph\"><span class=\"qwen-markdown-text\">Ya sea que est\u00e9 tomando un caf\u00e9 en nuestro Treasure Breakfast Hall mientras la luz de la ma\u00f1ana se filtra a trav\u00e9s de las ventanas de estilo franc\u00e9s, o explorando los bulliciosos mercados nocturnos del distrito de Huangpu despu\u00e9s de un d\u00eda de turismo, el Treasury Hotel es su compa\u00f1ero culinario en Shanghai.<\/span><\/div><div class=\"qwen-markdown-space\">\u00a0<\/div><div class=\"qwen-markdown-paragraph\"><span class=\"qwen-markdown-text\">Te invitamos a despertar con el aroma de un desayuno reci\u00e9n hecho, explorar los sabores de la ciudad desde nuestra ubicaci\u00f3n estrat\u00e9gica y dejar que nuestro equipo te gu\u00ede hacia tu pr\u00f3xima comida favorita. Tu paladar disfrutar\u00e1 de un viaje tan inolvidable como la ciudad misma.<\/span><\/div><div class=\"qwen-markdown-space\">\u00a0<\/div><div class=\"qwen-markdown-paragraph\"><strong class=\"qwen-markdown-strong\"><span class=\"qwen-markdown-text\">Reserva tu estancia hoy<\/span><\/strong><span class=\"qwen-markdown-text\"> y descubra por qu\u00e9 el Treasury Hotel es la opci\u00f3n preferida tanto por los amantes de la comida como por los viajeros. <\/span><strong class=\"qwen-markdown-strong\"><span class=\"qwen-markdown-text\">No. 678 Hankou Road, distrito de Huangpu, Shangh\u00e1i, China<\/span><\/strong><span class=\"qwen-markdown-text\">.<\/span><\/div>\t\t\t\t\t\t\t\t<\/div>\n\t\t\t\t\t<\/div>\n\t\t\t\t<\/div>\n\t\t\t\t<\/div>","protected":false},"excerpt":{"rendered":"<p>Culinary Excellence &#038; Dining Experiences at Shanghai People&#8217;s Square Nanjing East Road Pedestrian Street Treasury Hotel Savor the Flavor of Shanghai in the Heart of Huangpu District Welcome to a dining experience that perfectly encapsulates the spirit of Shanghai: a harmonious blend of Eastern tradition and Western sophistication. At the Shanghai People&#8217;s Square Nanjing East [&hellip;]<\/p>\n","protected":false},"author":1,"featured_media":0,"parent":0,"menu_order":0,"comment_status":"closed","ping_status":"closed","template":"elementor_header_footer","meta":{"footnotes":""},"class_list":["post-612","page","type-page","status-publish","hentry","post-no-thumbnail"],"_links":{"self":[{"href":"https:\/\/treasuryhotelshanghai.com\/es\/wp-json\/wp\/v2\/pages\/612","targetHints":{"allow":["GET"]}}],"collection":[{"href":"https:\/\/treasuryhotelshanghai.com\/es\/wp-json\/wp\/v2\/pages"}],"about":[{"href":"https:\/\/treasuryhotelshanghai.com\/es\/wp-json\/wp\/v2\/types\/page"}],"author":[{"embeddable":true,"href":"https:\/\/treasuryhotelshanghai.com\/es\/wp-json\/wp\/v2\/users\/1"}],"replies":[{"embeddable":true,"href":"https:\/\/treasuryhotelshanghai.com\/es\/wp-json\/wp\/v2\/comments?post=612"}],"version-history":[{"count":0,"href":"https:\/\/treasuryhotelshanghai.com\/es\/wp-json\/wp\/v2\/pages\/612\/revisions"}],"wp:attachment":[{"href":"https:\/\/treasuryhotelshanghai.com\/es\/wp-json\/wp\/v2\/media?parent=612"}],"curies":[{"name":"wp","href":"https:\/\/api.w.org\/{rel}","templated":true}]}}