{"id":5266,"date":"2021-07-18T08:03:35","date_gmt":"2021-07-18T08:03:35","guid":{"rendered":"https:\/\/nuss.uxper.co\/luxury-resort\/?page_id=5266"},"modified":"2026-03-04T03:18:20","modified_gmt":"2026-03-04T03:18:20","slug":"sobre-nosotros","status":"publish","type":"page","link":"https:\/\/treasuryhotelshanghai.com\/es\/about-us\/","title":{"rendered":"Sobre nosotros"},"content":{"rendered":"<div data-elementor-type=\"wp-page\" data-elementor-id=\"5266\" class=\"elementor elementor-5266\">\n\t\t\t\t\t\t<section class=\"elementor-section elementor-top-section elementor-element elementor-element-10416953 elementor-section-boxed elementor-section-gap-beside-yes elementor-section-height-default elementor-section-height-default elementor-section-column-vertical-align-stretch\" data-id=\"10416953\" data-element_type=\"section\" data-e-type=\"section\">\n\t\t\t\t\t\t<div class=\"elementor-container elementor-column-gap-extended\">\n\t\t\t\t\t<div class=\"elementor-column elementor-col-100 elementor-top-column elementor-element elementor-element-29c6aa8\" data-id=\"29c6aa8\" data-element_type=\"column\" data-e-type=\"column\">\n\t\t\t<div class=\"elementor-widget-wrap elementor-element-populated\">\n\t\t\t\t\t\t<div class=\"elementor-element elementor-element-7be18fe7 elementor-widget__width-initial elementor-invisible elementor-widget elementor-widget-text-editor\" data-id=\"7be18fe7\" data-element_type=\"widget\" data-e-type=\"widget\" data-settings=\"{&quot;_animation&quot;:&quot;nussFadeInUp&quot;}\" data-widget_type=\"text-editor.default\">\n\t\t\t\t\t\t\t\t\tPlaza del Pueblo de Shangh\u00e1i, Calle peatonal Nanjing East Road, Hotel Treasury: su estancia de lujo de primer nivel en el coraz\u00f3n de Shangh\u00e1i\t\t\t\t\t\t\t\t<\/div>\n\t\t\t\t\t<\/div>\n\t\t<\/div>\n\t\t\t\t\t<\/div>\n\t\t<\/section>\n\t\t\t\t<section class=\"elementor-section elementor-top-section elementor-element elementor-element-7d18327f elementor-section-boxed elementor-section-gap-beside-yes elementor-section-height-default elementor-section-height-default elementor-section-column-vertical-align-stretch\" data-id=\"7d18327f\" data-element_type=\"section\" data-e-type=\"section\">\n\t\t\t\t\t\t<div class=\"elementor-container elementor-column-gap-extended\">\n\t\t\t\t\t<div class=\"elementor-column elementor-col-50 elementor-top-column elementor-element elementor-element-56533670\" data-id=\"56533670\" data-element_type=\"column\" data-e-type=\"column\">\n\t\t\t<div class=\"elementor-widget-wrap elementor-element-populated\">\n\t\t\t\t\t\t<div class=\"elementor-element elementor-element-19c3f543 elementor-invisible elementor-widget elementor-widget-text-editor\" data-id=\"19c3f543\" data-element_type=\"widget\" data-e-type=\"widget\" data-settings=\"{&quot;_animation&quot;:&quot;nussFadeInUp&quot;}\" data-widget_type=\"text-editor.default\">\n\t\t\t\t\t\t\t\t\t<p><span class=\"qwen-markdown-text\" data-spm-anchor-id=\"a2ty_o01.29997173.0.i67.5c075171LDsXt3\">Descubra la combinaci\u00f3n perfecta de elegancia de inspiraci\u00f3n francesa y sofisticaci\u00f3n moderna en el <\/span><strong class=\"qwen-markdown-strong\"><span class=\"qwen-markdown-text\" data-spm-anchor-id=\"a2ty_o01.29997173.0.i66.5c075171LDsXt3\">Plaza del Pueblo de Shangh\u00e1i, Calle peatonal Nanjing East Road, Hotel del Tesoro<\/span><\/strong><span class=\"qwen-markdown-text\">, idealmente situado en <\/span><strong class=\"qwen-markdown-strong\"><span class=\"qwen-markdown-text\">No. 678 Hankou Road, distrito de Huangpu, Shangh\u00e1i, China<\/span><\/strong><span class=\"qwen-markdown-text\">. Este excepcional hotel boutique de 4 estrellas, inaugurado en 2024, ofrece a los viajeros un refugio urbano inolvidable en una de las ciudades m\u00e1s din\u00e1micas de Asia. Ya sea que visite Shangh\u00e1i por negocios, placer o para explorar la cultura, nuestra ubicaci\u00f3n privilegiada lo sit\u00faa a pocos pasos de los lugares m\u00e1s emblem\u00e1ticos de la ciudad, tiendas de primera clase y aut\u00e9nticas experiencias culinarias.<\/span><\/p>\t\t\t\t\t\t\t\t<\/div>\n\t\t\t\t\t<\/div>\n\t\t<\/div>\n\t\t\t\t<div class=\"elementor-column elementor-col-50 elementor-top-column elementor-element elementor-element-30f14127\" data-id=\"30f14127\" data-element_type=\"column\" data-e-type=\"column\">\n\t\t\t<div class=\"elementor-widget-wrap elementor-element-populated\">\n\t\t\t\t\t\t<div class=\"elementor-element elementor-element-be7077d elementor-widget elementor-widget-image\" data-id=\"be7077d\" data-element_type=\"widget\" data-e-type=\"widget\" data-widget_type=\"image.default\">\n\t\t\t\t\t\t\t\t\t\t\t\t\t\t\t<img fetchpriority=\"high\" decoding=\"async\" width=\"1024\" height=\"768\" src=\"https:\/\/treasuryhotelshanghai.com\/wp-content\/uploads\/2026\/03\/Treasury-Hotel-Shanghai0047-1024x768.webp\" class=\"attachment-large size-large wp-image-5640\" alt=\"\" srcset=\"https:\/\/treasuryhotelshanghai.com\/wp-content\/uploads\/2026\/03\/Treasury-Hotel-Shanghai0047-1024x768.webp 1024w, https:\/\/treasuryhotelshanghai.com\/wp-content\/uploads\/2026\/03\/Treasury-Hotel-Shanghai0047-300x225.webp 300w, https:\/\/treasuryhotelshanghai.com\/wp-content\/uploads\/2026\/03\/Treasury-Hotel-Shanghai0047-768x576.webp 768w, https:\/\/treasuryhotelshanghai.com\/wp-content\/uploads\/2026\/03\/Treasury-Hotel-Shanghai0047.webp 1138w\" sizes=\"(max-width: 1024px) 100vw, 1024px\" \/>\t\t\t\t\t\t\t\t\t\t\t\t\t\t\t<\/div>\n\t\t\t\t\t<\/div>\n\t\t<\/div>\n\t\t\t\t\t<\/div>\n\t\t<\/section>\n\t\t\t\t<section class=\"elementor-section elementor-top-section elementor-element elementor-element-29fb8578 elementor-section-height-min-height elementor-section-stretched elementor-section-full_width elementor-section-items-stretch elementor-section-height-default elementor-section-column-vertical-align-stretch\" data-id=\"29fb8578\" data-element_type=\"section\" data-e-type=\"section\" data-settings=\"{&quot;stretch_section&quot;:&quot;section-stretched&quot;}\">\n\t\t\t\t\t\t<div class=\"elementor-container elementor-column-gap-no\">\n\t\t\t\t\t<div class=\"elementor-column elementor-col-50 elementor-top-column elementor-element elementor-element-40ac270b\" data-id=\"40ac270b\" data-element_type=\"column\" data-e-type=\"column\">\n\t\t\t<div class=\"elementor-widget-wrap elementor-element-populated\">\n\t\t\t\t\t\t<div class=\"elementor-element elementor-element-20872773 elementor-widget__width-initial elementor-widget-mobile__width-inherit elementor-invisible nuss-elementor-loading nuss-slide-in-right elementor-widget elementor-widget-image\" data-id=\"20872773\" data-element_type=\"widget\" data-e-type=\"widget\" data-settings=\"{&quot;_animation&quot;:&quot;nussSlideInRight&quot;}\" data-widget_type=\"image.default\">\n\t\t\t\t\t\t\t\t\t\t\t\t\t\t\t<img decoding=\"async\" width=\"1137\" height=\"853\" src=\"https:\/\/treasuryhotelshanghai.com\/wp-content\/uploads\/2026\/03\/Treasury-Hotel-Shanghai0057.webp\" class=\"attachment-full size-full wp-image-5650\" alt=\"\" srcset=\"https:\/\/treasuryhotelshanghai.com\/wp-content\/uploads\/2026\/03\/Treasury-Hotel-Shanghai0057.webp 1137w, https:\/\/treasuryhotelshanghai.com\/wp-content\/uploads\/2026\/03\/Treasury-Hotel-Shanghai0057-300x225.webp 300w, https:\/\/treasuryhotelshanghai.com\/wp-content\/uploads\/2026\/03\/Treasury-Hotel-Shanghai0057-1024x768.webp 1024w, https:\/\/treasuryhotelshanghai.com\/wp-content\/uploads\/2026\/03\/Treasury-Hotel-Shanghai0057-768x576.webp 768w\" sizes=\"(max-width: 1137px) 100vw, 1137px\" \/>\t\t\t\t\t\t\t\t\t\t\t\t\t\t\t<\/div>\n\t\t\t\t\t<\/div>\n\t\t<\/div>\n\t\t\t\t<div class=\"elementor-column elementor-col-50 elementor-top-column elementor-element elementor-element-2dac103\" data-id=\"2dac103\" data-element_type=\"column\" data-e-type=\"column\">\n\t\t\t<div class=\"elementor-widget-wrap elementor-element-populated\">\n\t\t\t\t\t\t<div class=\"elementor-element elementor-element-6f1b8966 elementor-invisible elementor-widget elementor-widget-text-editor\" data-id=\"6f1b8966\" data-element_type=\"widget\" data-e-type=\"widget\" data-settings=\"{&quot;_animation&quot;:&quot;nussFadeInUp&quot;}\" data-widget_type=\"text-editor.default\">\n\t\t\t\t\t\t\t\t\t<h2 class=\"qwen-markdown-heading\"><span class=\"qwen-markdown-text\" data-spm-anchor-id=\"a2ty_o01.29997173.0.i68.5c075171LDsXt3\">Ubicaci\u00f3n inmejorable en el epicentro cultural y comercial de Shangh\u00e1i<\/span><\/h2><div class=\"qwen-markdown-paragraph\"><span class=\"qwen-markdown-text\">Ubicado estrat\u00e9gicamente en el vibrante distrito de Huangpu, el Treasury Hotel ofrece un acceso inigualable a las principales atracciones de Shangh\u00e1i. <\/span><strong class=\"qwen-markdown-strong\"><span class=\"qwen-markdown-text\">A 230 metros de la estaci\u00f3n de metro Plaza del Pueblo<\/span><\/strong><span class=\"qwen-markdown-text\"> (L\u00edneas 1, 2 y 8), los hu\u00e9spedes disfrutan de una conexi\u00f3n fluida con el Aeropuerto Internacional de Pudong, el Centro de Transporte de Hongqiao y los principales distritos comerciales. Pasee. <\/span><strong class=\"qwen-markdown-strong\"><span class=\"qwen-markdown-text\">A 300 metros de la calle peatonal Nanjing East Road<\/span><\/strong><span class=\"qwen-markdown-text\">\u2014La avenida comercial m\u00e1s concurrida de China\u2014 donde marcas de lujo, boutiques locales y puestos de comida callejera crean un ambiente electrizante. Destinos emblem\u00e1ticos como el Bund (1,4 km), el Jard\u00edn Yu (1,8 km), <\/span><strong class=\"qwen-markdown-strong\"><span class=\"qwen-markdown-text\">Museo de Shangh\u00e1i<\/span><\/strong><span class=\"qwen-markdown-text\">, y <\/span><strong class=\"qwen-markdown-strong\"><span class=\"qwen-markdown-text\">Gran Teatro<\/span><\/strong><span class=\"qwen-markdown-text\"> Todos ellos se encuentran a poca distancia a pie o en un corto viaje en metro, lo que convierte a nuestro hotel en la base ideal tanto para quienes nos visitan por primera vez como para viajeros experimentados.<\/span><\/div>\t\t\t\t\t\t\t\t<\/div>\n\t\t\t\t\t<\/div>\n\t\t<\/div>\n\t\t\t\t\t<\/div>\n\t\t<\/section>\n\t\t\t\t<section class=\"elementor-section elementor-top-section elementor-element elementor-element-79ff60a elementor-section-height-min-height elementor-section-stretched elementor-section-full_width elementor-section-items-stretch elementor-section-height-default elementor-section-column-vertical-align-stretch\" data-id=\"79ff60a\" data-element_type=\"section\" data-e-type=\"section\" data-settings=\"{&quot;stretch_section&quot;:&quot;section-stretched&quot;}\">\n\t\t\t\t\t\t<div class=\"elementor-container elementor-column-gap-no\">\n\t\t\t\t\t<div class=\"elementor-column elementor-col-50 elementor-top-column elementor-element elementor-element-12aab04\" data-id=\"12aab04\" data-element_type=\"column\" data-e-type=\"column\">\n\t\t\t<div class=\"elementor-widget-wrap elementor-element-populated\">\n\t\t\t\t\t\t<div class=\"elementor-element elementor-element-cd7cee3 elementor-invisible elementor-widget elementor-widget-text-editor\" data-id=\"cd7cee3\" data-element_type=\"widget\" data-e-type=\"widget\" data-settings=\"{&quot;_animation&quot;:&quot;nussFadeInUp&quot;}\" data-widget_type=\"text-editor.default\">\n\t\t\t\t\t\t\t\t\t<h2 class=\"qwen-markdown-heading\"><span class=\"qwen-markdown-text\">El dise\u00f1o de inspiraci\u00f3n francesa se combina con la comodidad m\u00e1s vanguardista<\/span><\/h2><div class=\"qwen-markdown-paragraph\"><span class=\"qwen-markdown-text\">Ad\u00e9ntrese en un mundo donde la rom\u00e1ntica est\u00e9tica parisina se fusiona con la hospitalidad china contempor\u00e1nea. El Hotel Treasury ofrece... <\/span><strong class=\"qwen-markdown-strong\"><span class=\"qwen-markdown-text\">133 habitaciones y suites meticulosamente dise\u00f1adas<\/span><\/strong><span class=\"qwen-markdown-text\"> (De 20 a 50 m\u00b2), cada una con interiores luminosos y lujosos de estilo franc\u00e9s, colchones premium con memoria de forma Plante y King Koil y sistemas inteligentes de control de habitaciones. Elija entre nuestras habitaciones cuidadosamente seleccionadas, incluyendo las Treasure Deluxe King, Cozy Queen, City View Suite y Big Bed, todas equipadas con wifi de alta velocidad gratuito, climatizaci\u00f3n, ba\u00f1o privado y opciones selectas con vista a la ciudad y refrigerador. El servicio de limpieza diario y los robots de servicio sin contacto garantizan una experiencia impecable y personalizada, adaptada a sus preferencias.<\/span><\/div>\t\t\t\t\t\t\t\t<\/div>\n\t\t\t\t\t<\/div>\n\t\t<\/div>\n\t\t\t\t<div class=\"elementor-column elementor-col-50 elementor-top-column elementor-element elementor-element-a66997c\" data-id=\"a66997c\" data-element_type=\"column\" data-e-type=\"column\">\n\t\t\t<div class=\"elementor-widget-wrap elementor-element-populated\">\n\t\t\t\t\t\t<div class=\"elementor-element elementor-element-9606f3a elementor-widget__width-initial elementor-widget-mobile__width-inherit elementor-invisible nuss-elementor-loading nuss-slide-in-right elementor-widget elementor-widget-image\" data-id=\"9606f3a\" data-element_type=\"widget\" data-e-type=\"widget\" data-settings=\"{&quot;_animation&quot;:&quot;nussSlideInRight&quot;}\" data-widget_type=\"image.default\">\n\t\t\t\t\t\t\t\t\t\t\t\t\t\t\t<img decoding=\"async\" width=\"1138\" height=\"853\" src=\"https:\/\/treasuryhotelshanghai.com\/wp-content\/uploads\/2026\/03\/Treasury-Hotel-Shanghai0053.webp\" class=\"attachment-full size-full wp-image-5646\" alt=\"\" srcset=\"https:\/\/treasuryhotelshanghai.com\/wp-content\/uploads\/2026\/03\/Treasury-Hotel-Shanghai0053.webp 1138w, https:\/\/treasuryhotelshanghai.com\/wp-content\/uploads\/2026\/03\/Treasury-Hotel-Shanghai0053-300x225.webp 300w, https:\/\/treasuryhotelshanghai.com\/wp-content\/uploads\/2026\/03\/Treasury-Hotel-Shanghai0053-1024x768.webp 1024w, https:\/\/treasuryhotelshanghai.com\/wp-content\/uploads\/2026\/03\/Treasury-Hotel-Shanghai0053-768x576.webp 768w\" sizes=\"(max-width: 1138px) 100vw, 1138px\" \/>\t\t\t\t\t\t\t\t\t\t\t\t\t\t\t<\/div>\n\t\t\t\t\t<\/div>\n\t\t<\/div>\n\t\t\t\t\t<\/div>\n\t\t<\/section>\n\t\t\t\t<section class=\"elementor-section elementor-top-section elementor-element elementor-element-83d02da elementor-section-height-min-height elementor-section-stretched elementor-section-full_width elementor-section-items-stretch elementor-section-height-default elementor-section-column-vertical-align-stretch\" data-id=\"83d02da\" data-element_type=\"section\" data-e-type=\"section\" data-settings=\"{&quot;stretch_section&quot;:&quot;section-stretched&quot;}\">\n\t\t\t\t\t\t<div class=\"elementor-container elementor-column-gap-no\">\n\t\t\t\t\t<div class=\"elementor-column elementor-col-50 elementor-top-column elementor-element elementor-element-a3aa051\" data-id=\"a3aa051\" data-element_type=\"column\" data-e-type=\"column\">\n\t\t\t<div class=\"elementor-widget-wrap elementor-element-populated\">\n\t\t\t\t\t\t<div class=\"elementor-element elementor-element-1100fa4 elementor-invisible elementor-widget elementor-widget-text-editor\" data-id=\"1100fa4\" data-element_type=\"widget\" data-e-type=\"widget\" data-settings=\"{&quot;_animation&quot;:&quot;nussFadeInUp&quot;}\" data-widget_type=\"text-editor.default\">\n\t\t\t\t\t\t\t\t\t<h2 class=\"qwen-markdown-heading\"><span class=\"qwen-markdown-text\">Comodidades excepcionales para viajeros modernos<\/span><\/h2><div class=\"qwen-markdown-paragraph\"><span class=\"qwen-markdown-text\">Entendemos que los viajeros de hoy buscan comodidad y autenticidad. Por eso, el Hotel Treasury ofrece una completa gama de servicios dise\u00f1ados para mejorar su estancia:<\/span><\/div><div class=\"qwen-markdown-space\">\u00a0<\/div><ul class=\"qwen-markdown-list\" dir=\"auto\"><li><strong class=\"qwen-markdown-strong\"><span class=\"qwen-markdown-text\">Comida<\/span><\/strong><span class=\"qwen-markdown-text\">Comience su ma\u00f1ana en nuestro Treasure Breakfast Hall (7:00\u20139:30), con un variado buf\u00e9 de cocina occidental y china. Los ni\u00f1os menores de 1,2 m comen gratis. Salga a explorar cientos de reconocidos restaurantes locales o disfrute del servicio de comida en la habitaci\u00f3n con nuestros innovadores robots de reparto.<\/span><\/li><li><strong class=\"qwen-markdown-strong\"><span class=\"qwen-markdown-text\">Bienestar y negocios<\/span><\/strong><span class=\"qwen-markdown-text\">Mant\u00e9ngase activo en nuestro gimnasio de cortes\u00eda, renueve su guardarropa en la lavander\u00eda de autoservicio u organice reuniones productivas en nuestras instalaciones para conferencias completamente equipadas.<\/span><\/li><li><strong class=\"qwen-markdown-strong\"><span class=\"qwen-markdown-text\">Servicios para hu\u00e9spedes<\/span><\/strong><span class=\"qwen-markdown-text\">Nuestro equipo de recepci\u00f3n multiling\u00fce (ingl\u00e9s\/chino), disponible las 24 horas, ofrece registro de entrada y salida expr\u00e9s, servicio de conserjer\u00eda, reserva de taxis, servicio de despertador y servicio de traducci\u00f3n. Los viajeros de negocios se benefician de servicios de fax y fotocopias e internet de alta velocidad en todo el hotel.<\/span><\/li><li><strong class=\"qwen-markdown-strong\"><span class=\"qwen-markdown-text\">Seguridad y accesibilidad<\/span><\/strong><span class=\"qwen-markdown-text\">El hotel cuenta con vigilancia CCTV, sistemas de seguridad contra incendios, seguridad las 24 horas, acceso con tarjeta, ascensores y estrictas pol\u00edticas de no fumar para su tranquilidad.<\/span><\/li><\/ul>\t\t\t\t\t\t\t\t<\/div>\n\t\t\t\t\t<\/div>\n\t\t<\/div>\n\t\t\t\t<div class=\"elementor-column elementor-col-50 elementor-top-column elementor-element elementor-element-ea10d4e\" data-id=\"ea10d4e\" data-element_type=\"column\" data-e-type=\"column\">\n\t\t\t<div class=\"elementor-widget-wrap elementor-element-populated\">\n\t\t\t\t\t\t<div class=\"elementor-element elementor-element-fcb8d3f elementor-widget__width-initial elementor-widget-mobile__width-inherit elementor-invisible nuss-elementor-loading nuss-slide-in-right elementor-widget elementor-widget-image\" data-id=\"fcb8d3f\" data-element_type=\"widget\" data-e-type=\"widget\" data-settings=\"{&quot;_animation&quot;:&quot;nussSlideInRight&quot;}\" data-widget_type=\"image.default\">\n\t\t\t\t\t\t\t\t\t\t\t\t\t\t\t<img loading=\"lazy\" decoding=\"async\" width=\"1280\" height=\"853\" src=\"https:\/\/treasuryhotelshanghai.com\/wp-content\/uploads\/2026\/03\/Treasury-Hotel-Shanghai0021.webp\" class=\"attachment-full size-full wp-image-5614\" alt=\"\" srcset=\"https:\/\/treasuryhotelshanghai.com\/wp-content\/uploads\/2026\/03\/Treasury-Hotel-Shanghai0021.webp 1280w, https:\/\/treasuryhotelshanghai.com\/wp-content\/uploads\/2026\/03\/Treasury-Hotel-Shanghai0021-300x200.webp 300w, https:\/\/treasuryhotelshanghai.com\/wp-content\/uploads\/2026\/03\/Treasury-Hotel-Shanghai0021-1024x682.webp 1024w, https:\/\/treasuryhotelshanghai.com\/wp-content\/uploads\/2026\/03\/Treasury-Hotel-Shanghai0021-768x512.webp 768w\" sizes=\"(max-width: 1280px) 100vw, 1280px\" \/>\t\t\t\t\t\t\t\t\t\t\t\t\t\t\t<\/div>\n\t\t\t\t\t<\/div>\n\t\t<\/div>\n\t\t\t\t\t<\/div>\n\t\t<\/section>\n\t\t<div class=\"elementor-element elementor-element-f6b6806 e-flex e-con-boxed e-con e-parent\" data-id=\"f6b6806\" data-element_type=\"container\" data-e-type=\"container\">\n\t\t\t\t\t<div class=\"e-con-inner\">\n\t\t\t\t<div class=\"elementor-element elementor-element-9fe8942 elementor-widget elementor-widget-text-editor\" data-id=\"9fe8942\" data-element_type=\"widget\" data-e-type=\"widget\" data-widget_type=\"text-editor.default\">\n\t\t\t\t\t\t\t\t\t<h2 class=\"qwen-markdown-heading\"><span class=\"qwen-markdown-text\">\u00bfPor qu\u00e9 elegir el Treasury Hotel para su estancia en Shangh\u00e1i?<\/span><\/h2><div class=\"qwen-markdown-paragraph\"><span class=\"qwen-markdown-text\">Con una destacada <\/span><strong class=\"qwen-markdown-strong\"><span class=\"qwen-markdown-text\">Calificaci\u00f3n de los hu\u00e9spedes: 9,5\/10<\/span><\/strong><span class=\"qwen-markdown-text\"> Con m\u00e1s de 6200 rese\u00f1as en las principales plataformas de viajes, el Hotel Treasury, ubicado en la Plaza del Pueblo de Shangh\u00e1i, Nanjing East Road, se ha convertido r\u00e1pidamente en una opci\u00f3n de primer nivel para viajeros exigentes. Nuestro compromiso con el servicio personalizado, la atenci\u00f3n al detalle y nuestra ubicaci\u00f3n estrat\u00e9gica ofrecen una excelente relaci\u00f3n calidad-precio, ya sea que asista a una conferencia en el Centro de Exposiciones de Shangh\u00e1i, explore las hist\u00f3ricas calles de la Concesi\u00f3n Francesa o se sumerja en la vibrante vida nocturna de Shangh\u00e1i.<\/span><\/div><div class=\"qwen-markdown-space\">\u00a0<\/div><div class=\"qwen-markdown-paragraph\"><strong class=\"qwen-markdown-strong\"><span class=\"qwen-markdown-text\">Reserva tu estancia hoy<\/span><\/strong><span class=\"qwen-markdown-text\"> Descubra por qu\u00e9 el Hotel Treasury est\u00e1 redefiniendo la hospitalidad en el barrio m\u00e1s codiciado de Shangh\u00e1i. Descubra comodidad, cultura y conveniencia, todo bajo un mismo techo en el n.\u00b0 678 de la calle Hankou, distrito de Huangpu. Su inolvidable viaje a Shangh\u00e1i comienza aqu\u00ed.<\/span><\/div>\t\t\t\t\t\t\t\t<\/div>\n\t\t\t\t\t<\/div>\n\t\t\t\t<\/div>\n\t\t\t\t<\/div>","protected":false},"excerpt":{"rendered":"<p>Shanghai People&#8217;s Square Nanjing East Road Pedestrian Street Treasury Hotel: Your Premier Luxury Stay in the Heart of Shanghai Discover the perfect blend of French-inspired elegance and modern sophistication at the Shanghai People&#8217;s Square Nanjing East Road Pedestrian Street Treasury Hotel, ideally situated at No. 678 Hankou Road, Huangpu District, Shanghai, China. This exceptional 4-star [&hellip;]<\/p>\n","protected":false},"author":1,"featured_media":0,"parent":0,"menu_order":0,"comment_status":"closed","ping_status":"closed","template":"","meta":{"footnotes":""},"class_list":["post-5266","page","type-page","status-publish","hentry","post-no-thumbnail"],"_links":{"self":[{"href":"https:\/\/treasuryhotelshanghai.com\/es\/wp-json\/wp\/v2\/pages\/5266","targetHints":{"allow":["GET"]}}],"collection":[{"href":"https:\/\/treasuryhotelshanghai.com\/es\/wp-json\/wp\/v2\/pages"}],"about":[{"href":"https:\/\/treasuryhotelshanghai.com\/es\/wp-json\/wp\/v2\/types\/page"}],"author":[{"embeddable":true,"href":"https:\/\/treasuryhotelshanghai.com\/es\/wp-json\/wp\/v2\/users\/1"}],"replies":[{"embeddable":true,"href":"https:\/\/treasuryhotelshanghai.com\/es\/wp-json\/wp\/v2\/comments?post=5266"}],"version-history":[{"count":0,"href":"https:\/\/treasuryhotelshanghai.com\/es\/wp-json\/wp\/v2\/pages\/5266\/revisions"}],"wp:attachment":[{"href":"https:\/\/treasuryhotelshanghai.com\/es\/wp-json\/wp\/v2\/media?parent=5266"}],"curies":[{"name":"wp","href":"https:\/\/api.w.org\/{rel}","templated":true}]}}