{"id":2109,"date":"2021-03-26T08:35:58","date_gmt":"2021-03-26T08:35:58","guid":{"rendered":"http:\/\/localhost\/nuss\/?page_id=536"},"modified":"2026-03-02T15:07:25","modified_gmt":"2026-03-02T15:07:25","slug":"instalaciones-comerciales","status":"publish","type":"page","link":"https:\/\/treasuryhotelshanghai.com\/es\/business-facilities\/","title":{"rendered":"Instalaciones comerciales"},"content":{"rendered":"<div data-elementor-type=\"wp-page\" data-elementor-id=\"2109\" class=\"elementor elementor-2109\">\n\t\t\t\t\t\t<section class=\"elementor-section elementor-top-section elementor-element elementor-element-bb2901b elementor-section-boxed elementor-section-gap-beside-yes elementor-section-height-default elementor-section-height-default elementor-section-column-vertical-align-stretch\" data-id=\"bb2901b\" data-element_type=\"section\" data-e-type=\"section\">\n\t\t\t\t\t\t<div class=\"elementor-container elementor-column-gap-extended\">\n\t\t\t\t\t<div class=\"elementor-column elementor-col-100 elementor-top-column elementor-element elementor-element-1919db9\" data-id=\"1919db9\" data-element_type=\"column\" data-e-type=\"column\">\n\t\t\t<div class=\"elementor-widget-wrap elementor-element-populated\">\n\t\t\t\t\t\t<div class=\"elementor-element elementor-element-41a7b9c elementor-widget__width-initial elementor-invisible elementor-widget elementor-widget-text-editor\" data-id=\"41a7b9c\" data-element_type=\"widget\" data-e-type=\"widget\" data-settings=\"{&quot;_animation&quot;:&quot;nussFadeInUp&quot;}\" data-widget_type=\"text-editor.default\">\n\t\t\t\t\t\t\t\t\t<p>La sala de juntas de nuestro hotel ofrece un espacio de reuniones privado y elegante en el coraz\u00f3n de Nueva York para grupos de 8 a 10 personas. Para su comodidad, ofrecemos paquetes de coffee break.<\/p>\t\t\t\t\t\t\t\t<\/div>\n\t\t\t\t\t<\/div>\n\t\t<\/div>\n\t\t\t\t\t<\/div>\n\t\t<\/section>\n\t\t<div class=\"elementor-element elementor-element-246f538 e-flex e-con-boxed e-con e-parent\" data-id=\"246f538\" data-element_type=\"container\" data-e-type=\"container\">\n\t\t\t\t\t<div class=\"e-con-inner\">\n\t\t\t\t<div class=\"elementor-element elementor-element-b014332 elementor-widget elementor-widget-image\" data-id=\"b014332\" data-element_type=\"widget\" data-e-type=\"widget\" data-widget_type=\"image.default\">\n\t\t\t\t\t\t\t\t\t\t\t\t\t\t\t<img fetchpriority=\"high\" decoding=\"async\" width=\"1024\" height=\"768\" src=\"https:\/\/treasuryhotelshanghai.com\/wp-content\/uploads\/2026\/03\/Treasury-Hotel-Shanghai0059-1024x768.webp\" class=\"attachment-large size-large wp-image-5652\" alt=\"\" srcset=\"https:\/\/treasuryhotelshanghai.com\/wp-content\/uploads\/2026\/03\/Treasury-Hotel-Shanghai0059-1024x768.webp 1024w, https:\/\/treasuryhotelshanghai.com\/wp-content\/uploads\/2026\/03\/Treasury-Hotel-Shanghai0059-300x225.webp 300w, https:\/\/treasuryhotelshanghai.com\/wp-content\/uploads\/2026\/03\/Treasury-Hotel-Shanghai0059-768x576.webp 768w, https:\/\/treasuryhotelshanghai.com\/wp-content\/uploads\/2026\/03\/Treasury-Hotel-Shanghai0059.webp 1137w\" sizes=\"(max-width: 1024px) 100vw, 1024px\" \/>\t\t\t\t\t\t\t\t\t\t\t\t\t\t\t<\/div>\n\t\t\t\t\t<\/div>\n\t\t\t\t<\/div>\n\t\t<div class=\"elementor-element elementor-element-e086733 e-flex e-con-boxed e-con e-parent\" data-id=\"e086733\" data-element_type=\"container\" data-e-type=\"container\">\n\t\t\t\t\t<div class=\"e-con-inner\">\n\t\t\t\t<div class=\"elementor-element elementor-element-262e151 elementor-widget elementor-widget-text-editor\" data-id=\"262e151\" data-element_type=\"widget\" data-e-type=\"widget\" data-widget_type=\"text-editor.default\">\n\t\t\t\t\t\t\t\t\t<h2 class=\"qwen-markdown-heading\"><span class=\"qwen-markdown-text\">Instalaciones comerciales de primer nivel en el coraz\u00f3n del distrito de Huangpu<\/span><\/h2><div class=\"qwen-markdown-paragraph\"><span class=\"qwen-markdown-text\">Mejore su experiencia de viaje corporativo en el <\/span><strong class=\"qwen-markdown-strong\"><span class=\"qwen-markdown-text\">Plaza del Pueblo de Shangh\u00e1i, Calle peatonal Nanjing East Road, Hotel del Tesoro<\/span><\/strong><span class=\"qwen-markdown-text\">, ubicado en <\/span><strong class=\"qwen-markdown-strong\"><span class=\"qwen-markdown-text\">No. 678 Hankou Road, distrito de Huangpu, Shangh\u00e1i, China<\/span><\/strong><span class=\"qwen-markdown-text\">. Dise\u00f1ado para el profesional moderno, nuestro hotel boutique de 4 estrellas combina a la perfecci\u00f3n la elegancia de inspiraci\u00f3n francesa con una infraestructura empresarial de alta eficiencia. Ya sea que organice una reuni\u00f3n de directorio, teletrabajo u seminario corporativo, nuestras instalaciones especializadas garantizan la productividad sin sacrificar la comodidad. Reconocido con un excelente... <\/span><strong class=\"qwen-markdown-strong\"><span class=\"qwen-markdown-text\">Calificaci\u00f3n de los hu\u00e9spedes: 9,5\/10<\/span><\/strong><span class=\"qwen-markdown-text\">, Somos la opci\u00f3n preferida de los viajeros de negocios exigentes que buscan una base estrat\u00e9gica en el epicentro comercial de Shanghai.<\/span><\/div><div class=\"qwen-markdown-space\">\u00a0<\/div><h2 class=\"qwen-markdown-heading\"><span class=\"qwen-markdown-text\">Espacios para conferencias y reuniones de \u00faltima generaci\u00f3n<\/span><\/h2><div class=\"qwen-markdown-paragraph\"><span class=\"qwen-markdown-text\">El \u00e9xito est\u00e1 en los detalles y nuestro <\/span><strong class=\"qwen-markdown-strong\"><span class=\"qwen-markdown-text\">salas de conferencias<\/span><\/strong><span class=\"qwen-markdown-text\"> Dise\u00f1ados para facilitar debates productivos y presentaciones fluidas. Ideales para reuniones corporativas peque\u00f1as y medianas, sesiones de lluvia de ideas en equipo o reuniones con clientes, nuestros espacios para reuniones ofrecen un ambiente tranquilo y profesional, lejos del bullicio de la ciudad.<\/span><\/div><div class=\"qwen-markdown-space\">\u00a0<\/div><ul class=\"qwen-markdown-list\" dir=\"auto\"><li><strong class=\"qwen-markdown-strong\"><span class=\"qwen-markdown-text\">Ambiente profesional:<\/span><\/strong><span class=\"qwen-markdown-text\"> Las \u00e1reas de reuniones reflejan los lujosos interiores de estilo franc\u00e9s caracter\u00edsticos del hotel, creando una atm\u00f3sfera sofisticada que impresiona a clientes y socios.<\/span><\/li><li><strong class=\"qwen-markdown-strong\"><span class=\"qwen-markdown-text\">Preparado para material audiovisual:<\/span><\/strong><span class=\"qwen-markdown-text\"> Equipado para soportar las necesidades de presentaci\u00f3n modernas, garantizando que sus diapositivas, videos y conferencias telef\u00f3nicas se ejecuten sin problemas.<\/span><\/li><li><strong class=\"qwen-markdown-strong\"><span class=\"qwen-markdown-text\">Dise\u00f1os flexibles:<\/span><\/strong><span class=\"qwen-markdown-text\"> Nuestros espacios se pueden configurar para adaptarse a diversos requisitos comerciales, desde discusiones ejecutivas \u00edntimas hasta talleres colaborativos.<\/span><\/li><li><strong class=\"qwen-markdown-strong\"><span class=\"qwen-markdown-text\">Apoyo de catering:<\/span><\/strong><span class=\"qwen-markdown-text\"> Coordinar con nuestro <\/span><strong class=\"qwen-markdown-strong\"><span class=\"qwen-markdown-text\">Sal\u00f3n de desayuno del tesoro<\/span><\/strong><span class=\"qwen-markdown-text\"> y equipo de comedor para organizar pausas para caf\u00e9 o almuerzos de trabajo, manteniendo a su equipo con energ\u00eda durante todo el d\u00eda.<\/span><\/li><\/ul><div class=\"qwen-markdown-space\">\u00a0<\/div><h2 class=\"qwen-markdown-heading\"><span class=\"qwen-markdown-text\">Conectividad de alta velocidad y tecnolog\u00eda de salas inteligentes<\/span><\/h2><div class=\"qwen-markdown-paragraph\"><span class=\"qwen-markdown-text\">En la econom\u00eda digital actual, la conectividad confiable es indispensable. El Hotel Treasury ofrece una s\u00f3lida infraestructura tecnol\u00f3gica dise\u00f1ada para mantenerte conectado y eficiente.<\/span><\/div><div class=\"qwen-markdown-space\">\u00a0<\/div><ul class=\"qwen-markdown-list\" dir=\"auto\"><li><strong class=\"qwen-markdown-strong\"><span class=\"qwen-markdown-text\">Wi-Fi de alta velocidad gratuito:<\/span><\/strong><span class=\"qwen-markdown-text\"> Disponible en todas las \u00e1reas p\u00fablicas y habitaciones de hu\u00e9spedes, lo que garantiza que pueda unirse a videoconferencias, cargar archivos grandes o administrar correos electr\u00f3nicos sin interrupciones.<\/span><\/li><li><strong class=\"qwen-markdown-strong\"><span class=\"qwen-markdown-text\">Sistemas de control inteligente para hu\u00e9spedes:<\/span><\/strong><span class=\"qwen-markdown-text\"> Nuestras 133 habitaciones, cuidadosamente dise\u00f1adas, cuentan con controles inteligentes que le permiten personalizar la iluminaci\u00f3n, la temperatura y el entretenimiento sin esfuerzo. Esta tecnolog\u00eda inteligente se extiende a la comodidad empresarial, permiti\u00e9ndole crear el entorno de trabajo perfecto en la privacidad de su habitaci\u00f3n.<\/span><\/li><li><strong class=\"qwen-markdown-strong\"><span class=\"qwen-markdown-text\">Espacios de trabajo en la habitaci\u00f3n:<\/span><\/strong><span class=\"qwen-markdown-text\"> Habitaciones selectas, incluidas nuestras <\/span><strong class=\"qwen-markdown-strong\"><span class=\"qwen-markdown-text\">Suites con vista a la ciudad<\/span><\/strong><span class=\"qwen-markdown-text\"> y <\/span><strong class=\"qwen-markdown-strong\"><span class=\"qwen-markdown-text\">Tesoro Deluxe King<\/span><\/strong><span class=\"qwen-markdown-text\"> Las habitaciones ofrecen amplio espacio e iluminaci\u00f3n adecuada para instalar una computadora port\u00e1til y trabajar c\u00f3modamente fuera del horario laboral.<\/span><\/li><\/ul><div class=\"qwen-markdown-space\">\u00a0<\/div><h2 class=\"qwen-markdown-heading\"><span class=\"qwen-markdown-text\">Servicios integrales de administraci\u00f3n y soporte<\/span><\/h2><div class=\"qwen-markdown-paragraph\"><span class=\"qwen-markdown-text\">Entendemos que los viajes de negocios a menudo requieren apoyo administrativo inmediato. Nuestros equipos de recepci\u00f3n y conserjer\u00eda, disponibles las 24 horas, est\u00e1n aqu\u00ed para gestionar la log\u00edstica para que usted pueda centrarse en sus objetivos principales.<\/span><\/div><div class=\"qwen-markdown-space\">\u00a0<\/div><ul class=\"qwen-markdown-list\" dir=\"auto\"><li><strong class=\"qwen-markdown-strong\"><span class=\"qwen-markdown-text\">Servicios del centro de negocios:<\/span><\/strong><span class=\"qwen-markdown-text\"> Acceda a herramientas de oficina esenciales, incluidas <\/span><strong class=\"qwen-markdown-strong\"><span class=\"qwen-markdown-text\">servicios de fax y fotocopias<\/span><\/strong><span class=\"qwen-markdown-text\">, perfecto para la preparaci\u00f3n de documentos de \u00faltimo momento o la firma de contratos.<\/span><\/li><li><strong class=\"qwen-markdown-strong\"><span class=\"qwen-markdown-text\">Personal multiling\u00fce:<\/span><\/strong><span class=\"qwen-markdown-text\"> Nuestro equipo habla ambos <\/span><strong class=\"qwen-markdown-strong\"><span class=\"qwen-markdown-text\">Ingl\u00e9s y chino<\/span><\/strong><span class=\"qwen-markdown-text\">, superando las brechas de comunicaci\u00f3n y ayudando con consultas comerciales locales, necesidades de traducci\u00f3n o programaci\u00f3n.<\/span><\/li><li><strong class=\"qwen-markdown-strong\"><span class=\"qwen-markdown-text\">Check-In\/Out Express:<\/span><\/strong><span class=\"qwen-markdown-text\"> Minimice el tiempo de espera con nuestros procesos optimizados de llegada y salida, dise\u00f1ados para hu\u00e9spedes con horarios ajustados.<\/span><\/li><li><strong class=\"qwen-markdown-strong\"><span class=\"qwen-markdown-text\">Asistencia secretarial:<\/span><\/strong><span class=\"qwen-markdown-text\"> Nuestro conserje puede ayudarle a imprimir tarjetas de embarque, organizar servicios de mensajer\u00eda y gestionar itinerarios de viaje.<\/span><\/li><\/ul><div class=\"qwen-markdown-space\">\u00a0<\/div><h2 class=\"qwen-markdown-heading\"><span class=\"qwen-markdown-text\">Ubicaci\u00f3n estrat\u00e9gica para networking corporativo<\/span><\/h2><div class=\"qwen-markdown-paragraph\"><span class=\"qwen-markdown-text\">La ubicaci\u00f3n es un activo fundamental para los viajeros de negocios y <\/span><strong class=\"qwen-markdown-strong\"><span class=\"qwen-markdown-text\">No. 678 Hankou Road<\/span><\/strong><span class=\"qwen-markdown-text\"> te sit\u00faa en la convergencia de las redes comerciales y de transporte de Shanghai.<\/span><\/div><div class=\"qwen-markdown-space\">\u00a0<\/div><ul class=\"qwen-markdown-list\" dir=\"auto\"><li><strong class=\"qwen-markdown-strong\"><span class=\"qwen-markdown-text\">Conectividad del transporte:<\/span><\/strong><span class=\"qwen-markdown-text\"> Justo <\/span><strong class=\"qwen-markdown-strong\"><span class=\"qwen-markdown-text\">A 230 metros de la estaci\u00f3n de metro Plaza del Pueblo<\/span><\/strong><span class=\"qwen-markdown-text\"> Con las l\u00edneas 1, 2 y 8, podr\u00e1 llegar f\u00e1cilmente al Aeropuerto Internacional de Pudong, al Centro de Hongqiao y al Distrito Financiero de Lujiazui. Esta accesibilidad es fundamental para atender a clientes en diferentes zonas de Shangh\u00e1i.<\/span><\/li><li><strong class=\"qwen-markdown-strong\"><span class=\"qwen-markdown-text\">Cercan\u00eda a centros de negocios:<\/span><\/strong><span class=\"qwen-markdown-text\"> Cerca del Centro de Exposiciones de Shanghai y de las principales oficinas corporativas del distrito de Huangpu.<\/span><\/li><li><strong class=\"qwen-markdown-strong\"><span class=\"qwen-markdown-text\">Entretenimiento para clientes:<\/span><\/strong><span class=\"qwen-markdown-text\"> Despu\u00e9s de las reuniones, impresione a sus socios hosped\u00e1ndolos cerca. El hotel est\u00e1 a pocos pasos de... <\/span><strong class=\"qwen-markdown-strong\"><span class=\"qwen-markdown-text\">Calle peatonal Nanjing East Road (300 m)<\/span><\/strong><span class=\"qwen-markdown-text\"> y <\/span><strong class=\"qwen-markdown-strong\"><span class=\"qwen-markdown-text\">El Bund (1,4 km)<\/span><\/strong><span class=\"qwen-markdown-text\">, que ofrece restaurantes y lugares para establecer contactos de primer nivel a poca distancia.<\/span><\/li><\/ul><div class=\"qwen-markdown-space\">\u00a0<\/div><h2 class=\"qwen-markdown-heading\"><span class=\"qwen-markdown-text\">Equilibrio entre vida laboral y personal para el profesional viajero<\/span><\/h2><div class=\"qwen-markdown-paragraph\"><span class=\"qwen-markdown-text\">La productividad sostenida requiere descanso y rejuvenecimiento. El Hotel Treasury promueve su bienestar con servicios dise\u00f1ados para ayudarle a relajarse tras un largo d\u00eda de negociaciones.<\/span><\/div><div class=\"qwen-markdown-space\">\u00a0<\/div><ul class=\"qwen-markdown-list\" dir=\"auto\"><li><strong class=\"qwen-markdown-strong\"><span class=\"qwen-markdown-text\">Gimnasio:<\/span><\/strong><span class=\"qwen-markdown-text\"> Mant\u00e9n tu rutina de ejercicios en nuestro gimnasio gratuito, asegur\u00e1ndote de mantenerte con energ\u00eda.<\/span><\/li><li><strong class=\"qwen-markdown-strong\"><span class=\"qwen-markdown-text\">Opciones para comer:<\/span><\/strong><span class=\"qwen-markdown-text\"> Disfrute de un rico desayuno buffet para comenzar bien el d\u00eda o utilice nuestro <\/span><strong class=\"qwen-markdown-strong\"><span class=\"qwen-markdown-text\">robots de reparto de comida<\/span><\/strong><span class=\"qwen-markdown-text\"> para disfrutar c\u00f3modamente de una cena en la habitaci\u00f3n durante las sesiones de trabajo nocturnas.<\/span><\/li><li><strong class=\"qwen-markdown-strong\"><span class=\"qwen-markdown-text\">Servicios de lavander\u00eda:<\/span><\/strong><span class=\"qwen-markdown-text\"> Nuestra lavander\u00eda de autoservicio y servicio de limpieza en seco garantizan que siempre lucir\u00e1 impecable en sus reuniones.<\/span><\/li><\/ul><div class=\"qwen-markdown-space\">\u00a0<\/div><h2 class=\"qwen-markdown-heading\"><span class=\"qwen-markdown-text\">Reserve su estancia corporativa hoy<\/span><\/h2><div class=\"qwen-markdown-paragraph\"><span class=\"qwen-markdown-text\">El <\/span><strong class=\"qwen-markdown-strong\"><span class=\"qwen-markdown-text\">Plaza del Pueblo de Shangh\u00e1i, Calle peatonal Nanjing East Road, Hotel del Tesoro<\/span><\/strong><span class=\"qwen-markdown-text\"> Es m\u00e1s que un simple lugar para dormir; es un centro de productividad dise\u00f1ado para impulsar sus objetivos empresariales en Shangh\u00e1i. Con nuestra combinaci\u00f3n de tecnolog\u00eda inteligente, instalaciones de reuniones especializadas, soporte administrativo integral y una ubicaci\u00f3n inmejorable en el distrito de Huangpu, ofrecemos el entorno perfecto para el \u00e9xito empresarial.<\/span><\/div><div class=\"qwen-markdown-space\">\u00a0<\/div><div class=\"qwen-markdown-paragraph\" data-spm-anchor-id=\"a2ty_o01.29997173.0.i58.5c075171LDsXt3\"><strong class=\"qwen-markdown-strong\"><span class=\"qwen-markdown-text\">Cont\u00e1ctenos hoy para reservar su espacio de reuni\u00f3n o reservar su alojamiento corporativo.<\/span><\/strong><span class=\"qwen-markdown-text\"> Experimente el est\u00e1ndar de excelencia que nos ha valido m\u00e1s de 6200 rese\u00f1as positivas. Su viaje de negocios merece la ventaja del Hotel Treasury.<\/span><\/div>\t\t\t\t\t\t\t\t<\/div>\n\t\t\t\t\t<\/div>\n\t\t\t\t<\/div>\n\t\t\t\t<\/div>","protected":false},"excerpt":{"rendered":"<p>Our Hotel board room offers a private, elegant meeting space in the heart of New York for groups of 8 to 10 persons. For your comfort and convenience, coffee break packages are available. Premier Business Facilities in the Heart of Huangpu District Elevate your corporate travel experience at the Shanghai People&#8217;s Square Nanjing East Road [&hellip;]<\/p>\n","protected":false},"author":1,"featured_media":0,"parent":0,"menu_order":0,"comment_status":"closed","ping_status":"closed","template":"elementor_header_footer","meta":{"footnotes":""},"class_list":["post-2109","page","type-page","status-publish","hentry","post-no-thumbnail"],"_links":{"self":[{"href":"https:\/\/treasuryhotelshanghai.com\/es\/wp-json\/wp\/v2\/pages\/2109","targetHints":{"allow":["GET"]}}],"collection":[{"href":"https:\/\/treasuryhotelshanghai.com\/es\/wp-json\/wp\/v2\/pages"}],"about":[{"href":"https:\/\/treasuryhotelshanghai.com\/es\/wp-json\/wp\/v2\/types\/page"}],"author":[{"embeddable":true,"href":"https:\/\/treasuryhotelshanghai.com\/es\/wp-json\/wp\/v2\/users\/1"}],"replies":[{"embeddable":true,"href":"https:\/\/treasuryhotelshanghai.com\/es\/wp-json\/wp\/v2\/comments?post=2109"}],"version-history":[{"count":0,"href":"https:\/\/treasuryhotelshanghai.com\/es\/wp-json\/wp\/v2\/pages\/2109\/revisions"}],"wp:attachment":[{"href":"https:\/\/treasuryhotelshanghai.com\/es\/wp-json\/wp\/v2\/media?parent=2109"}],"curies":[{"name":"wp","href":"https:\/\/api.w.org\/{rel}","templated":true}]}}