{"id":2106,"date":"2021-03-25T04:08:26","date_gmt":"2021-03-25T04:08:26","guid":{"rendered":"http:\/\/localhost\/nuss\/?page_id=298"},"modified":"2026-03-02T15:10:32","modified_gmt":"2026-03-02T15:10:32","slug":"experiencias","status":"publish","type":"page","link":"https:\/\/treasuryhotelshanghai.com\/es\/experiences\/","title":{"rendered":"Rese\u00f1as del Hotel Tesoro de Shangh\u00e1i"},"content":{"rendered":"<div data-elementor-type=\"wp-page\" data-elementor-id=\"2106\" class=\"elementor elementor-2106\">\n\t\t\t\t\t\t<section class=\"elementor-section elementor-top-section elementor-element elementor-element-1954ffc elementor-section-boxed elementor-section-gap-beside-yes elementor-section-height-default elementor-section-height-default elementor-section-column-vertical-align-stretch\" data-id=\"1954ffc\" data-element_type=\"section\" data-e-type=\"section\">\n\t\t\t\t\t\t<div class=\"elementor-container elementor-column-gap-extended\">\n\t\t\t\t\t<div class=\"elementor-column elementor-col-100 elementor-top-column elementor-element elementor-element-86aebc5\" data-id=\"86aebc5\" data-element_type=\"column\" data-e-type=\"column\">\n\t\t\t<div class=\"elementor-widget-wrap elementor-element-populated\">\n\t\t\t\t\t\t<div class=\"elementor-element elementor-element-11803d1 elementor-widget__width-initial elementor-invisible elementor-widget elementor-widget-text-editor\" data-id=\"11803d1\" data-element_type=\"widget\" data-e-type=\"widget\" data-settings=\"{&quot;_animation&quot;:&quot;nussFadeInUp&quot;}\" data-widget_type=\"text-editor.default\">\n\t\t\t\t\t\t\t\t\tVoces de hu\u00e9spedes: Experiencias aut\u00e9nticas de clientes en la Plaza del Pueblo de Shangh\u00e1i, la calle peatonal Nanjing East Road, el Hotel Treasury\t\t\t\t\t\t\t\t<\/div>\n\t\t\t\t\t<\/div>\n\t\t<\/div>\n\t\t\t\t\t<\/div>\n\t\t<\/section>\n\t\t<div class=\"elementor-element elementor-element-359b1c9 e-flex e-con-boxed e-con e-parent\" data-id=\"359b1c9\" data-element_type=\"container\" data-e-type=\"container\">\n\t\t\t\t\t<div class=\"e-con-inner\">\n\t\t\t\t<div class=\"elementor-element elementor-element-f139d2e elementor-widget elementor-widget-image\" data-id=\"f139d2e\" data-element_type=\"widget\" data-e-type=\"widget\" data-widget_type=\"image.default\">\n\t\t\t\t\t\t\t\t\t\t\t\t\t\t\t\t<a href=\"https:\/\/www.trip.com\/hotels\/shanghai-hotel-detail-122358729\/shanghai-people-s-square-nanjing-east-road-pedestrian-street-treasury-hotel\/?Allianceid=7451095&#038;SID=296088262&#038;trip_sub1=&#038;trip_sub3=D13272100\" target=\"_blank\" rel=\"noopener\">\n\t\t\t\t\t\t\t<img fetchpriority=\"high\" decoding=\"async\" width=\"1581\" height=\"1255\" src=\"https:\/\/treasuryhotelshanghai.com\/wp-content\/uploads\/2026\/03\/Shanghai-Peoples-Square-Nanjing-East-Road-Pedestrian-Street-Treasury-Hotel-Shanghai.jpg\" class=\"attachment-full size-full wp-image-5753\" alt=\"\" srcset=\"https:\/\/treasuryhotelshanghai.com\/wp-content\/uploads\/2026\/03\/Shanghai-Peoples-Square-Nanjing-East-Road-Pedestrian-Street-Treasury-Hotel-Shanghai.jpg 1581w, https:\/\/treasuryhotelshanghai.com\/wp-content\/uploads\/2026\/03\/Shanghai-Peoples-Square-Nanjing-East-Road-Pedestrian-Street-Treasury-Hotel-Shanghai-300x238.jpg 300w, https:\/\/treasuryhotelshanghai.com\/wp-content\/uploads\/2026\/03\/Shanghai-Peoples-Square-Nanjing-East-Road-Pedestrian-Street-Treasury-Hotel-Shanghai-1024x813.jpg 1024w, https:\/\/treasuryhotelshanghai.com\/wp-content\/uploads\/2026\/03\/Shanghai-Peoples-Square-Nanjing-East-Road-Pedestrian-Street-Treasury-Hotel-Shanghai-768x610.jpg 768w, https:\/\/treasuryhotelshanghai.com\/wp-content\/uploads\/2026\/03\/Shanghai-Peoples-Square-Nanjing-East-Road-Pedestrian-Street-Treasury-Hotel-Shanghai-1536x1219.jpg 1536w\" sizes=\"(max-width: 1581px) 100vw, 1581px\" \/>\t\t\t\t\t\t\t\t<\/a>\n\t\t\t\t\t\t\t\t\t\t\t\t\t\t\t<\/div>\n\t\t\t\t\t<\/div>\n\t\t\t\t<\/div>\n\t\t<div class=\"elementor-element elementor-element-754f2be e-flex e-con-boxed e-con e-parent\" data-id=\"754f2be\" data-element_type=\"container\" data-e-type=\"container\">\n\t\t\t\t\t<div class=\"e-con-inner\">\n\t\t\t\t<div class=\"elementor-element elementor-element-7cf0f69 elementor-widget elementor-widget-text-editor\" data-id=\"7cf0f69\" data-element_type=\"widget\" data-e-type=\"widget\" data-widget_type=\"text-editor.default\">\n\t\t\t\t\t\t\t\t\t<h2 class=\"qwen-markdown-heading\"><span class=\"qwen-markdown-text\" data-spm-anchor-id=\"a2ty_o01.29997173.0.i60.5c075171LDsXt3\">Descubra por qu\u00e9 m\u00e1s de 6200 viajeros nos califican con un 9,5\/10 de excepcional.<\/span><\/h2><div class=\"qwen-markdown-paragraph\"><span class=\"qwen-markdown-text\">Al elegir alojamiento en una de las ciudades m\u00e1s din\u00e1micas del mundo, las experiencias reales de los hu\u00e9spedes son lo m\u00e1s importante. <\/span><strong class=\"qwen-markdown-strong\"><span class=\"qwen-markdown-text\" data-spm-anchor-id=\"a2ty_o01.29997173.0.i62.5c075171LDsXt3\">Plaza del Pueblo de Shangh\u00e1i, Calle peatonal Nanjing East Road, Hotel del Tesoro<\/span><\/strong><span class=\"qwen-markdown-text\">, ubicado en <\/span><strong class=\"qwen-markdown-strong\"><span class=\"qwen-markdown-text\">No. 678 Hankou Road, distrito de Huangpu, Shangh\u00e1i, China<\/span><\/strong><span class=\"qwen-markdown-text\">, Creemos que la transparencia genera confianza. Por eso, compartimos con orgullo los comentarios aut\u00e9nticos de nuestros valiosos hu\u00e9spedes. Con un excepcional... <\/span><strong class=\"qwen-markdown-strong\"><span class=\"qwen-markdown-text\">9,5 sobre 10 calificaci\u00f3n general<\/span><\/strong><span class=\"qwen-markdown-text\"> Residencia en <\/span><strong class=\"qwen-markdown-strong\"><span class=\"qwen-markdown-text\">6.216 rese\u00f1as verificadas<\/span><\/strong><span class=\"qwen-markdown-text\"> En Trip.com, nuestro hotel ha ganado reconocimiento como una opci\u00f3n de primer nivel para viajeros que buscan comodidad, conveniencia y hospitalidad genuina en el coraz\u00f3n de Shanghai.<\/span><\/div><div class=\"qwen-markdown-space\">\u00a0<\/div><div class=\"qwen-markdown-paragraph\"><span class=\"qwen-markdown-text\">\u00bfQu\u00e9 hace que este logro sea a\u00fan m\u00e1s notable? <\/span><strong class=\"qwen-markdown-strong\"><span class=\"qwen-markdown-text\">52 invitados consecutivos<\/span><\/strong><span class=\"qwen-markdown-text\"> han valorado positivamente su estancia y nuestra propiedad ha recibido <\/span><strong class=\"qwen-markdown-strong\"><span class=\"qwen-markdown-text\">cero cr\u00edticas negativas en el \u00faltimo mes<\/span><\/strong><span class=\"qwen-markdown-text\">. Estas cifras no son solo estad\u00edsticas: representan a miles de viajeros satisfechos que han hecho de nuestro hotel boutique de inspiraci\u00f3n francesa su segundo hogar.<\/span><\/div><div class=\"qwen-markdown-space\">\u00a0<\/div><h2 class=\"qwen-markdown-heading\"><span class=\"qwen-markdown-text\">An\u00e1lisis de la excelencia: Calificaciones de los hu\u00e9spedes por categor\u00eda<\/span><\/h2><div class=\"qwen-markdown-paragraph\"><span class=\"qwen-markdown-text\">Nuestro compromiso con la hospitalidad integral se refleja en cada aspecto de la experiencia del hu\u00e9sped. As\u00ed nos califican los viajeros en diferentes aspectos clave:<\/span><\/div><div class=\"qwen-markdown-space\">\u00a0<\/div><h3 class=\"qwen-markdown-heading\"><span class=\"qwen-markdown-text\">\ud83e\uddfc Limpieza: 9,6\/10<\/span><\/h3><div class=\"qwen-markdown-paragraph\"><em><span class=\"qwen-markdown-text\">\u201cHabitaciones impecables e instalaciones bien mantenidas\u201d<\/span><\/em><\/div><div class=\"qwen-markdown-space\">\u00a0<\/div><div class=\"qwen-markdown-paragraph\"><span class=\"qwen-markdown-text\">Los hu\u00e9spedes destacan constantemente nuestros rigurosos est\u00e1ndares de limpieza como una caracter\u00edstica destacada. Desde ba\u00f1os impecables hasta ropa de cama reci\u00e9n lavada con productos de primera calidad. <\/span><strong class=\"qwen-markdown-strong\"><span class=\"qwen-markdown-text\">Colchones con memoria de forma Plante &amp; King Koil<\/span><\/strong><span class=\"qwen-markdown-text\">, Los visitantes aprecian la atenci\u00f3n al detalle que crea un ambiente higi\u00e9nico y relajante. Como se\u00f1al\u00f3 un cr\u00edtico reciente: <\/span><em><span class=\"qwen-markdown-text\">\u201cEl vest\u00edbulo estaba limpio y las instalaciones eran buenas\u201d<\/span><\/em><span class=\"qwen-markdown-text\">\u2014un sentimiento compartido por m\u00e1s de 2.000 viajeros que elogiaron espec\u00edficamente nuestros protocolos de limpieza.<\/span><\/div><div class=\"qwen-markdown-space\">\u00a0<\/div><h3 class=\"qwen-markdown-heading\"><span class=\"qwen-markdown-text\">\ud83d\udccd Ubicaci\u00f3n: 9.6\/10<\/span><\/h3><div class=\"qwen-markdown-paragraph\"><em><span class=\"qwen-markdown-text\">\u201cUbicaci\u00f3n ideal cerca de las principales atracciones y con f\u00e1cil acceso al metro\u201d<\/span><\/em><\/div><div class=\"qwen-markdown-space\">\u00a0<\/div><div class=\"qwen-markdown-paragraph\"><span class=\"qwen-markdown-text\">Posicionado justo <\/span><strong class=\"qwen-markdown-strong\"><span class=\"qwen-markdown-text\">A 230 metros de la estaci\u00f3n de metro Plaza del Pueblo<\/span><\/strong><span class=\"qwen-markdown-text\"> y <\/span><strong class=\"qwen-markdown-strong\"><span class=\"qwen-markdown-text\">A 300 metros de la calle peatonal Nanjing East Road<\/span><\/strong><span class=\"qwen-markdown-text\">, Nuestro hotel sit\u00faa lo mejor de Shangh\u00e1i a poca distancia. Basado en <\/span><strong class=\"qwen-markdown-strong\"><span class=\"qwen-markdown-text\">3186 rese\u00f1as centradas en la ubicaci\u00f3n<\/span><\/strong><span class=\"qwen-markdown-text\">, A los hu\u00e9spedes les encanta la comodidad de llegar al **Bund** (1,4 km), <\/span><strong class=\"qwen-markdown-strong\"><span class=\"qwen-markdown-text\">Jard\u00edn Yu<\/span><\/strong><span class=\"qwen-markdown-text\">, e innumerables opciones gastron\u00f3micas sin largos desplazamientos. Los viajeros de negocios valoran la perfecta conexi\u00f3n con el Aeropuerto de Pudong y el Centro de Hongqiao, mientras que los viajeros de ocio celebran la posibilidad de explorar los lugares de inter\u00e9s cultural de Shangh\u00e1i sin esfuerzo.<\/span><\/div><div class=\"qwen-markdown-space\">\u00a0<\/div><h3 class=\"qwen-markdown-heading\"><span class=\"qwen-markdown-text\">\ud83d\udc81Servicio: 9.5\/10<\/span><\/h3><div class=\"qwen-markdown-paragraph\"><em><span class=\"qwen-markdown-text\">\u201cPersonal amable y servicial que va m\u00e1s all\u00e1 de lo esperado\u201d<\/span><\/em><\/div><div class=\"qwen-markdown-space\">\u00a0<\/div><div class=\"qwen-markdown-paragraph\"><span class=\"qwen-markdown-text\">Nuestro equipo multiling\u00fce, con fluidez en ambos idiomas <\/span><strong class=\"qwen-markdown-strong\"><span class=\"qwen-markdown-text\">Ingl\u00e9s y chino<\/span><\/strong><span class=\"qwen-markdown-text\">\u2014recibe constantes elogios por su profesionalismo y calidez. Con <\/span><strong class=\"qwen-markdown-strong\"><span class=\"qwen-markdown-text\">2.357 rese\u00f1as relacionadas con el servicio<\/span><\/strong><span class=\"qwen-markdown-text\">, Los hu\u00e9spedes mencionan con frecuencia:<\/span><\/div><ul class=\"qwen-markdown-list\" dir=\"auto\"><li><span class=\"qwen-markdown-text\">Atenta asistencia en recepci\u00f3n con check-in\/out expr\u00e9s<\/span><\/li><li><span class=\"qwen-markdown-text\">Asistencia \u00fatil de conserjer\u00eda para recomendaciones de transporte y restaurantes.<\/span><\/li><li><span class=\"qwen-markdown-text\">Personal de pacientes que ayuda a los viajeros internacionales con la navegaci\u00f3n local<\/span><\/li><li><span class=\"qwen-markdown-text\">Toques personalizados que transforman una estad\u00eda est\u00e1ndar en una experiencia memorable.<\/span><\/li><\/ul><div class=\"qwen-markdown-space\">\u00a0<\/div><div class=\"qwen-markdown-paragraph\"><span class=\"qwen-markdown-text\">Como comparti\u00f3 un invitado en marzo de 2026: <\/span><em><span class=\"qwen-markdown-text\">\u201cEl servicio de recepci\u00f3n fue excelente\u2026 el personal de recepci\u00f3n hablaba ingl\u00e9s\u201d<\/span><\/em><span class=\"qwen-markdown-text\">\u2014un detalle crucial para los viajeros globales que buscan una comunicaci\u00f3n fluida.<\/span><\/div><div class=\"qwen-markdown-space\">\u00a0<\/div><h3 class=\"qwen-markdown-heading\"><span class=\"qwen-markdown-text\">\ud83c\udfe8 Servicios e instalaciones: 9,4\/10<\/span><\/h3><div class=\"qwen-markdown-paragraph\"><em><span class=\"qwen-markdown-text\">\u201cLas caracter\u00edsticas inteligentes y las comodidades pensadas para mejorar cada estad\u00eda\u201d<\/span><\/em><\/div><div class=\"qwen-markdown-space\">\u00a0<\/div><div class=\"qwen-markdown-paragraph\"><span class=\"qwen-markdown-text\">Los viajeros modernos valoran la innovaci\u00f3n y nuestra <\/span><strong class=\"qwen-markdown-strong\"><span class=\"qwen-markdown-text\">1.014 rese\u00f1as centradas en las instalaciones<\/span><\/strong><span class=\"qwen-markdown-text\"> reflejar aprecio por:<\/span><\/div><ul class=\"qwen-markdown-list\" dir=\"auto\"><li><strong class=\"qwen-markdown-strong\"><span class=\"qwen-markdown-text\">Tecnolog\u00eda de habitaciones inteligentes<\/span><\/strong><span class=\"qwen-markdown-text\">:Altavoces inteligentes Xiao Du y controles inteligentes para iluminaci\u00f3n, temperatura y entretenimiento<\/span><\/li><li><strong class=\"qwen-markdown-strong\"><span class=\"qwen-markdown-text\">Gimnasio gratuito<\/span><\/strong><span class=\"qwen-markdown-text\">:Perfecto para mantener rutinas de bienestar mientras viajas.<\/span><\/li><li><strong class=\"qwen-markdown-strong\"><span class=\"qwen-markdown-text\">Lavander\u00eda de autoservicio<\/span><\/strong><span class=\"qwen-markdown-text\">:Una soluci\u00f3n pr\u00e1ctica para estancias prolongadas<\/span><\/li><li><strong class=\"qwen-markdown-strong\"><span class=\"qwen-markdown-text\">Robots de reparto de comida<\/span><\/strong><span class=\"qwen-markdown-text\">:Un toque futurista que lleva las comidas directamente a tu puerta.<\/span><\/li><li><strong class=\"qwen-markdown-strong\"><span class=\"qwen-markdown-text\">Instalaciones para conferencias<\/span><\/strong><span class=\"qwen-markdown-text\">:Espacios bien equipados para reuniones de negocios y peque\u00f1os eventos.<\/span><\/li><\/ul><div class=\"qwen-markdown-space\">\u00a0<\/div><h3 class=\"qwen-markdown-heading\"><span class=\"qwen-markdown-text\">\ud83d\udecf\ufe0f Comodidad: 9.5\/10<\/span><\/h3><div class=\"qwen-markdown-paragraph\"><em><span class=\"qwen-markdown-text\">\u201cRopa de cama acogedora e interiores bien dise\u00f1ados para una relajaci\u00f3n total\u201d<\/span><\/em><\/div><div class=\"qwen-markdown-space\">\u00a0<\/div><div class=\"qwen-markdown-paragraph\"><span class=\"qwen-markdown-text\">Con <\/span><strong class=\"qwen-markdown-strong\"><span class=\"qwen-markdown-text\">2.056 menciones relacionadas con la comodidad<\/span><\/strong><span class=\"qwen-markdown-text\">, Los hu\u00e9spedes describen constantemente nuestras habitaciones como tranquilos refugios urbanos. La luz y el lujo... <\/span><strong class=\"qwen-markdown-strong\"><span class=\"qwen-markdown-text\">interiores de estilo franc\u00e9s<\/span><\/strong><span class=\"qwen-markdown-text\">, Combinadas con cortinas opacas, climatizaci\u00f3n y elementos de dise\u00f1o insonorizantes, crean un ambiente propicio para un sue\u00f1o reparador. Un viajero resumi\u00f3: <\/span><em><span class=\"qwen-markdown-text\">\u201cLa ropa de cama era s\u00faper c\u00f3moda, lo que permiti\u00f3 disfrutar de una muy buena noche de sue\u00f1o\u201d.\u201d<\/span><\/em><\/div><div class=\"qwen-markdown-space\">\u00a0<\/div><h2 class=\"qwen-markdown-heading\"><span class=\"qwen-markdown-text\">Historias reales de hu\u00e9spedes: experiencias sin filtros de viajeros recientes<\/span><\/h2><h3 class=\"qwen-markdown-heading\"><span class=\"qwen-markdown-text\">\u2728 La perspectiva del viajero de negocios<\/span><\/h3><div class=\"qwen-markdown-paragraph\"><em><span class=\"qwen-markdown-text\">\u201c\u00a1Una estancia fant\u00e1stica! Consegu\u00ed una habitaci\u00f3n superior por la mitad del precio al llegar. Sin duda, me alojar\u00eda de nuevo. \ud83d\ude0a\u201d<\/span><\/em><br \/><span class=\"qwen-markdown-text\">\u2014 Usuario invitado, marzo de 2026<\/span><\/div><div class=\"qwen-markdown-space\">\u00a0<\/div><div class=\"qwen-markdown-paragraph\"><span class=\"qwen-markdown-text\">Esta rese\u00f1a destaca nuestro compromiso con el valor y la flexibilidad. Ya sea que asista a reuniones en Lujiazui o explore el panorama de startups de Shangh\u00e1i, nuestro equipo se esfuerza por garantizar que su alojamiento se ajuste a sus objetivos profesionales, sin afectar su presupuesto.<\/span><\/div><div class=\"qwen-markdown-space\">\u00a0<\/div><h3 class=\"qwen-markdown-heading\"><span class=\"qwen-markdown-text\">\ud83c\udf0f La experiencia del visitante internacional<\/span><\/h3><div class=\"qwen-markdown-paragraph\"><em><span class=\"qwen-markdown-text\">\u201cLa habitaci\u00f3n era estupenda, muy satisfactoria, y la ubicaci\u00f3n era muy conveniente, cerca de todo. El servicio de recepci\u00f3n fue excelente, el vest\u00edbulo estaba limpio y las instalaciones eran buenas. Adem\u00e1s, el personal de recepci\u00f3n hablaba ingl\u00e9s.\u201d<\/span><\/em><br \/><span class=\"qwen-markdown-text\">\u2014 Usuario invitado, febrero de 2026<\/span><\/div><div class=\"qwen-markdown-space\">\u00a0<\/div><div class=\"qwen-markdown-paragraph\"><span class=\"qwen-markdown-text\">Para los viajeros que se familiarizan con una nueva cultura, la accesibilidad ling\u00fc\u00edstica y un servicio intuitivo marcan la diferencia. Nuestro personal angloparlante y nuestra ubicaci\u00f3n c\u00e9ntrica reducen el estr\u00e9s del viaje, permitiendo a los hu\u00e9spedes centrarse en lo m\u00e1s importante: disfrutar de Shangh\u00e1i.<\/span><\/div><div class=\"qwen-markdown-space\">\u00a0<\/div><h3 class=\"qwen-markdown-heading\"><span class=\"qwen-markdown-text\">\ud83d\udd04 La fidelidad del hu\u00e9sped recurrente<\/span><\/h3><div class=\"qwen-markdown-paragraph\"><em><span class=\"qwen-markdown-text\">\u201cLa ubicaci\u00f3n es excelente, muy conveniente para desplazarse. El servicio de recepci\u00f3n tambi\u00e9n fue excelente, y la ropa de cama era s\u00faper c\u00f3moda, lo que me permiti\u00f3 dormir de maravilla. Sin duda, me alojar\u00e9 aqu\u00ed de nuevo la pr\u00f3xima vez.\u201d<\/span><\/em><br \/><span class=\"qwen-markdown-text\">\u2014 Usuario invitado, marzo de 2026<\/span><\/div><div class=\"qwen-markdown-space\">\u00a0<\/div><div class=\"qwen-markdown-paragraph\"><span class=\"qwen-markdown-text\">Las reservas repetidas son la mejor prueba de satisfacci\u00f3n. Cuando los hu\u00e9spedes regresan, es se\u00f1al de que hemos cumplido nuestra promesa: una hospitalidad excepcional que genera confianza y fomenta la fidelidad.<\/span><\/div><div class=\"qwen-markdown-space\">\u00a0<\/div><h2 class=\"qwen-markdown-heading\"><span class=\"qwen-markdown-text\">Retroalimentaci\u00f3n constructiva: c\u00f3mo escuchamos y mejoramos<\/span><\/h2><div class=\"qwen-markdown-paragraph\"><span class=\"qwen-markdown-text\">La transparencia significa compartir no solo elogios, sino tambi\u00e9n oportunidades de crecimiento. Basado en <\/span><strong class=\"qwen-markdown-strong\"><span class=\"qwen-markdown-text\">81 sugerencias bien pensadas para los hu\u00e9spedes<\/span><\/strong><span class=\"qwen-markdown-text\">, Estamos abordando activamente:<\/span><\/div><div class=\"qwen-markdown-space\">\u00a0<\/div><ul class=\"qwen-markdown-list\" dir=\"auto\"><li><strong class=\"qwen-markdown-strong\"><span class=\"qwen-markdown-text\">Insonorizaci\u00f3n mejorada<\/span><\/strong><span class=\"qwen-markdown-text\">:Invertir en tratamientos ac\u00fasticos adicionales para habitaciones que dan a calles concurridas<\/span><\/li><li><strong class=\"qwen-markdown-strong\"><span class=\"qwen-markdown-text\">Optimizaci\u00f3n del control clim\u00e1tico<\/span><\/strong><span class=\"qwen-markdown-text\">:Actualizaci\u00f3n de los sistemas HVAC en categor\u00edas de habitaciones sin ventanas para lograr un confort constante<\/span><\/li><li><strong class=\"qwen-markdown-strong\"><span class=\"qwen-markdown-text\">Pol\u00edticas de \u00e1reas comunes<\/span><\/strong><span class=\"qwen-markdown-text\">:Reforzar los protocolos de no fumar en espacios compartidos para garantizar un ambiente fresco para todos los hu\u00e9spedes.<\/span><\/li><\/ul><div class=\"qwen-markdown-space\">\u00a0<\/div><div class=\"qwen-markdown-paragraph\"><span class=\"qwen-markdown-text\">Consideramos cada sugerencia como un regalo: una oportunidad para perfeccionar nuestra oferta y superar las expectativas. Nuestro equipo directivo revisa los comentarios semanalmente, garantizando as\u00ed que las opiniones de los hu\u00e9spedes influyan directamente en la evoluci\u00f3n de nuestro servicio.<\/span><\/div><div class=\"qwen-markdown-space\">\u00a0<\/div><h2 class=\"qwen-markdown-heading\"><span class=\"qwen-markdown-text\">Por qu\u00e9 los viajeros eligen Treasury Hotel: El panorama general<\/span><\/h2><div class=\"qwen-markdown-paragraph\"><span class=\"qwen-markdown-text\">M\u00e1s all\u00e1 de las rese\u00f1as individuales, surgen patrones que definen la diferencia del Treasury Hotel:<\/span><\/div><div class=\"qwen-markdown-space\">\u00a0<\/div><div class=\"qwen-markdown-paragraph\"><span class=\"qwen-markdown-text\">\u2705 <\/span><strong class=\"qwen-markdown-strong\"><span class=\"qwen-markdown-text\">Accesibilidad estrat\u00e9gica<\/span><\/strong><span class=\"qwen-markdown-text\">:Camine hasta los \u00edconos de Shangh\u00e1i o s\u00fabase al metro para explorar toda la ciudad.<\/span><br \/><span class=\"qwen-markdown-text\">\u2705 <\/span><strong class=\"qwen-markdown-strong\"><span class=\"qwen-markdown-text\">Comodidad inteligente<\/span><\/strong><span class=\"qwen-markdown-text\">:Tecnolog\u00eda que simplifica tu estancia sin complicar la experiencia<\/span><br \/><span class=\"qwen-markdown-text\">\u2705 <\/span><strong class=\"qwen-markdown-strong\"><span class=\"qwen-markdown-text\">Aut\u00e9ntica hospitalidad<\/span><\/strong><span class=\"qwen-markdown-text\">:Personal que trata a los hu\u00e9spedes como individuos, no como n\u00fameros de habitaci\u00f3n.<\/span><br \/><span class=\"qwen-markdown-text\">\u2705 <\/span><strong class=\"qwen-markdown-strong\"><span class=\"qwen-markdown-text\">Lujo impulsado por el valor<\/span><\/strong><span class=\"qwen-markdown-text\">:Servicios premium a precios competitivos en el distrito m\u00e1s codiciado de Shangh\u00e1i<\/span><br \/><span class=\"qwen-markdown-text\">\u2705 <\/span><strong class=\"qwen-markdown-strong\"><span class=\"qwen-markdown-text\">Mejora continua<\/span><\/strong><span class=\"qwen-markdown-text\">:Una cultura que escucha, aprende y evoluciona bas\u00e1ndose en las opiniones reales de los hu\u00e9spedes.<\/span><\/div><div class=\"qwen-markdown-space\">\u00a0<\/div><h2 class=\"qwen-markdown-heading\"><span class=\"qwen-markdown-text\">\u00danase a miles de hu\u00e9spedes satisfechos: reserve su estancia hoy mismo<\/span><\/h2><div class=\"qwen-markdown-paragraph\"><span class=\"qwen-markdown-text\">El <\/span><strong class=\"qwen-markdown-strong\"><span class=\"qwen-markdown-text\">Plaza del Pueblo de Shangh\u00e1i, Calle peatonal Nanjing East Road, Hotel del Tesoro<\/span><\/strong><span class=\"qwen-markdown-text\"> No solo tenemos excelentes calificaciones, sino que tambi\u00e9n contamos con la aprobaci\u00f3n de nuestros hu\u00e9spedes. Cada rese\u00f1a de 9.5\/10 representa a un viajero que descubri\u00f3 comodidad, conveniencia y atenci\u00f3n en el coraz\u00f3n del distrito de Huangpu.<\/span><\/div><div class=\"qwen-markdown-space\">\u00a0<\/div><div class=\"qwen-markdown-paragraph\"><span class=\"qwen-markdown-text\">Ya sea que visite Shangh\u00e1i por negocios, cultura, compras o aventuras familiares, deje que nuestra trayectoria le d\u00e9 confianza en su elecci\u00f3n de alojamiento. Con m\u00e1s de 6200 opiniones que avalan nuestra calidad, su pr\u00f3xima estancia excepcional le espera en <\/span><strong class=\"qwen-markdown-strong\"><span class=\"qwen-markdown-text\">No. 678 Hankou Road<\/span><\/strong><span class=\"qwen-markdown-text\">.<\/span><\/div><div class=\"qwen-markdown-space\">\u00a0<\/div><div class=\"qwen-markdown-paragraph\"><strong class=\"qwen-markdown-strong\"><span class=\"qwen-markdown-text\">Reserva tu habitaci\u00f3n hoy<\/span><\/strong><span class=\"qwen-markdown-text\"> y forme parte de nuestra creciente comunidad de hu\u00e9spedes encantados. Experimente de primera mano por qu\u00e9 viajeros de todo el mundo eligen el Hotel Treasury para su viaje a Shangh\u00e1i.<\/span><\/div>\t\t\t\t\t\t\t\t<\/div>\n\t\t\t\t\t<\/div>\n\t\t\t\t<\/div>\n\t\t\t\t<\/div>","protected":false},"excerpt":{"rendered":"<p>Guest Voices: Authentic Customer Experiences at Shanghai People&#8217;s Square Nanjing East Road Pedestrian Street Treasury Hotel Discover Why Over 6,200 Travelers Rate Us 9.5\/10 Outstanding When choosing accommodation in one of the world&#8217;s most dynamic cities, real guest experiences matter most. At the Shanghai People&#8217;s Square Nanjing East Road Pedestrian Street Treasury Hotel, located at [&hellip;]<\/p>\n","protected":false},"author":1,"featured_media":0,"parent":0,"menu_order":0,"comment_status":"closed","ping_status":"closed","template":"","meta":{"footnotes":""},"class_list":["post-2106","page","type-page","status-publish","hentry","post-no-thumbnail"],"_links":{"self":[{"href":"https:\/\/treasuryhotelshanghai.com\/es\/wp-json\/wp\/v2\/pages\/2106","targetHints":{"allow":["GET"]}}],"collection":[{"href":"https:\/\/treasuryhotelshanghai.com\/es\/wp-json\/wp\/v2\/pages"}],"about":[{"href":"https:\/\/treasuryhotelshanghai.com\/es\/wp-json\/wp\/v2\/types\/page"}],"author":[{"embeddable":true,"href":"https:\/\/treasuryhotelshanghai.com\/es\/wp-json\/wp\/v2\/users\/1"}],"replies":[{"embeddable":true,"href":"https:\/\/treasuryhotelshanghai.com\/es\/wp-json\/wp\/v2\/comments?post=2106"}],"version-history":[{"count":0,"href":"https:\/\/treasuryhotelshanghai.com\/es\/wp-json\/wp\/v2\/pages\/2106\/revisions"}],"wp:attachment":[{"href":"https:\/\/treasuryhotelshanghai.com\/es\/wp-json\/wp\/v2\/media?parent=2106"}],"curies":[{"name":"wp","href":"https:\/\/api.w.org\/{rel}","templated":true}]}}