{"id":2104,"date":"2021-03-23T09:33:48","date_gmt":"2021-03-23T09:33:48","guid":{"rendered":"http:\/\/localhost\/nuss\/?page_id=167"},"modified":"2026-03-02T14:53:55","modified_gmt":"2026-03-02T14:53:55","slug":"nuestra-historia","status":"publish","type":"page","link":"https:\/\/treasuryhotelshanghai.com\/es\/our-story\/","title":{"rendered":"Nuestra historia"},"content":{"rendered":"<div data-elementor-type=\"wp-page\" data-elementor-id=\"2104\" class=\"elementor elementor-2104\">\n\t\t\t\t\t\t<section class=\"elementor-section elementor-top-section elementor-element elementor-element-8f5bb9d elementor-section-boxed elementor-section-gap-beside-yes elementor-section-height-default elementor-section-height-default elementor-section-column-vertical-align-stretch\" data-id=\"8f5bb9d\" data-element_type=\"section\" data-e-type=\"section\">\n\t\t\t\t\t\t<div class=\"elementor-container elementor-column-gap-extended\">\n\t\t\t\t\t<div class=\"elementor-column elementor-col-100 elementor-top-column elementor-element elementor-element-7ec4215\" data-id=\"7ec4215\" data-element_type=\"column\" data-e-type=\"column\">\n\t\t\t<div class=\"elementor-widget-wrap elementor-element-populated\">\n\t\t\t\t\t\t<div class=\"elementor-element elementor-element-edd9d03 elementor-widget__width-initial elementor-invisible elementor-widget elementor-widget-text-editor\" data-id=\"edd9d03\" data-element_type=\"widget\" data-e-type=\"widget\" data-settings=\"{&quot;_animation&quot;:&quot;nussFadeInUp&quot;}\" data-widget_type=\"text-editor.default\">\n\t\t\t\t\t\t\t\t\tNuestra historia: El origen de la Plaza del Pueblo de Shangh\u00e1i, la calle peatonal Nanjing East Road y el Hotel Treasury.\t\t\t\t\t\t\t\t<\/div>\n\t\t\t\t\t<\/div>\n\t\t<\/div>\n\t\t\t\t\t<\/div>\n\t\t<\/section>\n\t\t<div class=\"elementor-element elementor-element-de10d36 e-flex e-con-boxed e-con e-parent\" data-id=\"de10d36\" data-element_type=\"container\" data-e-type=\"container\">\n\t\t\t\t\t<div class=\"e-con-inner\">\n\t\t\t\t<div class=\"elementor-element elementor-element-62e68b7 elementor-widget elementor-widget-text-editor\" data-id=\"62e68b7\" data-element_type=\"widget\" data-e-type=\"widget\" data-widget_type=\"text-editor.default\">\n\t\t\t\t\t\t\t\t\t<h2 class=\"qwen-markdown-heading\"><span class=\"qwen-markdown-text\">Donde la elegancia parisina se encuentra con el alma de Shangh\u00e1i.<\/span><\/h2><div class=\"qwen-markdown-paragraph\"><span class=\"qwen-markdown-text\">En <\/span><strong class=\"qwen-markdown-strong\"><span class=\"qwen-markdown-text\">No. 678 Hankou Road, distrito de Huangpu, Shangh\u00e1i, China<\/span><\/strong><span class=\"qwen-markdown-text\">, un nuevo cap\u00edtulo en la industria hotelera comenz\u00f3 en 2024. <\/span><strong class=\"qwen-markdown-strong\"><span class=\"qwen-markdown-text\">Plaza del Pueblo de Shangh\u00e1i, Calle peatonal Nanjing East Road, Hotel del Tesoro<\/span><\/strong><span class=\"qwen-markdown-text\"> Naci\u00f3 de una visi\u00f3n sencilla pero profunda: crear un santuario donde el romanticismo atemporal del dise\u00f1o franc\u00e9s armonizara con la energ\u00eda vibrante del Shangh\u00e1i moderno, ofreciendo a los viajeros no solo un lugar para dormir, sino un lugar al que pertenecer.<\/span><\/div><div class=\"qwen-markdown-space\">\u00a0<\/div><div class=\"qwen-markdown-paragraph\"><span class=\"qwen-markdown-text\">Nuestra historia no se trata solo de ladrillos, cemento y m\u00e1rmol, sino de personas, pasi\u00f3n y la b\u00fasqueda de experiencias excepcionales.<\/span><\/div><div class=\"qwen-markdown-space\">\u00a0<\/div><div class=\"qwen-markdown-hr\"><hr \/><\/div><div class=\"qwen-markdown-space\">\u00a0<\/div><h2 class=\"qwen-markdown-heading\"><span class=\"qwen-markdown-text\">La inspiraci\u00f3n: Un nombre que tiene significado<\/span><\/h2><div class=\"qwen-markdown-paragraph\"><span class=\"qwen-markdown-text\">\u00bfPor qu\u00e9 \u201cTesoro\u201d? <\/span><\/div><div class=\"qwen-markdown-space\">\u00a0<\/div><div class=\"qwen-markdown-paragraph\"><span class=\"qwen-markdown-text\">Para nosotros, un tesoro es m\u00e1s que una b\u00f3veda de objetos valiosos: es una colecci\u00f3n cuidadosamente seleccionada de momentos preciosos, conexiones aut\u00e9nticas y descubrimientos inolvidables. Cuando nuestros fundadores concibieron este hotel, se preguntaron: <\/span><em><span class=\"qwen-markdown-text\">\u00bfY si cada hu\u00e9sped pudiera sentir que ha descubierto un tesoro escondido en el coraz\u00f3n de Shangh\u00e1i?<\/span><\/em><\/div><div class=\"qwen-markdown-space\">\u00a0<\/div><div class=\"qwen-markdown-paragraph\"><span class=\"qwen-markdown-text\">Esa pregunta se convirti\u00f3 en nuestra br\u00fajula. <\/span><\/div><div class=\"qwen-markdown-space\">\u00a0<\/div><div class=\"qwen-markdown-paragraph\"><span class=\"qwen-markdown-text\">Nos propusimos construir un hotel que valorara:<\/span><\/div><ul class=\"qwen-markdown-list\" dir=\"auto\"><li><strong class=\"qwen-markdown-strong\"><span class=\"qwen-markdown-text\">El tiempo del hu\u00e9sped<\/span><\/strong><span class=\"qwen-markdown-text\">Al situarte a pocos pasos de la estaci\u00f3n de metro People&#039;s Square (230 m), la calle peatonal Nanjing East Road (300 m) y el Bund (1,4 km), te devolvemos el bien m\u00e1s valioso de todos: tiempo para explorar, para conectar, para simplemente ser.<\/span><\/li><li><strong class=\"qwen-markdown-strong\"><span class=\"qwen-markdown-text\">El arte del descanso<\/span><\/strong><span class=\"qwen-markdown-text\">Al invertir en colchones viscoel\u00e1sticos Plante &amp; King Koil de primera calidad, un dise\u00f1o que amortigua el sonido y controles inteligentes para la habitaci\u00f3n, valoramos su bienestar como la base de cada gran viaje.<\/span><\/li><li><strong class=\"qwen-markdown-strong\"><span class=\"qwen-markdown-text\">Di\u00e1logo cultural<\/span><\/strong><span class=\"qwen-markdown-text\">Al combinar interiores luminosos y lujosos de estilo franc\u00e9s con la c\u00e1lida y atenta hospitalidad china, creamos un espacio donde Oriente y Occidente dialogan con elegancia.<\/span><\/li><\/ul><div class=\"qwen-markdown-space\">\u00a0<\/div><div class=\"qwen-markdown-hr\"><hr \/><\/div><div class=\"qwen-markdown-space\">\u00a0<\/div><h2 class=\"qwen-markdown-heading\"><span class=\"qwen-markdown-text\">El lugar: Enraizado en el coraz\u00f3n palpitante de Shangh\u00e1i<\/span><\/h2><div class=\"qwen-markdown-paragraph\"><span class=\"qwen-markdown-text\">El distrito de Huangpu es el alma hist\u00f3rica de Shangh\u00e1i y su din\u00e1mico presente entrelazados. Es donde la arquitectura colonial susurra historias del pasado mientras los rascacielos iluminados con ne\u00f3n palpitan con las posibilidades del ma\u00f1ana. Elegir <\/span><strong class=\"qwen-markdown-strong\"><span class=\"qwen-markdown-text\">No. 678 Hankou Road<\/span><\/strong><span class=\"qwen-markdown-text\"> La elecci\u00f3n de nuestro hogar fue intencional. Esta ubicaci\u00f3n sit\u00faa a nuestros hu\u00e9spedes en el epicentro de todo lo que hace que Shangh\u00e1i sea extraordinaria:<\/span><\/div><div class=\"qwen-markdown-space\">\u00a0<\/div><ul class=\"qwen-markdown-list\" dir=\"auto\"><li><strong class=\"qwen-markdown-strong\"><span class=\"qwen-markdown-text\">Cultura<\/span><\/strong><span class=\"qwen-markdown-text\">Camina hasta el Museo de Shangh\u00e1i, el Gran Teatro y el Jard\u00edn Yu para sumergirte en milenios de arte y tradici\u00f3n.<\/span><\/li><li><strong class=\"qwen-markdown-strong\"><span class=\"qwen-markdown-text\">Comercio<\/span><\/strong><span class=\"qwen-markdown-text\">Acceda a Nanjing East Road, la calle comercial m\u00e1s famosa de China, o llegue a las torres financieras de Lujiazui a trav\u00e9s de las l\u00edneas 1, 2 y 8 del metro; todo ello en cuesti\u00f3n de minutos.<\/span><\/li><li><strong class=\"qwen-markdown-strong\"><span class=\"qwen-markdown-text\">Cocina<\/span><\/strong><span class=\"qwen-markdown-text\">Desde los xiaolongbao callejeros hasta los restaurantes de alta cocina con estrellas Michelin, el universo culinario de Shangh\u00e1i se despliega a la puerta de casa.<\/span><\/li><li><strong class=\"qwen-markdown-strong\"><span class=\"qwen-markdown-text\">Conexi\u00f3n<\/span><\/strong><span class=\"qwen-markdown-text\">Ya sea que est\u00e9 aqu\u00ed por negocios, familia o para una aventura en solitario, nuestra ubicaci\u00f3n c\u00e9ntrica garantiza que nunca estar\u00e1 lejos de lo que m\u00e1s le importa.<\/span><\/li><\/ul><div class=\"qwen-markdown-space\">\u00a0<\/div><div class=\"qwen-markdown-paragraph\"><span class=\"qwen-markdown-text\">No nos limitamos a construir un hotel en Shangh\u00e1i, sino que nos integramos en su ritmo, para que tu experiencia sea aut\u00e9nticamente local y, a la vez, sumamente c\u00f3moda.<\/span><\/div><div class=\"qwen-markdown-space\">\u00a0<\/div><div class=\"qwen-markdown-hr\"><hr \/><\/div><div class=\"qwen-markdown-space\">\u00a0<\/div><h2 class=\"qwen-markdown-heading\"><span class=\"qwen-markdown-text\">El dise\u00f1o: El romanticismo franc\u00e9s, reinventado para los viajeros modernos.<\/span><\/h2><div class=\"qwen-markdown-paragraph\"><span class=\"qwen-markdown-text\">Al cruzar nuestras puertas, entrar\u00e1 en un mundo donde los tonos neutros suaves, las delicadas molduras y las piezas de arte cuidadosamente seleccionadas evocan los elegantes apartamentos de la orilla izquierda de Par\u00eds. Sin embargo, esto no es una r\u00e9plica, sino una reinterpretaci\u00f3n.<\/span><\/div><div class=\"qwen-markdown-space\">\u00a0<\/div><div class=\"qwen-markdown-paragraph\"><span class=\"qwen-markdown-text\">Nuestra filosof\u00eda de dise\u00f1o se basa en tres pilares:<\/span><\/div><div class=\"qwen-markdown-space\">\u00a0<\/div><ol class=\"qwen-markdown-list\" dir=\"auto\" start=\"1\"><li><strong class=\"qwen-markdown-strong\"><span class=\"qwen-markdown-text\">Ligereza<\/span><\/strong><span class=\"qwen-markdown-text\">La abundante luz natural, las paletas de colores suaves y los espacios despejados crean una atm\u00f3sfera serena que contrarresta la vibrante intensidad de la ciudad.<\/span><\/li><li><strong class=\"qwen-markdown-strong\"><span class=\"qwen-markdown-text\">Inteligencia<\/span><\/strong><span class=\"qwen-markdown-text\">Cada una de nuestras 133 habitaciones cuenta con sistemas inteligentes de control para hu\u00e9spedes, que le permiten personalizar la iluminaci\u00f3n, la temperatura y el entretenimiento con una tecnolog\u00eda intuitiva que facilita la vida, en lugar de complicarla.<\/span><\/li><li><strong class=\"qwen-markdown-strong\"><span class=\"qwen-markdown-text\">Comodidad<\/span><\/strong><span class=\"qwen-markdown-text\">Desde ropa de cama de primera calidad hasta ba\u00f1os cuidadosamente equipados, cada detalle se elige para transformar su habitaci\u00f3n en un refugio urbano revitalizante.<\/span><\/li><\/ol><div class=\"qwen-markdown-space\">\u00a0<\/div><div class=\"qwen-markdown-paragraph\"><span class=\"qwen-markdown-text\">El resultado es un espacio que se siente a la vez sofisticado y accesible: un lujo que da la bienvenida en lugar de intimidar.<\/span><\/div><div class=\"qwen-markdown-space\">\u00a0<\/div><div class=\"qwen-markdown-hr\"><hr \/><\/div><div class=\"qwen-markdown-space\">\u00a0<\/div><h2 class=\"qwen-markdown-heading\"><span class=\"qwen-markdown-text\">La gente: la hospitalidad como pr\u00e1ctica sincera<\/span><\/h2><div class=\"qwen-markdown-paragraph\"><span class=\"qwen-markdown-text\">Un hotel es tan excepcional como las personas que le dan vida. Nuestro equipo es un conjunto diverso de residentes de Shangh\u00e1i y profesionales de la hosteler\u00eda unidos por una convicci\u00f3n com\u00fan: el servicio genuino es un arte.<\/span><\/div><div class=\"qwen-markdown-space\">\u00a0<\/div><ul class=\"qwen-markdown-list\" dir=\"auto\"><li><strong class=\"qwen-markdown-strong\"><span class=\"qwen-markdown-text\">Atenci\u00f3n multiling\u00fce<\/span><\/strong><span class=\"qwen-markdown-text\">Nuestro personal de recepci\u00f3n y conserjer\u00eda habla ingl\u00e9s y chino con fluidez, lo que garantiza una comunicaci\u00f3n impecable para los viajeros internacionales.<\/span><\/li><li><strong class=\"qwen-markdown-strong\"><span class=\"qwen-markdown-text\">Servicio anticipatorio<\/span><\/strong><span class=\"qwen-markdown-text\">Capacitamos a nuestro personal para que se fije en los peque\u00f1os detalles \u2014la preferencia de un hu\u00e9sped por almohadas adicionales, la necesidad de un viajero de negocios de tomar caf\u00e9 temprano, la solicitud de una familia de consejos sobre actividades locales\u2014 y act\u00fae antes de que se lo pidan.<\/span><\/li><li><strong class=\"qwen-markdown-strong\"><span class=\"qwen-markdown-text\">Experiencia local<\/span><\/strong><span class=\"qwen-markdown-text\">Muchos de los miembros de nuestro equipo, nacidos y criados en Shangh\u00e1i, comparten un conocimiento privilegiado que transforma un itinerario est\u00e1ndar en una aventura personalizada.<\/span><\/li><\/ul><div class=\"qwen-markdown-space\">\u00a0<\/div><div class=\"qwen-markdown-paragraph\"><span class=\"qwen-markdown-text\">Cuando los hu\u00e9spedes describen nuestro servicio como \u201cc\u00e1lido\u201d, \u201catento\u201d o \u201cexcepcional\u201d, est\u00e1n reconociendo el coraz\u00f3n humano detr\u00e1s de nuestras operaciones. Ese reconocimiento, reflejado en nuestro <\/span><strong class=\"qwen-markdown-strong\"><span class=\"qwen-markdown-text\">Calificaci\u00f3n de 9,5\/10 basada en m\u00e1s de 6200 opiniones de viajeros.<\/span><\/strong><span class=\"qwen-markdown-text\">\u2014es nuestra mayor recompensa.<\/span><\/div><div class=\"qwen-markdown-space\">\u00a0<\/div><div class=\"qwen-markdown-hr\"><hr \/><\/div><div class=\"qwen-markdown-space\">\u00a0<\/div><h2 class=\"qwen-markdown-heading\"><span class=\"qwen-markdown-text\">La innovaci\u00f3n: la tradici\u00f3n se encuentra con el futuro.<\/span><\/h2><div class=\"qwen-markdown-paragraph\"><span class=\"qwen-markdown-text\">Si bien respetamos los valores tradicionales de la hospitalidad, tambi\u00e9n adoptamos la innovaci\u00f3n que mejora la experiencia del hu\u00e9sped:<\/span><\/div><div class=\"qwen-markdown-space\">\u00a0<\/div><ul class=\"qwen-markdown-list\" dir=\"auto\"><li><strong class=\"qwen-markdown-strong\"><span class=\"qwen-markdown-text\">Tecnolog\u00eda de habitaciones inteligentes<\/span><\/strong><span class=\"qwen-markdown-text\">Controla tu entorno sin esfuerzo mediante paneles intuitivos o comandos de voz, creando el ambiente ideal para trabajar, descansar o relajarte.<\/span><\/li><li><strong class=\"qwen-markdown-strong\"><span class=\"qwen-markdown-text\">Robots de servicio<\/span><\/strong><span class=\"qwen-markdown-text\">Nuestros robots de reparto de comida llevan las comidas y otros art\u00edculos directamente a tu puerta: un toque de comodidad futurista que minimiza el contacto y maximiza el confort.<\/span><\/li><li><strong class=\"qwen-markdown-strong\"><span class=\"qwen-markdown-text\">Pr\u00e1cticas sostenibles<\/span><\/strong><span class=\"qwen-markdown-text\">Desde iluminaci\u00f3n de bajo consumo energ\u00e9tico hasta iniciativas de reducci\u00f3n de residuos, estamos comprometidos a reducir nuestro impacto ambiental manteniendo est\u00e1ndares excepcionales.<\/span><\/li><\/ul><div class=\"qwen-markdown-space\">\u00a0<\/div><div class=\"qwen-markdown-paragraph\"><span class=\"qwen-markdown-text\">Creemos que la tecnolog\u00eda debe estar al servicio de la humanidad, no reemplazarla. Por eso, cada innovaci\u00f3n en el Treasury Hotel est\u00e1 dise\u00f1ada para que nuestro equipo pueda centrarse en lo que las m\u00e1quinas no pueden: la empat\u00eda, la intuici\u00f3n y la conexi\u00f3n humana genuina.<\/span><\/div><div class=\"qwen-markdown-space\">\u00a0<\/div><div class=\"qwen-markdown-hr\"><hr \/><\/div><div class=\"qwen-markdown-space\">\u00a0<\/div><h2 class=\"qwen-markdown-heading\"><span class=\"qwen-markdown-text\">La Promesa: Tu Historia, Elevada<\/span><\/h2><div class=\"qwen-markdown-paragraph\"><span class=\"qwen-markdown-text\">Cada hu\u00e9sped que entra por nuestras puertas trae consigo su propia historia: un negocio en ciernes, una reuni\u00f3n familiar largamente esperada, un viaje personal de autodescubrimiento. Nuestro papel no es reescribir su historia, sino enriquecerla.<\/span><\/div><div class=\"qwen-markdown-space\">\u00a0<\/div><div class=\"qwen-markdown-paragraph\"><span class=\"qwen-markdown-text\">Nos comprometemos a proporcionar:<\/span><\/div><ul class=\"qwen-markdown-list\" dir=\"auto\"><li><strong class=\"qwen-markdown-strong\"><span class=\"qwen-markdown-text\">Una llegada sin contratiempos<\/span><\/strong><span class=\"qwen-markdown-text\">Registro expr\u00e9s, indicaciones claras y una sonrisa de bienvenida para que empieces tu estancia con buen pie.<\/span><\/li><li><strong class=\"qwen-markdown-strong\"><span class=\"qwen-markdown-text\">Un santuario reparador<\/span><\/strong><span class=\"qwen-markdown-text\">Una habitaci\u00f3n dise\u00f1ada para un sue\u00f1o profundo, un trabajo productivo y una reflexi\u00f3n tranquila.<\/span><\/li><li><strong class=\"qwen-markdown-strong\"><span class=\"qwen-markdown-text\">Una plataforma de lanzamiento para el descubrimiento<\/span><\/strong><span class=\"qwen-markdown-text\">Informaci\u00f3n local, asistencia con el transporte y una ubicaci\u00f3n estrat\u00e9gica para que disfrutes de Shangh\u00e1i con confianza y alegr\u00eda.<\/span><\/li><li><strong class=\"qwen-markdown-strong\"><span class=\"qwen-markdown-text\">Una despedida memorable<\/span><\/strong><span class=\"qwen-markdown-text\">Un proceso de salida atento, ayuda para continuar su viaje y la sincera esperanza de que regrese.<\/span><\/li><\/ul><div class=\"qwen-markdown-space\">\u00a0<\/div><div class=\"qwen-markdown-hr\"><hr \/><\/div><div class=\"qwen-markdown-space\">\u00a0<\/div><h2 class=\"qwen-markdown-heading\"><span class=\"qwen-markdown-text\">Mirando hacia el futuro: Creciendo con prop\u00f3sito<\/span><\/h2><div class=\"qwen-markdown-paragraph\"><span class=\"qwen-markdown-text\">Desde su apertura en 2024, la respuesta de los viajeros ha sido humilde e inspiradora. <\/span><strong class=\"qwen-markdown-strong\"><span class=\"qwen-markdown-text\">Calificaci\u00f3n de los hu\u00e9spedes: 9,5\/10<\/span><\/strong><span class=\"qwen-markdown-text\">, <\/span><strong class=\"qwen-markdown-strong\"><span class=\"qwen-markdown-text\">52 rese\u00f1as positivas consecutivas<\/span><\/strong><span class=\"qwen-markdown-text\">, Y miles de testimonios sinceros alimentan nuestro compromiso con la mejora continua.<\/span><\/div><div class=\"qwen-markdown-space\">\u00a0<\/div><div class=\"qwen-markdown-paragraph\"><span class=\"qwen-markdown-text\">Escuchamos. Aprendemos. Evolucionamos.<\/span><\/div><div class=\"qwen-markdown-space\">\u00a0<\/div><div class=\"qwen-markdown-paragraph\"><span class=\"qwen-markdown-text\">Las sugerencias de los hu\u00e9spedes sobre el aislamiento ac\u00fastico, la climatizaci\u00f3n y las normas de las zonas comunes no son cr\u00edticas, sino invitaciones a mejorar. Nuestro equipo directivo revisa los comentarios semanalmente, garantizando que el Treasury Hotel del futuro est\u00e9 a\u00fan m\u00e1s atento a las necesidades de nuestros hu\u00e9spedes que hoy.<\/span><\/div><div class=\"qwen-markdown-space\">\u00a0<\/div><div class=\"qwen-markdown-hr\"><hr \/><\/div><div class=\"qwen-markdown-space\">\u00a0<\/div><h2 class=\"qwen-markdown-heading\"><span class=\"qwen-markdown-text\">\u00danete a nuestra historia<\/span><\/h2><div class=\"qwen-markdown-paragraph\"><span class=\"qwen-markdown-text\">El Hotel Treasury, ubicado en la calle peatonal Nanjing East Road de la Plaza del Pueblo de Shangh\u00e1i, es m\u00e1s que un destino: es una historia viva escrita por cada hu\u00e9sped que se aloja, cada miembro del equipo que presta sus servicios y cada momento de conexi\u00f3n que se desarrolla dentro de nuestras paredes.<\/span><\/div><div class=\"qwen-markdown-space\">\u00a0<\/div><div class=\"qwen-markdown-paragraph\"><span class=\"qwen-markdown-text\">Te invitamos a formar parte de esta historia. Tanto si visitas Shangh\u00e1i por primera vez como si regresas a una ciudad que te encanta, perm\u00edtenos brindarte la comodidad, la conveniencia y la atenci\u00f3n que transformar\u00e1n una simple estancia en un recuerdo inolvidable.<\/span><\/div><div class=\"qwen-markdown-space\">\u00a0<\/div><div class=\"qwen-markdown-paragraph\" data-spm-anchor-id=\"a2ty_o01.29997173.0.i41.5c075171LDsXt3\"><strong class=\"qwen-markdown-strong\"><span class=\"qwen-markdown-text\">Tu cap\u00edtulo te espera en el n\u00famero 678 de Hankou Road. Bienvenido a casa.<\/span><\/strong><span class=\"qwen-markdown-text\">.<\/span><\/div>\t\t\t\t\t\t\t\t<\/div>\n\t\t\t\t\t<\/div>\n\t\t\t\t<\/div>\n\t\t\t\t<\/div>","protected":false},"excerpt":{"rendered":"<p>Our Story: The Genesis of Shanghai People&#8217;s Square Nanjing East Road Pedestrian Street Treasury Hotel Where Parisian Elegance Meets Shanghai Soul At No. 678 Hankou Road, Huangpu District, Shanghai, China, a new chapter in hospitality began in 2024. The Shanghai People&#8217;s Square Nanjing East Road Pedestrian Street Treasury Hotel was born from a simple yet [&hellip;]<\/p>\n","protected":false},"author":1,"featured_media":0,"parent":0,"menu_order":0,"comment_status":"closed","ping_status":"closed","template":"elementor_header_footer","meta":{"footnotes":""},"class_list":["post-2104","page","type-page","status-publish","hentry","post-no-thumbnail"],"_links":{"self":[{"href":"https:\/\/treasuryhotelshanghai.com\/es\/wp-json\/wp\/v2\/pages\/2104","targetHints":{"allow":["GET"]}}],"collection":[{"href":"https:\/\/treasuryhotelshanghai.com\/es\/wp-json\/wp\/v2\/pages"}],"about":[{"href":"https:\/\/treasuryhotelshanghai.com\/es\/wp-json\/wp\/v2\/types\/page"}],"author":[{"embeddable":true,"href":"https:\/\/treasuryhotelshanghai.com\/es\/wp-json\/wp\/v2\/users\/1"}],"replies":[{"embeddable":true,"href":"https:\/\/treasuryhotelshanghai.com\/es\/wp-json\/wp\/v2\/comments?post=2104"}],"version-history":[{"count":0,"href":"https:\/\/treasuryhotelshanghai.com\/es\/wp-json\/wp\/v2\/pages\/2104\/revisions"}],"wp:attachment":[{"href":"https:\/\/treasuryhotelshanghai.com\/es\/wp-json\/wp\/v2\/media?parent=2104"}],"curies":[{"name":"wp","href":"https:\/\/api.w.org\/{rel}","templated":true}]}}