{"id":612,"date":"2021-03-26T10:04:13","date_gmt":"2021-03-26T10:04:13","guid":{"rendered":"http:\/\/localhost\/nuss\/?page_id=612"},"modified":"2026-03-02T14:53:00","modified_gmt":"2026-03-02T14:53:00","slug":"restaurant","status":"publish","type":"page","link":"https:\/\/treasuryhotelshanghai.com\/de\/restaurant\/","title":{"rendered":"Restaurant"},"content":{"rendered":"<div data-elementor-type=\"wp-page\" data-elementor-id=\"612\" class=\"elementor elementor-612\">\n\t\t\t\t\t\t<section class=\"elementor-section elementor-top-section elementor-element elementor-element-e2effe8 elementor-section-boxed elementor-section-gap-beside-yes elementor-section-height-default elementor-section-height-default elementor-section-column-vertical-align-stretch\" data-id=\"e2effe8\" data-element_type=\"section\" data-e-type=\"section\">\n\t\t\t\t\t\t<div class=\"elementor-container elementor-column-gap-extended\">\n\t\t\t\t\t<div class=\"elementor-column elementor-col-100 elementor-top-column elementor-element elementor-element-e18f688\" data-id=\"e18f688\" data-element_type=\"column\" data-e-type=\"column\">\n\t\t\t<div class=\"elementor-widget-wrap elementor-element-populated\">\n\t\t\t\t\t\t<div class=\"elementor-element elementor-element-6db146d elementor-widget__width-initial elementor-invisible elementor-widget elementor-widget-text-editor\" data-id=\"6db146d\" data-element_type=\"widget\" data-e-type=\"widget\" data-settings=\"{&quot;_animation&quot;:&quot;nussFadeInUp&quot;}\" data-widget_type=\"text-editor.default\">\n\t\t\t\t\t\t\t\t\tKulinarische Exzellenz &amp; Speiseerlebnisse am Shanghai People&#039;s Square, Nanjing East Road Pedestrian Street, Treasury Hotel\t\t\t\t\t\t\t\t<\/div>\n\t\t\t\t\t<\/div>\n\t\t<\/div>\n\t\t\t\t\t<\/div>\n\t\t<\/section>\n\t\t<div class=\"elementor-element elementor-element-0cd6624 e-flex e-con-boxed e-con e-parent\" data-id=\"0cd6624\" data-element_type=\"container\" data-e-type=\"container\">\n\t\t\t\t\t<div class=\"e-con-inner\">\n\t\t\t\t<div class=\"elementor-element elementor-element-bea3ee6 elementor-widget elementor-widget-nuss-image-gallery\" data-id=\"bea3ee6\" data-element_type=\"widget\" data-e-type=\"widget\" data-widget_type=\"nuss-image-gallery.default\">\n\t\t\t\t<div class=\"elementor-widget-container\">\n\t\t\t\t\t\t\t<div class=\"nuss-grid-wrapper\" data-grid=\"{&quot;type&quot;:&quot;grid&quot;,&quot;ratio&quot;:null,&quot;columns&quot;:3,&quot;gutter&quot;:30}\">\r\n\t\t\t<div class=\"nuss-grid lazy-grid\">\r\n\t\t\t\t<div class=\"grid-sizer\"><\/div>\r\n\r\n\t\t\t\t\t\t\t\t\t\t\t\t<div class=\"grid-item\">\r\n\t\t\t\t\t\t<div class=\"nuss-box\">\t\t<div class=\"nuss-image image\">\r\n\t\t\t<img decoding=\"async\"  src=\"https:\/\/treasuryhotelshanghai.com\/wp-content\/uploads\/2026\/03\/Treasury-Hotel-Shanghai0021.webp\" alt=\"Treasury Hotel Shanghai0021\" \/>\t\t<\/div>\r\n\t\t\t\t<\/div>\t\t\t\t\t<\/div>\r\n\t\t\t\t\t\t<div class=\"grid-item\">\r\n\t\t\t\t\t\t<div class=\"nuss-box\">\t\t<div class=\"nuss-image image\">\r\n\t\t\t<img decoding=\"async\"  src=\"https:\/\/treasuryhotelshanghai.com\/wp-content\/uploads\/2026\/03\/Treasury-Hotel-Shanghai0003.webp\" alt=\"Treasury Hotel Shanghai0003\" \/>\t\t<\/div>\r\n\t\t\t\t<\/div>\t\t\t\t\t<\/div>\r\n\t\t\t\t\t\t<div class=\"grid-item\">\r\n\t\t\t\t\t\t<div class=\"nuss-box\">\t\t<div class=\"nuss-image image\">\r\n\t\t\t<img decoding=\"async\"  src=\"https:\/\/treasuryhotelshanghai.com\/wp-content\/uploads\/2026\/03\/Treasury-Hotel-Shanghai0005.webp\" alt=\"Treasury Hotel Shanghai0005\" \/>\t\t<\/div>\r\n\t\t\t\t<\/div>\t\t\t\t\t<\/div>\r\n\t\t\t\t\t\t<div class=\"grid-item\">\r\n\t\t\t\t\t\t<div class=\"nuss-box\">\t\t<div class=\"nuss-image image\">\r\n\t\t\t<img decoding=\"async\"  src=\"https:\/\/treasuryhotelshanghai.com\/wp-content\/uploads\/2026\/03\/Treasury-Hotel-Shanghai0004.webp\" alt=\"Treasury Hotel Shanghai0004\" \/>\t\t<\/div>\r\n\t\t\t\t<\/div>\t\t\t\t\t<\/div>\r\n\t\t\t\t\t\t<div class=\"grid-item\">\r\n\t\t\t\t\t\t<div class=\"nuss-box\">\t\t<div class=\"nuss-image image\">\r\n\t\t\t<img decoding=\"async\"  src=\"https:\/\/treasuryhotelshanghai.com\/wp-content\/uploads\/2026\/03\/Treasury-Hotel-Shanghai0006.webp\" alt=\"Treasury Hotel Shanghai0006\" \/>\t\t<\/div>\r\n\t\t\t\t<\/div>\t\t\t\t\t<\/div>\r\n\t\t\t\t\t\t<div class=\"grid-item\">\r\n\t\t\t\t\t\t<div class=\"nuss-box\">\t\t<div class=\"nuss-image image\">\r\n\t\t\t<img decoding=\"async\"  src=\"https:\/\/treasuryhotelshanghai.com\/wp-content\/uploads\/2026\/03\/Treasury-Hotel-Shanghai0019.webp\" alt=\"Treasury Hotel Shanghai0019\" \/>\t\t<\/div>\r\n\t\t\t\t<\/div>\t\t\t\t\t<\/div>\r\n\t\t\t\t\t\t\t\r\n\t\t\t<\/div>\r\n\t\t<\/div>\r\n\t\t\t\t\t\t<\/div>\n\t\t\t\t<\/div>\n\t\t\t\t\t<\/div>\n\t\t\t\t<\/div>\n\t\t<div class=\"elementor-element elementor-element-9e18c39 e-flex e-con-boxed e-con e-parent\" data-id=\"9e18c39\" data-element_type=\"container\" data-e-type=\"container\">\n\t\t\t\t\t<div class=\"e-con-inner\">\n\t\t\t\t<div class=\"elementor-element elementor-element-2d3b550 elementor-widget elementor-widget-text-editor\" data-id=\"2d3b550\" data-element_type=\"widget\" data-e-type=\"widget\" data-widget_type=\"text-editor.default\">\n\t\t\t\t\t\t\t\t\t<h2 class=\"qwen-markdown-heading\"><span class=\"qwen-markdown-text\" data-spm-anchor-id=\"a2ty_o01.29997173.0.i38.5c075171LDsXt3\">Genie\u00dfen Sie den Geschmack Shanghais im Herzen des Huangpu-Bezirks<\/span><\/h2><div class=\"qwen-markdown-paragraph\"><span class=\"qwen-markdown-text\">Willkommen zu einem kulinarischen Erlebnis, das den Geist Shanghais perfekt verk\u00f6rpert: eine harmonische Verbindung von \u00f6stlicher Tradition und westlicher Eleganz. Im <\/span><strong class=\"qwen-markdown-strong\"><span class=\"qwen-markdown-text\">Shanghai People's Square, Nanjing East Road, Fu\u00dfg\u00e4ngerzone, Treasury Hotel<\/span><\/strong><span class=\"qwen-markdown-text\">, gelegen bei <\/span><strong class=\"qwen-markdown-strong\"><span class=\"qwen-markdown-text\">Nr. 678 Hankou Road, Huangpu District, Shanghai, China<\/span><\/strong><span class=\"qwen-markdown-text\">, Wir sind \u00fcberzeugt, dass au\u00dfergew\u00f6hnliche Gastfreundschaft mit au\u00dfergew\u00f6hnlichem Essen beginnt. Unsere kulinarischen Angebote sollen Sie zu neuen Entdeckungen inspirieren, Ihre Sinne verw\u00f6hnen und Sie in die vielf\u00e4ltige Gastronomieszene einer der kulinarischen Welthauptst\u00e4dte einf\u00fchren.<\/span><\/div><div class=\"qwen-markdown-space\">\u00a0<\/div><div class=\"qwen-markdown-paragraph\"><span class=\"qwen-markdown-text\">Ob Sie Ihren Tag mit einem entspannten Buffet vor einem Meeting im Shanghai Exhibition Center beginnen, einen sp\u00e4ten Snack von unseren innovativen Servicerobotern genie\u00dfen oder in die pulsierende kulinarische Szene der Nanjing Road eintauchen \u2013 das Treasury Hotel sorgt daf\u00fcr, dass jede Mahlzeit zu einem unvergesslichen Teil Ihrer Reise wird.<\/span><\/div><div class=\"qwen-markdown-space\">\u00a0<\/div><h2 class=\"qwen-markdown-heading\"><span class=\"qwen-markdown-text\">Der Treasure Breakfast Hall: Ein Morgenritual der Exzellenz<\/span><\/h2><div class=\"qwen-markdown-paragraph\"><span class=\"qwen-markdown-text\">Das Herzst\u00fcck unseres internen Speiseangebots ist das <\/span><strong class=\"qwen-markdown-strong\"><span class=\"qwen-markdown-text\">\u73cd\u5b9d\u65e9\u9910\u5385 (Schatzfr\u00fchst\u00fcckssaal)<\/span><\/strong><span class=\"qwen-markdown-text\">. Der Fr\u00fchst\u00fcckssaal ist im gleichen hellen, luxuri\u00f6sen franz\u00f6sischen Stil gestaltet wie unsere G\u00e4stezimmer und bietet eine ruhige und einladende Atmosph\u00e4re f\u00fcr einen gelungenen Start in den Tag.<\/span><\/div><div class=\"qwen-markdown-space\">\u00a0<\/div><ul class=\"qwen-markdown-list\" dir=\"auto\"><li><strong class=\"qwen-markdown-strong\"><span class=\"qwen-markdown-text\">\u00d6ffnungszeiten:<\/span><\/strong><span class=\"qwen-markdown-text\"> T\u00e4glich von <\/span><strong class=\"qwen-markdown-strong\"><span class=\"qwen-markdown-text\">07:00 bis 09:30<\/span><\/strong><span class=\"qwen-markdown-text\">, So haben Sie gen\u00fcgend Zeit, eine herzhafte Mahlzeit zu genie\u00dfen, bevor Sie Ihr Tagesprogramm beginnen.<\/span><\/li><li><strong class=\"qwen-markdown-strong\"><span class=\"qwen-markdown-text\">Kulinarische Vielfalt:<\/span><\/strong><span class=\"qwen-markdown-text\"> Unser reichhaltiges Fr\u00fchst\u00fccksbuffet bietet f\u00fcr jeden Geschmack etwas und umfasst eine sorgf\u00e4ltig zusammengestellte Auswahl an beidem. <\/span><strong class=\"qwen-markdown-strong\"><span class=\"qwen-markdown-text\">Westliche und chinesische K\u00fcche<\/span><\/strong><span class=\"qwen-markdown-text\">. Freuen Sie sich auf frisch gebr\u00fchten, aromatischen Kaffee, bl\u00e4ttriges Geb\u00e4ck und Eier nach Wunsch zubereitet, dazu dampfende Sch\u00fcsseln mit authentischen Shanghaier Nudeln, lokalen Dim Sum und Congee.<\/span><\/li><li><strong class=\"qwen-markdown-strong\"><span class=\"qwen-markdown-text\">Frische steht an erster Stelle:<\/span><\/strong><span class=\"qwen-markdown-text\"> Unser K\u00fcchenteam legt Wert auf frische, hochwertige Zutaten, die t\u00e4glich frisch zubereitet werden, um maximalen Geschmack und N\u00e4hrwert zu gew\u00e4hrleisten.<\/span><\/li><li><strong class=\"qwen-markdown-strong\"><span class=\"qwen-markdown-text\">Familienfreundliche Politik:<\/span><\/strong><span class=\"qwen-markdown-text\"> Wir sind der Meinung, dass Essen f\u00fcr alle zug\u00e4nglich sein sollte. <\/span><strong class=\"qwen-markdown-strong\"><span class=\"qwen-markdown-text\">Kinder unter 1,2 Metern essen kostenlos.<\/span><\/strong><span class=\"qwen-markdown-text\"> in Begleitung eines Erwachsenen sind wir die erste Wahl f\u00fcr Familien, die nach Shanghai reisen.<\/span><\/li><\/ul><div class=\"qwen-markdown-space\">\u00a0<\/div><h2 class=\"qwen-markdown-heading\"><span class=\"qwen-markdown-text\">Innovative Gastronomietechnologie: Service trifft auf Komfort<\/span><\/h2><div class=\"qwen-markdown-paragraph\"><span class=\"qwen-markdown-text\">Im Treasury Hotel setzen wir auf Technologie, um Ihren Komfort zu steigern, ohne dabei den menschlichen Kontakt zu vernachl\u00e4ssigen. <\/span><strong class=\"qwen-markdown-strong\"><span class=\"qwen-markdown-text\">Essenslieferroboter<\/span><\/strong><span class=\"qwen-markdown-text\"> sind ein herausragendes Merkmal unseres Servicekonzepts und bieten unseren G\u00e4sten eine einzigartige und komfortable Speisel\u00f6sung.<\/span><\/div><div class=\"qwen-markdown-space\">\u00a0<\/div><ul class=\"qwen-markdown-list\" dir=\"auto\"><li><strong class=\"qwen-markdown-strong\"><span class=\"qwen-markdown-text\">Kontaktlose Lieferung:<\/span><\/strong><span class=\"qwen-markdown-text\"> Lust auf einen Snack sp\u00e4t abends oder ben\u00f6tigen Sie zus\u00e4tzliche Annehmlichkeiten auf Ihrem Zimmer? Unsere intelligenten Roboter navigieren effizient durch die Hotelkorridore und bringen Ihnen die gew\u00fcnschten Artikel direkt an Ihre T\u00fcr.<\/span><\/li><li><strong class=\"qwen-markdown-strong\"><span class=\"qwen-markdown-text\">Moderner Komfort:<\/span><\/strong><span class=\"qwen-markdown-text\"> Diese futuristische Ausstattung minimiert Wartezeiten und gew\u00e4hrleistet Privatsph\u00e4re, sodass Sie Ihre Mahlzeiten oder Eink\u00e4ufe im Komfort Ihres mit Smart-Ger\u00e4ten ausgestatteten Zimmers genie\u00dfen k\u00f6nnen.<\/span><\/li><li><strong class=\"qwen-markdown-strong\"><span class=\"qwen-markdown-text\">Sicher und hygienisch:<\/span><\/strong><span class=\"qwen-markdown-text\"> Im Einklang mit modernen Gesundheitsstandards bietet unser Roboterservice eine zus\u00e4tzliche Sicherheits- und Hygieneebene f\u00fcr alle Interaktionen mit unseren G\u00e4sten.<\/span><\/li><\/ul><div class=\"qwen-markdown-space\">\u00a0<\/div><h2 class=\"qwen-markdown-heading\"><span class=\"qwen-markdown-text\">Ein Tor zum kulinarischen Epizentrum Shanghais<\/span><\/h2><div class=\"qwen-markdown-paragraph\"><span class=\"qwen-markdown-text\">Unsere internen Speisem\u00f6glichkeiten bieten Komfort und Bequemlichkeit, aber ein Aufenthalt im <\/span><strong class=\"qwen-markdown-strong\"><span class=\"qwen-markdown-text\">Hankou-Stra\u00dfe Nr. 678<\/span><\/strong><span class=\"qwen-markdown-text\"> Das Hotel versetzt Sie mitten ins Herz von Shanghais legend\u00e4rer Gastronomieszene. Der Bezirk Huangpu ist bekannt f\u00fcr seine Dichte an renommierten Restaurants, Gark\u00fcchen und historischen Lokalen, die alle bequem zu Fu\u00df vom Hotel aus erreichbar sind.<\/span><\/div><div class=\"qwen-markdown-space\">\u00a0<\/div><ul class=\"qwen-markdown-list\" dir=\"auto\"><li><strong class=\"qwen-markdown-strong\"><span class=\"qwen-markdown-text\">Fu\u00dfg\u00e4ngerzone Nanjing East Road (300 m):<\/span><\/strong><span class=\"qwen-markdown-text\"> Nur wenige Schritte entfernt s\u00e4umen unz\u00e4hlige gastronomische Angebote diese belebte Stra\u00dfe \u2013 von schnellen lokalen Imbissen bis hin zu internationalen Restaurantketten.<\/span><\/li><li><strong class=\"qwen-markdown-strong\"><span class=\"qwen-markdown-text\">Lokale Favoriten:<\/span><\/strong><span class=\"qwen-markdown-text\"> G\u00e4ste haben einfachen Zugang zu bekannten Shanghaier Restaurants wie zum Beispiel <\/span><strong class=\"qwen-markdown-strong\"><span class=\"qwen-markdown-text\">WangBaoHe<\/span><\/strong><span class=\"qwen-markdown-text\"> Und <\/span><strong class=\"qwen-markdown-strong\"><span class=\"qwen-markdown-text\">Lao Zheng Xing<\/span><\/strong><span class=\"qwen-markdown-text\">, ber\u00fchmt f\u00fcr ihre traditionellen Schmorgerichte und authentischen lokalen Aromen.<\/span><\/li><li><strong class=\"qwen-markdown-strong\"><span class=\"qwen-markdown-text\">Der Bund und dar\u00fcber hinaus:<\/span><\/strong><span class=\"qwen-markdown-text\"> Nach einem kurzen Spaziergang zum Bund (1,4 km) erreicht man exklusive Gourmetrestaurants mit atemberaubendem Blick auf den Huangpu-Fluss, die sich perfekt f\u00fcr besondere Anl\u00e4sse oder Gesch\u00e4ftsessen eignen.<\/span><\/li><li><strong class=\"qwen-markdown-strong\"><span class=\"qwen-markdown-text\">Empfehlungen des Concierge:<\/span><\/strong><span class=\"qwen-markdown-text\"> Unser mehrsprachiges Rezeptionsteam freut sich darauf, Ihnen individuelle Restaurantempfehlungen zu geben, Reservierungen vorzunehmen oder Ihnen bei der Auswahl des perfekten Gerichts f\u00fcr Ihren Geschmack und Ihr Budget behilflich zu sein.<\/span><\/li><\/ul><div class=\"qwen-markdown-space\">\u00a0<\/div><h2 class=\"qwen-markdown-heading\"><span class=\"qwen-markdown-text\">Besondere Ern\u00e4hrungsw\u00fcnsche &amp; Sonderw\u00fcnsche<\/span><\/h2><div class=\"qwen-markdown-paragraph\"><span class=\"qwen-markdown-text\">Wir wissen, dass moderne Reisende unterschiedliche Ern\u00e4hrungsbed\u00fcrfnisse haben. Unser Team setzt alles daran, dass jeder Gast unbesorgt speisen kann.<\/span><\/div><div class=\"qwen-markdown-space\">\u00a0<\/div><ul class=\"qwen-markdown-list\" dir=\"auto\"><li><strong class=\"qwen-markdown-strong\"><span class=\"qwen-markdown-text\">Anpassung:<\/span><\/strong><span class=\"qwen-markdown-text\"> Unser Buffet bietet zwar eine gro\u00dfe Auswahl, aber unsere Mitarbeiter helfen Ihnen gerne bei speziellen Fragen zu den Zutaten.<\/span><\/li><li><strong class=\"qwen-markdown-strong\"><span class=\"qwen-markdown-text\">Allergiebewusstsein:<\/span><\/strong><span class=\"qwen-markdown-text\"> Bitte informieren Sie unser Team beim Einchecken oder vor dem Essen \u00fcber etwaige Allergien oder Unvertr\u00e4glichkeiten. Wir werden unser Bestes tun, um Ihnen sichere und schmackhafte Alternativen anzubieten.<\/span><\/li><li><strong class=\"qwen-markdown-strong\"><span class=\"qwen-markdown-text\">Alternativen zum Zimmerservice:<\/span><\/strong><span class=\"qwen-markdown-text\"> F\u00fcr G\u00e4ste, die Wert auf Privatsph\u00e4re legen, sorgt die Kombination aus unseren Lieferrobotern und Lieferdiensten von Restaurants in der N\u00e4he (zug\u00e4nglich \u00fcber lokale Apps) daf\u00fcr, dass Sie Ihr Zimmer nie verlassen m\u00fcssen, um eine hervorragende Mahlzeit zu genie\u00dfen.<\/span><\/li><\/ul><div class=\"qwen-markdown-space\">\u00a0<\/div><h2 class=\"qwen-markdown-heading\"><span class=\"qwen-markdown-text\">Warum im Treasury Hotel speisen?<\/span><\/h2><div class=\"qwen-markdown-paragraph\"><span class=\"qwen-markdown-text\">Die Wahl der <\/span><strong class=\"qwen-markdown-strong\"><span class=\"qwen-markdown-text\">Shanghai People's Square, Nanjing East Road, Fu\u00dfg\u00e4ngerzone, Treasury Hotel<\/span><\/strong><span class=\"qwen-markdown-text\"> F\u00fcr Ihren Aufenthalt bedeutet das, ein ganzheitliches kulinarisches Erlebnis zu w\u00e4hlen. Es geht nicht nur um das Essen auf dem Teller, sondern auch um die einfache Erreichbarkeit, die Servicequalit\u00e4t und das Eintauchen in Shanghais Esskultur.<\/span><\/div><div class=\"qwen-markdown-space\">\u00a0<\/div><ul class=\"qwen-markdown-list\" dir=\"auto\"><li><strong class=\"qwen-markdown-strong\"><span class=\"qwen-markdown-text\">Bequemlichkeit:<\/span><\/strong><span class=\"qwen-markdown-text\"> Beginnen Sie Ihren Tag, ohne das Geb\u00e4ude zu verlassen.<\/span><\/li><li><strong class=\"qwen-markdown-strong\"><span class=\"qwen-markdown-text\">Qualit\u00e4t:<\/span><\/strong><span class=\"qwen-markdown-text\"> Genie\u00dfen Sie erstklassige Buffet-Auswahl in einem sauberen und eleganten Ambiente.<\/span><\/li><li><strong class=\"qwen-markdown-strong\"><span class=\"qwen-markdown-text\">Standort:<\/span><\/strong><span class=\"qwen-markdown-text\"> Lassen Sie sich von einigen der besten Speisen Asiens umgeben.<\/span><\/li><li><strong class=\"qwen-markdown-strong\"><span class=\"qwen-markdown-text\">Innovation:<\/span><\/strong><span class=\"qwen-markdown-text\"> Erleben Sie die Zukunft der Gastfreundschaft mit unserem Roboterservice.<\/span><\/li><\/ul><div class=\"qwen-markdown-space\">\u00a0<\/div><h2 class=\"qwen-markdown-heading\"><span class=\"qwen-markdown-text\">Erleben Sie mit uns einen Vorgeschmack auf Shanghai<\/span><\/h2><div class=\"qwen-markdown-paragraph\"><span class=\"qwen-markdown-text\">Ob Sie in unserer Treasure Breakfast Hall Ihren Kaffee genie\u00dfen, w\u00e4hrend das Morgenlicht durch die Fenster im franz\u00f6sischen Stil f\u00e4llt, oder nach einem Tag voller Besichtigungen die gesch\u00e4ftigen Nachtm\u00e4rkte des Huangpu-Bezirks erkunden \u2013 das Treasury Hotel ist Ihr kulinarischer Begleiter in Shanghai.<\/span><\/div><div class=\"qwen-markdown-space\">\u00a0<\/div><div class=\"qwen-markdown-paragraph\"><span class=\"qwen-markdown-text\">Wir laden Sie ein, mit dem Duft eines frischen Fr\u00fchst\u00fccks in den Tag zu starten, die kulinarischen Gen\u00fcsse der Stadt von unserem strategisch g\u00fcnstigen Standort aus zu entdecken und sich von unserem Team zu Ihrem n\u00e4chsten Lieblingsgericht f\u00fchren zu lassen. Ihre Geschmacksknospen erwartet eine Reise, die so unvergesslich ist wie die Stadt selbst.<\/span><\/div><div class=\"qwen-markdown-space\">\u00a0<\/div><div class=\"qwen-markdown-paragraph\"><strong class=\"qwen-markdown-strong\"><span class=\"qwen-markdown-text\">Buchen Sie noch heute Ihren Aufenthalt.<\/span><\/strong><span class=\"qwen-markdown-text\"> und entdecken Sie, warum das Treasury Hotel die bevorzugte Wahl f\u00fcr Feinschmecker und Reisende gleicherma\u00dfen ist. <\/span><strong class=\"qwen-markdown-strong\"><span class=\"qwen-markdown-text\">Nr. 678 Hankou Road, Huangpu District, Shanghai, China<\/span><\/strong><span class=\"qwen-markdown-text\">.<\/span><\/div>\t\t\t\t\t\t\t\t<\/div>\n\t\t\t\t\t<\/div>\n\t\t\t\t<\/div>\n\t\t\t\t<\/div>","protected":false},"excerpt":{"rendered":"<p>Culinary Excellence &#038; Dining Experiences at Shanghai People&#8217;s Square Nanjing East Road Pedestrian Street Treasury Hotel Savor the Flavor of Shanghai in the Heart of Huangpu District Welcome to a dining experience that perfectly encapsulates the spirit of Shanghai: a harmonious blend of Eastern tradition and Western sophistication. At the Shanghai People&#8217;s Square Nanjing East [&hellip;]<\/p>\n","protected":false},"author":1,"featured_media":0,"parent":0,"menu_order":0,"comment_status":"closed","ping_status":"closed","template":"elementor_header_footer","meta":{"footnotes":""},"class_list":["post-612","page","type-page","status-publish","hentry","post-no-thumbnail"],"_links":{"self":[{"href":"https:\/\/treasuryhotelshanghai.com\/de\/wp-json\/wp\/v2\/pages\/612","targetHints":{"allow":["GET"]}}],"collection":[{"href":"https:\/\/treasuryhotelshanghai.com\/de\/wp-json\/wp\/v2\/pages"}],"about":[{"href":"https:\/\/treasuryhotelshanghai.com\/de\/wp-json\/wp\/v2\/types\/page"}],"author":[{"embeddable":true,"href":"https:\/\/treasuryhotelshanghai.com\/de\/wp-json\/wp\/v2\/users\/1"}],"replies":[{"embeddable":true,"href":"https:\/\/treasuryhotelshanghai.com\/de\/wp-json\/wp\/v2\/comments?post=612"}],"version-history":[{"count":0,"href":"https:\/\/treasuryhotelshanghai.com\/de\/wp-json\/wp\/v2\/pages\/612\/revisions"}],"wp:attachment":[{"href":"https:\/\/treasuryhotelshanghai.com\/de\/wp-json\/wp\/v2\/media?parent=612"}],"curies":[{"name":"wp","href":"https:\/\/api.w.org\/{rel}","templated":true}]}}