{"id":5266,"date":"2021-07-18T08:03:35","date_gmt":"2021-07-18T08:03:35","guid":{"rendered":"https:\/\/nuss.uxper.co\/luxury-resort\/?page_id=5266"},"modified":"2026-03-04T03:18:20","modified_gmt":"2026-03-04T03:18:20","slug":"uber-uns","status":"publish","type":"page","link":"https:\/\/treasuryhotelshanghai.com\/de\/about-us\/","title":{"rendered":"\u00dcber uns"},"content":{"rendered":"<div data-elementor-type=\"wp-page\" data-elementor-id=\"5266\" class=\"elementor elementor-5266\">\n\t\t\t\t\t\t<section class=\"elementor-section elementor-top-section elementor-element elementor-element-10416953 elementor-section-boxed elementor-section-gap-beside-yes elementor-section-height-default elementor-section-height-default elementor-section-column-vertical-align-stretch\" data-id=\"10416953\" data-element_type=\"section\" data-e-type=\"section\">\n\t\t\t\t\t\t<div class=\"elementor-container elementor-column-gap-extended\">\n\t\t\t\t\t<div class=\"elementor-column elementor-col-100 elementor-top-column elementor-element elementor-element-29c6aa8\" data-id=\"29c6aa8\" data-element_type=\"column\" data-e-type=\"column\">\n\t\t\t<div class=\"elementor-widget-wrap elementor-element-populated\">\n\t\t\t\t\t\t<div class=\"elementor-element elementor-element-7be18fe7 elementor-widget__width-initial elementor-invisible elementor-widget elementor-widget-text-editor\" data-id=\"7be18fe7\" data-element_type=\"widget\" data-e-type=\"widget\" data-settings=\"{&quot;_animation&quot;:&quot;nussFadeInUp&quot;}\" data-widget_type=\"text-editor.default\">\n\t\t\t\t\t\t\t\t\tShanghai People&#039;s Square Nanjing East Road Fu\u00dfg\u00e4ngerzone Treasury Hotel: Ihr erstklassiger Luxusaufenthalt im Herzen von Shanghai\t\t\t\t\t\t\t\t<\/div>\n\t\t\t\t\t<\/div>\n\t\t<\/div>\n\t\t\t\t\t<\/div>\n\t\t<\/section>\n\t\t\t\t<section class=\"elementor-section elementor-top-section elementor-element elementor-element-7d18327f elementor-section-boxed elementor-section-gap-beside-yes elementor-section-height-default elementor-section-height-default elementor-section-column-vertical-align-stretch\" data-id=\"7d18327f\" data-element_type=\"section\" data-e-type=\"section\">\n\t\t\t\t\t\t<div class=\"elementor-container elementor-column-gap-extended\">\n\t\t\t\t\t<div class=\"elementor-column elementor-col-50 elementor-top-column elementor-element elementor-element-56533670\" data-id=\"56533670\" data-element_type=\"column\" data-e-type=\"column\">\n\t\t\t<div class=\"elementor-widget-wrap elementor-element-populated\">\n\t\t\t\t\t\t<div class=\"elementor-element elementor-element-19c3f543 elementor-invisible elementor-widget elementor-widget-text-editor\" data-id=\"19c3f543\" data-element_type=\"widget\" data-e-type=\"widget\" data-settings=\"{&quot;_animation&quot;:&quot;nussFadeInUp&quot;}\" data-widget_type=\"text-editor.default\">\n\t\t\t\t\t\t\t\t\t<p><span class=\"qwen-markdown-text\" data-spm-anchor-id=\"a2ty_o01.29997173.0.i67.5c075171LDsXt3\">Entdecken Sie die perfekte Mischung aus franz\u00f6sisch inspirierter Eleganz und moderner Raffinesse im <\/span><strong class=\"qwen-markdown-strong\"><span class=\"qwen-markdown-text\" data-spm-anchor-id=\"a2ty_o01.29997173.0.i66.5c075171LDsXt3\">Shanghai People's Square, Nanjing East Road, Fu\u00dfg\u00e4ngerzone, Treasury Hotel<\/span><\/strong><span class=\"qwen-markdown-text\">, ideal gelegen bei <\/span><strong class=\"qwen-markdown-strong\"><span class=\"qwen-markdown-text\">Nr. 678 Hankou Road, Huangpu District, Shanghai, China<\/span><\/strong><span class=\"qwen-markdown-text\">. Dieses au\u00dfergew\u00f6hnliche 4-Sterne-Boutique-Hotel, das 2024 neu er\u00f6ffnet wurde, bietet Reisenden einen unvergesslichen R\u00fcckzugsort inmitten einer der dynamischsten St\u00e4dte Asiens. Ob Sie Shanghai gesch\u00e4ftlich, privat oder kulturell erkunden m\u00f6chten \u2013 dank unserer erstklassigen Lage befinden Sie sich nur wenige Schritte von den bekanntesten Sehensw\u00fcrdigkeiten der Stadt, erstklassigen Einkaufsm\u00f6glichkeiten und authentischen kulinarischen Erlebnissen entfernt.<\/span><\/p>\t\t\t\t\t\t\t\t<\/div>\n\t\t\t\t\t<\/div>\n\t\t<\/div>\n\t\t\t\t<div class=\"elementor-column elementor-col-50 elementor-top-column elementor-element elementor-element-30f14127\" data-id=\"30f14127\" data-element_type=\"column\" data-e-type=\"column\">\n\t\t\t<div class=\"elementor-widget-wrap elementor-element-populated\">\n\t\t\t\t\t\t<div class=\"elementor-element elementor-element-be7077d elementor-widget elementor-widget-image\" data-id=\"be7077d\" data-element_type=\"widget\" data-e-type=\"widget\" data-widget_type=\"image.default\">\n\t\t\t\t\t\t\t\t\t\t\t\t\t\t\t<img fetchpriority=\"high\" decoding=\"async\" width=\"1024\" height=\"768\" src=\"https:\/\/treasuryhotelshanghai.com\/wp-content\/uploads\/2026\/03\/Treasury-Hotel-Shanghai0047-1024x768.webp\" class=\"attachment-large size-large wp-image-5640\" alt=\"\" srcset=\"https:\/\/treasuryhotelshanghai.com\/wp-content\/uploads\/2026\/03\/Treasury-Hotel-Shanghai0047-1024x768.webp 1024w, https:\/\/treasuryhotelshanghai.com\/wp-content\/uploads\/2026\/03\/Treasury-Hotel-Shanghai0047-300x225.webp 300w, https:\/\/treasuryhotelshanghai.com\/wp-content\/uploads\/2026\/03\/Treasury-Hotel-Shanghai0047-768x576.webp 768w, https:\/\/treasuryhotelshanghai.com\/wp-content\/uploads\/2026\/03\/Treasury-Hotel-Shanghai0047.webp 1138w\" sizes=\"(max-width: 1024px) 100vw, 1024px\" \/>\t\t\t\t\t\t\t\t\t\t\t\t\t\t\t<\/div>\n\t\t\t\t\t<\/div>\n\t\t<\/div>\n\t\t\t\t\t<\/div>\n\t\t<\/section>\n\t\t\t\t<section class=\"elementor-section elementor-top-section elementor-element elementor-element-29fb8578 elementor-section-height-min-height elementor-section-stretched elementor-section-full_width elementor-section-items-stretch elementor-section-height-default elementor-section-column-vertical-align-stretch\" data-id=\"29fb8578\" data-element_type=\"section\" data-e-type=\"section\" data-settings=\"{&quot;stretch_section&quot;:&quot;section-stretched&quot;}\">\n\t\t\t\t\t\t<div class=\"elementor-container elementor-column-gap-no\">\n\t\t\t\t\t<div class=\"elementor-column elementor-col-50 elementor-top-column elementor-element elementor-element-40ac270b\" data-id=\"40ac270b\" data-element_type=\"column\" data-e-type=\"column\">\n\t\t\t<div class=\"elementor-widget-wrap elementor-element-populated\">\n\t\t\t\t\t\t<div class=\"elementor-element elementor-element-20872773 elementor-widget__width-initial elementor-widget-mobile__width-inherit elementor-invisible nuss-elementor-loading nuss-slide-in-right elementor-widget elementor-widget-image\" data-id=\"20872773\" data-element_type=\"widget\" data-e-type=\"widget\" data-settings=\"{&quot;_animation&quot;:&quot;nussSlideInRight&quot;}\" data-widget_type=\"image.default\">\n\t\t\t\t\t\t\t\t\t\t\t\t\t\t\t<img decoding=\"async\" width=\"1137\" height=\"853\" src=\"https:\/\/treasuryhotelshanghai.com\/wp-content\/uploads\/2026\/03\/Treasury-Hotel-Shanghai0057.webp\" class=\"attachment-full size-full wp-image-5650\" alt=\"\" srcset=\"https:\/\/treasuryhotelshanghai.com\/wp-content\/uploads\/2026\/03\/Treasury-Hotel-Shanghai0057.webp 1137w, https:\/\/treasuryhotelshanghai.com\/wp-content\/uploads\/2026\/03\/Treasury-Hotel-Shanghai0057-300x225.webp 300w, https:\/\/treasuryhotelshanghai.com\/wp-content\/uploads\/2026\/03\/Treasury-Hotel-Shanghai0057-1024x768.webp 1024w, https:\/\/treasuryhotelshanghai.com\/wp-content\/uploads\/2026\/03\/Treasury-Hotel-Shanghai0057-768x576.webp 768w\" sizes=\"(max-width: 1137px) 100vw, 1137px\" \/>\t\t\t\t\t\t\t\t\t\t\t\t\t\t\t<\/div>\n\t\t\t\t\t<\/div>\n\t\t<\/div>\n\t\t\t\t<div class=\"elementor-column elementor-col-50 elementor-top-column elementor-element elementor-element-2dac103\" data-id=\"2dac103\" data-element_type=\"column\" data-e-type=\"column\">\n\t\t\t<div class=\"elementor-widget-wrap elementor-element-populated\">\n\t\t\t\t\t\t<div class=\"elementor-element elementor-element-6f1b8966 elementor-invisible elementor-widget elementor-widget-text-editor\" data-id=\"6f1b8966\" data-element_type=\"widget\" data-e-type=\"widget\" data-settings=\"{&quot;_animation&quot;:&quot;nussFadeInUp&quot;}\" data-widget_type=\"text-editor.default\">\n\t\t\t\t\t\t\t\t\t<h2 class=\"qwen-markdown-heading\"><span class=\"qwen-markdown-text\" data-spm-anchor-id=\"a2ty_o01.29997173.0.i68.5c075171LDsXt3\">Unschlagbare Lage im kulturellen und wirtschaftlichen Zentrum Shanghais<\/span><\/h2><div class=\"qwen-markdown-paragraph\"><span class=\"qwen-markdown-text\">Das strategisch g\u00fcnstig im pulsierenden Huangpu-Viertel gelegene Treasury Hotel bietet unvergleichlichen Zugang zu Shanghais Top-Attraktionen. <\/span><strong class=\"qwen-markdown-strong\"><span class=\"qwen-markdown-text\">230 Meter von der Metrostation Volksplatz entfernt<\/span><\/strong><span class=\"qwen-markdown-text\"> (Linien 1, 2 und 8) bieten G\u00e4sten eine nahtlose Anbindung an den internationalen Flughafen Pudong, den Verkehrsknotenpunkt Hongqiao und wichtige Gesch\u00e4ftsviertel. <\/span><strong class=\"qwen-markdown-strong\"><span class=\"qwen-markdown-text\">300 Meter bis zur Fu\u00dfg\u00e4ngerzone Nanjing East Road<\/span><\/strong><span class=\"qwen-markdown-text\">Chinas belebteste Einkaufsstra\u00dfe \u2013 wo Luxusmarken, lokale Boutiquen und Stra\u00dfenimbissst\u00e4nde eine elektrisierende Atmosph\u00e4re schaffen. Ikonische Ziele wie der Bund (1,4 km) und der Yu-Garten (1,8 km) sind ebenfalls in der N\u00e4he., <\/span><strong class=\"qwen-markdown-strong\"><span class=\"qwen-markdown-text\">Shanghai Museum<\/span><\/strong><span class=\"qwen-markdown-text\">, Und <\/span><strong class=\"qwen-markdown-strong\"><span class=\"qwen-markdown-text\">Grand Theatre<\/span><\/strong><span class=\"qwen-markdown-text\"> Alle Sehensw\u00fcrdigkeiten sind bequem zu Fu\u00df oder mit einer kurzen U-Bahn-Fahrt erreichbar, was unser Hotel zum idealen Ausgangspunkt f\u00fcr Erstbesucher und erfahrene Reisende gleicherma\u00dfen macht.<\/span><\/div>\t\t\t\t\t\t\t\t<\/div>\n\t\t\t\t\t<\/div>\n\t\t<\/div>\n\t\t\t\t\t<\/div>\n\t\t<\/section>\n\t\t\t\t<section class=\"elementor-section elementor-top-section elementor-element elementor-element-79ff60a elementor-section-height-min-height elementor-section-stretched elementor-section-full_width elementor-section-items-stretch elementor-section-height-default elementor-section-column-vertical-align-stretch\" data-id=\"79ff60a\" data-element_type=\"section\" data-e-type=\"section\" data-settings=\"{&quot;stretch_section&quot;:&quot;section-stretched&quot;}\">\n\t\t\t\t\t\t<div class=\"elementor-container elementor-column-gap-no\">\n\t\t\t\t\t<div class=\"elementor-column elementor-col-50 elementor-top-column elementor-element elementor-element-12aab04\" data-id=\"12aab04\" data-element_type=\"column\" data-e-type=\"column\">\n\t\t\t<div class=\"elementor-widget-wrap elementor-element-populated\">\n\t\t\t\t\t\t<div class=\"elementor-element elementor-element-cd7cee3 elementor-invisible elementor-widget elementor-widget-text-editor\" data-id=\"cd7cee3\" data-element_type=\"widget\" data-e-type=\"widget\" data-settings=\"{&quot;_animation&quot;:&quot;nussFadeInUp&quot;}\" data-widget_type=\"text-editor.default\">\n\t\t\t\t\t\t\t\t\t<h2 class=\"qwen-markdown-heading\"><span class=\"qwen-markdown-text\">Franz\u00f6sisch inspiriertes Design trifft auf h\u00f6chsten Komfort<\/span><\/h2><div class=\"qwen-markdown-paragraph\"><span class=\"qwen-markdown-text\">Treten Sie ein in eine Welt, in der romantische Pariser \u00c4sthetik auf moderne chinesische Gastfreundschaft trifft. Das Treasury Hotel bietet <\/span><strong class=\"qwen-markdown-strong\"><span class=\"qwen-markdown-text\">133 sorgf\u00e4ltig gestaltete G\u00e4stezimmer und Suiten<\/span><\/strong><span class=\"qwen-markdown-text\"> Die Zimmer (20\u201350 m\u00b2) bestechen durch helle, luxuri\u00f6se Interieurs im franz\u00f6sischen Stil, hochwertige Plante &amp; King Koil Memory-Matratzen und intelligente Smart-Room-Steuerungssysteme. W\u00e4hlen Sie aus unseren sorgf\u00e4ltig zusammengestellten Unterk\u00fcnften \u2013 darunter Treasure Deluxe King, Cozy Queen, City View Suite und Big Bed Zimmer \u2013 alle ausgestattet mit kostenfreiem Highspeed-WLAN, Klimaanlage, eigenem Bad und in einigen Zimmern mit Stadtblick zus\u00e4tzlich mit K\u00fchlschrank. T\u00e4gliche Zimmerreinigung und kontaktlose Serviceroboter garantieren einen makellosen, individuellen Aufenthalt ganz nach Ihren W\u00fcnschen.<\/span><\/div>\t\t\t\t\t\t\t\t<\/div>\n\t\t\t\t\t<\/div>\n\t\t<\/div>\n\t\t\t\t<div class=\"elementor-column elementor-col-50 elementor-top-column elementor-element elementor-element-a66997c\" data-id=\"a66997c\" data-element_type=\"column\" data-e-type=\"column\">\n\t\t\t<div class=\"elementor-widget-wrap elementor-element-populated\">\n\t\t\t\t\t\t<div class=\"elementor-element elementor-element-9606f3a elementor-widget__width-initial elementor-widget-mobile__width-inherit elementor-invisible nuss-elementor-loading nuss-slide-in-right elementor-widget elementor-widget-image\" data-id=\"9606f3a\" data-element_type=\"widget\" data-e-type=\"widget\" data-settings=\"{&quot;_animation&quot;:&quot;nussSlideInRight&quot;}\" data-widget_type=\"image.default\">\n\t\t\t\t\t\t\t\t\t\t\t\t\t\t\t<img decoding=\"async\" width=\"1138\" height=\"853\" src=\"https:\/\/treasuryhotelshanghai.com\/wp-content\/uploads\/2026\/03\/Treasury-Hotel-Shanghai0053.webp\" class=\"attachment-full size-full wp-image-5646\" alt=\"\" srcset=\"https:\/\/treasuryhotelshanghai.com\/wp-content\/uploads\/2026\/03\/Treasury-Hotel-Shanghai0053.webp 1138w, https:\/\/treasuryhotelshanghai.com\/wp-content\/uploads\/2026\/03\/Treasury-Hotel-Shanghai0053-300x225.webp 300w, https:\/\/treasuryhotelshanghai.com\/wp-content\/uploads\/2026\/03\/Treasury-Hotel-Shanghai0053-1024x768.webp 1024w, https:\/\/treasuryhotelshanghai.com\/wp-content\/uploads\/2026\/03\/Treasury-Hotel-Shanghai0053-768x576.webp 768w\" sizes=\"(max-width: 1138px) 100vw, 1138px\" \/>\t\t\t\t\t\t\t\t\t\t\t\t\t\t\t<\/div>\n\t\t\t\t\t<\/div>\n\t\t<\/div>\n\t\t\t\t\t<\/div>\n\t\t<\/section>\n\t\t\t\t<section class=\"elementor-section elementor-top-section elementor-element elementor-element-83d02da elementor-section-height-min-height elementor-section-stretched elementor-section-full_width elementor-section-items-stretch elementor-section-height-default elementor-section-column-vertical-align-stretch\" data-id=\"83d02da\" data-element_type=\"section\" data-e-type=\"section\" data-settings=\"{&quot;stretch_section&quot;:&quot;section-stretched&quot;}\">\n\t\t\t\t\t\t<div class=\"elementor-container elementor-column-gap-no\">\n\t\t\t\t\t<div class=\"elementor-column elementor-col-50 elementor-top-column elementor-element elementor-element-a3aa051\" data-id=\"a3aa051\" data-element_type=\"column\" data-e-type=\"column\">\n\t\t\t<div class=\"elementor-widget-wrap elementor-element-populated\">\n\t\t\t\t\t\t<div class=\"elementor-element elementor-element-1100fa4 elementor-invisible elementor-widget elementor-widget-text-editor\" data-id=\"1100fa4\" data-element_type=\"widget\" data-e-type=\"widget\" data-settings=\"{&quot;_animation&quot;:&quot;nussFadeInUp&quot;}\" data-widget_type=\"text-editor.default\">\n\t\t\t\t\t\t\t\t\t<h2 class=\"qwen-markdown-heading\"><span class=\"qwen-markdown-text\">Au\u00dfergew\u00f6hnliche Annehmlichkeiten f\u00fcr moderne Reisende<\/span><\/h2><div class=\"qwen-markdown-paragraph\"><span class=\"qwen-markdown-text\">Wir verstehen, dass Reisende heutzutage sowohl Komfort als auch Authentizit\u00e4t suchen. Deshalb bietet das Treasury Hotel eine umfassende Auswahl an Annehmlichkeiten, die Ihren Aufenthalt bereichern sollen:<\/span><\/div><div class=\"qwen-markdown-space\">\u00a0<\/div><ul class=\"qwen-markdown-list\" dir=\"auto\"><li><strong class=\"qwen-markdown-strong\"><span class=\"qwen-markdown-text\">Essen<\/span><\/strong><span class=\"qwen-markdown-text\">Beginnen Sie Ihren Morgen in unserem Fr\u00fchst\u00fccksraum (07:00\u201309:30 Uhr) mit einem vielf\u00e4ltigen Buffet westlicher und chinesischer K\u00fcche. Kinder unter 1,20 m essen kostenlos. Erkunden Sie die zahlreichen renommierten Restaurants in der Umgebung oder lassen Sie sich Ihr Essen bequem aufs Zimmer liefern \u2013 unsere innovativen Lieferroboter bringen es Ihnen gerne.<\/span><\/li><li><strong class=\"qwen-markdown-strong\"><span class=\"qwen-markdown-text\">Wellness &amp; Business<\/span><\/strong><span class=\"qwen-markdown-text\">: Bleiben Sie aktiv in unserem kostenlosen Fitnesscenter, frischen Sie Ihre Garderobe im Selbstbedienungswaschsalon auf oder halten Sie produktive Meetings in unseren voll ausgestatteten Konferenzr\u00e4umen ab.<\/span><\/li><li><strong class=\"qwen-markdown-strong\"><span class=\"qwen-markdown-text\">G\u00e4steservice<\/span><\/strong><span class=\"qwen-markdown-text\">Unser mehrsprachiges (Englisch\/Chinesisch) Rezeptionsteam steht Ihnen rund um die Uhr zur Verf\u00fcgung und bietet Express-Check-in\/-out, Concierge-Service, Taxibestellung, Weckrufe und \u00dcbersetzungsdienste. Gesch\u00e4ftsreisende profitieren von Fax-\/Kopierservice und Highspeed-Internet im gesamten Hotel.<\/span><\/li><li><strong class=\"qwen-markdown-strong\"><span class=\"qwen-markdown-text\">Sicherheit und Barrierefreiheit<\/span><\/strong><span class=\"qwen-markdown-text\">Das Hotel verf\u00fcgt \u00fcber Video\u00fcberwachung, Brandschutzsysteme, 24-Stunden-Sicherheitsdienst, Zugang mit Schl\u00fcsselkarte, Aufz\u00fcge und ein striktes Rauchverbot f\u00fcr Ihre Sicherheit.<\/span><\/li><\/ul>\t\t\t\t\t\t\t\t<\/div>\n\t\t\t\t\t<\/div>\n\t\t<\/div>\n\t\t\t\t<div class=\"elementor-column elementor-col-50 elementor-top-column elementor-element elementor-element-ea10d4e\" data-id=\"ea10d4e\" data-element_type=\"column\" data-e-type=\"column\">\n\t\t\t<div class=\"elementor-widget-wrap elementor-element-populated\">\n\t\t\t\t\t\t<div class=\"elementor-element elementor-element-fcb8d3f elementor-widget__width-initial elementor-widget-mobile__width-inherit elementor-invisible nuss-elementor-loading nuss-slide-in-right elementor-widget elementor-widget-image\" data-id=\"fcb8d3f\" data-element_type=\"widget\" data-e-type=\"widget\" data-settings=\"{&quot;_animation&quot;:&quot;nussSlideInRight&quot;}\" data-widget_type=\"image.default\">\n\t\t\t\t\t\t\t\t\t\t\t\t\t\t\t<img loading=\"lazy\" decoding=\"async\" width=\"1280\" height=\"853\" src=\"https:\/\/treasuryhotelshanghai.com\/wp-content\/uploads\/2026\/03\/Treasury-Hotel-Shanghai0021.webp\" class=\"attachment-full size-full wp-image-5614\" alt=\"\" srcset=\"https:\/\/treasuryhotelshanghai.com\/wp-content\/uploads\/2026\/03\/Treasury-Hotel-Shanghai0021.webp 1280w, https:\/\/treasuryhotelshanghai.com\/wp-content\/uploads\/2026\/03\/Treasury-Hotel-Shanghai0021-300x200.webp 300w, https:\/\/treasuryhotelshanghai.com\/wp-content\/uploads\/2026\/03\/Treasury-Hotel-Shanghai0021-1024x682.webp 1024w, https:\/\/treasuryhotelshanghai.com\/wp-content\/uploads\/2026\/03\/Treasury-Hotel-Shanghai0021-768x512.webp 768w\" sizes=\"(max-width: 1280px) 100vw, 1280px\" \/>\t\t\t\t\t\t\t\t\t\t\t\t\t\t\t<\/div>\n\t\t\t\t\t<\/div>\n\t\t<\/div>\n\t\t\t\t\t<\/div>\n\t\t<\/section>\n\t\t<div class=\"elementor-element elementor-element-f6b6806 e-flex e-con-boxed e-con e-parent\" data-id=\"f6b6806\" data-element_type=\"container\" data-e-type=\"container\">\n\t\t\t\t\t<div class=\"e-con-inner\">\n\t\t\t\t<div class=\"elementor-element elementor-element-9fe8942 elementor-widget elementor-widget-text-editor\" data-id=\"9fe8942\" data-element_type=\"widget\" data-e-type=\"widget\" data-widget_type=\"text-editor.default\">\n\t\t\t\t\t\t\t\t\t<h2 class=\"qwen-markdown-heading\"><span class=\"qwen-markdown-text\">Warum sollten Sie das Treasury Hotel f\u00fcr Ihren Aufenthalt in Shanghai w\u00e4hlen?<\/span><\/h2><div class=\"qwen-markdown-paragraph\"><span class=\"qwen-markdown-text\">Mit einer herausragenden <\/span><strong class=\"qwen-markdown-strong\"><span class=\"qwen-markdown-text\">9,5\/10 G\u00e4stebewertung<\/span><\/strong><span class=\"qwen-markdown-text\"> Mit \u00fcber 6.200 Bewertungen auf f\u00fchrenden Reiseplattformen hat sich das Shanghai People&#039;s Square Nanjing East Road Pedestrian Street Treasury Hotel schnell zu einer Top-Adresse f\u00fcr anspruchsvolle Reisende entwickelt. Unser Engagement f\u00fcr pers\u00f6nlichen Service, Liebe zum Detail und die strategische Lage bieten Ihnen ein hervorragendes Preis-Leistungs-Verh\u00e4ltnis \u2013 egal ob Sie an einer Konferenz im Shanghai Exhibition Center teilnehmen, die historischen Gassen der ehemaligen Franz\u00f6sischen Konzession erkunden oder in das pulsierende Nachtleben Shanghais eintauchen.<\/span><\/div><div class=\"qwen-markdown-space\">\u00a0<\/div><div class=\"qwen-markdown-paragraph\"><strong class=\"qwen-markdown-strong\"><span class=\"qwen-markdown-text\">Buchen Sie noch heute Ihren Aufenthalt!<\/span><\/strong><span class=\"qwen-markdown-text\"> Erleben Sie selbst, warum das Treasury Hotel die Gastfreundschaft in Shanghais begehrtestem Viertel neu definiert. Entdecken Sie Komfort, Kultur und Bequemlichkeit \u2013 alles unter einem eleganten Dach in der Hankou Road 678 im Bezirk Huangpu. Ihre unvergessliche Reise durch Shanghai beginnt hier.<\/span><\/div>\t\t\t\t\t\t\t\t<\/div>\n\t\t\t\t\t<\/div>\n\t\t\t\t<\/div>\n\t\t\t\t<\/div>","protected":false},"excerpt":{"rendered":"<p>Shanghai People&#8217;s Square Nanjing East Road Pedestrian Street Treasury Hotel: Your Premier Luxury Stay in the Heart of Shanghai Discover the perfect blend of French-inspired elegance and modern sophistication at the Shanghai People&#8217;s Square Nanjing East Road Pedestrian Street Treasury Hotel, ideally situated at No. 678 Hankou Road, Huangpu District, Shanghai, China. This exceptional 4-star [&hellip;]<\/p>\n","protected":false},"author":1,"featured_media":0,"parent":0,"menu_order":0,"comment_status":"closed","ping_status":"closed","template":"","meta":{"footnotes":""},"class_list":["post-5266","page","type-page","status-publish","hentry","post-no-thumbnail"],"_links":{"self":[{"href":"https:\/\/treasuryhotelshanghai.com\/de\/wp-json\/wp\/v2\/pages\/5266","targetHints":{"allow":["GET"]}}],"collection":[{"href":"https:\/\/treasuryhotelshanghai.com\/de\/wp-json\/wp\/v2\/pages"}],"about":[{"href":"https:\/\/treasuryhotelshanghai.com\/de\/wp-json\/wp\/v2\/types\/page"}],"author":[{"embeddable":true,"href":"https:\/\/treasuryhotelshanghai.com\/de\/wp-json\/wp\/v2\/users\/1"}],"replies":[{"embeddable":true,"href":"https:\/\/treasuryhotelshanghai.com\/de\/wp-json\/wp\/v2\/comments?post=5266"}],"version-history":[{"count":0,"href":"https:\/\/treasuryhotelshanghai.com\/de\/wp-json\/wp\/v2\/pages\/5266\/revisions"}],"wp:attachment":[{"href":"https:\/\/treasuryhotelshanghai.com\/de\/wp-json\/wp\/v2\/media?parent=5266"}],"curies":[{"name":"wp","href":"https:\/\/api.w.org\/{rel}","templated":true}]}}