{"id":2109,"date":"2021-03-26T08:35:58","date_gmt":"2021-03-26T08:35:58","guid":{"rendered":"http:\/\/localhost\/nuss\/?page_id=536"},"modified":"2026-03-02T15:07:25","modified_gmt":"2026-03-02T15:07:25","slug":"geschaftseinrichtungen","status":"publish","type":"page","link":"https:\/\/treasuryhotelshanghai.com\/de\/business-facilities\/","title":{"rendered":"Gesch\u00e4ftseinrichtungen"},"content":{"rendered":"<div data-elementor-type=\"wp-page\" data-elementor-id=\"2109\" class=\"elementor elementor-2109\">\n\t\t\t\t\t\t<section class=\"elementor-section elementor-top-section elementor-element elementor-element-bb2901b elementor-section-boxed elementor-section-gap-beside-yes elementor-section-height-default elementor-section-height-default elementor-section-column-vertical-align-stretch\" data-id=\"bb2901b\" data-element_type=\"section\" data-e-type=\"section\">\n\t\t\t\t\t\t<div class=\"elementor-container elementor-column-gap-extended\">\n\t\t\t\t\t<div class=\"elementor-column elementor-col-100 elementor-top-column elementor-element elementor-element-1919db9\" data-id=\"1919db9\" data-element_type=\"column\" data-e-type=\"column\">\n\t\t\t<div class=\"elementor-widget-wrap elementor-element-populated\">\n\t\t\t\t\t\t<div class=\"elementor-element elementor-element-41a7b9c elementor-widget__width-initial elementor-invisible elementor-widget elementor-widget-text-editor\" data-id=\"41a7b9c\" data-element_type=\"widget\" data-e-type=\"widget\" data-settings=\"{&quot;_animation&quot;:&quot;nussFadeInUp&quot;}\" data-widget_type=\"text-editor.default\">\n\t\t\t\t\t\t\t\t\t<p>Unser Hotel-Konferenzraum bietet einen privaten, eleganten Tagungsraum im Herzen von New York f\u00fcr Gruppen von 8 bis 10 Personen. F\u00fcr Ihren Komfort und Ihre Bequemlichkeit bieten wir Ihnen gerne Kaffeepausen-Pakete an.<\/p>\t\t\t\t\t\t\t\t<\/div>\n\t\t\t\t\t<\/div>\n\t\t<\/div>\n\t\t\t\t\t<\/div>\n\t\t<\/section>\n\t\t<div class=\"elementor-element elementor-element-246f538 e-flex e-con-boxed e-con e-parent\" data-id=\"246f538\" data-element_type=\"container\" data-e-type=\"container\">\n\t\t\t\t\t<div class=\"e-con-inner\">\n\t\t\t\t<div class=\"elementor-element elementor-element-b014332 elementor-widget elementor-widget-image\" data-id=\"b014332\" data-element_type=\"widget\" data-e-type=\"widget\" data-widget_type=\"image.default\">\n\t\t\t\t\t\t\t\t\t\t\t\t\t\t\t<img fetchpriority=\"high\" decoding=\"async\" width=\"1024\" height=\"768\" src=\"https:\/\/treasuryhotelshanghai.com\/wp-content\/uploads\/2026\/03\/Treasury-Hotel-Shanghai0059-1024x768.webp\" class=\"attachment-large size-large wp-image-5652\" alt=\"\" srcset=\"https:\/\/treasuryhotelshanghai.com\/wp-content\/uploads\/2026\/03\/Treasury-Hotel-Shanghai0059-1024x768.webp 1024w, https:\/\/treasuryhotelshanghai.com\/wp-content\/uploads\/2026\/03\/Treasury-Hotel-Shanghai0059-300x225.webp 300w, https:\/\/treasuryhotelshanghai.com\/wp-content\/uploads\/2026\/03\/Treasury-Hotel-Shanghai0059-768x576.webp 768w, https:\/\/treasuryhotelshanghai.com\/wp-content\/uploads\/2026\/03\/Treasury-Hotel-Shanghai0059.webp 1137w\" sizes=\"(max-width: 1024px) 100vw, 1024px\" \/>\t\t\t\t\t\t\t\t\t\t\t\t\t\t\t<\/div>\n\t\t\t\t\t<\/div>\n\t\t\t\t<\/div>\n\t\t<div class=\"elementor-element elementor-element-e086733 e-flex e-con-boxed e-con e-parent\" data-id=\"e086733\" data-element_type=\"container\" data-e-type=\"container\">\n\t\t\t\t\t<div class=\"e-con-inner\">\n\t\t\t\t<div class=\"elementor-element elementor-element-262e151 elementor-widget elementor-widget-text-editor\" data-id=\"262e151\" data-element_type=\"widget\" data-e-type=\"widget\" data-widget_type=\"text-editor.default\">\n\t\t\t\t\t\t\t\t\t<h2 class=\"qwen-markdown-heading\"><span class=\"qwen-markdown-text\">Erstklassige Gesch\u00e4ftseinrichtungen im Herzen des Huangpu-Distrikts<\/span><\/h2><div class=\"qwen-markdown-paragraph\"><span class=\"qwen-markdown-text\">Verbessern Sie Ihr Gesch\u00e4ftsreiseerlebnis bei <\/span><strong class=\"qwen-markdown-strong\"><span class=\"qwen-markdown-text\">Shanghai People's Square, Nanjing East Road, Fu\u00dfg\u00e4ngerzone, Treasury Hotel<\/span><\/strong><span class=\"qwen-markdown-text\">, gelegen bei <\/span><strong class=\"qwen-markdown-strong\"><span class=\"qwen-markdown-text\">Nr. 678 Hankou Road, Huangpu District, Shanghai, China<\/span><\/strong><span class=\"qwen-markdown-text\">. Unser 4-Sterne-Boutique-Hotel wurde speziell f\u00fcr moderne Gesch\u00e4ftsreisende konzipiert und vereint franz\u00f6sisch inspirierte Eleganz mit hocheffizienter Business-Infrastruktur. Ob Sie eine Vorstandssitzung abhalten, remote arbeiten oder ein Firmenseminar organisieren \u2013 unsere Business-Einrichtungen gew\u00e4hrleisten Produktivit\u00e4t ohne Kompromisse beim Komfort. Ausgezeichnet mit einem herausragenden <\/span><strong class=\"qwen-markdown-strong\"><span class=\"qwen-markdown-text\">9,5\/10 G\u00e4stebewertung<\/span><\/strong><span class=\"qwen-markdown-text\">, Wir sind die bevorzugte Wahl f\u00fcr anspruchsvolle Gesch\u00e4ftsreisende, die einen strategischen St\u00fctzpunkt im wirtschaftlichen Epizentrum Shanghais suchen.<\/span><\/div><div class=\"qwen-markdown-space\">\u00a0<\/div><h2 class=\"qwen-markdown-heading\"><span class=\"qwen-markdown-text\">Modernste Konferenz- und Tagungsr\u00e4ume<\/span><\/h2><div class=\"qwen-markdown-paragraph\"><span class=\"qwen-markdown-text\">Der Erfolg liegt im Detail, und unser <\/span><strong class=\"qwen-markdown-strong\"><span class=\"qwen-markdown-text\">Konferenzr\u00e4ume<\/span><\/strong><span class=\"qwen-markdown-text\"> Unsere Tagungsr\u00e4ume sind so konzipiert, dass sie produktive Diskussionen und reibungslose Pr\u00e4sentationen erm\u00f6glichen. Sie eignen sich ideal f\u00fcr kleine bis mittelgro\u00dfe Firmenveranstaltungen, Brainstorming-Sitzungen im Team oder Kundengespr\u00e4che und bieten eine ruhige, professionelle Atmosph\u00e4re abseits des Gro\u00dfstadttrubels.<\/span><\/div><div class=\"qwen-markdown-space\">\u00a0<\/div><ul class=\"qwen-markdown-list\" dir=\"auto\"><li><strong class=\"qwen-markdown-strong\"><span class=\"qwen-markdown-text\">Professionelles Ambiente:<\/span><\/strong><span class=\"qwen-markdown-text\"> Die Tagungsr\u00e4ume spiegeln die f\u00fcr das Hotel charakteristische helle, luxuri\u00f6se Inneneinrichtung im franz\u00f6sischen Stil wider und schaffen so eine anspruchsvolle Atmosph\u00e4re, die Kunden und Partner beeindruckt.<\/span><\/li><li><strong class=\"qwen-markdown-strong\"><span class=\"qwen-markdown-text\">Audio-visuell bereit:<\/span><\/strong><span class=\"qwen-markdown-text\"> Ausgestattet f\u00fcr die Anforderungen moderner Pr\u00e4sentationen, sorgt es f\u00fcr einen reibungslosen Ablauf Ihrer Folien, Videos und Telefonkonferenzen.<\/span><\/li><li><strong class=\"qwen-markdown-strong\"><span class=\"qwen-markdown-text\">Flexible Layouts:<\/span><\/strong><span class=\"qwen-markdown-text\"> Unsere R\u00e4umlichkeiten lassen sich an verschiedene Gesch\u00e4ftsanforderungen anpassen, von vertraulichen F\u00fchrungsgespr\u00e4chen bis hin zu kollaborativen Workshops.<\/span><\/li><li><strong class=\"qwen-markdown-strong\"><span class=\"qwen-markdown-text\">Catering-Unterst\u00fctzung:<\/span><\/strong><span class=\"qwen-markdown-text\"> Stimmen Sie sich mit unserem ab <\/span><strong class=\"qwen-markdown-strong\"><span class=\"qwen-markdown-text\">Fr\u00fchst\u00fcckshalle \u201eSchatz\u201c<\/span><\/strong><span class=\"qwen-markdown-text\"> und das Verpflegungsteam, um Kaffeepausen oder Arbeitsessen zu organisieren und so Ihr Team den ganzen Tag \u00fcber energiegeladen zu halten.<\/span><\/li><\/ul><div class=\"qwen-markdown-space\">\u00a0<\/div><h2 class=\"qwen-markdown-heading\"><span class=\"qwen-markdown-text\">Hochgeschwindigkeitsverbindungen und intelligente Raumtechnologie<\/span><\/h2><div class=\"qwen-markdown-paragraph\"><span class=\"qwen-markdown-text\">In der heutigen digitalen Wirtschaft ist eine zuverl\u00e4ssige Internetverbindung unerl\u00e4sslich. Das Treasury Hotel bietet eine leistungsstarke technologische Infrastruktur, die Ihnen ein reibungsloses und effizientes Arbeiten erm\u00f6glicht.<\/span><\/div><div class=\"qwen-markdown-space\">\u00a0<\/div><ul class=\"qwen-markdown-list\" dir=\"auto\"><li><strong class=\"qwen-markdown-strong\"><span class=\"qwen-markdown-text\">Kostenloses Highspeed-WLAN:<\/span><\/strong><span class=\"qwen-markdown-text\"> Verf\u00fcgbar in allen \u00f6ffentlichen Bereichen und G\u00e4stezimmern, sodass Sie ohne Unterbrechung an Videokonferenzen teilnehmen, gro\u00dfe Dateien hochladen oder E-Mails verwalten k\u00f6nnen.<\/span><\/li><li><strong class=\"qwen-markdown-strong\"><span class=\"qwen-markdown-text\">Intelligente G\u00e4stekontrollsysteme:<\/span><\/strong><span class=\"qwen-markdown-text\"> Unsere 133 durchdacht gestalteten Zimmer verf\u00fcgen \u00fcber intelligente Steuerungssysteme, mit denen Sie Beleuchtung, Temperatur und Unterhaltung m\u00fchelos individuell anpassen k\u00f6nnen. Diese smarte Technologie bietet Ihnen auch im Gesch\u00e4ftsalltag Komfort und erm\u00f6glicht es Ihnen, in der Privatsph\u00e4re Ihres Zimmers die perfekte Arbeitsumgebung zu schaffen.<\/span><\/li><li><strong class=\"qwen-markdown-strong\"><span class=\"qwen-markdown-text\">Arbeitsbereiche im Zimmer:<\/span><\/strong><span class=\"qwen-markdown-text\"> Ausgew\u00e4hlte Zimmer, einschlie\u00dflich unserer <\/span><strong class=\"qwen-markdown-strong\"><span class=\"qwen-markdown-text\">City View Suiten<\/span><\/strong><span class=\"qwen-markdown-text\"> Und <\/span><strong class=\"qwen-markdown-strong\"><span class=\"qwen-markdown-text\">Schatz Deluxe K\u00f6nig<\/span><\/strong><span class=\"qwen-markdown-text\"> Die Zimmer bieten ausreichend Platz und eine Beleuchtung, die sich zum Aufstellen eines Laptops und f\u00fcr komfortables Arbeiten nach Feierabend eignet.<\/span><\/li><\/ul><div class=\"qwen-markdown-space\">\u00a0<\/div><h2 class=\"qwen-markdown-heading\"><span class=\"qwen-markdown-text\">Umfassende Verwaltungs- und Unterst\u00fctzungsdienste<\/span><\/h2><div class=\"qwen-markdown-paragraph\"><span class=\"qwen-markdown-text\">Wir wissen, dass Gesch\u00e4ftsreisen oft sofortige administrative Unterst\u00fctzung erfordern. Unsere Rezeption und unser Concierge-Team sind rund um die Uhr f\u00fcr Sie da und k\u00fcmmern sich um die gesamte Organisation, damit Sie sich auf Ihre Kernaufgaben konzentrieren k\u00f6nnen.<\/span><\/div><div class=\"qwen-markdown-space\">\u00a0<\/div><ul class=\"qwen-markdown-list\" dir=\"auto\"><li><strong class=\"qwen-markdown-strong\"><span class=\"qwen-markdown-text\">Dienstleistungen des Business Centers:<\/span><\/strong><span class=\"qwen-markdown-text\"> Greifen Sie auf wichtige B\u00fcrowerkzeuge zu, einschlie\u00dflich <\/span><strong class=\"qwen-markdown-strong\"><span class=\"qwen-markdown-text\">Fax- und Kopierdienste<\/span><\/strong><span class=\"qwen-markdown-text\">, Perfekt geeignet f\u00fcr die Dokumentenerstellung oder Vertragsunterzeichnung in letzter Minute.<\/span><\/li><li><strong class=\"qwen-markdown-strong\"><span class=\"qwen-markdown-text\">Mehrsprachiges Personal:<\/span><\/strong><span class=\"qwen-markdown-text\"> Unser Team spricht beide Sprachen <\/span><strong class=\"qwen-markdown-strong\"><span class=\"qwen-markdown-text\">Englisch und Chinesisch<\/span><\/strong><span class=\"qwen-markdown-text\">, \u00dcberbr\u00fcckung von Kommunikationsl\u00fccken und Unterst\u00fctzung bei lokalen Gesch\u00e4ftsanfragen, \u00dcbersetzungsbedarf oder Terminplanung.<\/span><\/li><li><strong class=\"qwen-markdown-strong\"><span class=\"qwen-markdown-text\">Express-Check-in\/Check-out:<\/span><\/strong><span class=\"qwen-markdown-text\"> Minimieren Sie Wartezeiten mit unseren optimierten Ankunfts- und Abreiseprozessen, die speziell f\u00fcr G\u00e4ste mit engem Zeitplan entwickelt wurden.<\/span><\/li><li><strong class=\"qwen-markdown-strong\"><span class=\"qwen-markdown-text\">Sekretariatsunterst\u00fctzung:<\/span><\/strong><span class=\"qwen-markdown-text\"> Unser Concierge-Service unterst\u00fctzt Sie gerne beim Drucken von Bordkarten, der Organisation von Kurierdiensten und der Verwaltung Ihrer Reisepl\u00e4ne.<\/span><\/li><\/ul><div class=\"qwen-markdown-space\">\u00a0<\/div><h2 class=\"qwen-markdown-heading\"><span class=\"qwen-markdown-text\">Strategischer Standort f\u00fcr Unternehmensnetzwerke<\/span><\/h2><div class=\"qwen-markdown-paragraph\"><span class=\"qwen-markdown-text\">Die Lage ist ein entscheidender Vorteil f\u00fcr Gesch\u00e4ftsreisende, und <\/span><strong class=\"qwen-markdown-strong\"><span class=\"qwen-markdown-text\">Hankou-Stra\u00dfe Nr. 678<\/span><\/strong><span class=\"qwen-markdown-text\"> Sie befinden sich am Schnittpunkt der Verkehrs- und Handelsnetze Shanghais.<\/span><\/div><div class=\"qwen-markdown-space\">\u00a0<\/div><ul class=\"qwen-markdown-list\" dir=\"auto\"><li><strong class=\"qwen-markdown-strong\"><span class=\"qwen-markdown-text\">Transportverbindungen:<\/span><\/strong><span class=\"qwen-markdown-text\"> Nur <\/span><strong class=\"qwen-markdown-strong\"><span class=\"qwen-markdown-text\">230 Meter von der Metrostation Volksplatz entfernt<\/span><\/strong><span class=\"qwen-markdown-text\"> Mit den Linien 1, 2 und 8 erreichen Sie den internationalen Flughafen Pudong, den Verkehrsknotenpunkt Hongqiao und das Finanzviertel Lujiazui bequem. Diese gute Anbindung ist unerl\u00e4sslich, um Kunden in verschiedenen Zonen Shanghais zu treffen.<\/span><\/li><li><strong class=\"qwen-markdown-strong\"><span class=\"qwen-markdown-text\">N\u00e4he zu Wirtschaftszentren:<\/span><\/strong><span class=\"qwen-markdown-text\"> In unmittelbarer N\u00e4he zum Shanghai Exhibition Center und wichtigen Firmenzentralen im Bezirk Huangpu.<\/span><\/li><li><strong class=\"qwen-markdown-strong\"><span class=\"qwen-markdown-text\">Kundenunterhaltung:<\/span><\/strong><span class=\"qwen-markdown-text\"> Nach Meetings k\u00f6nnen Sie Ihre Partner beeindrucken, indem Sie sie in der N\u00e4he einladen. Das Hotel liegt nur wenige Schritte entfernt. <\/span><strong class=\"qwen-markdown-strong\"><span class=\"qwen-markdown-text\">Fu\u00dfg\u00e4ngerzone Nanjing East Road (300 m)<\/span><\/strong><span class=\"qwen-markdown-text\"> Und <\/span><strong class=\"qwen-markdown-strong\"><span class=\"qwen-markdown-text\">der Bund (1,4 km)<\/span><\/strong><span class=\"qwen-markdown-text\">, mit erstklassigen Restaurants und Networking-M\u00f6glichkeiten in fu\u00dfl\u00e4ufiger Entfernung.<\/span><\/li><\/ul><div class=\"qwen-markdown-space\">\u00a0<\/div><h2 class=\"qwen-markdown-heading\"><span class=\"qwen-markdown-text\">Work-Life-Balance f\u00fcr den reisenden Berufst\u00e4tigen<\/span><\/h2><div class=\"qwen-markdown-paragraph\"><span class=\"qwen-markdown-text\">Nachhaltige Produktivit\u00e4t erfordert Erholung und Regeneration. Das Treasury Hotel unterst\u00fctzt Ihr Wohlbefinden mit Annehmlichkeiten, die Ihnen helfen, nach einem langen Verhandlungstag zu entspannen.<\/span><\/div><div class=\"qwen-markdown-space\">\u00a0<\/div><ul class=\"qwen-markdown-list\" dir=\"auto\"><li><strong class=\"qwen-markdown-strong\"><span class=\"qwen-markdown-text\">Fitnesscenter:<\/span><\/strong><span class=\"qwen-markdown-text\"> Setzen Sie Ihr Trainingsprogramm in unserem kostenlosen Fitnessstudio fort und bleiben Sie so energiegeladen.<\/span><\/li><li><strong class=\"qwen-markdown-strong\"><span class=\"qwen-markdown-text\">Speisem\u00f6glichkeiten:<\/span><\/strong><span class=\"qwen-markdown-text\"> Genie\u00dfen Sie ein reichhaltiges Fr\u00fchst\u00fccksbuffet, um gut in den Tag zu starten, oder nutzen Sie unsere <\/span><strong class=\"qwen-markdown-strong\"><span class=\"qwen-markdown-text\">Essenslieferroboter<\/span><\/strong><span class=\"qwen-markdown-text\"> f\u00fcr bequemes Essen im Zimmer w\u00e4hrend n\u00e4chtlicher Arbeitssitzungen.<\/span><\/li><li><strong class=\"qwen-markdown-strong\"><span class=\"qwen-markdown-text\">W\u00e4schereidienstleistungen:<\/span><\/strong><span class=\"qwen-markdown-text\"> Unser Waschsalon zur Selbstbedienung und unser Reinigungsservice sorgen daf\u00fcr, dass Sie bei Ihren Meetings immer gepflegt aussehen.<\/span><\/li><\/ul><div class=\"qwen-markdown-space\">\u00a0<\/div><h2 class=\"qwen-markdown-heading\"><span class=\"qwen-markdown-text\">Buchen Sie noch heute Ihren Firmenaufenthalt!<\/span><\/h2><div class=\"qwen-markdown-paragraph\"><span class=\"qwen-markdown-text\">Der <\/span><strong class=\"qwen-markdown-strong\"><span class=\"qwen-markdown-text\">Shanghai People's Square, Nanjing East Road, Fu\u00dfg\u00e4ngerzone, Treasury Hotel<\/span><\/strong><span class=\"qwen-markdown-text\"> ist mehr als nur ein Ort zum Schlafen; es ist ein Produktivit\u00e4tszentrum, das Ihre Gesch\u00e4ftsziele in Shanghai optimal unterst\u00fctzt. Mit unserer Kombination aus intelligenter Technologie, modernen Besprechungsr\u00e4umen, umfassender administrativer Unterst\u00fctzung und der unschlagbaren Lage im Bezirk Huangpu bieten wir Ihnen das perfekte Umfeld f\u00fcr Ihren Gesch\u00e4ftserfolg.<\/span><\/div><div class=\"qwen-markdown-space\">\u00a0<\/div><div class=\"qwen-markdown-paragraph\" data-spm-anchor-id=\"a2ty_o01.29997173.0.i58.5c075171LDsXt3\"><strong class=\"qwen-markdown-strong\"><span class=\"qwen-markdown-text\">Kontaktieren Sie uns noch heute, um Ihren Tagungsraum zu reservieren oder Ihre Firmenunterkunft zu buchen.<\/span><\/strong><span class=\"qwen-markdown-text\"> Erleben Sie den hohen Standard, der uns \u00fcber 6.200 positive Bewertungen eingebracht hat. Ihre Gesch\u00e4ftsreise verdient die Vorteile des Treasury Hotels.<\/span><\/div>\t\t\t\t\t\t\t\t<\/div>\n\t\t\t\t\t<\/div>\n\t\t\t\t<\/div>\n\t\t\t\t<\/div>","protected":false},"excerpt":{"rendered":"<p>Our Hotel board room offers a private, elegant meeting space in the heart of New York for groups of 8 to 10 persons. For your comfort and convenience, coffee break packages are available. Premier Business Facilities in the Heart of Huangpu District Elevate your corporate travel experience at the Shanghai People&#8217;s Square Nanjing East Road [&hellip;]<\/p>\n","protected":false},"author":1,"featured_media":0,"parent":0,"menu_order":0,"comment_status":"closed","ping_status":"closed","template":"elementor_header_footer","meta":{"footnotes":""},"class_list":["post-2109","page","type-page","status-publish","hentry","post-no-thumbnail"],"_links":{"self":[{"href":"https:\/\/treasuryhotelshanghai.com\/de\/wp-json\/wp\/v2\/pages\/2109","targetHints":{"allow":["GET"]}}],"collection":[{"href":"https:\/\/treasuryhotelshanghai.com\/de\/wp-json\/wp\/v2\/pages"}],"about":[{"href":"https:\/\/treasuryhotelshanghai.com\/de\/wp-json\/wp\/v2\/types\/page"}],"author":[{"embeddable":true,"href":"https:\/\/treasuryhotelshanghai.com\/de\/wp-json\/wp\/v2\/users\/1"}],"replies":[{"embeddable":true,"href":"https:\/\/treasuryhotelshanghai.com\/de\/wp-json\/wp\/v2\/comments?post=2109"}],"version-history":[{"count":0,"href":"https:\/\/treasuryhotelshanghai.com\/de\/wp-json\/wp\/v2\/pages\/2109\/revisions"}],"wp:attachment":[{"href":"https:\/\/treasuryhotelshanghai.com\/de\/wp-json\/wp\/v2\/media?parent=2109"}],"curies":[{"name":"wp","href":"https:\/\/api.w.org\/{rel}","templated":true}]}}