{"id":2106,"date":"2021-03-25T04:08:26","date_gmt":"2021-03-25T04:08:26","guid":{"rendered":"http:\/\/localhost\/nuss\/?page_id=298"},"modified":"2026-03-02T15:10:32","modified_gmt":"2026-03-02T15:10:32","slug":"erfahrungen","status":"publish","type":"page","link":"https:\/\/treasuryhotelshanghai.com\/de\/experiences\/","title":{"rendered":"Bewertungen des Shanghai Treasury Hotels"},"content":{"rendered":"<div data-elementor-type=\"wp-page\" data-elementor-id=\"2106\" class=\"elementor elementor-2106\">\n\t\t\t\t\t\t<section class=\"elementor-section elementor-top-section elementor-element elementor-element-1954ffc elementor-section-boxed elementor-section-gap-beside-yes elementor-section-height-default elementor-section-height-default elementor-section-column-vertical-align-stretch\" data-id=\"1954ffc\" data-element_type=\"section\" data-e-type=\"section\">\n\t\t\t\t\t\t<div class=\"elementor-container elementor-column-gap-extended\">\n\t\t\t\t\t<div class=\"elementor-column elementor-col-100 elementor-top-column elementor-element elementor-element-86aebc5\" data-id=\"86aebc5\" data-element_type=\"column\" data-e-type=\"column\">\n\t\t\t<div class=\"elementor-widget-wrap elementor-element-populated\">\n\t\t\t\t\t\t<div class=\"elementor-element elementor-element-11803d1 elementor-widget__width-initial elementor-invisible elementor-widget elementor-widget-text-editor\" data-id=\"11803d1\" data-element_type=\"widget\" data-e-type=\"widget\" data-settings=\"{&quot;_animation&quot;:&quot;nussFadeInUp&quot;}\" data-widget_type=\"text-editor.default\">\n\t\t\t\t\t\t\t\t\tG\u00e4stestimmen: Authentische Kundenerlebnisse am Shanghai People&#039;s Square, Nanjing East Road Pedestrian Street, Treasury Hotel\t\t\t\t\t\t\t\t<\/div>\n\t\t\t\t\t<\/div>\n\t\t<\/div>\n\t\t\t\t\t<\/div>\n\t\t<\/section>\n\t\t<div class=\"elementor-element elementor-element-359b1c9 e-flex e-con-boxed e-con e-parent\" data-id=\"359b1c9\" data-element_type=\"container\" data-e-type=\"container\">\n\t\t\t\t\t<div class=\"e-con-inner\">\n\t\t\t\t<div class=\"elementor-element elementor-element-f139d2e elementor-widget elementor-widget-image\" data-id=\"f139d2e\" data-element_type=\"widget\" data-e-type=\"widget\" data-widget_type=\"image.default\">\n\t\t\t\t\t\t\t\t\t\t\t\t\t\t\t\t<a href=\"https:\/\/www.trip.com\/hotels\/shanghai-hotel-detail-122358729\/shanghai-people-s-square-nanjing-east-road-pedestrian-street-treasury-hotel\/?Allianceid=7451095&#038;SID=296088262&#038;trip_sub1=&#038;trip_sub3=D13272100\" target=\"_blank\" rel=\"noopener\">\n\t\t\t\t\t\t\t<img fetchpriority=\"high\" decoding=\"async\" width=\"1581\" height=\"1255\" src=\"https:\/\/treasuryhotelshanghai.com\/wp-content\/uploads\/2026\/03\/Shanghai-Peoples-Square-Nanjing-East-Road-Pedestrian-Street-Treasury-Hotel-Shanghai.jpg\" class=\"attachment-full size-full wp-image-5753\" alt=\"\" srcset=\"https:\/\/treasuryhotelshanghai.com\/wp-content\/uploads\/2026\/03\/Shanghai-Peoples-Square-Nanjing-East-Road-Pedestrian-Street-Treasury-Hotel-Shanghai.jpg 1581w, https:\/\/treasuryhotelshanghai.com\/wp-content\/uploads\/2026\/03\/Shanghai-Peoples-Square-Nanjing-East-Road-Pedestrian-Street-Treasury-Hotel-Shanghai-300x238.jpg 300w, https:\/\/treasuryhotelshanghai.com\/wp-content\/uploads\/2026\/03\/Shanghai-Peoples-Square-Nanjing-East-Road-Pedestrian-Street-Treasury-Hotel-Shanghai-1024x813.jpg 1024w, https:\/\/treasuryhotelshanghai.com\/wp-content\/uploads\/2026\/03\/Shanghai-Peoples-Square-Nanjing-East-Road-Pedestrian-Street-Treasury-Hotel-Shanghai-768x610.jpg 768w, https:\/\/treasuryhotelshanghai.com\/wp-content\/uploads\/2026\/03\/Shanghai-Peoples-Square-Nanjing-East-Road-Pedestrian-Street-Treasury-Hotel-Shanghai-1536x1219.jpg 1536w\" sizes=\"(max-width: 1581px) 100vw, 1581px\" \/>\t\t\t\t\t\t\t\t<\/a>\n\t\t\t\t\t\t\t\t\t\t\t\t\t\t\t<\/div>\n\t\t\t\t\t<\/div>\n\t\t\t\t<\/div>\n\t\t<div class=\"elementor-element elementor-element-754f2be e-flex e-con-boxed e-con e-parent\" data-id=\"754f2be\" data-element_type=\"container\" data-e-type=\"container\">\n\t\t\t\t\t<div class=\"e-con-inner\">\n\t\t\t\t<div class=\"elementor-element elementor-element-7cf0f69 elementor-widget elementor-widget-text-editor\" data-id=\"7cf0f69\" data-element_type=\"widget\" data-e-type=\"widget\" data-widget_type=\"text-editor.default\">\n\t\t\t\t\t\t\t\t\t<h2 class=\"qwen-markdown-heading\"><span class=\"qwen-markdown-text\" data-spm-anchor-id=\"a2ty_o01.29997173.0.i60.5c075171LDsXt3\">Entdecken Sie, warum \u00fcber 6.200 Reisende uns mit 9,5 von 10 Punkten bewerten \u2013 Hervorragend!<\/span><\/h2><div class=\"qwen-markdown-paragraph\"><span class=\"qwen-markdown-text\">Bei der Wahl einer Unterkunft in einer der dynamischsten St\u00e4dte der Welt z\u00e4hlen authentische G\u00e4steerlebnisse am meisten. <\/span><strong class=\"qwen-markdown-strong\"><span class=\"qwen-markdown-text\" data-spm-anchor-id=\"a2ty_o01.29997173.0.i62.5c075171LDsXt3\">Shanghai People's Square, Nanjing East Road, Fu\u00dfg\u00e4ngerzone, Treasury Hotel<\/span><\/strong><span class=\"qwen-markdown-text\">, gelegen bei <\/span><strong class=\"qwen-markdown-strong\"><span class=\"qwen-markdown-text\">Nr. 678 Hankou Road, Huangpu District, Shanghai, China<\/span><\/strong><span class=\"qwen-markdown-text\">, Wir glauben, dass Transparenz Vertrauen schafft. Deshalb teilen wir mit Stolz authentisches Feedback unserer gesch\u00e4tzten G\u00e4ste. Mit au\u00dfergew\u00f6hnlichem <\/span><strong class=\"qwen-markdown-strong\"><span class=\"qwen-markdown-text\">Gesamtbewertung: 9,5 von 10<\/span><\/strong><span class=\"qwen-markdown-text\"> bezogen auf <\/span><strong class=\"qwen-markdown-strong\"><span class=\"qwen-markdown-text\">6.216 verifizierte Bewertungen<\/span><\/strong><span class=\"qwen-markdown-text\"> Auf Trip.com hat sich unser Hotel als erstklassige Wahl f\u00fcr Reisende etabliert, die Komfort, Bequemlichkeit und echte Gastfreundschaft im Herzen von Shanghai suchen.<\/span><\/div><div class=\"qwen-markdown-space\">\u00a0<\/div><div class=\"qwen-markdown-paragraph\"><span class=\"qwen-markdown-text\">Was macht diese Leistung noch bemerkenswerter? <\/span><strong class=\"qwen-markdown-strong\"><span class=\"qwen-markdown-text\">52 aufeinanderfolgende G\u00e4ste<\/span><\/strong><span class=\"qwen-markdown-text\"> haben ihren Aufenthalt positiv bewertet, und unsere Unterkunft hat folgende Auszeichnungen erhalten: <\/span><strong class=\"qwen-markdown-strong\"><span class=\"qwen-markdown-text\">keine negativen Bewertungen im letzten Monat<\/span><\/strong><span class=\"qwen-markdown-text\">. Diese Zahlen sind nicht nur Statistiken \u2013 sie repr\u00e4sentieren Tausende zufriedener Reisender, die unser franz\u00f6sisch inspiriertes Boutique-Hotel zu ihrem zweiten Zuhause gemacht haben.<\/span><\/div><div class=\"qwen-markdown-space\">\u00a0<\/div><h2 class=\"qwen-markdown-heading\"><span class=\"qwen-markdown-text\">Die Exzellenz im Detail: G\u00e4stebewertungen nach Kategorien<\/span><\/h2><div class=\"qwen-markdown-paragraph\"><span class=\"qwen-markdown-text\">Unser Engagement f\u00fcr ganzheitliche Gastfreundschaft spiegelt sich in jedem Aspekt des G\u00e4steerlebnisses wider. So bewerten uns Reisende in den wichtigsten Bereichen:<\/span><\/div><div class=\"qwen-markdown-space\">\u00a0<\/div><h3 class=\"qwen-markdown-heading\"><span class=\"qwen-markdown-text\">\ud83e\uddfc Sauberkeit: 9,6\/10<\/span><\/h3><div class=\"qwen-markdown-paragraph\"><em><span class=\"qwen-markdown-text\">\u201cMakellose Zimmer und gut gepflegte Einrichtungen\u201d<\/span><\/em><\/div><div class=\"qwen-markdown-space\">\u00a0<\/div><div class=\"qwen-markdown-paragraph\"><span class=\"qwen-markdown-text\">Unsere G\u00e4ste heben immer wieder unsere strengen Reinigungsstandards als herausragendes Merkmal hervor. Von makellosen Badezimmern bis hin zu frisch gewaschener Bettw\u00e4sche mit hochwertigen Materialien. <\/span><strong class=\"qwen-markdown-strong\"><span class=\"qwen-markdown-text\">Plante &amp; King Koil Memory-Matratzen<\/span><\/strong><span class=\"qwen-markdown-text\">, Die Besucher sch\u00e4tzen die Liebe zum Detail, die eine hygienische und erholsame Atmosph\u00e4re schafft. Wie ein Rezensent k\u00fcrzlich anmerkte: <\/span><em><span class=\"qwen-markdown-text\">\u201cDie Lobby war sauber und die Einrichtungen waren gut.\u201d<\/span><\/em><span class=\"qwen-markdown-text\">\u2014eine Ansicht, die von \u00fcber 2.000 Reisenden geteilt wurde, die insbesondere unsere Hygienema\u00dfnahmen lobten.<\/span><\/div><div class=\"qwen-markdown-space\">\u00a0<\/div><h3 class=\"qwen-markdown-heading\"><span class=\"qwen-markdown-text\">\ud83d\udccd Lage: 9,6\/10<\/span><\/h3><div class=\"qwen-markdown-paragraph\"><em><span class=\"qwen-markdown-text\">\u201cIdeal gelegen in der N\u00e4he wichtiger Sehensw\u00fcrdigkeiten mit guter Anbindung an die U-Bahn\u201d<\/span><\/em><\/div><div class=\"qwen-markdown-space\">\u00a0<\/div><div class=\"qwen-markdown-paragraph\"><span class=\"qwen-markdown-text\">Genau positioniert <\/span><strong class=\"qwen-markdown-strong\"><span class=\"qwen-markdown-text\">230 Meter von der Metrostation Volksplatz entfernt<\/span><\/strong><span class=\"qwen-markdown-text\"> Und <\/span><strong class=\"qwen-markdown-strong\"><span class=\"qwen-markdown-text\">300 Meter von der Fu\u00dfg\u00e4ngerzone Nanjing East Road entfernt<\/span><\/strong><span class=\"qwen-markdown-text\">, Unser Hotel bietet Ihnen die besten Sehensw\u00fcrdigkeiten Shanghais in fu\u00dfl\u00e4ufiger Entfernung. <\/span><strong class=\"qwen-markdown-strong\"><span class=\"qwen-markdown-text\">3.186 standortbezogene Bewertungen<\/span><\/strong><span class=\"qwen-markdown-text\">, Die G\u00e4ste sch\u00e4tzen die bequeme Lage nahe dem **Bund** (1,4 km)., <\/span><strong class=\"qwen-markdown-strong\"><span class=\"qwen-markdown-text\">Yu-Garten<\/span><\/strong><span class=\"qwen-markdown-text\">, und unz\u00e4hlige gastronomische Angebote ohne lange Anfahrtswege. Gesch\u00e4ftsreisende sch\u00e4tzen die nahtlose Anbindung an den Flughafen Pudong und den Flughafen Hongqiao, w\u00e4hrend Urlauber die M\u00f6glichkeit genie\u00dfen, Shanghais kulturelle Sehensw\u00fcrdigkeiten m\u00fchelos zu erkunden.<\/span><\/div><div class=\"qwen-markdown-space\">\u00a0<\/div><h3 class=\"qwen-markdown-heading\"><span class=\"qwen-markdown-text\">\ud83d\udc81 Service: 9,5\/10<\/span><\/h3><div class=\"qwen-markdown-paragraph\"><em><span class=\"qwen-markdown-text\">\u201cFreundliches, hilfsbereites Personal, das sich \u00fcber das \u00fcbliche Ma\u00df hinaus engagiert.\u201d<\/span><\/em><\/div><div class=\"qwen-markdown-space\">\u00a0<\/div><div class=\"qwen-markdown-paragraph\"><span class=\"qwen-markdown-text\">Unser mehrsprachiges Team \u2013 flie\u00dfend in beiden Sprachen <\/span><strong class=\"qwen-markdown-strong\"><span class=\"qwen-markdown-text\">Englisch und Chinesisch<\/span><\/strong><span class=\"qwen-markdown-text\">\u2014erh\u00e4lt durchweg Lob f\u00fcr Professionalit\u00e4t und Herzlichkeit. <\/span><strong class=\"qwen-markdown-strong\"><span class=\"qwen-markdown-text\">2.357 Bewertungen zum Thema Service<\/span><\/strong><span class=\"qwen-markdown-text\">, G\u00e4ste erw\u00e4hnen h\u00e4ufig:<\/span><\/div><ul class=\"qwen-markdown-list\" dir=\"auto\"><li><span class=\"qwen-markdown-text\">Aufmerksamer Empfangsservice mit Express-Check-in\/Check-out<\/span><\/li><li><span class=\"qwen-markdown-text\">Hilfreicher Concierge-Service f\u00fcr Transport- und Restaurantempfehlungen<\/span><\/li><li><span class=\"qwen-markdown-text\">Geduldiges Personal, das internationalen Reisenden bei der Orientierung vor Ort hilft.<\/span><\/li><li><span class=\"qwen-markdown-text\">Pers\u00f6nliche Details, die einen Standardaufenthalt in ein unvergessliches Erlebnis verwandeln<\/span><\/li><\/ul><div class=\"qwen-markdown-space\">\u00a0<\/div><div class=\"qwen-markdown-paragraph\"><span class=\"qwen-markdown-text\">Wie ein Gast im M\u00e4rz 2026 mitteilte: <\/span><em><span class=\"qwen-markdown-text\">\u201cDer Service an der Rezeption war ausgezeichnet\u2026 die Mitarbeiter an der Rezeption sprachen Englisch.\u201d<\/span><\/em><span class=\"qwen-markdown-text\">\u2014ein entscheidendes Detail f\u00fcr Weltreisende, die eine reibungslose Kommunikation w\u00fcnschen.<\/span><\/div><div class=\"qwen-markdown-space\">\u00a0<\/div><h3 class=\"qwen-markdown-heading\"><span class=\"qwen-markdown-text\">\ud83c\udfe8 Ausstattung &amp; Einrichtungen: 9,4\/10<\/span><\/h3><div class=\"qwen-markdown-paragraph\"><em><span class=\"qwen-markdown-text\">\u201cIntelligente Funktionen und durchdachte Annehmlichkeiten machen jeden Aufenthalt angenehmer.\u201d<\/span><\/em><\/div><div class=\"qwen-markdown-space\">\u00a0<\/div><div class=\"qwen-markdown-paragraph\"><span class=\"qwen-markdown-text\">Moderne Reisende sch\u00e4tzen Innovation, und unsere <\/span><strong class=\"qwen-markdown-strong\"><span class=\"qwen-markdown-text\">1.014 einrichtungsbezogene Bewertungen<\/span><\/strong><span class=\"qwen-markdown-text\"> Wertsch\u00e4tzung zum Ausdruck bringen f\u00fcr:<\/span><\/div><ul class=\"qwen-markdown-list\" dir=\"auto\"><li><strong class=\"qwen-markdown-strong\"><span class=\"qwen-markdown-text\">Smart-Room-Technologie<\/span><\/strong><span class=\"qwen-markdown-text\">Xiao Du Smart-Lautsprecher und intelligente Steuerung f\u00fcr Beleuchtung, Temperatur und Unterhaltung<\/span><\/li><li><strong class=\"qwen-markdown-strong\"><span class=\"qwen-markdown-text\">Kostenloses Fitnesscenter<\/span><\/strong><span class=\"qwen-markdown-text\">Ideal zur Aufrechterhaltung von Wellness-Routinen auf Reisen<\/span><\/li><li><strong class=\"qwen-markdown-strong\"><span class=\"qwen-markdown-text\">Waschsalon mit Selbstbedienung<\/span><\/strong><span class=\"qwen-markdown-text\">Eine praktische L\u00f6sung f\u00fcr l\u00e4ngere Aufenthalte<\/span><\/li><li><strong class=\"qwen-markdown-strong\"><span class=\"qwen-markdown-text\">Essenslieferroboter<\/span><\/strong><span class=\"qwen-markdown-text\">Ein futuristischer Touch, der Ihnen Mahlzeiten direkt an die Haust\u00fcr bringt.<\/span><\/li><li><strong class=\"qwen-markdown-strong\"><span class=\"qwen-markdown-text\">Konferenzeinrichtungen<\/span><\/strong><span class=\"qwen-markdown-text\">Gut ausgestattete R\u00e4umlichkeiten f\u00fcr Gesch\u00e4ftstreffen und kleinere Veranstaltungen<\/span><\/li><\/ul><div class=\"qwen-markdown-space\">\u00a0<\/div><h3 class=\"qwen-markdown-heading\"><span class=\"qwen-markdown-text\">\ud83d\udecf\ufe0f Komfort: 9,5\/10<\/span><\/h3><div class=\"qwen-markdown-paragraph\"><em><span class=\"qwen-markdown-text\">\u201cGem\u00fctliche Betten und ein ansprechend gestaltetes Interieur f\u00fcr ultimative Entspannung\u201d<\/span><\/em><\/div><div class=\"qwen-markdown-space\">\u00a0<\/div><div class=\"qwen-markdown-paragraph\"><span class=\"qwen-markdown-text\">Mit <\/span><strong class=\"qwen-markdown-strong\"><span class=\"qwen-markdown-text\">2.056 Erw\u00e4hnungen im Zusammenhang mit Komfort<\/span><\/strong><span class=\"qwen-markdown-text\">, Unsere G\u00e4ste beschreiben unsere Zimmer immer wieder als ruhige Oasen der Ruhe inmitten der Stadt. Die hellen, luxuri\u00f6sen Zimmer sind ein echter Blickfang. <\/span><strong class=\"qwen-markdown-strong\"><span class=\"qwen-markdown-text\">Interieurs im franz\u00f6sischen Stil<\/span><\/strong><span class=\"qwen-markdown-text\">, In Kombination mit Verdunkelungsvorh\u00e4ngen, Klimaanlage und schalld\u00e4mpfenden Designelementen entsteht so eine Umgebung, die einen erholsamen Schlaf f\u00f6rdert. Ein Reisender fasste es so zusammen: <\/span><em><span class=\"qwen-markdown-text\">\u201cDie Bettw\u00e4sche war super bequem, sodass ich wirklich gut geschlafen habe.\u201d<\/span><\/em><\/div><div class=\"qwen-markdown-space\">\u00a0<\/div><h2 class=\"qwen-markdown-heading\"><span class=\"qwen-markdown-text\">Echte G\u00e4stegeschichten: Ungefilterte Erlebnisse von Reisenden der letzten Zeit<\/span><\/h2><h3 class=\"qwen-markdown-heading\"><span class=\"qwen-markdown-text\">\u2728 Die Perspektive des Gesch\u00e4ftsreisenden<\/span><\/h3><div class=\"qwen-markdown-paragraph\"><em><span class=\"qwen-markdown-text\">\u201cToller Aufenthalt! Ich konnte beim Einchecken ein Upgrade zum halben Preis bekommen. W\u00fcrde auf jeden Fall wieder hier \u00fcbernachten \ud83d\ude0a\u201d<\/span><\/em><br \/><span class=\"qwen-markdown-text\">\u2014 Gastnutzer, M\u00e4rz 2026<\/span><\/div><div class=\"qwen-markdown-space\">\u00a0<\/div><div class=\"qwen-markdown-paragraph\"><span class=\"qwen-markdown-text\">Diese Bewertung unterstreicht unser Engagement f\u00fcr ein gutes Preis-Leistungs-Verh\u00e4ltnis und Flexibilit\u00e4t. Ob Sie an Meetings in Lujiazui teilnehmen oder die Startup-Szene Shanghais erkunden \u2013 unser Team sorgt daf\u00fcr, dass Ihre Unterkunft Ihre beruflichen Ziele unterst\u00fctzt, ohne Ihr Budget zu sprengen.<\/span><\/div><div class=\"qwen-markdown-space\">\u00a0<\/div><h3 class=\"qwen-markdown-heading\"><span class=\"qwen-markdown-text\">\ud83c\udf0f Das internationale Besuchererlebnis<\/span><\/h3><div class=\"qwen-markdown-paragraph\"><em><span class=\"qwen-markdown-text\">\u201cDas Zimmer war toll, sehr zufriedenstellend, und die Lage war super praktisch, alles war in der N\u00e4he. Der Service an der Rezeption war exzellent, die Lobby sauber und die Ausstattung gut. Au\u00dferdem sprach das Personal an der Rezeption Englisch.\u201d<\/span><\/em><br \/><span class=\"qwen-markdown-text\">\u2014 Gastnutzer, Februar 2026<\/span><\/div><div class=\"qwen-markdown-space\">\u00a0<\/div><div class=\"qwen-markdown-paragraph\"><span class=\"qwen-markdown-text\">F\u00fcr Reisende, die sich in einer neuen Kultur zurechtfinden m\u00fcssen, sind Sprachbarrierefreiheit und intuitiver Service entscheidend. Unsere englischsprachigen Mitarbeiter und die zentrale Lage reduzieren den Reisestress und erm\u00f6glichen es unseren G\u00e4sten, sich auf das Wesentliche zu konzentrieren: Shanghai zu erleben.<\/span><\/div><div class=\"qwen-markdown-space\">\u00a0<\/div><h3 class=\"qwen-markdown-heading\"><span class=\"qwen-markdown-text\">\ud83d\udd04 Die Treue der Stammg\u00e4ste<\/span><\/h3><div class=\"qwen-markdown-paragraph\"><em><span class=\"qwen-markdown-text\">\u201cDie Lage ist hervorragend, man kommt von hier aus sehr gut \u00fcberall hin. Der Service an der Rezeption war ebenfalls gro\u00dfartig, und die Betten waren super bequem, sodass ich wirklich gut geschlafen habe. Ich werde auf jeden Fall wieder hier \u00fcbernachten.\u201d<\/span><\/em><br \/><span class=\"qwen-markdown-text\">\u2014 Gastnutzer, M\u00e4rz 2026<\/span><\/div><div class=\"qwen-markdown-space\">\u00a0<\/div><div class=\"qwen-markdown-paragraph\"><span class=\"qwen-markdown-text\">Wiederholte Buchungen sind der beste Beweis f\u00fcr Kundenzufriedenheit. Wenn G\u00e4ste zur\u00fcckkehren, zeigt das, dass wir unser Versprechen gehalten haben: au\u00dfergew\u00f6hnliche Gastfreundschaft, die Vertrauen schafft und Loyalit\u00e4t f\u00f6rdert.<\/span><\/div><div class=\"qwen-markdown-space\">\u00a0<\/div><h2 class=\"qwen-markdown-heading\"><span class=\"qwen-markdown-text\">Konstruktives Feedback: Wie wir zuh\u00f6ren und uns verbessern<\/span><\/h2><div class=\"qwen-markdown-paragraph\"><span class=\"qwen-markdown-text\">Transparenz bedeutet, nicht nur Lob, sondern auch Wachstumschancen zu teilen. <\/span><strong class=\"qwen-markdown-strong\"><span class=\"qwen-markdown-text\">81 durchdachte G\u00e4stevorschl\u00e4ge<\/span><\/strong><span class=\"qwen-markdown-text\">, Wir gehen folgendem aktiv nach:<\/span><\/div><div class=\"qwen-markdown-space\">\u00a0<\/div><ul class=\"qwen-markdown-list\" dir=\"auto\"><li><strong class=\"qwen-markdown-strong\"><span class=\"qwen-markdown-text\">Verbesserte Schalld\u00e4mmung<\/span><\/strong><span class=\"qwen-markdown-text\">Investitionen in zus\u00e4tzliche Akustikma\u00dfnahmen f\u00fcr R\u00e4ume, die zu stark befahrenen Stra\u00dfen hin ausgerichtet sind<\/span><\/li><li><strong class=\"qwen-markdown-strong\"><span class=\"qwen-markdown-text\">Optimierung der Klimatisierung<\/span><\/strong><span class=\"qwen-markdown-text\">Modernisierung der Heizungs-, L\u00fcftungs- und Klimaanlagen in fensterlosen R\u00e4umen f\u00fcr gleichbleibenden Komfort<\/span><\/li><li><strong class=\"qwen-markdown-strong\"><span class=\"qwen-markdown-text\">Richtlinien f\u00fcr Gemeinschaftsbereiche<\/span><\/strong><span class=\"qwen-markdown-text\">: Verst\u00e4rkung der Nichtraucherschutzma\u00dfnahmen in Gemeinschaftsr\u00e4umen, um allen G\u00e4sten eine angenehme Atmosph\u00e4re zu gew\u00e4hrleisten.<\/span><\/li><\/ul><div class=\"qwen-markdown-space\">\u00a0<\/div><div class=\"qwen-markdown-paragraph\"><span class=\"qwen-markdown-text\">Wir betrachten jeden Vorschlag als Bereicherung \u2013 eine Chance, unser Angebot zu verbessern und Erwartungen zu \u00fcbertreffen. Unser Management-Team wertet das Feedback w\u00f6chentlich aus und stellt so sicher, dass die Meinungen unserer G\u00e4ste direkt in die Weiterentwicklung unseres Service einflie\u00dfen.<\/span><\/div><div class=\"qwen-markdown-space\">\u00a0<\/div><h2 class=\"qwen-markdown-heading\"><span class=\"qwen-markdown-text\">Warum Reisende das Treasury Hotel w\u00e4hlen: Das Gesamtbild<\/span><\/h2><div class=\"qwen-markdown-paragraph\"><span class=\"qwen-markdown-text\">\u00dcber die einzelnen Bewertungen hinaus lassen sich Muster erkennen, die den Unterschied des Treasury Hotels ausmachen:<\/span><\/div><div class=\"qwen-markdown-space\">\u00a0<\/div><div class=\"qwen-markdown-paragraph\"><span class=\"qwen-markdown-text\">\u2705 <\/span><strong class=\"qwen-markdown-strong\"><span class=\"qwen-markdown-text\">Strategische Zug\u00e4nglichkeit<\/span><\/strong><span class=\"qwen-markdown-text\">Erkunden Sie Shanghais Wahrzeichen zu Fu\u00df oder nutzen Sie die Metro f\u00fcr eine Stadterkundung.<\/span><br \/><span class=\"qwen-markdown-text\">\u2705 <\/span><strong class=\"qwen-markdown-strong\"><span class=\"qwen-markdown-text\">Intelligenter Komfort<\/span><\/strong><span class=\"qwen-markdown-text\">Technologie, die Ihren Aufenthalt vereinfacht, ohne das Erlebnis zu verkomplizieren.<\/span><br \/><span class=\"qwen-markdown-text\">\u2705 <\/span><strong class=\"qwen-markdown-strong\"><span class=\"qwen-markdown-text\">Authentische Gastfreundschaft<\/span><\/strong><span class=\"qwen-markdown-text\">: Mitarbeiter, die G\u00e4ste als Individuen und nicht als Zimmernummern behandeln.<\/span><br \/><span class=\"qwen-markdown-text\">\u2705 <\/span><strong class=\"qwen-markdown-strong\"><span class=\"qwen-markdown-text\">Wertorientierter Luxus<\/span><\/strong><span class=\"qwen-markdown-text\">Erstklassige Annehmlichkeiten zu wettbewerbsf\u00e4higen Preisen in Shanghais begehrtestem Bezirk<\/span><br \/><span class=\"qwen-markdown-text\">\u2705 <\/span><strong class=\"qwen-markdown-strong\"><span class=\"qwen-markdown-text\">Kontinuierliche Verbesserung<\/span><\/strong><span class=\"qwen-markdown-text\">Eine Kultur, die zuh\u00f6rt, lernt und sich auf Grundlage des echten Feedbacks ihrer G\u00e4ste weiterentwickelt.<\/span><\/div><div class=\"qwen-markdown-space\">\u00a0<\/div><h2 class=\"qwen-markdown-heading\"><span class=\"qwen-markdown-text\">Schlie\u00dfen Sie sich Tausenden zufriedener G\u00e4ste an \u2013 buchen Sie noch heute Ihren Aufenthalt!<\/span><\/h2><div class=\"qwen-markdown-paragraph\"><span class=\"qwen-markdown-text\">Der <\/span><strong class=\"qwen-markdown-strong\"><span class=\"qwen-markdown-text\">Shanghai People's Square, Nanjing East Road, Fu\u00dfg\u00e4ngerzone, Treasury Hotel<\/span><\/strong><span class=\"qwen-markdown-text\"> Wir sind nicht nur hoch bewertet \u2013 wir sind von G\u00e4sten empfohlen. Jede 9,5\/10-Bewertung steht f\u00fcr einen Reisenden, der Komfort, Bequemlichkeit und F\u00fcrsorge im Herzen des Huangpu-Distrikts vorgefunden hat.<\/span><\/div><div class=\"qwen-markdown-space\">\u00a0<\/div><div class=\"qwen-markdown-paragraph\"><span class=\"qwen-markdown-text\">Ob Sie Shanghai gesch\u00e4ftlich, kulturell, zum Shoppen oder f\u00fcr Familienausfl\u00fcge besuchen \u2013 unsere langj\u00e4hrige Erfahrung gibt Ihnen Sicherheit bei der Wahl Ihrer Unterkunft. \u00dcber 6.200 positive Bewertungen best\u00e4tigen unsere Qualit\u00e4t. Ihr n\u00e4chster au\u00dfergew\u00f6hnlicher Aufenthalt erwartet Sie bei uns. <\/span><strong class=\"qwen-markdown-strong\"><span class=\"qwen-markdown-text\">Hankou-Stra\u00dfe Nr. 678<\/span><\/strong><span class=\"qwen-markdown-text\">.<\/span><\/div><div class=\"qwen-markdown-space\">\u00a0<\/div><div class=\"qwen-markdown-paragraph\"><strong class=\"qwen-markdown-strong\"><span class=\"qwen-markdown-text\">Reservieren Sie noch heute Ihr Zimmer.<\/span><\/strong><span class=\"qwen-markdown-text\"> Werden Sie Teil unserer wachsenden Gemeinschaft begeisterter G\u00e4ste. Erleben Sie selbst, warum Reisende weltweit das Treasury Hotel f\u00fcr ihre Reise nach Shanghai w\u00e4hlen.<\/span><\/div>\t\t\t\t\t\t\t\t<\/div>\n\t\t\t\t\t<\/div>\n\t\t\t\t<\/div>\n\t\t\t\t<\/div>","protected":false},"excerpt":{"rendered":"<p>Guest Voices: Authentic Customer Experiences at Shanghai People&#8217;s Square Nanjing East Road Pedestrian Street Treasury Hotel Discover Why Over 6,200 Travelers Rate Us 9.5\/10 Outstanding When choosing accommodation in one of the world&#8217;s most dynamic cities, real guest experiences matter most. At the Shanghai People&#8217;s Square Nanjing East Road Pedestrian Street Treasury Hotel, located at [&hellip;]<\/p>\n","protected":false},"author":1,"featured_media":0,"parent":0,"menu_order":0,"comment_status":"closed","ping_status":"closed","template":"","meta":{"footnotes":""},"class_list":["post-2106","page","type-page","status-publish","hentry","post-no-thumbnail"],"_links":{"self":[{"href":"https:\/\/treasuryhotelshanghai.com\/de\/wp-json\/wp\/v2\/pages\/2106","targetHints":{"allow":["GET"]}}],"collection":[{"href":"https:\/\/treasuryhotelshanghai.com\/de\/wp-json\/wp\/v2\/pages"}],"about":[{"href":"https:\/\/treasuryhotelshanghai.com\/de\/wp-json\/wp\/v2\/types\/page"}],"author":[{"embeddable":true,"href":"https:\/\/treasuryhotelshanghai.com\/de\/wp-json\/wp\/v2\/users\/1"}],"replies":[{"embeddable":true,"href":"https:\/\/treasuryhotelshanghai.com\/de\/wp-json\/wp\/v2\/comments?post=2106"}],"version-history":[{"count":0,"href":"https:\/\/treasuryhotelshanghai.com\/de\/wp-json\/wp\/v2\/pages\/2106\/revisions"}],"wp:attachment":[{"href":"https:\/\/treasuryhotelshanghai.com\/de\/wp-json\/wp\/v2\/media?parent=2106"}],"curies":[{"name":"wp","href":"https:\/\/api.w.org\/{rel}","templated":true}]}}